{"id":3479,"date":"2011-08-28T23:53:03","date_gmt":"2011-08-28T23:53:03","guid":{"rendered":"http:\/\/scienceblogs.com.br\/100nexos\/?page_id=2"},"modified":"2011-08-28T23:53:03","modified_gmt":"2011-08-28T23:53:03","slug":"sobre","status":"publish","type":"page","link":"https:\/\/www.blogs.unicamp.br\/100nexos\/sobre\/","title":{"rendered":"Sobre"},"content":{"rendered":"<h2>Sobre<\/h2>\n<p><strong>100nexos<\/strong>\u00a0\u00e9 uma refer\u00eancia e rever\u00eancia \u00e0 s\u00e9rie \u201c<em>Conex\u00f5es<\/em>\u201d do historiador brit\u00e2nico\u00a0<strong>James Burke<\/strong>. Um par de d\u00e9cadas antes do surgimento da Internet como uma grande teia de informa\u00e7\u00f5es conectadas por links, Burke j\u00e1 enfatizava o car\u00e1ter interconectado e n\u00e3o-linear da evolu\u00e7\u00e3o da ci\u00eancia. De espigas de milho a bombas at\u00f4micas, passando por heran\u00e7as e um alem\u00e3o chamado Albert Einstein, eventos e personalidades aparentemente sem import\u00e2ncia interagem para moldar os mais intrincados e inesperados desenvolvimentos que levam ao mundo em que vivemos.<\/p>\n<p>Esta teia de conex\u00f5es n\u00e3o tem fim, e de fato, se expande e acelera, enquanto muitos acabam perdidos em meio aos nexos mais importantes que ligam um mouse de computador a lasers, semicondutores, f\u00edsica qu\u00e2ntica, bombas at\u00f4micas e\u2026 espigas de milho.<\/p>\n<p><strong>Explorando novidades e curiosidades cient\u00edficas de \u00e1reas diversas do conhecimento<\/strong>,<em>100nexos<\/em>\u00a0pretende assim destacar um pouco mais as espigas de milho que podem estar determinando nosso presente e futuro.<\/p>\n<p>Al\u00e9m de mergulhar nos nexos cient\u00edficos neste blog, este autor tamb\u00e9m explora e combate a pseudoci\u00eancia nos trabalhos online no s\u00edtio\u00a0<strong><a href=\"http:\/\/www.ceticismoaberto.com\/\" target=\"_blank\" rel=\"noopener noreferrer\">CeticismoAberto<\/a><\/strong>\u00a0e no\u00a0<strong><a href=\"http:\/\/haaan.com\/\" target=\"_blank\" rel=\"noopener noreferrer\">projeto HAAAN<\/a><\/strong>, bem como na coluna\u00a0<strong><a href=\"http:\/\/www.sedentario.org\/colunas\/duvida-razoavel\/\" target=\"_blank\" rel=\"noopener noreferrer\">D\u00favida Razo\u00e1vel<\/a><\/strong>, arriscando ainda algo em ingl\u00eas em\u00a0<strong><a href=\"http:\/\/forgetomori.com\/\" target=\"_blank\" rel=\"noopener noreferrer\">ForgetoMori<\/a><\/strong>.<\/p>\n<p>Voc\u00ea pode entrar em contato\u00a0<a title=\"[GMCP] Compose a new mail to por email\" href=\"mailto:kentaro.mori@gmail.com\" rel=\"noreferrer noopener\" target=\"_blank\">por email<\/a>,\u00a0<a href=\"http:\/\/twitter.com\/kenmori\" target=\"_blank\" rel=\"noopener noreferrer\">Twitter<\/a>,\u00a0<a href=\"http:\/\/www.orkut.com.br\/Main#Profile?uid=6423652327308208230\" target=\"_blank\" rel=\"noopener noreferrer\">Orkut<\/a>\u00a0ou nos coment\u00e1rios.<\/p>\n<p><a title=\"Assine o feed\" href=\"http:\/\/feeds2.feedburner.com\/100nexos\" rel=\"alternate\"><img decoding=\"async\" src=\"http:\/\/scienceblogs.com.br\/100nexos\/rss-32x32.png\" alt=\"\" \/><\/a>\u00a0<a title=\"Follow me\" href=\"http:\/\/twitter.com\/kenmori\" target=\"_blank\" rel=\"noopener noreferrer\"><img decoding=\"async\" src=\"http:\/\/scienceblogs.com.br\/100nexos\/twitter-32x32.png\" alt=\"\" \/><\/a>\u00a0<a title=\"\" href=\"http:\/\/www.orkut.com.br\/Main#Profile?uid=6423652327308208230\" target=\"_blank\" rel=\"noopener noreferrer\"><img decoding=\"async\" src=\"http:\/\/scienceblogs.com.br\/100nexos\/orkut-32x32.png\" alt=\"\" \/><\/a>\u00a0<a title=\"\" href=\"http:\/\/br.linkedin.com\/in\/kenmori\" target=\"_blank\" rel=\"noopener noreferrer\"><img decoding=\"async\" src=\"http:\/\/scienceblogs.com.br\/100nexos\/linkedin-32x32.png\" alt=\"\" \/><\/a>\u00a0<a title=\"Google shared items\" href=\"http:\/\/www.google.com\/reader\/shared\/kentaro.mori\" target=\"_blank\" rel=\"noopener noreferrer\"><img decoding=\"async\" src=\"http:\/\/scienceblogs.com.br\/100nexos\/google-32x32.png\" alt=\"\" \/><\/a><\/p>\n","protected":false},"excerpt":{"rendered":"<p>Sobre 100nexos\u00a0\u00e9 uma refer\u00eancia e rever\u00eancia \u00e0 s\u00e9rie \u201cConex\u00f5es\u201d do historiador brit\u00e2nico\u00a0James Burke. Um par de d\u00e9cadas antes do surgimento da Internet como uma grande teia de informa\u00e7\u00f5es conectadas por links, Burke j\u00e1 enfatizava o car\u00e1ter interconectado e n\u00e3o-linear da evolu\u00e7\u00e3o da ci\u00eancia. De espigas de milho a bombas at\u00f4micas, passando por heran\u00e7as e um [&hellip;]<\/p>\n","protected":false},"author":467,"featured_media":0,"parent":0,"menu_order":0,"comment_status":"closed","ping_status":"open","template":"","meta":{"_monsterinsights_skip_tracking":false,"_monsterinsights_sitenote_active":false,"_monsterinsights_sitenote_note":"","_monsterinsights_sitenote_category":0,"pgc_sgb_lightbox_settings":"","_vp_format_video_url":"","_vp_image_focal_point":[],"footnotes":""},"class_list":["post-3479","page","type-page","status-publish","hentry"],"_links":{"self":[{"href":"https:\/\/www.blogs.unicamp.br\/100nexos\/wp-json\/wp\/v2\/pages\/3479","targetHints":{"allow":["GET"]}}],"collection":[{"href":"https:\/\/www.blogs.unicamp.br\/100nexos\/wp-json\/wp\/v2\/pages"}],"about":[{"href":"https:\/\/www.blogs.unicamp.br\/100nexos\/wp-json\/wp\/v2\/types\/page"}],"author":[{"embeddable":true,"href":"https:\/\/www.blogs.unicamp.br\/100nexos\/wp-json\/wp\/v2\/users\/467"}],"replies":[{"embeddable":true,"href":"https:\/\/www.blogs.unicamp.br\/100nexos\/wp-json\/wp\/v2\/comments?post=3479"}],"version-history":[{"count":0,"href":"https:\/\/www.blogs.unicamp.br\/100nexos\/wp-json\/wp\/v2\/pages\/3479\/revisions"}],"wp:attachment":[{"href":"https:\/\/www.blogs.unicamp.br\/100nexos\/wp-json\/wp\/v2\/media?parent=3479"}],"curies":[{"name":"wp","href":"https:\/\/api.w.org\/{rel}","templated":true}]}}