{"id":409,"date":"2011-08-29T00:01:56","date_gmt":"2011-08-29T00:01:56","guid":{"rendered":"http:\/\/scienceblogs.com.br\/balamagica\/?page_id=2"},"modified":"2011-08-29T00:01:56","modified_gmt":"2011-08-29T00:01:56","slug":"sobre","status":"publish","type":"page","link":"https:\/\/www.blogs.unicamp.br\/balamagica\/sobre\/","title":{"rendered":"Um blog sobre o nano(bio)mundo"},"content":{"rendered":"<h2><em>Porque um dos maiores impactos da nanotecnologia ocorrer\u00e1 na \u00e1rea m\u00e9dica.<\/em><\/h2>\n<div align=\"justify\">\n<p>Balas m\u00e1gicas s\u00e3o nanoproj\u00e9teis que chegam em locais espec\u00edficos do organismo para administrar com precis\u00e3o um f\u00e1rmaco. O conhecimento tamb\u00e9m deve ser preciso como uma bala m\u00e1gica, mas seu alvo deve ser mais amplo. O blog Bala M\u00e1gica foi criado em maio de 2009 com a inten\u00e7\u00e3o de trazer \u00e0 sociedade informa\u00e7\u00f5es confi\u00e1veis e isentas sobre tudo o que permeia a nanobiotecnologia (que \u00e9 a nanotecnologia aplicada \u00e0s ci\u00eancias da vida), desde novas descobertas que aparecem nas revistas cient\u00edficas at\u00e9 as \u00faltimas not\u00edcias sobre seus aspectos ambientais, toxicol\u00f3gicos, sociais e regulat\u00f3rios no Brasil e no mundo. Discuss\u00f5es sobre ci\u00eancia geral tamb\u00e9m est\u00e3o na pauta.<\/p>\n<p><strong>E voc\u00ea, est\u00e1 preparado para a nanobiotecnologia?<\/strong><\/p>\n<\/div>\n<h2><\/h2>\n<h2><a href=\"http:\/\/img32.imageshack.us\/img32\/8104\/ldcabc.gif\" data-rel=\"lightbox-image-0\" data-rl_title=\"\" data-rl_caption=\"\" title=\"\"><img decoding=\"async\" class=\"aligncenter\" src=\"http:\/\/img32.imageshack.us\/img32\/8104\/ldcabc.gif\" alt=\"\" border=\"0\" \/><\/a><\/h2>\n<div align=\"left\"><\/div>\n","protected":false},"excerpt":{"rendered":"<p>Porque um dos maiores impactos da nanotecnologia ocorrer\u00e1 na \u00e1rea m\u00e9dica. Balas m\u00e1gicas s\u00e3o nanoproj\u00e9teis que chegam em locais espec\u00edficos do organismo para administrar com precis\u00e3o um f\u00e1rmaco. O conhecimento tamb\u00e9m deve ser preciso como uma bala m\u00e1gica, mas seu alvo deve ser mais amplo. O blog Bala M\u00e1gica foi criado em maio de 2009 [&hellip;]<\/p>\n","protected":false},"author":501,"featured_media":419,"parent":0,"menu_order":0,"comment_status":"closed","ping_status":"open","template":"","meta":{"_monsterinsights_skip_tracking":false,"_monsterinsights_sitenote_active":false,"_monsterinsights_sitenote_note":"","_monsterinsights_sitenote_category":0,"pgc_sgb_lightbox_settings":"","_vp_format_video_url":"","_vp_image_focal_point":[],"footnotes":""},"class_list":["post-409","page","type-page","status-publish","has-post-thumbnail","hentry"],"_links":{"self":[{"href":"https:\/\/www.blogs.unicamp.br\/balamagica\/wp-json\/wp\/v2\/pages\/409","targetHints":{"allow":["GET"]}}],"collection":[{"href":"https:\/\/www.blogs.unicamp.br\/balamagica\/wp-json\/wp\/v2\/pages"}],"about":[{"href":"https:\/\/www.blogs.unicamp.br\/balamagica\/wp-json\/wp\/v2\/types\/page"}],"author":[{"embeddable":true,"href":"https:\/\/www.blogs.unicamp.br\/balamagica\/wp-json\/wp\/v2\/users\/501"}],"replies":[{"embeddable":true,"href":"https:\/\/www.blogs.unicamp.br\/balamagica\/wp-json\/wp\/v2\/comments?post=409"}],"version-history":[{"count":0,"href":"https:\/\/www.blogs.unicamp.br\/balamagica\/wp-json\/wp\/v2\/pages\/409\/revisions"}],"wp:featuredmedia":[{"embeddable":true,"href":"https:\/\/www.blogs.unicamp.br\/balamagica\/wp-json\/wp\/v2\/media\/419"}],"wp:attachment":[{"href":"https:\/\/www.blogs.unicamp.br\/balamagica\/wp-json\/wp\/v2\/media?parent=409"}],"curies":[{"name":"wp","href":"https:\/\/api.w.org\/{rel}","templated":true}]}}