{"id":36,"date":"2015-10-27T09:03:25","date_gmt":"2015-10-27T12:03:25","guid":{"rendered":"http:\/\/scienceblogs.com.br\/biofisica\/?page_id=36"},"modified":"2020-04-15T20:31:46","modified_gmt":"2020-04-15T23:31:46","slug":"ebook-paradidatico-biologia","status":"publish","type":"page","link":"https:\/\/www.blogs.unicamp.br\/biofisica\/","title":{"rendered":"eBook para(did\u00e1tico) Biologia"},"content":{"rendered":"<p>[et_pb_section admin_label=&#8221;section&#8221; background_image=&#8221;https:\/\/www.blogs.unicamp.br\/biofisica\/wp-content\/uploads\/sites\/220\/2015\/10\/fundo1.png&#8221; transparent_background=&#8221;off&#8221; allow_player_pause=&#8221;off&#8221; inner_shadow=&#8221;off&#8221; parallax=&#8221;off&#8221; parallax_method=&#8221;off&#8221; padding_mobile=&#8221;off&#8221; make_fullwidth=&#8221;off&#8221; use_custom_width=&#8221;off&#8221; width_unit=&#8221;on&#8221; make_equal=&#8221;off&#8221; use_custom_gutter=&#8221;off&#8221;][et_pb_row admin_label=&#8221;Linha&#8221;][et_pb_column type=&#8221;4_4&#8243;][et_pb_post_title admin_label=&#8221;T\u00edtulo da Publica\u00e7\u00e3o&#8221; title=&#8221;on&#8221; meta=&#8221;off&#8221; author=&#8221;on&#8221; date=&#8221;on&#8221; categories=&#8221;on&#8221; comments=&#8221;on&#8221; featured_image=&#8221;off&#8221; featured_placement=&#8221;below&#8221; parallax_effect=&#8221;on&#8221; parallax_method=&#8221;on&#8221; text_orientation=&#8221;center&#8221; text_color=&#8221;dark&#8221; text_background=&#8221;off&#8221; text_bg_color=&#8221;rgba(255,255,255,0.9)&#8221; module_bg_color=&#8221;rgba(252,252,252,0.57)&#8221; title_font=&#8221;Oswald||||&#8221; title_font_size=&#8221;60px&#8221; title_text_color=&#8221;#ea7500&#8243; title_all_caps=&#8221;off&#8221; use_border_color=&#8221;off&#8221; border_color=&#8221;#ffffff&#8221; border_style=&#8221;solid&#8221;] [\/et_pb_post_title][\/et_pb_column][\/et_pb_row][et_pb_row admin_label=&#8221;Linha&#8221;][et_pb_column type=&#8221;3_4&#8243;][et_pb_text admin_label=&#8221;Texto&#8221; background_layout=&#8221;light&#8221; text_orientation=&#8221;left&#8221; text_font=&#8221;Oswald||||&#8221; text_font_size=&#8221;35&#8243; text_text_color=&#8221;#000000&#8243; text_line_height=&#8221;1.8em&#8221; background_color=&#8221;rgba(221,174,97,0.82)&#8221; use_border_color=&#8221;off&#8221; border_color=&#8221;#ffffff&#8221; border_style=&#8221;solid&#8221;]<\/p>\n<p>Navegue por mapas conceituais interativos e acesse artigos e v\u00eddeos de divulga\u00e7\u00e3o cient\u00edfica que v\u00e3o relacionar estes conceitos entre si\u00a0e com o mundo.<\/p>\n<p>[\/et_pb_text][et_pb_image admin_label=&#8221;Imagem&#8221; src=&#8221;https:\/\/www.blogs.unicamp.br\/biofisica\/wp-content\/uploads\/sites\/220\/2015\/10\/006.png&#8221; show_in_lightbox=&#8221;off&#8221; url_new_window=&#8221;off&#8221; animation=&#8221;left&#8221; sticky=&#8221;off&#8221; align=&#8221;left&#8221; force_fullwidth=&#8221;off&#8221; always_center_on_mobile=&#8221;on&#8221; use_border_color=&#8221;off&#8221; border_color=&#8221;#ffffff&#8221; border_style=&#8221;solid&#8221;] [\/et_pb_image][et_pb_text admin_label=&#8221;Texto&#8221; background_layout=&#8221;light&#8221; text_orientation=&#8221;left&#8221; text_font=&#8221;Roboto||||&#8221; text_font_size=&#8221;35&#8243; text_text_color=&#8221;#000000&#8243; background_color=&#8221;rgba(255,255,255,0.69)&#8221; use_border_color=&#8221;off&#8221; border_color=&#8221;#ffffff&#8221; border_style=&#8221;solid&#8221;]<\/p>\n<h4>Este \u00e9 um eBook de Biof\u00edsica diferente, onde os principais conceitos relacionados \u00e0 cada assunto foram mapeados de acordo com suas rela\u00e7\u00f5es, e organizados de acordo com a hierarquia: conceitos gerais, conceitos espec\u00edficos, usando a metodologia de <span style=\"color: #ff6600;\">mapas conceituais<\/span>.<\/h4>\n<h4>Cada conceito \u00e9 tratado em um ou mais textos selecionados, principalmente, de blogs e canais \u00a0de divulga\u00e7\u00e3o cient\u00edfica.<\/h4>\n<p>[\/et_pb_text][et_pb_toggle admin_label=&#8221;Caixa de Altern\u00e2ncia&#8221; title=&#8221;Sobre este eBook&#8221; open=&#8221;off&#8221; closed_toggle_background_color=&#8221;rgba(221,153,51,0.52)&#8221; use_border_color=&#8221;off&#8221; border_color=&#8221;#ffffff&#8221; border_style=&#8221;solid&#8221; title_font=&#8221;Oswald|on|||&#8221; title_font_size=&#8221;25&#8243; body_font=&#8221;Roboto||||&#8221; title_text_color=&#8221;#1c0202&#8243;]<\/p>\n<p><a href=\"https:\/\/www.blogs.unicamp.br\/biofisica\/wp-content\/uploads\/sites\/220\/2015\/10\/capa.png\" data-rel=\"lightbox-image-0\" data-rl_title=\"\" data-rl_caption=\"\" title=\"\"><img fetchpriority=\"high\" decoding=\"async\" class=\"aligncenter size-full wp-image-50\" src=\"https:\/\/www.blogs.unicamp.br\/biofisica\/wp-content\/uploads\/sites\/220\/2015\/10\/capa.png\" alt=\"capa\" width=\"515\" height=\"728\" srcset=\"https:\/\/www.blogs.unicamp.br\/biofisica\/wp-content\/uploads\/sites\/220\/2015\/10\/capa.png 515w, https:\/\/www.blogs.unicamp.br\/biofisica\/wp-content\/uploads\/sites\/220\/2015\/10\/capa-212x300.png 212w, https:\/\/www.blogs.unicamp.br\/biofisica\/wp-content\/uploads\/sites\/220\/2015\/10\/capa-300x424.png 300w, https:\/\/www.blogs.unicamp.br\/biofisica\/wp-content\/uploads\/sites\/220\/2015\/10\/capa-141x200.png 141w\" sizes=\"(max-width: 515px) 100vw, 515px\" \/><\/a><\/p>\n<p>Ao longo dos \u00faltimos 10 anos, fui professor da disciplina Biof\u00edsica Geral para o curso de gradua\u00e7\u00e3o em ci\u00eancias biol\u00f3gicas da Universidade Federal do Rio de Janeiro. Tendo sido tamb\u00e9m aluno desse mesmo curso 20 anos atr\u00e1s, eu acredito que possuo uma perspectiva \u00fanica sobre ele, que me motivou a organizar um <a href=\"http:\/\/scienceblogs.com.br\/vqeb\/files\/2015\/10\/MREBELO_2015%20Biofisica%20para_didatico%20biologia.pdf\" target=\"_blank\" rel=\"noopener noreferrer\">livro<\/a>.<\/p>\n<p>H\u00e1 20 anos n\u00e3o havia internet e nem redes sociais. N\u00e3o havia telefones celulares e muito menos os smartphones e todas as possibilidades que eles oferecem hoje. N\u00e3o havia o mesmo n\u00famero de computadores nos domic\u00edlios brasileiros que existem hoje, as not\u00edcias circulavam em jornais impressos e ainda que a biblioteca da UFRJ se parecesse muito com o que \u00e9 hoje, ela tinha um papel mais importante j\u00e1 que toda informa\u00e7\u00e3o cient\u00edfica publicada em peri\u00f3dicos estava armazenada nas suas estantes e para descobrir o que havia de novo t\u00ednhamos de vasculhar guias como o Current Contents por artigos a partir de palavras chaves do t\u00edtulo e resumo. Eu usei muito os leitores de microfilmes, onde pod\u00edamos buscar quais os peri\u00f3dicos, volumes e n\u00fameros estavam dispon\u00edveis em quais bibliotecas do Brasil. Havia umas poucas livrarias no Rio de Janeiro onde pod\u00edamos comprar livros importados, apenas em ingl\u00eas, com as \u00faltimas novidades da ci\u00eancia. Eram os \u00faltimos suspiros de uma era. Hoje tudo est\u00e1 diferente.<\/p>\n<p>(\u2026)<\/p>\n<p>Estamos expostos diariamente a uma quantidade de informa\u00e7\u00e3o proporcional ao conte\u00fado de 6 jornais. No entanto, nosso c\u00e9rebro n\u00e3o pode armazenar mais informa\u00e7\u00e3o do que armazenava antes. Sabemos sobre mais coisas, mas somos mais superficiais.<\/p>\n<p>Esse volume todo de informa\u00e7\u00e3o come\u00e7ou a estimular fortemente a pesquisa cient\u00edfica nas \u00e1reas da neuroci\u00eancia da cogni\u00e7\u00e3o. Nunca se publicou tanto sobre emo\u00e7\u00f5es, mem\u00f3ria, vis\u00e3o, audi\u00e7\u00e3o e aprendizagem. Sabemos hoje mais sobre como aprendemos do que em nenhuma outra \u00e9poca. Ainda assim, nossos m\u00e9todos de ensino e estudo permanecem os mesmos. Estamos preparando as novas gera\u00e7\u00f5es com m\u00e9todos obsoletos para um mundo obsoleto. Enquanto a tecnologia avan\u00e7a e os computadores e rob\u00f4s substituem os seres humanos em trabalhos bra\u00e7ais e repetitivos, temos uma necessidade crescente de m\u00e3o de obra para trabalhos intelectuais, aquele que as m\u00e1quinas (ainda?) n\u00e3o podem nos substituir.<\/p>\n<p>A criatividade, no entanto, ainda que seja uma habilidade inata dos seres humanos, uma propriedade emergente do nosso c\u00e9rebro complexo, como a nossa consci\u00eancia, depende fortemente do nosso conhecimento das coisas. Para criarmos inova\u00e7\u00e3o, nos baseamos naquilo que j\u00e1 sabemos, naquilo que temos em nossas cabe\u00e7as, em nossa mem\u00f3ria de longa dura\u00e7\u00e3o e n\u00e3o aquilo que temos armazenado nas nossas estantes de livros, pendrives ou nos HDs virtuais da Google e da Amazon.<\/p>\n<p>(\u2026)<\/p>\n<p>Vivemos em um mundo de caos. Nosso papel n\u00e3o \u00e9 resistir a ele, mas sim abra\u00e7\u00e1-lo. Nesse novo mundo, n\u00e3o h\u00e1 mais espa\u00e7o para o professor da minha \u00e9poca. E nem para o aluno que eu fui.<\/p>\n<p>O professor h\u00e1 20 anos era o \u00fanico que dominava o conte\u00fado. Fora os anos de experi\u00eancia, era o \u00fanico que oportunidade de uma vez ao ano ir a um congresso no exterior, comprar livros atualizados e preparar aulas com as \u00faltimas informa\u00e7\u00f5es dispon\u00edveis sobre determinado assunto. Se o aluno nas aulas se dedicasse a prestar aten\u00e7\u00e3o, teria a oportunidade \u00fanica de ser exposto a um conte\u00fado que, de outra maneira, seria praticamente imposs\u00edvel de acessar. Mas hoje tudo est\u00e1 acess\u00edvel ao toque dos dedos, em diferentes m\u00eddias, linguagens, l\u00ednguas. Tanto que \u00e9 dif\u00edcil decidir qual informa\u00e7\u00e3o \u00e9 a mais vi\u00e1vel ou correta. O aluno n\u00e3o pode mais confiar plenamente no professor como fonte porque n\u00e3o h\u00e1 como o professor estar atualizado. O aluno tem que decidir por si s\u00f3 em quem confiar e para isso, mais do que interesse e aten\u00e7\u00e3o, vai precisar de organiza\u00e7\u00e3o e autonomia. Nesse mundo, o papel do professor \u00e9 ensinar o aluno a ter crit\u00e9rio \u00e9 selecionar a informa\u00e7\u00e3o mais importante.<\/p>\n<p>(\u2026)<a href=\"http:\/\/scienceblogs.com.br\/vqeb\/files\/2015\/10\/Screenshot-2015-10-19-09.07.17.png\" data-rel=\"lightbox-image-1\" data-rl_title=\"\" data-rl_caption=\"\" title=\"\"><br \/>\n<\/a><br \/>\nAo longo desses 10 anos, ficou claro que os alunos chegam ao 4\u00ba per\u00edodo do curso de biologia sem ter uma ideia clara do que seja biof\u00edsica. \u00c9 poss\u00edvel que a biof\u00edsica tenha sido a primeira, talvez ap\u00f3s a bioqu\u00edmica, das ci\u00eancias que foram formadas pela uni\u00e3o de duas outras categorias mais b\u00e1sicas. Hoje temos a bioinform\u00e1tica, bioengenharia, bioeconomia\u2026\u00a0Mas como decidir o conte\u00fado para ser colocado em um per\u00edodo limitado de tempo e espa\u00e7o?<\/p>\n<p>\u00c9 o momento no qual cabe ao professor fazer escolhas e assumir compromissos.<\/p>\n<p>Foi o que fizemos nesse <a href=\"http:\/\/scienceblogs.com.br\/vqeb\/files\/2015\/10\/MREBELO_2015%20Biofisica%20para_didatico%20biologia.pdf\" target=\"_blank\" rel=\"noopener noreferrer\">livro<\/a>, criando uma nova ementa, da maneira que explicamos no texto de abertura. Esperamos que, mais do que \u2018o que \u00e9 biof\u00edsica\u2019, voc\u00ea aprenda sobre como devemos estudar e aprender nesse admir\u00e1vel mundo novo.<\/p>\n<p>O livro foi feito com a colabora\u00e7\u00e3o de muitas pessoas, inclusive da turma do\u00a0Scienceblogs, edi\u00e7\u00e3o da Numina Labs e apoio da FAPERJ. \u00a0<a href=\"http:\/\/scienceblogs.com.br\/vqeb\/files\/2015\/10\/MREBELO_2015%20Biofisica%20para_didatico%20biologia.pdf\" target=\"_blank\" rel=\"noopener noreferrer\">Acesse<\/a> preferencialmente de dispositivos m\u00f3veis conectados a internet.<\/p>\n<p>[\/et_pb_toggle][et_pb_toggle admin_label=&#8221;Caixa de Altern\u00e2ncia&#8221; title=&#8221;Como foi feito e como usar este eBook&#8221; open=&#8221;off&#8221; closed_toggle_background_color=&#8221;rgba(221,153,51,0.52)&#8221; use_border_color=&#8221;off&#8221; border_color=&#8221;#ffffff&#8221; border_style=&#8221;solid&#8221; title_font=&#8221;Oswald|on|||&#8221; title_font_size=&#8221;25&#8243; body_font=&#8221;Roboto||||&#8221; title_text_color=&#8221;#00121c&#8221;]<\/p>\n<p>A defini\u00e7\u00e3o de biof\u00edsica que mais gosto \u00e9 a do fundador do Instituto de Biof\u00edsica da UFRJ Carlos Chagas Filho: \u201cBiof\u00edsica \u00e9 tudo aquilo que se faz no Instituto de Biof\u00edsica!\u201d<br \/>\nNesse livro paradid\u00e1tico, que serve de acompanhamento e guia de estudos para os alunos da disciplina Biof\u00edsica Geral para o curso de gradua\u00e7\u00e3o em Biologia, optamos por uma ementa pouco tradicional, que n\u00e3o trata apenas da biof\u00edsica em n\u00edvel celular, com os fen\u00f4menos de transporte de subst\u00e2ncias atrav\u00e9s da membrana e os efeitos das radia\u00e7\u00f5es ionizastes. Se biof\u00edsica \u00e9 o estudo dos fen\u00f4menos f\u00edsicos aplicados aos sistemas biol\u00f3gicos, ent\u00e3o temos que considerar os diferentes n\u00edveis de organiza\u00e7\u00e3o biologia. Da mesma forma, diferentes n\u00edveis de organiza\u00e7\u00e3o do mundo f\u00edsico e como a as for\u00e7as do universo se manifestam neles.<br \/>\nAssim, come\u00e7amos com eventos em n\u00edvel at\u00f4mico e molecular, com estudo da energia e da mat\u00e9ria, do \u00e1tomo e das liga\u00e7\u00f5es qu\u00edmicas. Aqui falamos de radia\u00e7\u00e3o e radioatividade, de oxig\u00eanio e \u00e1gua, para podermos entrar no primeiro n\u00edvel em que encontramos organiza\u00e7\u00e3o biol\u00f3gica: as mol\u00e9culas. Passamos ent\u00e3o para eventos que acontecem em n\u00edvel celular, como as muta\u00e7\u00f5es e o reparo de DNA. Mas n\u00e3o sem antes falarmos da organiza\u00e7\u00e3o da c\u00e9lula, com a membrana plasm\u00e1tica como barreira seletiva que isola um compartimento qu\u00edmico, receptores celulares, sinaliza\u00e7\u00e3o e comunica\u00e7\u00e3o celular. Esses conhecimentos podem ser integrados utilizando o c\u00e2ncer como exemplo. Da c\u00e9lula passamos para o n\u00edvel de organiza\u00e7\u00e3o de organismo, onde os mecanismos de transdu\u00e7\u00e3o dos sinais dos sentidos s\u00e3o analisados do ponto de vista da energia que sentem at\u00e9 a percep\u00e7\u00e3o do seu significado no c\u00e9rebro. Os processos de biotransforma\u00e7\u00e3o, que participam da elimina\u00e7\u00e3o de subst\u00e2ncias ingeridas e absorvidas pelo organismo, funcionam como conte\u00fado de transi\u00e7\u00e3o para o n\u00edvel de organiza\u00e7\u00e3o de ecossistemas. Isso porque a biotransforma\u00e7\u00e3o est\u00e1 intimamente ligada ao ac\u00famulo de subst\u00e2ncias nos organismos e ao longo das cadeias tr\u00f3ficas. A transfer\u00eancia dessas subst\u00e2ncias de um organismo para outro \u00e9 um dos principais mecanismos atrav\u00e9s dos quais a mat\u00e9ria cicla e a energia flui. Usamos a hip\u00f3tese Gaia de Lovelock para mostrar como esses fen\u00f4menos, em n\u00edvel de organismo, podem autoregular processos mais amplos como a temperatura do planeta; e usamos a polui\u00e7\u00e3o para falar sobre como a mudan\u00e7a da paisagem pelos homens e outros animais pode refletir na maneira como as subst\u00e2ncias s\u00e3o processadas pelos organismos e quais as consequ\u00eancias disso para o ambiente.<br \/>\nAo total s\u00e3o 20 aulas, onde os principais conceitos relacionados \u00e0 cada assunto foram mapeados de acordo com suas rela\u00e7\u00f5es, e organizados de acordo com a hierarquia: conceitos gerais, conceitos espec\u00edficos, usando a metodologia de mapas conceituais. Ainda inclu\u00edmos exemplos e autores para aumentar o potencial de compreens\u00e3o dos temas das aulas.<\/p>\n<p><a href=\"https:\/\/www.blogs.unicamp.br\/biofisica\/wp-content\/uploads\/sites\/220\/2015\/10\/008.png\" data-rel=\"lightbox-image-2\" data-rl_title=\"\" data-rl_caption=\"\" title=\"\"><img decoding=\"async\" class=\"alignleft size-full wp-image-53\" src=\"https:\/\/www.blogs.unicamp.br\/biofisica\/wp-content\/uploads\/sites\/220\/2015\/10\/008.png\" alt=\"008\" width=\"338\" height=\"331\" srcset=\"https:\/\/www.blogs.unicamp.br\/biofisica\/wp-content\/uploads\/sites\/220\/2015\/10\/008.png 338w, https:\/\/www.blogs.unicamp.br\/biofisica\/wp-content\/uploads\/sites\/220\/2015\/10\/008-300x294.png 300w, https:\/\/www.blogs.unicamp.br\/biofisica\/wp-content\/uploads\/sites\/220\/2015\/10\/008-200x196.png 200w, https:\/\/www.blogs.unicamp.br\/biofisica\/wp-content\/uploads\/sites\/220\/2015\/10\/008-24x24.png 24w, https:\/\/www.blogs.unicamp.br\/biofisica\/wp-content\/uploads\/sites\/220\/2015\/10\/008-48x48.png 48w\" sizes=\"(max-width: 338px) 100vw, 338px\" \/><\/a>Cada aula agrupa em torno de 20-25 conceitos. E cada conceito \u00e9 tratado em um ou mais textos selecionados, principalmente, de blogs cient\u00edficos e de autores do portal Scienceblogs Brasil. A op\u00e7\u00e3o pelos textos dos blogs foi para obter um conte\u00fado dispon\u00edvel online com uma linguagem menos formal que aquela dos livros did\u00e1ticos e com uma estrutura narrativa que aumentaria o potencial de compreens\u00e3o dos conceitos pela contextualiza\u00e7\u00e3o. O Scienceblogs Brasil \u00e9 o principal portal de divulga\u00e7\u00e3o cient\u00edfica em l\u00edngua portuguesa do mundo, com um processo de sele\u00e7\u00e3o exigente para a aceita\u00e7\u00e3o dos blogueiros e uma comunidade atuante que monitora a qualidade e a corre\u00e7\u00e3o dos textos.<br \/>\nOs alunos podem percorrer os mapas conceituais de diferentes maneiras, seguindo uma estrutura l\u00f3gica e de pensamento individual, que n\u00e3o \u00e9 necessariamente aquela proposta pelos autores dos mapas, dando bastante autonomia ao aluno no processo de aprendizagem. As palavras nos mapas est\u00e3o ligadas por hiperlinks a textos selecionados por n\u00f3s que d\u00e3o contexto hist\u00f3rico, explicam ou apresentam um exemplo integrativo. Os textos est\u00e3o parcialmente incorporados no livro, e uma conex\u00e3o \u00e0 internet ser\u00e1 necess\u00e1ria para acesso aos blogs e a leitura integral do conte\u00fado.<br \/>\nSabemos que o entendimento de uma disciplina \u00e9 um processo cont\u00ednuo e esperamos que esse livro ajude os alunos n\u00e3o apenas na compreens\u00e3o de conceitos fundamentais para continuar esse processo de aprendizagem, como na proposta de uma metodologia de estudo que trabalhe mais alinhada com os processos n\u00e3o lineares do nosso pensamento.<\/p>\n<p><strong>Bom trabalho.<\/strong><\/p>\n<h4 style=\"text-align: right;\"><span style=\"color: #ff6600;\">&#8211; Mauro Rebelo<\/span><\/h4>\n<p>[\/et_pb_toggle][\/et_pb_column][et_pb_column type=&#8221;1_4&#8243;][et_pb_image admin_label=&#8221;Imagem&#8221; src=&#8221;<img decoding=\"async\" src=\"http:\/\/www.blogs.unicamp.br\/biofisica\/wp-content\/uploads\/sites\/220\/2020\/04\/Screenshot-2015-10-19-09.07.17.png\" \/>&#8221; alt=&#8221;Capa do eBook&#8221; show_in_lightbox=&#8221;on&#8221; url_new_window=&#8221;off&#8221; animation=&#8221;left&#8221; sticky=&#8221;off&#8221; align=&#8221;center&#8221; force_fullwidth=&#8221;off&#8221; always_center_on_mobile=&#8221;on&#8221; use_border_color=&#8221;off&#8221; border_color=&#8221;#ffffff&#8221; border_style=&#8221;solid&#8221;] [\/et_pb_image][et_pb_image admin_label=&#8221;Imagem&#8221; src=&#8221;<img decoding=\"async\" src=\"http:\/\/www.blogs.unicamp.br\/rainha\/wp-content\/uploads\/sites\/254\/2015\/04\/unnamed.png\" \/>&#8221; alt=&#8221;Este \u00e9 um projeto em parceria com &#8221; show_in_lightbox=&#8221;off&#8221; url=&#8221;http:\/\/scienceblogs.com.br\/&#8221; url_new_window=&#8221;on&#8221; animation=&#8221;left&#8221; sticky=&#8221;off&#8221; align=&#8221;center&#8221; force_fullwidth=&#8221;off&#8221; always_center_on_mobile=&#8221;on&#8221; use_border_color=&#8221;off&#8221; border_color=&#8221;#ffffff&#8221; border_style=&#8221;solid&#8221;] [\/et_pb_image][et_pb_image admin_label=&#8221;Imagem&#8221; src=&#8221;https:\/\/www.blogs.unicamp.br\/biofisica\/wp-content\/uploads\/sites\/220\/2015\/10\/logonuminalabs-2.png&#8221; show_in_lightbox=&#8221;off&#8221; url=&#8221;http:\/\/www.numinalabs.com.br\/&#8221; url_new_window=&#8221;off&#8221; animation=&#8221;left&#8221; sticky=&#8221;off&#8221; align=&#8221;left&#8221; force_fullwidth=&#8221;off&#8221; always_center_on_mobile=&#8221;on&#8221; use_border_color=&#8221;off&#8221; border_color=&#8221;#ffffff&#8221; border_style=&#8221;solid&#8221;] [\/et_pb_image][\/et_pb_column][\/et_pb_row][et_pb_row admin_label=&#8221;Linha&#8221;][et_pb_column type=&#8221;4_4&#8243;][et_pb_cta admin_label=&#8221;Chamada \u00e0 A\u00e7\u00e3o&#8221; button_url=&#8221;http:\/\/www.blogs.unicamp.br\/biofisica\/wp-content\/uploads\/sites\/220\/2020\/04\/MREBELO_2015-Biofisica-para_didatico-biologia.pdf&#8221; url_new_window=&#8221;on&#8221; button_text=&#8221;Clique aqui&#8221; use_background_color=&#8221;on&#8221; background_color=&#8221;#ea8512&#8243; background_layout=&#8221;dark&#8221; text_orientation=&#8221;center&#8221; use_border_color=&#8221;off&#8221; border_color=&#8221;#ffffff&#8221; border_style=&#8221;solid&#8221; custom_button=&#8221;off&#8221; button_letter_spacing=&#8221;0&#8243; button_use_icon=&#8221;default&#8221; button_icon_placement=&#8221;right&#8221; button_on_hover=&#8221;on&#8221; button_letter_spacing_hover=&#8221;0&#8243; title=&#8221;Baixe o eBook gratuitamente&#8221;] [\/et_pb_cta][et_pb_image admin_label=&#8221;Imagem&#8221; src=&#8221;https:\/\/www.blogs.unicamp.br\/biofisica\/wp-content\/uploads\/sites\/220\/2015\/10\/011.png&#8221; show_in_lightbox=&#8221;off&#8221; url_new_window=&#8221;off&#8221; animation=&#8221;left&#8221; sticky=&#8221;off&#8221; align=&#8221;center&#8221; force_fullwidth=&#8221;on&#8221; always_center_on_mobile=&#8221;on&#8221; use_border_color=&#8221;off&#8221; border_color=&#8221;#ffffff&#8221; border_style=&#8221;solid&#8221;] [\/et_pb_image][\/et_pb_column][\/et_pb_row][\/et_pb_section]<\/p>\n","protected":false},"excerpt":{"rendered":"<p>[et_pb_section admin_label=&#8221;section&#8221; background_image=&#8221;https:\/\/www.blogs.unicamp.br\/biofisica\/wp-content\/uploads\/sites\/220\/2015\/10\/fundo1.png&#8221; transparent_background=&#8221;off&#8221; allow_player_pause=&#8221;off&#8221; inner_shadow=&#8221;off&#8221; parallax=&#8221;off&#8221; parallax_method=&#8221;off&#8221; padding_mobile=&#8221;off&#8221; make_fullwidth=&#8221;off&#8221; use_custom_width=&#8221;off&#8221; width_unit=&#8221;on&#8221; make_equal=&#8221;off&#8221; use_custom_gutter=&#8221;off&#8221;][et_pb_row admin_label=&#8221;Linha&#8221;][et_pb_column type=&#8221;4_4&#8243;][et_pb_post_title admin_label=&#8221;T\u00edtulo da Publica\u00e7\u00e3o&#8221; title=&#8221;on&#8221; meta=&#8221;off&#8221; author=&#8221;on&#8221; date=&#8221;on&#8221; categories=&#8221;on&#8221; comments=&#8221;on&#8221; featured_image=&#8221;off&#8221; featured_placement=&#8221;below&#8221; parallax_effect=&#8221;on&#8221; parallax_method=&#8221;on&#8221; text_orientation=&#8221;center&#8221; text_color=&#8221;dark&#8221; text_background=&#8221;off&#8221; text_bg_color=&#8221;rgba(255,255,255,0.9)&#8221; module_bg_color=&#8221;rgba(252,252,252,0.57)&#8221; title_font=&#8221;Oswald||||&#8221; title_font_size=&#8221;60px&#8221; title_text_color=&#8221;#ea7500&#8243; title_all_caps=&#8221;off&#8221; use_border_color=&#8221;off&#8221; border_color=&#8221;#ffffff&#8221; border_style=&#8221;solid&#8221;] [\/et_pb_post_title][\/et_pb_column][\/et_pb_row][et_pb_row admin_label=&#8221;Linha&#8221;][et_pb_column type=&#8221;3_4&#8243;][et_pb_text admin_label=&#8221;Texto&#8221; background_layout=&#8221;light&#8221; text_orientation=&#8221;left&#8221; text_font=&#8221;Oswald||||&#8221; text_font_size=&#8221;35&#8243; text_text_color=&#8221;#000000&#8243; text_line_height=&#8221;1.8em&#8221; background_color=&#8221;rgba(221,174,97,0.82)&#8221; use_border_color=&#8221;off&#8221; border_color=&#8221;#ffffff&#8221; border_style=&#8221;solid&#8221;] [&hellip;]<\/p>\n","protected":false},"author":457,"featured_media":50,"parent":0,"menu_order":0,"comment_status":"closed","ping_status":"closed","template":"","meta":{"_et_pb_use_builder":"on","_et_pb_old_content":"","_et_gb_content_width":"","_monsterinsights_skip_tracking":false,"_monsterinsights_sitenote_active":false,"_monsterinsights_sitenote_note":"","_monsterinsights_sitenote_category":0,"pgc_sgb_lightbox_settings":"","_vp_format_video_url":"","_vp_image_focal_point":[],"footnotes":""},"class_list":["post-36","page","type-page","status-publish","has-post-thumbnail","hentry"],"_links":{"self":[{"href":"https:\/\/www.blogs.unicamp.br\/biofisica\/wp-json\/wp\/v2\/pages\/36","targetHints":{"allow":["GET"]}}],"collection":[{"href":"https:\/\/www.blogs.unicamp.br\/biofisica\/wp-json\/wp\/v2\/pages"}],"about":[{"href":"https:\/\/www.blogs.unicamp.br\/biofisica\/wp-json\/wp\/v2\/types\/page"}],"author":[{"embeddable":true,"href":"https:\/\/www.blogs.unicamp.br\/biofisica\/wp-json\/wp\/v2\/users\/457"}],"replies":[{"embeddable":true,"href":"https:\/\/www.blogs.unicamp.br\/biofisica\/wp-json\/wp\/v2\/comments?post=36"}],"version-history":[{"count":4,"href":"https:\/\/www.blogs.unicamp.br\/biofisica\/wp-json\/wp\/v2\/pages\/36\/revisions"}],"predecessor-version":[{"id":124,"href":"https:\/\/www.blogs.unicamp.br\/biofisica\/wp-json\/wp\/v2\/pages\/36\/revisions\/124"}],"wp:featuredmedia":[{"embeddable":true,"href":"https:\/\/www.blogs.unicamp.br\/biofisica\/wp-json\/wp\/v2\/media\/50"}],"wp:attachment":[{"href":"https:\/\/www.blogs.unicamp.br\/biofisica\/wp-json\/wp\/v2\/media?parent=36"}],"curies":[{"name":"wp","href":"https:\/\/api.w.org\/{rel}","templated":true}]}}