{"id":596,"date":"2017-03-27T13:00:03","date_gmt":"2017-03-27T16:00:03","guid":{"rendered":"https:\/\/www.blogs.unicamp.br\/curso\/?page_id=596"},"modified":"2022-01-26T20:44:25","modified_gmt":"2022-01-26T23:44:25","slug":"identidade-visual","status":"publish","type":"page","link":"https:\/\/www.blogs.unicamp.br\/blogando\/identidade-visual\/","title":{"rendered":"Cr\u00e9ditos e Identidade Visual"},"content":{"rendered":"<p>Os Blogs que integram a Rede de Blogs de Ci\u00eancia da Unicamp precisam, obrigatoriamente, fazer refer\u00eancia ao projeto e ao <a href=\"https:\/\/www.blogs.unicamp.br\">portal<\/a>. Portanto, \u00e9 preciso seguir algumas orienta\u00e7\u00f5es:<\/p>\n<p><strong>1. O banner do Blog precisa conter os logotipos do projeto e da Unicamp<\/strong><\/p>\n<p>Veja o exemplo abaixo<\/p>\n<p><a href=\"https:\/\/www.blogs.unicamp.br\/curso\/wp-content\/uploads\/sites\/5\/2017\/03\/banner.jpg\" data-rel=\"lightbox-image-0\" data-rl_title=\"\" data-rl_caption=\"\" title=\"\"><img fetchpriority=\"high\" decoding=\"async\" class=\"alignnone size-full wp-image-604\" src=\"https:\/\/www.blogs.unicamp.br\/curso\/wp-content\/uploads\/sites\/5\/2017\/03\/banner.jpg\" alt=\"\" width=\"774\" height=\"170\" srcset=\"https:\/\/www.blogs.unicamp.br\/blogando\/wp-content\/uploads\/sites\/5\/2017\/03\/banner.jpg 774w, https:\/\/www.blogs.unicamp.br\/blogando\/wp-content\/uploads\/sites\/5\/2017\/03\/banner-300x66.jpg 300w, https:\/\/www.blogs.unicamp.br\/blogando\/wp-content\/uploads\/sites\/5\/2017\/03\/banner-768x169.jpg 768w\" sizes=\"(max-width: 774px) 100vw, 774px\" \/><\/a><\/p>\n<p>Os logos est\u00e3o dispon\u00edveis aqui:<\/p>\n<p><a href=\"https:\/\/drive.google.com\/drive\/folders\/193u3kgfiLk9w6mo6TeghZkVWEFIfRYMm?usp=sharing\">Varia\u00e7\u00f5es do logo Blogs Unicamp<\/a><\/p>\n<p><a href=\"http:\/\/www.ic.unicamp.br\/~stolfi\/EXPORT\/projects\/ic-logos\/2010-03-16\/logotipos\/index.html#logo-unicamp-name-line-blk-red\" target=\"_blank\" rel=\"noopener\">Logo da Unicamp (vers\u00e3o colorida)<\/a><\/p>\n<p><a href=\"http:\/\/www.ic.unicamp.br\/~stolfi\/EXPORT\/projects\/ic-logos\/2010-03-16\/logotipos\/index.html#logo-unicamp-name-line-wht-wht\" target=\"_blank\" rel=\"noopener\">Logo da Unicamp (vers\u00e3o em branco)<\/a><\/p>\n<p><strong>2. Uma das op\u00e7\u00f5es do menu deve indicar que o blog faz parte do projeto &#8220;Rede de Blogs de Ci\u00eancia da Unicamp&#8221;<\/strong><\/p>\n<p>Veja o exemplo abaixo do Blog &#8220;Ci\u00eancia Nerd&#8221;. \u00a0O texto n\u00e3o precisa estar id\u00eantico, mas precisa explicitar que o blog faz parte da rede da Unicamp. Abaixo deve seguir o logo da rede, linkando para o portal <a href=\"https:\/\/www.blogs.unicamp.br\" target=\"_blank\" rel=\"noopener\">www.blogs.unicamp.br<\/a><\/p>\n<p><a href=\"https:\/\/www.blogs.unicamp.br\/curso\/wp-content\/uploads\/sites\/5\/2017\/03\/sobrearede.jpg\" data-rel=\"lightbox-image-1\" data-rl_title=\"\" data-rl_caption=\"\" title=\"\"><img decoding=\"async\" class=\"alignnone size-full wp-image-606\" src=\"https:\/\/www.blogs.unicamp.br\/curso\/wp-content\/uploads\/sites\/5\/2017\/03\/sobrearede.jpg\" alt=\"\" width=\"1199\" height=\"524\" srcset=\"https:\/\/www.blogs.unicamp.br\/blogando\/wp-content\/uploads\/sites\/5\/2017\/03\/sobrearede.jpg 1199w, https:\/\/www.blogs.unicamp.br\/blogando\/wp-content\/uploads\/sites\/5\/2017\/03\/sobrearede-300x131.jpg 300w, https:\/\/www.blogs.unicamp.br\/blogando\/wp-content\/uploads\/sites\/5\/2017\/03\/sobrearede-768x336.jpg 768w, https:\/\/www.blogs.unicamp.br\/blogando\/wp-content\/uploads\/sites\/5\/2017\/03\/sobrearede-1024x448.jpg 1024w\" sizes=\"(max-width: 1199px) 100vw, 1199px\" \/><\/a><\/p>\n<p><strong>Obs: Os Blogs que n\u00e3o seguirem estas regras ter\u00e3o essas padroniza\u00e7\u00f5es\u00a0feitas\u00a0pela equipe de administra\u00e7\u00e3o<\/strong><\/p>\n","protected":false},"excerpt":{"rendered":"Os Blogs que integram a Rede de Blogs de Ci\u00eancia da Unicamp precisam, obrigatoriamente, fazer refer\u00eancia ao projeto e ao portal. Portanto, \u00e9 preciso seguir algumas orienta\u00e7\u00f5es: 1. O banner do Blog precisa conter os logotipos do projeto e da Unicamp Veja o exemplo abaixo Os logos est\u00e3o dispon\u00edveis aqui: Varia\u00e7\u00f5es do logo Blogs Unicamp Logo da Unicamp (vers\u00e3o colorida) Logo da Unicamp (vers\u00e3o em branco) 2. Uma das op\u00e7\u00f5es do menu deve indicar que o blog faz parte do projeto &#8220;Rede de Blogs de Ci\u00eancia da Unicamp&#8221; Veja o exemplo abaixo do Blog &#8220;Ci\u00eancia Nerd&#8221;. \u00a0O texto n\u00e3o precisa estar id\u00eantico, mas precisa explicitar que o blog faz parte da rede da Unicamp. Abaixo deve seguir o logo da ","protected":false},"author":1,"featured_media":0,"parent":0,"menu_order":0,"comment_status":"closed","ping_status":"closed","template":"","meta":{"_monsterinsights_skip_tracking":false,"_monsterinsights_sitenote_active":false,"_monsterinsights_sitenote_note":"","_monsterinsights_sitenote_category":0,"pgc_sgb_lightbox_settings":"","_vp_format_video_url":"","_vp_image_focal_point":[],"footnotes":""},"class_list":["post-596","page","type-page","status-publish","hentry"],"_links":{"self":[{"href":"https:\/\/www.blogs.unicamp.br\/blogando\/wp-json\/wp\/v2\/pages\/596","targetHints":{"allow":["GET"]}}],"collection":[{"href":"https:\/\/www.blogs.unicamp.br\/blogando\/wp-json\/wp\/v2\/pages"}],"about":[{"href":"https:\/\/www.blogs.unicamp.br\/blogando\/wp-json\/wp\/v2\/types\/page"}],"author":[{"embeddable":true,"href":"https:\/\/www.blogs.unicamp.br\/blogando\/wp-json\/wp\/v2\/users\/1"}],"replies":[{"embeddable":true,"href":"https:\/\/www.blogs.unicamp.br\/blogando\/wp-json\/wp\/v2\/comments?post=596"}],"version-history":[{"count":8,"href":"https:\/\/www.blogs.unicamp.br\/blogando\/wp-json\/wp\/v2\/pages\/596\/revisions"}],"predecessor-version":[{"id":821,"href":"https:\/\/www.blogs.unicamp.br\/blogando\/wp-json\/wp\/v2\/pages\/596\/revisions\/821"}],"wp:attachment":[{"href":"https:\/\/www.blogs.unicamp.br\/blogando\/wp-json\/wp\/v2\/media?parent=596"}],"curies":[{"name":"wp","href":"https:\/\/api.w.org\/{rel}","templated":true}]}}