{"id":397,"date":"2011-08-29T00:12:51","date_gmt":"2011-08-29T00:12:51","guid":{"rendered":"http:\/\/scienceblogs.com.br\/caapora\/?page_id=2"},"modified":"2011-08-29T00:12:51","modified_gmt":"2011-08-29T00:12:51","slug":"sobre","status":"publish","type":"page","link":"https:\/\/www.blogs.unicamp.br\/caapora\/sobre\/","title":{"rendered":"Sobre"},"content":{"rendered":"<p><strong>O Blog<\/strong><\/p>\n<p>Zoologia, Evolu\u00e7\u00e3o, Conserva\u00e7\u00e3o e Fotografia da Natureza com um leve vi\u00e9s Ornitol\u00f3gico.<strong><\/strong><\/p>\n<p>&nbsp;<\/p>\n<p><strong>O Caapora<\/strong><\/p>\n<p>Caapora, ou Caipora, (do tupi, kaa&#8217;pora = aquele ou aquilo que vive no mato) \u00e9 uma entidade da mitologia tupi-guarani.<\/p>\n<p>Criatura fant\u00e1stica presente no imagin\u00e1rio popular de v\u00e1rias regi\u00f5es do Brasil, o Caapora est\u00e1 intimamente associado a vida da floresta. Ele \u00e9 o protetor dos animais, e para livr\u00e1-los dos ca\u00e7adores espanta a ca\u00e7a, espanca os c\u00e3es farejadores e atrav\u00e9s de imita\u00e7\u00f5es de bichos, assobios e barulhos estranhos faz com que o ca\u00e7ador se perca na mata.<\/p>\n<p>Dependendo da regi\u00e3o ele \u00e9 descrito de diferentes formas, uma das mais populares \u00e9 de um \u00edndio de pele escura, peludo e que se desloca pela floresta montado em um porco-do-mato. Por ser uma criatura noturna, os \u00edndios e os sertanejos acreditavam que o Caapora temesse a claridade e tentavam se proteger andando com tochas acesas pela floresta.<\/p>\n<p><strong>O Autor<\/strong><\/p>\n<p><em>Luciano Moreira Lima<\/em><\/p>\n<p>Bacharel em Ci\u00eancias Biol\u00f3gicas pela Universidade Estadual do Norte Fluminense, com parte de sua forma\u00e7\u00e3o como bolsista CAPES pela Universidad del Turabo, Porto Rico, EUA. Atualmente \u00e9 Coordenador de Ornitologia do &#8220;Projeto Aves, Quel\u00f4nios e Mam\u00edferos Marinhos da Bacia de Campos&#8221; e pesquisador associado ao &#8220;Comit\u00ea Brasileiro de Registros Ornitol\u00f3gicos&#8221;. Tem experi\u00eancia com biogeografia, ecologia e conserva\u00e7\u00e3o de aves j\u00e1 tendo atuado na Mata Atl\u00e2ntica, Amaz\u00f4nia, Cerrado, Caatinga e Ambiente Marinho. J\u00e1 ministrou palestras e cursos no Brasil e no exterior, \u00e9 tamb\u00e9m mantenedor do blog Caapora, que aborda temas ligados a zoologia, evolu\u00e7\u00e3o, conserva\u00e7\u00e3o e fotografia de natureza. Duas vezes ganhador do Pr\u00eamio Helmut Sick (2005 e 2008), concedido pela Sociedade Brasileira de Ornitologia; em 2007 foi agraciado com o Certificado Oliv\u00e9rio Pinto pelo IBAMA. Como fot\u00f3grafo de natureza, conquistou em 2008 o 1 Pr\u00eamio na Categoria Melhor Foto no 2 Concurso Avistar &#8211; Ita\u00fa BBA de Fotografia, Avistar Brasil \/ OECO.<\/p>\n<p>Curr\u00edculo Lattes:\u00a0<a href=\"http:\/\/lattes.cnpq.br\/6042511509557561\">http:\/\/lattes.cnpq.br\/6042511509557561<\/a><\/p>\n<p>Reportagem:\u00a0<a href=\"http:\/\/www.oeco.com.br\/index.php\/reportagens\/37-reportagens\/19563-o-menino-passarinho-virou-ornitologo\">&#8220;O menino passarinho virou ornit\u00f3logo&#8221;<\/a><\/p>\n<p>Flickr (fotos):\u00a0<a href=\"http:\/\/www.flickr.com\/photos\/lucianolima\/\">http:\/\/www.flickr.com\/photos\/lucianolima\/<\/a><\/p>\n","protected":false},"excerpt":{"rendered":"<p>O Blog Zoologia, Evolu\u00e7\u00e3o, Conserva\u00e7\u00e3o e Fotografia da Natureza com um leve vi\u00e9s Ornitol\u00f3gico. &nbsp; O Caapora Caapora, ou Caipora, (do tupi, kaa&#8217;pora = aquele ou aquilo que vive no mato) \u00e9 uma entidade da mitologia tupi-guarani. Criatura fant\u00e1stica presente no imagin\u00e1rio popular de v\u00e1rias regi\u00f5es do Brasil, o Caapora est\u00e1 intimamente associado a vida [&hellip;]<\/p>\n","protected":false},"author":461,"featured_media":0,"parent":0,"menu_order":0,"comment_status":"closed","ping_status":"open","template":"","meta":{"_monsterinsights_skip_tracking":false,"_monsterinsights_sitenote_active":false,"_monsterinsights_sitenote_note":"","_monsterinsights_sitenote_category":0,"pgc_sgb_lightbox_settings":"","_vp_format_video_url":"","_vp_image_focal_point":[],"footnotes":""},"class_list":["post-397","page","type-page","status-publish","hentry"],"_links":{"self":[{"href":"https:\/\/www.blogs.unicamp.br\/caapora\/wp-json\/wp\/v2\/pages\/397","targetHints":{"allow":["GET"]}}],"collection":[{"href":"https:\/\/www.blogs.unicamp.br\/caapora\/wp-json\/wp\/v2\/pages"}],"about":[{"href":"https:\/\/www.blogs.unicamp.br\/caapora\/wp-json\/wp\/v2\/types\/page"}],"author":[{"embeddable":true,"href":"https:\/\/www.blogs.unicamp.br\/caapora\/wp-json\/wp\/v2\/users\/461"}],"replies":[{"embeddable":true,"href":"https:\/\/www.blogs.unicamp.br\/caapora\/wp-json\/wp\/v2\/comments?post=397"}],"version-history":[{"count":0,"href":"https:\/\/www.blogs.unicamp.br\/caapora\/wp-json\/wp\/v2\/pages\/397\/revisions"}],"wp:attachment":[{"href":"https:\/\/www.blogs.unicamp.br\/caapora\/wp-json\/wp\/v2\/media?parent=397"}],"curies":[{"name":"wp","href":"https:\/\/api.w.org\/{rel}","templated":true}]}}