{"id":2058,"date":"2011-08-29T00:14:00","date_gmt":"2011-08-29T00:14:00","guid":{"rendered":"http:\/\/scienceblogs.com.br\/chivononpo\/?page_id=2"},"modified":"2011-08-29T00:14:00","modified_gmt":"2011-08-29T00:14:00","slug":"sobre","status":"publish","type":"page","link":"https:\/\/www.blogs.unicamp.br\/chivononpo\/sobre\/","title":{"rendered":"Sobre"},"content":{"rendered":"<p><a href=\"https:\/\/www.blogs.unicamp.br\/chivononpo\/wp-content\/uploads\/sites\/224\/2011\/08\/Cara-do-Joao.jpg\" data-rel=\"lightbox-image-0\" data-rl_title=\"\" data-rl_caption=\"\" title=\"\"><img fetchpriority=\"high\" decoding=\"async\" class=\"aligncenter size-medium wp-image-1504\" src=\"https:\/\/www.blogs.unicamp.br\/chivononpo\/wp-content\/uploads\/sites\/224\/2011\/08\/Cara-do-jo\u00e3o-2.jpg\" alt=\"Cara do Joao\" width=\"545\" height=\"858\" \/><\/a>Chi v\u00f3, non p\u00f3. Chi p\u00f3, non v\u00f3. Chi s\u00e1, non f\u00e1. Chi f\u00e1, non s\u00e1. E cosi male il mondo v\u00e1.<\/p>\n<p align=\"justify\">Ou, em portugu\u00eas claro: Quem quer, n\u00e3o pode. Quem pode, n\u00e3o quer. Quem sabe, n\u00e3o faz. Quem faz, n\u00e3o sabe. E assim o mundo vai mal.<\/p>\n<p align=\"justify\">Pessimista?&#8230; Sem d\u00favida. A id\u00e9ia de blogar minhas frustra\u00e7\u00f5es acabou por se transformar em um blog de divulga\u00e7\u00e3o de novidades sobre a ci\u00eancia (bem&#8230; quase sempre&#8230;) Prova\u00advelmente porque uma das minhas maiores frustra\u00e7\u00f5es \u00e9 n\u00e3o ter sido professor (por como\u00addidade, optei por uma carreira na Marinha de Guerra).<\/p>\n<p align=\"justify\">Mas eu nunca consegui me afastar da curiosidade pelas ci\u00eancias (muito embalado por \u00e1vidas leituras de fic\u00e7\u00e3o-cient\u00edfica) e, desde que passei \u00e0 reserva (um civil diria: &#8220;aposen\u00adtado&#8221;), criar filhos e c\u00e3es se mostrou menos consumidor de tempo do que eu previa. Mais tempo para ler e estudar, e com a grande novidade dos anos 90, a Internet, descobri que, por debaixo dos panos, havia vida inteligente no planeta, afinal!<\/p>\n<p align=\"justify\">E parece que eu engano direitinho&#8230; N\u00e3o s\u00f3 as pessoas leem meus posts (na enorme maioria tradu\u00e7\u00f5es \u2014 eu levo a vantagem de o ingl\u00eas ser minha segunda l\u00edngua&#8230; o sobre\u00adnome de solteira de minha m\u00e3e era &#8220;Fellows&#8221;), como gente de alto calibre nas ci\u00eancias parece achar que minhas opini\u00f5es n\u00e3o s\u00e3o um total disparate.<\/p>\n<p align=\"justify\">Assim \u00e9 que o Daniel Doro Ferrante (do &#8220;<a href=\"http:\/\/arsphysica.wordpress.com\/\">Ars Physica<\/a>&#8220;) me deu uma enorme for\u00e7a quando comecei, a Maria Guimar\u00e3es me chamou para o &#8220;<a href=\"http:\/\/rodadeciencia.blogspot.com\/\">Roda de Ci\u00eancia<\/a>&#8221; e o Carlos Hotta e o \u00c1tila Iamarino me chamaram para o Lablograt\u00f3rios que evoluiu para o ScienceBlogs-Brasil.<\/p>\n<p align=\"justify\">Com a minha imp\u00e1vida cara-de-pau, me vejo cercado de gente com muito mais conhecimen\u00adtos do que eu, o que n\u00e3o me impede de continuar postando tudo que eu acho interessante, na esperan\u00e7a que voc\u00ea, leitor, ache interessante tamb\u00e9m.<\/p>\n","protected":false},"excerpt":{"rendered":"<p>Chi v\u00f3, non p\u00f3. Chi p\u00f3, non v\u00f3. Chi s\u00e1, non f\u00e1. Chi f\u00e1, non s\u00e1. E cosi male il mondo v\u00e1. Ou, em portugu\u00eas claro: Quem quer, n\u00e3o pode. Quem pode, n\u00e3o quer. Quem sabe, n\u00e3o faz. Quem faz, n\u00e3o sabe. E assim o mundo vai mal. Pessimista?&#8230; Sem d\u00favida. A id\u00e9ia de blogar [&hellip;]<\/p>\n","protected":false},"author":480,"featured_media":2019,"parent":0,"menu_order":0,"comment_status":"closed","ping_status":"open","template":"","meta":{"_monsterinsights_skip_tracking":false,"_monsterinsights_sitenote_active":false,"_monsterinsights_sitenote_note":"","_monsterinsights_sitenote_category":0,"pgc_sgb_lightbox_settings":"","_vp_format_video_url":"","_vp_image_focal_point":[],"footnotes":""},"class_list":["post-2058","page","type-page","status-publish","has-post-thumbnail","hentry"],"_links":{"self":[{"href":"https:\/\/www.blogs.unicamp.br\/chivononpo\/wp-json\/wp\/v2\/pages\/2058","targetHints":{"allow":["GET"]}}],"collection":[{"href":"https:\/\/www.blogs.unicamp.br\/chivononpo\/wp-json\/wp\/v2\/pages"}],"about":[{"href":"https:\/\/www.blogs.unicamp.br\/chivononpo\/wp-json\/wp\/v2\/types\/page"}],"author":[{"embeddable":true,"href":"https:\/\/www.blogs.unicamp.br\/chivononpo\/wp-json\/wp\/v2\/users\/480"}],"replies":[{"embeddable":true,"href":"https:\/\/www.blogs.unicamp.br\/chivononpo\/wp-json\/wp\/v2\/comments?post=2058"}],"version-history":[{"count":0,"href":"https:\/\/www.blogs.unicamp.br\/chivononpo\/wp-json\/wp\/v2\/pages\/2058\/revisions"}],"wp:featuredmedia":[{"embeddable":true,"href":"https:\/\/www.blogs.unicamp.br\/chivononpo\/wp-json\/wp\/v2\/media\/2019"}],"wp:attachment":[{"href":"https:\/\/www.blogs.unicamp.br\/chivononpo\/wp-json\/wp\/v2\/media?parent=2058"}],"curies":[{"name":"wp","href":"https:\/\/api.w.org\/{rel}","templated":true}]}}