{"id":1,"date":"2015-01-06T23:04:11","date_gmt":"2015-01-06T23:04:11","guid":{"rendered":"http:\/\/blogdivulgaciencia.wordpress.com\/?page_id=1"},"modified":"2016-03-22T15:57:22","modified_gmt":"2016-03-22T18:57:22","slug":"contato","status":"publish","type":"page","link":"https:\/\/www.blogs.unicamp.br\/cienciaemrevista\/contato\/","title":{"rendered":"Contato"},"content":{"rendered":"<p><strong>O Ci\u00eancia em Revista quer promover a produ\u00e7\u00e3o cient\u00edfica brasileira por meio da divulga\u00e7\u00e3o de peri\u00f3dicos cient\u00edficos.<\/strong><\/p>\n<p><strong>Envie sua mensagem para nossa equipe<\/strong>.<\/p>\n<p>[contact-form subject=&#8217;Mensagens de leitores&#8217;][contact-field label=&#8217;Nome&#8217; type=&#8217;name&#8217; required=&#8217;1&#8217;\/][contact-field label=&#8217;E-mail&#8217; type=&#8217;email&#8217; required=&#8217;1&#8217;\/][contact-field label=&#8217;Site&#8217; type=&#8217;url&#8217;\/][contact-field label=&#8217;Coment\u00e1rio&#8217; type=&#8217;textarea&#8217; required=&#8217;1&#8217;\/][\/contact-form]<\/p>\n","protected":false},"excerpt":{"rendered":"<p>O Ci\u00eancia em Revista quer promover a produ\u00e7\u00e3o cient\u00edfica brasileira por meio da divulga\u00e7\u00e3o de peri\u00f3dicos cient\u00edficos. Envie sua mensagem para nossa equipe. [contact-form subject=&#8217;Mensagens de leitores&#8217;][contact-field label=&#8217;Nome&#8217; type=&#8217;name&#8217; required=&#8217;1&#8217;\/][contact-field label=&#8217;E-mail&#8217; type=&#8217;email&#8217; required=&#8217;1&#8217;\/][contact-field label=&#8217;Site&#8217; type=&#8217;url&#8217;\/][contact-field label=&#8217;Coment\u00e1rio&#8217; type=&#8217;textarea&#8217; required=&#8217;1&#8217;\/][\/contact-form]<\/p>\n","protected":false},"author":32,"featured_media":0,"parent":0,"menu_order":0,"comment_status":"closed","ping_status":"closed","template":"","meta":{"_monsterinsights_skip_tracking":false,"_monsterinsights_sitenote_active":false,"_monsterinsights_sitenote_note":"","_monsterinsights_sitenote_category":0,"pgc_sgb_lightbox_settings":"","_vp_format_video_url":"","_vp_image_focal_point":[],"footnotes":""},"class_list":["post-1","page","type-page","status-publish","hentry"],"_links":{"self":[{"href":"https:\/\/www.blogs.unicamp.br\/cienciaemrevista\/wp-json\/wp\/v2\/pages\/1","targetHints":{"allow":["GET"]}}],"collection":[{"href":"https:\/\/www.blogs.unicamp.br\/cienciaemrevista\/wp-json\/wp\/v2\/pages"}],"about":[{"href":"https:\/\/www.blogs.unicamp.br\/cienciaemrevista\/wp-json\/wp\/v2\/types\/page"}],"author":[{"embeddable":true,"href":"https:\/\/www.blogs.unicamp.br\/cienciaemrevista\/wp-json\/wp\/v2\/users\/32"}],"replies":[{"embeddable":true,"href":"https:\/\/www.blogs.unicamp.br\/cienciaemrevista\/wp-json\/wp\/v2\/comments?post=1"}],"version-history":[{"count":1,"href":"https:\/\/www.blogs.unicamp.br\/cienciaemrevista\/wp-json\/wp\/v2\/pages\/1\/revisions"}],"predecessor-version":[{"id":2786,"href":"https:\/\/www.blogs.unicamp.br\/cienciaemrevista\/wp-json\/wp\/v2\/pages\/1\/revisions\/2786"}],"wp:attachment":[{"href":"https:\/\/www.blogs.unicamp.br\/cienciaemrevista\/wp-json\/wp\/v2\/media?parent=1"}],"curies":[{"name":"wp","href":"https:\/\/api.w.org\/{rel}","templated":true}]}}