{"id":2,"date":"2019-12-19T14:47:08","date_gmt":"2019-12-19T17:47:08","guid":{"rendered":"https:\/\/www.blogs.unicamp.br\/comunicacao\/?page_id=2"},"modified":"2019-12-25T14:36:55","modified_gmt":"2019-12-25T17:36:55","slug":"pagina-exemplo","status":"publish","type":"page","link":"https:\/\/www.blogs.unicamp.br\/comunicacao\/pagina-exemplo\/","title":{"rendered":"O Curso"},"content":{"rendered":"<h2>A Fonoaudiologia<\/h2>\n<p><a href=\"https:\/\/www.blogs.unicamp.br\/comunicacao\/wp-content\/uploads\/sites\/200\/2019\/12\/logo-fono.png\" data-rel=\"lightbox-image-0\" data-rl_title=\"\" data-rl_caption=\"\" title=\"\"><img decoding=\"async\" class=\"wp-image-99 alignright\" src=\"https:\/\/www.blogs.unicamp.br\/comunicacao\/wp-content\/uploads\/sites\/200\/2019\/12\/logo-fono.png\" alt=\"\" width=\"124\" height=\"124\" srcset=\"https:\/\/www.blogs.unicamp.br\/comunicacao\/wp-content\/uploads\/sites\/200\/2019\/12\/logo-fono.png 698w, https:\/\/www.blogs.unicamp.br\/comunicacao\/wp-content\/uploads\/sites\/200\/2019\/12\/logo-fono-300x300.png 300w, https:\/\/www.blogs.unicamp.br\/comunicacao\/wp-content\/uploads\/sites\/200\/2019\/12\/logo-fono-150x150.png 150w, https:\/\/www.blogs.unicamp.br\/comunicacao\/wp-content\/uploads\/sites\/200\/2019\/12\/logo-fono-24x24.png 24w, https:\/\/www.blogs.unicamp.br\/comunicacao\/wp-content\/uploads\/sites\/200\/2019\/12\/logo-fono-48x48.png 48w, https:\/\/www.blogs.unicamp.br\/comunicacao\/wp-content\/uploads\/sites\/200\/2019\/12\/logo-fono-96x96.png 96w\" sizes=\"(max-width: 124px) 100vw, 124px\" \/><\/a><\/p>\n<p>A Fonoaudiologia \u00e9 uma \u00e1rea bastante interdisciplinar, a come\u00e7ar pela sua origem. Muitos conceitos e fundamentos da fonoaudiologia foram trazidos da psicologia, da educa\u00e7\u00e3o, da medicina, da linguistica e outras disciplinas. Mais do que isso, a <a href=\"https:\/\/pt.wikipedia.org\/wiki\/Fonoaudiologia\">Fonoaudiologia<\/a> \u00e9 a jun\u00e7\u00e3o de pelo menos duas \u00e1reas distintas na maior parte do mundo que \u00e9 a Terapia da Fala e a <a href=\"https:\/\/pt.wikipedia.org\/wiki\/Audiologia\">Audiologia<\/a>. No Brasil a fonoaudiologia nunca foi considerada duas \u00e1reas distintas pela rela\u00e7\u00e3o t\u00e3o importante entre audi\u00e7\u00e3o e linguagem.<\/p>\n<h2>A Fonoaudiologia na Unicamp<\/h2>\n<p><a href=\"https:\/\/www.blogs.unicamp.br\/comunicacao\/wp-content\/uploads\/sites\/200\/2019\/12\/fono-unicamp.jpeg\" data-rel=\"lightbox-image-1\" data-rl_title=\"\" data-rl_caption=\"\" title=\"\"><img decoding=\"async\" class=\" wp-image-92 alignleft\" src=\"https:\/\/www.blogs.unicamp.br\/comunicacao\/wp-content\/uploads\/sites\/200\/2019\/12\/fono-unicamp.jpeg\" alt=\"\" width=\"218\" height=\"162\" srcset=\"https:\/\/www.blogs.unicamp.br\/comunicacao\/wp-content\/uploads\/sites\/200\/2019\/12\/fono-unicamp.jpeg 259w, https:\/\/www.blogs.unicamp.br\/comunicacao\/wp-content\/uploads\/sites\/200\/2019\/12\/fono-unicamp-80x60.jpeg 80w\" sizes=\"(max-width: 218px) 100vw, 218px\" \/><\/a><\/p>\n<p>As atividades de\u00a0 Fonoaudiologia da Unicamp se iniciaram gra\u00e7as ao <a href=\"https:\/\/www.fcm.unicamp.br\/fcm\/centro-de-estudos-e-pesquisas-em-reabilitacao-cepre\">Centro de Estudos e Pesquisas em Reabilita\u00e7\u00e3o \u201cProf. Dr. Gabriel de Oliveira da Silva Porto\u201d (Cepre)<\/a>. O CEPRE desenvolve atividades de assist\u00eancia, doc\u00eancia e pesquisa na \u00e1rea das defici\u00eancias sensoriais. Foi fundado em 1973, com a finalidade de atender indiv\u00edduos com defici\u00eancia visual e surdez.<\/p>\n<p><iframe title=\"CEPRE - V\u00eddeo institucional\" width=\"500\" height=\"281\" src=\"https:\/\/www.youtube.com\/embed\/Ra6D29LC2MI?feature=oembed\" frameborder=\"0\" allow=\"accelerometer; autoplay; clipboard-write; encrypted-media; gyroscope; picture-in-picture; web-share\" referrerpolicy=\"strict-origin-when-cross-origin\" allowfullscreen><\/iframe><\/p>\n<p>Em 2001, ap\u00f3s um longo estudo sobre as possibilidades de atua\u00e7\u00e3o do Cepre no ensino de gradua\u00e7\u00e3o, o <a href=\"https:\/\/www.fcm.unicamp.br\/fcm\/graduacao\/fonoaudiologia\">Curso de Fonoaudiologia<\/a> foi aprovado pelo Conselho Universit\u00e1rio. \u00c9 um curso resultante da integra\u00e7\u00e3o das experi\u00eancias da <a href=\"http:\/\/www.fcm.unicamp.br\">Faculdade de Ci\u00eancias M\u00e9dicas (FCM)<\/a> e do <a href=\"http:\/\/www.iel.unicamp.br\">Instituto de Estudos da Linguagem (IEL)<\/a>. Inclui tamb\u00e9m a participa\u00e7\u00e3o de outras unidades, como o <a href=\"https:\/\/portal.ifi.unicamp.br\/\">Instituto de F\u00edsica \u201cGleb Wataghin\u201d (IFGW)<\/a> e o <a href=\"http:\/\/ib.unicamp.br\/\">Instituto de Biologia (IB)<\/a>, o que resulta em um curso bastante interdisciplinar.<\/p>\n<p>A grade curricular do curso d\u00e1 uma dimens\u00e3o da forma\u00e7\u00e3o multidisciplinar oferecida. A grade inclui disciplinas como fon\u00e9tica e fonologia, neurolingu\u00edstica, an\u00e1lise do discurso, avalia\u00e7\u00e3o de linguagem, linguagem e processos cognitivos e psicolingu\u00edstica, em complemento \u00e0s disciplinas de car\u00e1ter biol\u00f3gico, como anatomia, fisiologia e patologias dos \u00f3rg\u00e3os da fala e audi\u00e7\u00e3o, gen\u00e9tica, altera\u00e7\u00f5es da motricidade oral, da voz e da audi\u00e7\u00e3o. S\u00e3o ministrados conceitos de f\u00edsica, aplicados \u00e0 fala e \u00e0 audi\u00e7\u00e3o. Al\u00e9m disso, o curso tamb\u00e9m oferece embasamento nas ci\u00eancias humanas, com disciplinas sobre estudos da fam\u00edlia, pol\u00edticas p\u00fablicas e estudo das nossas institui\u00e7\u00f5es.<\/p>\n<p>Os est\u00e1gios em Fonoaudiologia s\u00e3o cumpridos em v\u00e1rias institui\u00e7\u00f5es, recobrindo diversos campos de atua\u00e7\u00e3o profissional: fonoaudiologia comunit\u00e1ria e fonoaudiologia cl\u00ednica, (avalia\u00e7\u00e3o e processo terap\u00eautico) envolvendo voz, motricidade oral, audi\u00e7\u00e3o, gagueira, oralidade e escrita.<\/p>\n<p>O curso de Fonoaudiologia da Unicamp \u00e9 oferecido em per\u00edodo integral, com 30 vagas anuais via processo\u00a0<a href=\"http:\/\/www.comvest.unicamp.br\/\">vestibular<\/a> e 2 vagas via <a href=\"http:\/\/profis.prg.unicamp.br\/\">PROFIS &#8211; Programa de Forma\u00e7\u00e3o Interdisciplinar Superior<\/a>.<\/p>\n<p>Para maiores informa\u00e7\u00f5es sobre o curso, grade hor\u00e1ria e disciplinas, consulte o nosso cat\u00e1logo clicando <a href=\"https:\/\/www.dac.unicamp.br\/sistemas\/catalogos\/grad\/catalogo2019\/cursos\/cur58.html\">AQUI<\/a>.<\/p>\n","protected":false},"excerpt":{"rendered":"<div class=\"mh-excerpt\"><p>A Fonoaudiologia A Fonoaudiologia \u00e9 uma \u00e1rea bastante interdisciplinar, a come\u00e7ar pela sua origem. Muitos conceitos e fundamentos da fonoaudiologia foram trazidos da psicologia, da <a class=\"mh-excerpt-more\" href=\"https:\/\/www.blogs.unicamp.br\/comunicacao\/pagina-exemplo\/\" title=\"O Curso\">[&#8230;]<\/a><\/p>\n<\/div>","protected":false},"author":150,"featured_media":0,"parent":0,"menu_order":0,"comment_status":"closed","ping_status":"open","template":"","meta":{"_monsterinsights_skip_tracking":false,"_monsterinsights_sitenote_active":false,"_monsterinsights_sitenote_note":"","_monsterinsights_sitenote_category":0,"pgc_sgb_lightbox_settings":"","_vp_format_video_url":"","_vp_image_focal_point":[],"footnotes":""},"class_list":["post-2","page","type-page","status-publish","hentry"],"_links":{"self":[{"href":"https:\/\/www.blogs.unicamp.br\/comunicacao\/wp-json\/wp\/v2\/pages\/2","targetHints":{"allow":["GET"]}}],"collection":[{"href":"https:\/\/www.blogs.unicamp.br\/comunicacao\/wp-json\/wp\/v2\/pages"}],"about":[{"href":"https:\/\/www.blogs.unicamp.br\/comunicacao\/wp-json\/wp\/v2\/types\/page"}],"author":[{"embeddable":true,"href":"https:\/\/www.blogs.unicamp.br\/comunicacao\/wp-json\/wp\/v2\/users\/150"}],"replies":[{"embeddable":true,"href":"https:\/\/www.blogs.unicamp.br\/comunicacao\/wp-json\/wp\/v2\/comments?post=2"}],"version-history":[{"count":13,"href":"https:\/\/www.blogs.unicamp.br\/comunicacao\/wp-json\/wp\/v2\/pages\/2\/revisions"}],"predecessor-version":[{"id":100,"href":"https:\/\/www.blogs.unicamp.br\/comunicacao\/wp-json\/wp\/v2\/pages\/2\/revisions\/100"}],"wp:attachment":[{"href":"https:\/\/www.blogs.unicamp.br\/comunicacao\/wp-json\/wp\/v2\/media?parent=2"}],"curies":[{"name":"wp","href":"https:\/\/api.w.org\/{rel}","templated":true}]}}