{"id":86,"date":"2018-06-29T22:32:35","date_gmt":"2018-06-30T01:32:35","guid":{"rendered":"https:\/\/www.blogs.unicamp.br\/engenhariademagia\/?page_id=86"},"modified":"2021-11-10T16:13:58","modified_gmt":"2021-11-10T19:13:58","slug":"rede-de-blogs","status":"publish","type":"page","link":"https:\/\/www.blogs.unicamp.br\/conexaona7ural\/rede-de-blogs\/","title":{"rendered":"Rede de blogs"},"content":{"rendered":"<p style=\"text-align: justify\">O blog da Conex\u00e3o Na7ural faz parte de uma rede de blogs de divulga\u00e7\u00e3o cient\u00edfica da Universidade Estadual de Campinas (UNICAMP). Logo, se voc\u00ea quiser saber mais desse projeto e ter acesso aos demais blogs que fazem parte desta rede, clique na foto para ter este acesso:<\/p>\n<p><a href=\"https:\/\/www.blogs.unicamp.br\/pt_BR\/\"><img decoding=\"async\" src=\"https:\/\/www.blogs.unicamp.br\/nasasasdodragao\/wp-content\/uploads\/sites\/103\/2016\/10\/Logo-EA2Blogs.jpg\" alt=\"logo-ea2blogs\" \/><\/a><\/p>\n","protected":false},"excerpt":{"rendered":"<p>O blog da Conex\u00e3o Na7ural faz parte de uma rede de blogs de divulga\u00e7\u00e3o cient\u00edfica da Universidade Estadual de Campinas (UNICAMP). Logo, se voc\u00ea quiser saber mais desse projeto e ter acesso aos demais&#46;&#46;&#46;<\/p>\n","protected":false},"author":332,"featured_media":0,"parent":0,"menu_order":0,"comment_status":"closed","ping_status":"closed","template":"","meta":{"_eb_attr":"","_monsterinsights_skip_tracking":false,"_monsterinsights_sitenote_active":false,"_monsterinsights_sitenote_note":"","_monsterinsights_sitenote_category":0,"pgc_sgb_lightbox_settings":"","_vp_format_video_url":"","_vp_image_focal_point":[],"footnotes":""},"class_list":["post-86","page","type-page","status-publish","hentry"],"_links":{"self":[{"href":"https:\/\/www.blogs.unicamp.br\/conexaona7ural\/wp-json\/wp\/v2\/pages\/86","targetHints":{"allow":["GET"]}}],"collection":[{"href":"https:\/\/www.blogs.unicamp.br\/conexaona7ural\/wp-json\/wp\/v2\/pages"}],"about":[{"href":"https:\/\/www.blogs.unicamp.br\/conexaona7ural\/wp-json\/wp\/v2\/types\/page"}],"author":[{"embeddable":true,"href":"https:\/\/www.blogs.unicamp.br\/conexaona7ural\/wp-json\/wp\/v2\/users\/332"}],"replies":[{"embeddable":true,"href":"https:\/\/www.blogs.unicamp.br\/conexaona7ural\/wp-json\/wp\/v2\/comments?post=86"}],"version-history":[{"count":6,"href":"https:\/\/www.blogs.unicamp.br\/conexaona7ural\/wp-json\/wp\/v2\/pages\/86\/revisions"}],"predecessor-version":[{"id":1221,"href":"https:\/\/www.blogs.unicamp.br\/conexaona7ural\/wp-json\/wp\/v2\/pages\/86\/revisions\/1221"}],"wp:attachment":[{"href":"https:\/\/www.blogs.unicamp.br\/conexaona7ural\/wp-json\/wp\/v2\/media?parent=86"}],"curies":[{"name":"wp","href":"https:\/\/api.w.org\/{rel}","templated":true}]}}