{"id":5295,"date":"2017-11-10T20:23:58","date_gmt":"2017-11-10T20:23:58","guid":{"rendered":"https:\/\/conscienciaanimalblog.wordpress.com\/?page_id=5295"},"modified":"2017-11-10T20:23:58","modified_gmt":"2017-11-10T20:23:58","slug":"estrategias-predatorias-e-anti-predatorias-parte-3","status":"publish","type":"page","link":"https:\/\/www.blogs.unicamp.br\/conscienciaanimal\/estrategias-predatorias-e-anti-predatorias-parte-3\/","title":{"rendered":"Estrat\u00e9gias predat\u00f3rias e anti-predat\u00f3rias &#8211; parte 3"},"content":{"rendered":"<h2><span style=\"color:#008080\">Continuando sobre o tema &#8220;preda\u00e7\u00e3o&#8221; aqui no blog, agora que j\u00e1 vimos sobre as principais estrat\u00e9gias anti-predat\u00f3rias dos animais, hoje vou falar para voc\u00eas sobre o outro lado dessas intera\u00e7\u00f5es&#8230; As estrat\u00e9gias predat\u00f3rias. Os predadores\u00a0s\u00e3o animais que evolu\u00edram ca\u00e7ando, capturando e se alimentando de outros animais, sendo que muitos deles se especializaram em uma ou algumas esp\u00e9cies de presa.\u00a0Como as presas evolu\u00edram formas de evitar a preda\u00e7\u00e3o (como vimos em minhas \u00faltimas postagens <a href=\"https:\/\/conscienciaanimalblog.wordpress.com\/estrategias-anti-predatorias-parte-1\/\">aqui<\/a> e <a href=\"https:\/\/conscienciaanimalblog.wordpress.com\/estrategias-predatorias-e-anti-predatorias-parte-2\/\">aqui<\/a>), os predadores, por outro lado, desenvolveram habilidades, estrat\u00e9gias e comportamentos que os permitem serem bem sucedidos em achar, capturar e matar uma presa. Ca\u00e7a ativa com persegui\u00e7\u00e3o em velocidade, discri\u00e7\u00e3o ao se aproximar da presa, emboscada (sentar-e-esperar) e ca\u00e7a cooperativa em grupo comp\u00f5em as principais estrat\u00e9gias que podem ainda ser complementadas por\u00a0libera\u00e7\u00e3o de veneno, presen\u00e7a de\u00a0garras ou dentes afiados e sentidos apurados que permitem a melhor detec\u00e7\u00e3o da presa.<\/span><\/h2>\n<h2><span style=\"color:#008080\">Uma das estrat\u00e9gias mais comuns \u00e9 a da persegui\u00e7\u00e3o ativa em velocidade. Neste caso, o predador persegue a presa com rapidez,\u00a0sendo o exemplo mais cl\u00e1ssico o do guepardo perseguindo uma gazela. O\u00a0guepardo tem a coluna flex\u00edvel e as\u00a0patas\u00a0alongadas,\u00a0que alcan\u00e7am um passo largo. Ele tamb\u00e9m apresenta ossos leves e cauda longa, que funciona como \u201cleme\u201d, permitindo que ele fa\u00e7a curvas estreitas ao perseguir presas \u00e1geis. Todo esse &#8220;aparato&#8221; permite com que o guepardo possa ser bem sucedido ao perseguir uma presa r\u00e1pida como a gazela.\u00a0<\/span><\/h2>\n<h2><span style=\"color:#008080\">Os felinos tamb\u00e9m representam um \u00f3timo exemplo da estrat\u00e9gia de aproxima\u00e7\u00e3o da presa com discri\u00e7\u00e3o, num comportamento conhecido como <em>stalking<\/em>. Nesse caso, como podemos observar at\u00e9 mesmo num gato dom\u00e9stico ao se aproximar de uma potencial presa, o animal geralmente rebaixa o corpo (o que muitas vezes, associado \u00e0 pelagem do animal, o torna menos percept\u00edvel no ambiente) e movimenta-se cautelosamente aproximando-se da presa. E nem precisamos mencionar aqui que os felinos m geral tem dentes muito afiados que funcionam bem na hora de subjugar e matar uma presa!<\/span><\/h2>\n<h2><span style=\"color:#008080\">\u00c0s vezes o predador pode proferir um ataque em alt\u00edssima velocidade em dire\u00e7\u00e3o a uma presa que sequer consegue v\u00ea-lo \u00e0 tempo de reagir. Um bom exemplo aqui seriam\u00a0as \u00e1guias. Esses animais tem o sentido da vis\u00e3o muito desenvolvido, com duas f\u00f3veas (regi\u00e3o que focaliza a imagem). Assim, as \u00e1guias conseguem ver uma presa em potencial de uma dist\u00e2ncia muito grande e, em seguida, iniciam um ataque em alt\u00edssima velocidade em dire\u00e7\u00e3o \u00e0 presa. Al\u00e9m disso, ao alcan\u00e7\u00e1-la, possuem grandes garras nas patas que utilizam para facilmente capturar a presa.<\/span><\/h2>\n<h2><span style=\"color:#008080\">Por outro lado, alguns predadores desenvolveram estrat\u00e9gias mais associadas ao conhecido &#8220;senta-e-espera&#8221;. Nesses casos, os predadores permanecem parados, normalmente camuflados no ambiente, aguardando a passagem de alguma presa em potencial, que \u00e9 ent\u00e3o atacada. Um bom exemplo aqui \u00e9 o de uma\u00a0aranha conhecida como Rufous net-casting. Essa aranha \u00e9 uma\u00a0ca\u00e7adora noturna que captura formigas, grilos, bezouros e at\u00e9\u00a0outras aranhas. Ela tece uma pequena rede de seda\u00a0el\u00e1stica que mant\u00e9m aberta\u00a0com seus dois\u00a0primeiros pares de pernas\u00a0formando uma\u00a0armadilha, enquanto permanece im\u00f3vel numa folha, galho ou outra estrutura logo acima da superf\u00edcie. Qualquer inseto que passar\u00a0sob a aranha \u00e9 ent\u00e3o\u00a0envolvido na rede e capturado. Alguns predadores que apresentam tal estrat\u00e9gia chegam a usar estruturas que atraem presas em potencial para a armadilha. Por exemplo, algumas\u00a0esp\u00e9cies de cobras tem o final da cauda modificado, geralmente numa cor contrastante com a cor do restante do corpo do animal que \u00e9 mais camuflada no ambiente. Tais cobras permanecem im\u00f3veis e balan\u00e7am o final da cauda atraindo animais que se alimentam de larvas ou lagartas. Muitas esp\u00e9cies de cobras tamb\u00e9m possuem veneno, o que \u00e9 de grande ajuda na hora de ca\u00e7ar uma presa para imobiliz\u00e1-la e mat\u00e1-la.<\/span><\/h2>\n<h2><span style=\"color:#008080\">Assim como os animais podem se defender de predadores em grupos como vimos em minha postagem anterior <a href=\"https:\/\/conscienciaanimalblog.wordpress.com\/estrategias-predatorias-e-anti-predatorias-parte-2\/\">aqui<\/a> no blog, por sua vez os predadores tamb\u00e9m desenvolveram estrat\u00e9gias de ca\u00e7a em grupo. Alguns animais apresentam, inclusive, estrat\u00e9gias bem elaboradas de preda\u00e7\u00e3o em grupo. Por exemplo, o\u00a0c\u00e3o selvagem africano vive em grupos com fortes la\u00e7os sociais, o que facilita a ca\u00e7ada.\u00a0Todos os membros do grupo cooperam,\u00a0espalhando-se\u00a0estrategicamente e perseguindo\u00a0a presa\u00a0de forma que ela n\u00e3o consegue escapar pela estrutura\u00e7\u00e3o e comunica\u00e7\u00e3o do grupo por latidos agudos que os mant\u00e9m organizados ao redor da presa. Assim, a presa \u00e9 levada \u00e0\u00a0exaust\u00e3o.<\/span><\/h2>\n<h2><span style=\"color:#008080\">Tudo que eu coloquei acima e nas minhas postagens anteriores sobre estrat\u00e9gias predat\u00f3rias e anti-predat\u00f3rias representa apenas as ideias mais gerais sobre tais estrat\u00e9gias. Existem adapta\u00e7\u00f5es impressionantes no reino animal tanto no sentido de se defender um predador quanto no sentido de subjugar uma presa. Futuramente aqui no blog pretendo colocar alguns dos exemplos mais impressionantes de estrat\u00e9gias predat\u00f3rias. Aguardem!<\/span><\/h2>\n<p>&nbsp;<\/p>\n<p>&nbsp;<\/p>\n","protected":false},"excerpt":{"rendered":"<p>Continuando sobre o tema &#8220;preda\u00e7\u00e3o&#8221; aqui no blog, agora que j\u00e1 vimos sobre as principais estrat\u00e9gias anti-predat\u00f3rias dos animais, hoje vou falar para voc\u00eas sobre o outro lado dessas intera\u00e7\u00f5es&#8230; As estrat\u00e9gias predat\u00f3rias. Os predadores\u00a0s\u00e3o animais que evolu\u00edram ca\u00e7ando, capturando e se alimentando de outros animais, sendo que muitos deles se especializaram em uma ou&#8230; <\/p>\n<div class=\"link-more\"><a href=\"https:\/\/www.blogs.unicamp.br\/conscienciaanimal\/estrategias-predatorias-e-anti-predatorias-parte-3\/\">Leia mais<\/a><\/div>\n","protected":false},"author":624,"featured_media":0,"parent":0,"menu_order":0,"comment_status":"closed","ping_status":"closed","template":"","meta":{"_monsterinsights_skip_tracking":false,"_monsterinsights_sitenote_active":false,"_monsterinsights_sitenote_note":"","_monsterinsights_sitenote_category":0,"pgc_sgb_lightbox_settings":"","_vp_format_video_url":"","_vp_image_focal_point":[],"footnotes":""},"class_list":["post-5295","page","type-page","status-publish","hentry"],"_links":{"self":[{"href":"https:\/\/www.blogs.unicamp.br\/conscienciaanimal\/wp-json\/wp\/v2\/pages\/5295","targetHints":{"allow":["GET"]}}],"collection":[{"href":"https:\/\/www.blogs.unicamp.br\/conscienciaanimal\/wp-json\/wp\/v2\/pages"}],"about":[{"href":"https:\/\/www.blogs.unicamp.br\/conscienciaanimal\/wp-json\/wp\/v2\/types\/page"}],"author":[{"embeddable":true,"href":"https:\/\/www.blogs.unicamp.br\/conscienciaanimal\/wp-json\/wp\/v2\/users\/624"}],"replies":[{"embeddable":true,"href":"https:\/\/www.blogs.unicamp.br\/conscienciaanimal\/wp-json\/wp\/v2\/comments?post=5295"}],"version-history":[{"count":0,"href":"https:\/\/www.blogs.unicamp.br\/conscienciaanimal\/wp-json\/wp\/v2\/pages\/5295\/revisions"}],"wp:attachment":[{"href":"https:\/\/www.blogs.unicamp.br\/conscienciaanimal\/wp-json\/wp\/v2\/media?parent=5295"}],"curies":[{"name":"wp","href":"https:\/\/api.w.org\/{rel}","templated":true}]}}