{"id":119,"date":"2017-04-09T18:42:58","date_gmt":"2017-04-09T21:42:58","guid":{"rendered":"https:\/\/www.blogs.unicamp.br\/contemporanea\/?page_id=119"},"modified":"2017-05-10T15:17:42","modified_gmt":"2017-05-10T18:17:42","slug":"colaboradores","status":"publish","type":"page","link":"https:\/\/www.blogs.unicamp.br\/contemporanea\/colaboradores\/","title":{"rendered":"Colaboradores"},"content":{"rendered":"<p><span style=\"font-family: arial, helvetica, sans-serif\"><strong>Prof. Dr. Eduardo Paiva<\/strong><\/span><\/p>\n<p><em>Supervisor editorial e autor do blog<\/em>.<\/p>\n<p><span style=\"font-size: 12pt;font-family: arial, helvetica, sans-serif\">\u00c9 profess<img decoding=\"async\" class=\"alignleft wp-image-142 size-thumbnail\" src=\"https:\/\/www.blogs.unicamp.br\/contemporanea\/wp-content\/uploads\/sites\/139\/2017\/04\/perfil-1-a-150x150.png\" alt=\"\" width=\"150\" height=\"150\" srcset=\"https:\/\/www.blogs.unicamp.br\/contemporanea\/wp-content\/uploads\/sites\/139\/2017\/04\/perfil-1-a-150x150.png 150w, https:\/\/www.blogs.unicamp.br\/contemporanea\/wp-content\/uploads\/sites\/139\/2017\/04\/perfil-1-a-100x100.png 100w\" sizes=\"(max-width: 150px) 100vw, 150px\" \/>or do Departamento de Multimeios, M\u00eddia e Comunica\u00e7\u00e3o e dos Programas de P\u00f3s-Gradua\u00e7\u00e3o em Artes Visuais e M\u00fasica do Instituto de Artes da Unicamp. Atua principalmente na \u00e1rea de cria\u00e7\u00e3o sonora,<br \/>\naudiovisual e de arte-tecnologia. Possui destacada atua\u00e7\u00e3o como produtor audiovisual, tendo dirigido programas para r\u00e1dio e televis\u00e3o voltados \u00e0s \u00e1reas musical e de ensino.\u00a0<\/span><\/p>\n<p><span style=\"font-family: arial, helvetica, sans-serif\">Link para o <a href=\"http:\/\/lattes.cnpq.br\/0461610630845352\">Curr\u00edculo Lattes<\/a>.<\/span><\/p>\n<p>&nbsp;<\/p>\n<p><span style=\"font-family: arial, helvetica, sans-serif;font-size: 12pt\"><strong>Maria Ilda Trigo<\/strong><\/span><\/p>\n<p><em>Idealizadora, editora e autora do blog.<\/em><\/p>\n<p><span style=\"font-family: arial, helvetica, sans-serif;font-size: 12pt\">Bacharel <img decoding=\"async\" class=\"alignleft wp-image-145 size-thumbnail\" src=\"https:\/\/www.blogs.unicamp.br\/contemporanea\/wp-content\/uploads\/sites\/139\/2017\/04\/perfil-2a-150x150.png\" alt=\"\" width=\"150\" height=\"150\" srcset=\"https:\/\/www.blogs.unicamp.br\/contemporanea\/wp-content\/uploads\/sites\/139\/2017\/04\/perfil-2a-150x150.png 150w, https:\/\/www.blogs.unicamp.br\/contemporanea\/wp-content\/uploads\/sites\/139\/2017\/04\/perfil-2a-100x100.png 100w\" sizes=\"(max-width: 150px) 100vw, 150px\" \/>em Artes Pl\u00e1sticas e em Letras e especialista em Fotografia. Atualmente, faz mestrado em Artes Visuais no Instituto de Artes da Unicamp. Dedica-se \u00e0 pesquisa em arte, com foco nas rela\u00e7\u00f5es entre fotografia<br \/>\ne outros meios.\u00a0 Tem ampla experi\u00eancia com produ\u00e7\u00e3o de conte\u00fados did\u00e1ticos, especialmente para o Ensino M\u00e9dio.<\/span><\/p>\n<p><span style=\"font-family: arial, helvetica, sans-serif;font-size: 12pt\">Para ver a produ\u00e7\u00e3o art\u00edstica da autora, clique <a href=\"https:\/\/www.flickr.com\/photos\/maria_ilda\/\">aqui<\/a>.<\/span><\/p>\n<p><span style=\"font-family: arial, helvetica, sans-serif;font-size: 12pt\">Link para o\u00a0<a href=\"http:\/\/lattes.cnpq.br\/9782730759501717\">Curr\u00edculo Lattes<\/a>.<\/span><\/p>\n<p><span style=\"font-family: arial, helvetica, sans-serif;font-size: 12pt\">Blog pessoal: <a href=\"http:\/\/www.mirapoetica.com.br\/\">Mira po\u00e9tica<\/a>.<\/span><\/p>\n<p>&nbsp;<\/p>\n<p><span style=\"font-family: arial, helvetica, sans-serif;font-size: 12pt\"><strong>Ana Cristina Trigo<\/strong><\/span><\/p>\n<p><em>Editora assistente.<\/em><\/p>\n<p>Bachare<img decoding=\"async\" class=\"alignleft wp-image-147 size-thumbnail\" src=\"https:\/\/www.blogs.unicamp.br\/contemporanea\/wp-content\/uploads\/sites\/139\/2017\/04\/perfil-3-a-150x150.png\" alt=\"\" width=\"150\" height=\"150\" srcset=\"https:\/\/www.blogs.unicamp.br\/contemporanea\/wp-content\/uploads\/sites\/139\/2017\/04\/perfil-3-a-150x150.png 150w, https:\/\/www.blogs.unicamp.br\/contemporanea\/wp-content\/uploads\/sites\/139\/2017\/04\/perfil-3-a-100x100.png 100w\" sizes=\"(max-width: 150px) 100vw, 150px\" \/>l e licenciada em Letras pela Universidade de S\u00e3o Paulo. Especialista em Educa\u00e7\u00e3o, com \u00eanfase em Curr\u00edculo Escolar e Pr\u00e1tica Educativa. Lecionou no Ensino Fundamental por 14 anos. Trabalhou na \u00e1rea editorial, produzindo e editando\u00a0conte\u00fados para materiais did\u00e1ticos.\u00a0Preparadora e revisora de textos, no <em>blog<\/em> ser\u00e1 respons\u00e1vel tamb\u00e9m pela pesquisa pedag\u00f3gica e de conte\u00fados.<\/p>\n","protected":false},"excerpt":{"rendered":"<p>Prof. Dr. Eduardo Paiva Supervisor editorial e autor do blog. \u00c9 professor do Departamento de Multimeios, M\u00eddia e Comunica\u00e7\u00e3o e dos Programas de P\u00f3s-Gradua\u00e7\u00e3o em Artes Visuais e M\u00fasica do Instituto de Artes da Unicamp. Atua principalmente na \u00e1rea de cria\u00e7\u00e3o sonora, audiovisual e de arte-tecnologia. Possui destacada atua\u00e7\u00e3o como produtor audiovisual, tendo dirigido programas &hellip; <\/p>\n<p class=\"link-more\"><a href=\"https:\/\/www.blogs.unicamp.br\/contemporanea\/colaboradores\/\" class=\"more-link\">Continue lendo<span class=\"screen-reader-text\"> &#8220;Colaboradores&#8221;<\/span><\/a><\/p>\n","protected":false},"author":255,"featured_media":0,"parent":0,"menu_order":0,"comment_status":"closed","ping_status":"closed","template":"","meta":{"_monsterinsights_skip_tracking":false,"_monsterinsights_sitenote_active":false,"_monsterinsights_sitenote_note":"","_monsterinsights_sitenote_category":0,"pgc_sgb_lightbox_settings":"","_vp_format_video_url":"","_vp_image_focal_point":[],"footnotes":""},"class_list":["post-119","page","type-page","status-publish","hentry"],"_links":{"self":[{"href":"https:\/\/www.blogs.unicamp.br\/contemporanea\/wp-json\/wp\/v2\/pages\/119","targetHints":{"allow":["GET"]}}],"collection":[{"href":"https:\/\/www.blogs.unicamp.br\/contemporanea\/wp-json\/wp\/v2\/pages"}],"about":[{"href":"https:\/\/www.blogs.unicamp.br\/contemporanea\/wp-json\/wp\/v2\/types\/page"}],"author":[{"embeddable":true,"href":"https:\/\/www.blogs.unicamp.br\/contemporanea\/wp-json\/wp\/v2\/users\/255"}],"replies":[{"embeddable":true,"href":"https:\/\/www.blogs.unicamp.br\/contemporanea\/wp-json\/wp\/v2\/comments?post=119"}],"version-history":[{"count":16,"href":"https:\/\/www.blogs.unicamp.br\/contemporanea\/wp-json\/wp\/v2\/pages\/119\/revisions"}],"predecessor-version":[{"id":280,"href":"https:\/\/www.blogs.unicamp.br\/contemporanea\/wp-json\/wp\/v2\/pages\/119\/revisions\/280"}],"wp:attachment":[{"href":"https:\/\/www.blogs.unicamp.br\/contemporanea\/wp-json\/wp\/v2\/media?parent=119"}],"curies":[{"name":"wp","href":"https:\/\/api.w.org\/{rel}","templated":true}]}}