{"id":1196,"date":"2020-05-18T21:29:17","date_gmt":"2020-05-19T00:29:17","guid":{"rendered":"https:\/\/www.blogs.unicamp.br\/covid-19\/?page_id=1196"},"modified":"2020-05-18T21:29:20","modified_gmt":"2020-05-19T00:29:20","slug":"sintomatico","status":"publish","type":"page","link":"https:\/\/www.blogs.unicamp.br\/covid-19\/glossario\/sintomatico\/","title":{"rendered":"Sintom\u00e1tico"},"content":{"rendered":"\n<p>\u00c9 a pessoa que entrou em contato com um pat\u00f3geno (bact\u00e9ria, fungo, protozo\u00e1rio, v\u00edrus) e desenvolveu os sintomas da doen\u00e7a. Quanto mais diferentes e espec\u00edficos os sintomas, \u00e9 mais simples dos casos serem localizados, testados e contabilizados no n\u00famero total de infectados para a doen\u00e7a. J\u00e1 se os sintomas n\u00e3o s\u00e3o t\u00e3o espec\u00edficos, o rastreio e diagn\u00f3stico se torna mais complicado.\u00a0<\/p>\n\n\n\n<p>Especificamente para a COVID-19, os principais sintomas s\u00e3o: febre (que pode estar ausente em alguns casos), tosse seca e cansa\u00e7o. Al\u00e9m destes, outro sintomas que tamb\u00e9m podem aparecer s\u00e3o: dor de garganta e de cabe\u00e7a, perda de paladar e olfato, diarreia, coriza, conjuntivite, erup\u00e7\u00e3o cut\u00e2nea na pele e descolora\u00e7\u00e3o dos dedos das m\u00e3os ou dos p\u00e9s. 20% do casos pode desenvolver a forma s\u00e9ria da doen\u00e7a, que leva \u00e0 dificuldade de respirar, falta de ar, insufici\u00eancia pulmonar, choque s\u00e9ptico, fal\u00eancia de \u00f3rg\u00e3os e risco de morte.<\/p>\n","protected":false},"excerpt":{"rendered":"<p>\u00c9 a pessoa que entrou em contato com um pat\u00f3geno (bact\u00e9ria, fungo, protozo\u00e1rio, v\u00edrus) e desenvolveu os sintomas da doen\u00e7a. Quanto mais diferentes e espec\u00edficos os sintomas, \u00e9 mais simples dos casos serem localizados, testados e contabilizados no n\u00famero total de infectados para a doen\u00e7a. J\u00e1 se os sintomas n\u00e3o [&hellip;]<\/p>\n","protected":false},"author":585,"featured_media":0,"parent":1183,"menu_order":0,"comment_status":"closed","ping_status":"closed","template":"","meta":{"_monsterinsights_skip_tracking":false,"_monsterinsights_sitenote_active":false,"_monsterinsights_sitenote_note":"","_monsterinsights_sitenote_category":0,"editor_plus_copied_stylings":"{}","pgc_sgb_lightbox_settings":"","_vp_format_video_url":"","_vp_image_focal_point":[],"footnotes":""},"class_list":["post-1196","page","type-page","status-publish","hentry"],"yoast_head":"<!-- This site is optimized with the Yoast SEO plugin v27.4 - https:\/\/yoast.com\/product\/yoast-seo-wordpress\/ -->\n<title>Sintom\u00e1tico - Especial COVID-19 | Blogs Unicamp<\/title>\n<meta name=\"description\" content=\"\u00daltimas postagens da rede de Blogs de Ci\u00eancias da Unicamp sobre o surto do novo coronavirus (2019-nCoV)\" \/>\n<meta name=\"robots\" content=\"index, follow, max-snippet:-1, max-image-preview:large, max-video-preview:-1\" \/>\n<link rel=\"canonical\" href=\"https:\/\/www.blogs.unicamp.br\/covid-19\/glossario\/sintomatico\/\" \/>\n<meta property=\"og:locale\" content=\"pt_BR\" \/>\n<meta property=\"og:type\" content=\"article\" \/>\n<meta property=\"og:title\" content=\"Sintom\u00e1tico - Especial COVID-19 | Blogs Unicamp\" \/>\n<meta property=\"og:description\" content=\"\u00daltimas postagens da rede de Blogs de Ci\u00eancias da Unicamp sobre o surto do novo coronavirus (2019-nCoV)\" \/>\n<meta property=\"og:url\" content=\"https:\/\/www.blogs.unicamp.br\/covid-19\/glossario\/sintomatico\/\" \/>\n<meta property=\"og:site_name\" content=\"Especial COVID-19 | Blogs Unicamp\" \/>\n<meta property=\"article:publisher\" content=\"https:\/\/www.facebook.com\/blogsunicamp\" \/>\n<meta property=\"article:modified_time\" content=\"2020-05-19T00:29:20+00:00\" \/>\n<meta property=\"og:image\" content=\"https:\/\/www.blogs.unicamp.br\/covid-19\/wp-content\/uploads\/sites\/251\/2020\/03\/COVID1-1.jpg\" \/>\n\t<meta property=\"og:image:width\" content=\"1366\" \/>\n\t<meta property=\"og:image:height\" content=\"768\" \/>\n\t<meta property=\"og:image:type\" content=\"image\/jpeg\" \/>\n<meta name=\"twitter:card\" content=\"summary_large_image\" \/>\n<meta name=\"twitter:site\" content=\"@BlogsUnicamp\" \/>\n<meta name=\"twitter:label1\" content=\"Est. tempo de leitura\" \/>\n\t<meta name=\"twitter:data1\" content=\"1 minuto\" \/>\n<script type=\"application\/ld+json\" class=\"yoast-schema-graph\">{\"@context\":\"https:\\\/\\\/schema.org\",\"@graph\":[{\"@type\":\"WebPage\",\"@id\":\"https:\\\/\\\/www.blogs.unicamp.br\\\/covid-19\\\/glossario\\\/sintomatico\\\/\",\"url\":\"https:\\\/\\\/www.blogs.unicamp.br\\\/covid-19\\\/glossario\\\/sintomatico\\\/\",\"name\":\"Sintom\u00e1tico - Especial COVID-19 | Blogs Unicamp\",\"isPartOf\":{\"@id\":\"https:\\\/\\\/www.blogs.unicamp.br\\\/covid-19\\\/#website\"},\"datePublished\":\"2020-05-19T00:29:17+00:00\",\"dateModified\":\"2020-05-19T00:29:20+00:00\",\"description\":\"\u00daltimas postagens da rede de Blogs de Ci\u00eancias da Unicamp sobre o surto do novo coronavirus (2019-nCoV)\",\"breadcrumb\":{\"@id\":\"https:\\\/\\\/www.blogs.unicamp.br\\\/covid-19\\\/glossario\\\/sintomatico\\\/#breadcrumb\"},\"inLanguage\":\"pt-BR\",\"potentialAction\":[{\"@type\":\"ReadAction\",\"target\":[\"https:\\\/\\\/www.blogs.unicamp.br\\\/covid-19\\\/glossario\\\/sintomatico\\\/\"]}]},{\"@type\":\"BreadcrumbList\",\"@id\":\"https:\\\/\\\/www.blogs.unicamp.br\\\/covid-19\\\/glossario\\\/sintomatico\\\/#breadcrumb\",\"itemListElement\":[{\"@type\":\"ListItem\",\"position\":1,\"name\":\"In\u00edcio\",\"item\":\"https:\\\/\\\/www.blogs.unicamp.br\\\/covid-19\\\/\"},{\"@type\":\"ListItem\",\"position\":2,\"name\":\"Gloss\u00e1rio da COVID-19\",\"item\":\"https:\\\/\\\/www.blogs.unicamp.br\\\/covid-19\\\/glossario\\\/\"},{\"@type\":\"ListItem\",\"position\":3,\"name\":\"Sintom\u00e1tico\"}]},{\"@type\":\"WebSite\",\"@id\":\"https:\\\/\\\/www.blogs.unicamp.br\\\/covid-19\\\/#website\",\"url\":\"https:\\\/\\\/www.blogs.unicamp.br\\\/covid-19\\\/\",\"name\":\"Coronav\u00edrus (COVID-19) | Especial Blogs de Ci\u00eancias da Unicamp\",\"description\":\"\u00daltimas postagens da rede de Blogs de Ci\u00eancias da Unicamp sobre o surto do novo coronavirus (2019-nCoV)\",\"publisher\":{\"@id\":\"https:\\\/\\\/www.blogs.unicamp.br\\\/covid-19\\\/#organization\"},\"potentialAction\":[{\"@type\":\"SearchAction\",\"target\":{\"@type\":\"EntryPoint\",\"urlTemplate\":\"https:\\\/\\\/www.blogs.unicamp.br\\\/covid-19\\\/?s={search_term_string}\"},\"query-input\":{\"@type\":\"PropertyValueSpecification\",\"valueRequired\":true,\"valueName\":\"search_term_string\"}}],\"inLanguage\":\"pt-BR\"},{\"@type\":\"Organization\",\"@id\":\"https:\\\/\\\/www.blogs.unicamp.br\\\/covid-19\\\/#organization\",\"name\":\"Blogs de Ci\u00eancia da Unicamp\",\"url\":\"https:\\\/\\\/www.blogs.unicamp.br\\\/covid-19\\\/\",\"logo\":{\"@type\":\"ImageObject\",\"inLanguage\":\"pt-BR\",\"@id\":\"https:\\\/\\\/www.blogs.unicamp.br\\\/covid-19\\\/#\\\/schema\\\/logo\\\/image\\\/\",\"url\":\"https:\\\/\\\/www.blogs.unicamp.br\\\/covid-19\\\/wp-content\\\/uploads\\\/sites\\\/251\\\/2020\\\/03\\\/logo_mini.png\",\"contentUrl\":\"https:\\\/\\\/www.blogs.unicamp.br\\\/covid-19\\\/wp-content\\\/uploads\\\/sites\\\/251\\\/2020\\\/03\\\/logo_mini.png\",\"width\":583,\"height\":597,\"caption\":\"Blogs de Ci\u00eancia da Unicamp\"},\"image\":{\"@id\":\"https:\\\/\\\/www.blogs.unicamp.br\\\/covid-19\\\/#\\\/schema\\\/logo\\\/image\\\/\"},\"sameAs\":[\"https:\\\/\\\/www.facebook.com\\\/blogsunicamp\",\"https:\\\/\\\/x.com\\\/BlogsUnicamp\",\"https:\\\/\\\/www.instagram.com\\\/blogsunicamp\\\/\",\"https:\\\/\\\/www.linkedin.com\\\/company\\\/blogsunicamp\\\/\",\"https:\\\/\\\/www.youtube.com\\\/channel\\\/UCP6rkoOMqdp4Iy_D1l5pZFg\"]}]}<\/script>\n<!-- \/ Yoast SEO plugin. -->","yoast_head_json":{"title":"Sintom\u00e1tico - Especial COVID-19 | Blogs Unicamp","description":"\u00daltimas postagens da rede de Blogs de Ci\u00eancias da Unicamp sobre o surto do novo coronavirus (2019-nCoV)","robots":{"index":"index","follow":"follow","max-snippet":"max-snippet:-1","max-image-preview":"max-image-preview:large","max-video-preview":"max-video-preview:-1"},"canonical":"https:\/\/www.blogs.unicamp.br\/covid-19\/glossario\/sintomatico\/","og_locale":"pt_BR","og_type":"article","og_title":"Sintom\u00e1tico - Especial COVID-19 | Blogs Unicamp","og_description":"\u00daltimas postagens da rede de Blogs de Ci\u00eancias da Unicamp sobre o surto do novo coronavirus (2019-nCoV)","og_url":"https:\/\/www.blogs.unicamp.br\/covid-19\/glossario\/sintomatico\/","og_site_name":"Especial COVID-19 | Blogs Unicamp","article_publisher":"https:\/\/www.facebook.com\/blogsunicamp","article_modified_time":"2020-05-19T00:29:20+00:00","og_image":[{"width":1366,"height":768,"url":"https:\/\/www.blogs.unicamp.br\/covid-19\/wp-content\/uploads\/sites\/251\/2020\/03\/COVID1-1.jpg","type":"image\/jpeg"}],"twitter_card":"summary_large_image","twitter_site":"@BlogsUnicamp","twitter_misc":{"Est. tempo de leitura":"1 minuto"},"schema":{"@context":"https:\/\/schema.org","@graph":[{"@type":"WebPage","@id":"https:\/\/www.blogs.unicamp.br\/covid-19\/glossario\/sintomatico\/","url":"https:\/\/www.blogs.unicamp.br\/covid-19\/glossario\/sintomatico\/","name":"Sintom\u00e1tico - Especial COVID-19 | Blogs Unicamp","isPartOf":{"@id":"https:\/\/www.blogs.unicamp.br\/covid-19\/#website"},"datePublished":"2020-05-19T00:29:17+00:00","dateModified":"2020-05-19T00:29:20+00:00","description":"\u00daltimas postagens da rede de Blogs de Ci\u00eancias da Unicamp sobre o surto do novo coronavirus (2019-nCoV)","breadcrumb":{"@id":"https:\/\/www.blogs.unicamp.br\/covid-19\/glossario\/sintomatico\/#breadcrumb"},"inLanguage":"pt-BR","potentialAction":[{"@type":"ReadAction","target":["https:\/\/www.blogs.unicamp.br\/covid-19\/glossario\/sintomatico\/"]}]},{"@type":"BreadcrumbList","@id":"https:\/\/www.blogs.unicamp.br\/covid-19\/glossario\/sintomatico\/#breadcrumb","itemListElement":[{"@type":"ListItem","position":1,"name":"In\u00edcio","item":"https:\/\/www.blogs.unicamp.br\/covid-19\/"},{"@type":"ListItem","position":2,"name":"Gloss\u00e1rio da COVID-19","item":"https:\/\/www.blogs.unicamp.br\/covid-19\/glossario\/"},{"@type":"ListItem","position":3,"name":"Sintom\u00e1tico"}]},{"@type":"WebSite","@id":"https:\/\/www.blogs.unicamp.br\/covid-19\/#website","url":"https:\/\/www.blogs.unicamp.br\/covid-19\/","name":"Coronav\u00edrus (COVID-19) | Especial Blogs de Ci\u00eancias da Unicamp","description":"\u00daltimas postagens da rede de Blogs de Ci\u00eancias da Unicamp sobre o surto do novo coronavirus (2019-nCoV)","publisher":{"@id":"https:\/\/www.blogs.unicamp.br\/covid-19\/#organization"},"potentialAction":[{"@type":"SearchAction","target":{"@type":"EntryPoint","urlTemplate":"https:\/\/www.blogs.unicamp.br\/covid-19\/?s={search_term_string}"},"query-input":{"@type":"PropertyValueSpecification","valueRequired":true,"valueName":"search_term_string"}}],"inLanguage":"pt-BR"},{"@type":"Organization","@id":"https:\/\/www.blogs.unicamp.br\/covid-19\/#organization","name":"Blogs de Ci\u00eancia da Unicamp","url":"https:\/\/www.blogs.unicamp.br\/covid-19\/","logo":{"@type":"ImageObject","inLanguage":"pt-BR","@id":"https:\/\/www.blogs.unicamp.br\/covid-19\/#\/schema\/logo\/image\/","url":"https:\/\/www.blogs.unicamp.br\/covid-19\/wp-content\/uploads\/sites\/251\/2020\/03\/logo_mini.png","contentUrl":"https:\/\/www.blogs.unicamp.br\/covid-19\/wp-content\/uploads\/sites\/251\/2020\/03\/logo_mini.png","width":583,"height":597,"caption":"Blogs de Ci\u00eancia da Unicamp"},"image":{"@id":"https:\/\/www.blogs.unicamp.br\/covid-19\/#\/schema\/logo\/image\/"},"sameAs":["https:\/\/www.facebook.com\/blogsunicamp","https:\/\/x.com\/BlogsUnicamp","https:\/\/www.instagram.com\/blogsunicamp\/","https:\/\/www.linkedin.com\/company\/blogsunicamp\/","https:\/\/www.youtube.com\/channel\/UCP6rkoOMqdp4Iy_D1l5pZFg"]}]}},"_links":{"self":[{"href":"https:\/\/www.blogs.unicamp.br\/covid-19\/wp-json\/wp\/v2\/pages\/1196","targetHints":{"allow":["GET"]}}],"collection":[{"href":"https:\/\/www.blogs.unicamp.br\/covid-19\/wp-json\/wp\/v2\/pages"}],"about":[{"href":"https:\/\/www.blogs.unicamp.br\/covid-19\/wp-json\/wp\/v2\/types\/page"}],"author":[{"embeddable":true,"href":"https:\/\/www.blogs.unicamp.br\/covid-19\/wp-json\/wp\/v2\/users\/585"}],"replies":[{"embeddable":true,"href":"https:\/\/www.blogs.unicamp.br\/covid-19\/wp-json\/wp\/v2\/comments?post=1196"}],"version-history":[{"count":1,"href":"https:\/\/www.blogs.unicamp.br\/covid-19\/wp-json\/wp\/v2\/pages\/1196\/revisions"}],"predecessor-version":[{"id":1197,"href":"https:\/\/www.blogs.unicamp.br\/covid-19\/wp-json\/wp\/v2\/pages\/1196\/revisions\/1197"}],"up":[{"embeddable":true,"href":"https:\/\/www.blogs.unicamp.br\/covid-19\/wp-json\/wp\/v2\/pages\/1183"}],"wp:attachment":[{"href":"https:\/\/www.blogs.unicamp.br\/covid-19\/wp-json\/wp\/v2\/media?parent=1196"}],"curies":[{"name":"wp","href":"https:\/\/api.w.org\/{rel}","templated":true}]}}