{"id":198,"date":"2020-03-22T22:03:15","date_gmt":"2020-03-23T01:03:15","guid":{"rendered":"https:\/\/www.blogs.unicamp.br\/covid-19\/?page_id=198"},"modified":"2020-03-23T10:20:10","modified_gmt":"2020-03-23T13:20:10","slug":"repositorio","status":"publish","type":"page","link":"https:\/\/www.blogs.unicamp.br\/covid-19\/repositorio\/","title":{"rendered":"Reposit\u00f3rio"},"content":{"rendered":"\t\t<div data-elementor-type=\"wp-page\" data-elementor-id=\"198\" class=\"elementor elementor-198\" data-elementor-settings=\"{&quot;ha_cmc_init_switcher&quot;:&quot;no&quot;}\">\n\t\t\t\t\t\t<section class=\"elementor-section elementor-top-section elementor-element elementor-element-988ba04 elementor-section-boxed elementor-section-height-default elementor-section-height-default jltma-glass-effect-no\" data-id=\"988ba04\" data-element_type=\"section\" data-e-type=\"section\" data-settings=\"{&quot;_ha_eqh_enable&quot;:false}\">\n\t\t\t\t\t\t<div class=\"elementor-container elementor-column-gap-default\">\n\t\t\t\t\t<div class=\"elementor-column elementor-col-100 elementor-top-column elementor-element elementor-element-60d72e66 jltma-glass-effect-no\" data-id=\"60d72e66\" data-element_type=\"column\" data-e-type=\"column\">\n\t\t\t<div class=\"elementor-widget-wrap elementor-element-populated\">\n\t\t\t\t\t\t<div class=\"elementor-element elementor-element-48e13ce jltma-glass-effect-no elementor-widget elementor-widget-text-editor\" data-id=\"48e13ce\" data-element_type=\"widget\" data-e-type=\"widget\" data-widget_type=\"text-editor.default\">\n\t\t\t\t<div class=\"elementor-widget-container\">\n\t\t\t\t\t\t\t\t\t\n<!--nextpage-->\n\n\n\n<p><\/p>\n\t\t\t\t\t\t\t\t<\/div>\n\t\t\t\t<\/div>\n\t\t\t\t\t<\/div>\n\t\t<\/div>\n\t\t\t\t\t<\/div>\n\t\t<\/section>\n\t\t\t\t<section class=\"elementor-section elementor-top-section elementor-element elementor-element-a44efe2 elementor-section-boxed elementor-section-height-default elementor-section-height-default jltma-glass-effect-no\" data-id=\"a44efe2\" data-element_type=\"section\" data-e-type=\"section\" data-settings=\"{&quot;_ha_eqh_enable&quot;:false}\">\n\t\t\t\t\t\t<div class=\"elementor-container elementor-column-gap-default\">\n\t\t\t\t\t<div class=\"elementor-column elementor-col-100 elementor-top-column elementor-element elementor-element-8c9e99f jltma-glass-effect-no\" data-id=\"8c9e99f\" data-element_type=\"column\" data-e-type=\"column\">\n\t\t\t<div class=\"elementor-widget-wrap elementor-element-populated\">\n\t\t\t\t\t\t<div class=\"elementor-element elementor-element-56b16cf jltma-glass-effect-no elementor-widget elementor-widget-text-editor\" data-id=\"56b16cf\" data-element_type=\"widget\" data-e-type=\"widget\" data-widget_type=\"text-editor.default\">\n\t\t\t\t<div class=\"elementor-widget-container\">\n\t\t\t\t\t\t\t\t\t<p><a href=\"https:\/\/www.freepik.com\/free-vector\/infographic-with-details-about-coronavirus_6848587.htm#page=1&amp;query=virus&amp;position=44\"><img fetchpriority=\"high\" decoding=\"async\" src=\"https:\/\/image.freepik.com\/free-vector\/infographic-with-details-about-coronavirus_23-2148437694.jpg\" width=\"626\" height=\"417\" class=\"alignnone\" alt=\"\" \/><img decoding=\"async\" src=\"https:\/\/image.freepik.com\/free-vector\/infographic-with-details-about-coronavirus-with-illustrated-sick-man_23-2148438094.jpg\" width=\"626\" height=\"417\" class=\"alignnone size-medium\" \/><\/a><\/p>\n<p><a href=\"https:\/\/www.freepik.com\/free-photo\/coronavirus-outbreak-blue-shades_7061089.htm#page=1&amp;query=virus&amp;position=31#position=31&amp;page=1&amp;query=virus\"><img decoding=\"async\" src=\"https:\/\/image.freepik.com\/free-photo\/coronavirus-outbreak-blue-shades_23-2148460225.jpg\" width=\"626\" height=\"352\" class=\"alignnone\" alt=\"\" \/><img loading=\"lazy\" decoding=\"async\" src=\"https:\/\/image.freepik.com\/free-vector\/coronavirus-symptom-prevention_23-2148441613.jpg\" width=\"626\" height=\"626\" class=\"alignnone\" alt=\"\" \/><img loading=\"lazy\" decoding=\"async\" src=\"https:\/\/image.freepik.com\/free-photo\/close-up-individual-using-cleaning-gel-hands_23-2148454288.jpg\" width=\"626\" height=\"352\" class=\"alignnone\" alt=\"\" \/><img loading=\"lazy\" decoding=\"async\" src=\"https:\/\/image.freepik.com\/free-vector\/colorful-corona-virus-infographic_23-2148424871.jpg\" width=\"626\" height=\"626\" class=\"alignnone\" alt=\"\" \/><\/a><\/p>\t\t\t\t\t\t\t\t<\/div>\n\t\t\t\t<\/div>\n\t\t\t\t\t<\/div>\n\t\t<\/div>\n\t\t\t\t\t<\/div>\n\t\t<\/section>\n\t\t\t\t<\/div>\n\t\t","protected":false},"excerpt":{"rendered":"","protected":false},"author":125,"featured_media":0,"parent":0,"menu_order":0,"comment_status":"closed","ping_status":"closed","template":"page-templates\/template-pagebuilder-full-width.php","meta":{"_monsterinsights_skip_tracking":false,"_monsterinsights_sitenote_active":false,"_monsterinsights_sitenote_note":"","_monsterinsights_sitenote_category":0,"editor_plus_copied_stylings":"{}","pgc_sgb_lightbox_settings":"","_vp_format_video_url":"","_vp_image_focal_point":[],"footnotes":""},"class_list":["post-198","page","type-page","status-publish","hentry"],"yoast_head":"<!-- This site is optimized with the Yoast SEO plugin v27.4 - https:\/\/yoast.com\/product\/yoast-seo-wordpress\/ -->\n<title>Reposit\u00f3rio - Especial COVID-19 | Blogs Unicamp<\/title>\n<meta name=\"description\" content=\"\u00daltimas postagens da rede de Blogs de Ci\u00eancias da Unicamp sobre o surto do novo coronavirus (2019-nCoV)\" \/>\n<meta name=\"robots\" content=\"index, follow, max-snippet:-1, max-image-preview:large, max-video-preview:-1\" \/>\n<link rel=\"canonical\" href=\"https:\/\/www.blogs.unicamp.br\/covid-19\/repositorio\/\" \/>\n<link rel=\"next\" href=\"https:\/\/www.blogs.unicamp.br\/covid-19\/repositorio\/2\/\" \/>\n<meta property=\"og:locale\" content=\"pt_BR\" \/>\n<meta property=\"og:type\" content=\"article\" \/>\n<meta property=\"og:title\" content=\"Reposit\u00f3rio - Especial COVID-19 | Blogs Unicamp\" \/>\n<meta property=\"og:description\" content=\"\u00daltimas postagens da rede de Blogs de Ci\u00eancias da Unicamp sobre o surto do novo coronavirus (2019-nCoV)\" \/>\n<meta property=\"og:url\" content=\"https:\/\/www.blogs.unicamp.br\/covid-19\/repositorio\/\" \/>\n<meta property=\"og:site_name\" content=\"Especial COVID-19 | Blogs Unicamp\" \/>\n<meta property=\"article:publisher\" content=\"https:\/\/www.facebook.com\/blogsunicamp\" \/>\n<meta property=\"article:modified_time\" content=\"2020-03-23T13:20:10+00:00\" \/>\n<meta property=\"og:image\" content=\"https:\/\/image.freepik.com\/free-vector\/infographic-with-details-about-coronavirus_23-2148437694.jpg\" \/>\n<meta name=\"twitter:card\" content=\"summary_large_image\" \/>\n<meta name=\"twitter:site\" content=\"@BlogsUnicamp\" \/>\n<script type=\"application\/ld+json\" class=\"yoast-schema-graph\">{\"@context\":\"https:\\\/\\\/schema.org\",\"@graph\":[{\"@type\":\"WebPage\",\"@id\":\"https:\\\/\\\/www.blogs.unicamp.br\\\/covid-19\\\/repositorio\\\/\",\"url\":\"https:\\\/\\\/www.blogs.unicamp.br\\\/covid-19\\\/repositorio\\\/\",\"name\":\"Reposit\u00f3rio - Especial COVID-19 | Blogs Unicamp\",\"isPartOf\":{\"@id\":\"https:\\\/\\\/www.blogs.unicamp.br\\\/covid-19\\\/#website\"},\"primaryImageOfPage\":{\"@id\":\"https:\\\/\\\/www.blogs.unicamp.br\\\/covid-19\\\/repositorio\\\/#primaryimage\"},\"image\":{\"@id\":\"https:\\\/\\\/www.blogs.unicamp.br\\\/covid-19\\\/repositorio\\\/#primaryimage\"},\"thumbnailUrl\":\"https:\\\/\\\/image.freepik.com\\\/free-vector\\\/infographic-with-details-about-coronavirus_23-2148437694.jpg\",\"datePublished\":\"2020-03-23T01:03:15+00:00\",\"dateModified\":\"2020-03-23T13:20:10+00:00\",\"description\":\"\u00daltimas postagens da rede de Blogs de Ci\u00eancias da Unicamp sobre o surto do novo coronavirus (2019-nCoV)\",\"inLanguage\":\"pt-BR\",\"potentialAction\":[{\"@type\":\"ReadAction\",\"target\":[\"https:\\\/\\\/www.blogs.unicamp.br\\\/covid-19\\\/repositorio\\\/\"]}]},{\"@type\":\"ImageObject\",\"inLanguage\":\"pt-BR\",\"@id\":\"https:\\\/\\\/www.blogs.unicamp.br\\\/covid-19\\\/repositorio\\\/#primaryimage\",\"url\":\"https:\\\/\\\/image.freepik.com\\\/free-vector\\\/infographic-with-details-about-coronavirus_23-2148437694.jpg\",\"contentUrl\":\"https:\\\/\\\/image.freepik.com\\\/free-vector\\\/infographic-with-details-about-coronavirus_23-2148437694.jpg\"},{\"@type\":\"WebSite\",\"@id\":\"https:\\\/\\\/www.blogs.unicamp.br\\\/covid-19\\\/#website\",\"url\":\"https:\\\/\\\/www.blogs.unicamp.br\\\/covid-19\\\/\",\"name\":\"Coronav\u00edrus (COVID-19) | Especial Blogs de Ci\u00eancias da Unicamp\",\"description\":\"\u00daltimas postagens da rede de Blogs de Ci\u00eancias da Unicamp sobre o surto do novo coronavirus (2019-nCoV)\",\"publisher\":{\"@id\":\"https:\\\/\\\/www.blogs.unicamp.br\\\/covid-19\\\/#organization\"},\"potentialAction\":[{\"@type\":\"SearchAction\",\"target\":{\"@type\":\"EntryPoint\",\"urlTemplate\":\"https:\\\/\\\/www.blogs.unicamp.br\\\/covid-19\\\/?s={search_term_string}\"},\"query-input\":{\"@type\":\"PropertyValueSpecification\",\"valueRequired\":true,\"valueName\":\"search_term_string\"}}],\"inLanguage\":\"pt-BR\"},{\"@type\":\"Organization\",\"@id\":\"https:\\\/\\\/www.blogs.unicamp.br\\\/covid-19\\\/#organization\",\"name\":\"Blogs de Ci\u00eancia da Unicamp\",\"url\":\"https:\\\/\\\/www.blogs.unicamp.br\\\/covid-19\\\/\",\"logo\":{\"@type\":\"ImageObject\",\"inLanguage\":\"pt-BR\",\"@id\":\"https:\\\/\\\/www.blogs.unicamp.br\\\/covid-19\\\/#\\\/schema\\\/logo\\\/image\\\/\",\"url\":\"https:\\\/\\\/www.blogs.unicamp.br\\\/covid-19\\\/wp-content\\\/uploads\\\/sites\\\/251\\\/2020\\\/03\\\/logo_mini.png\",\"contentUrl\":\"https:\\\/\\\/www.blogs.unicamp.br\\\/covid-19\\\/wp-content\\\/uploads\\\/sites\\\/251\\\/2020\\\/03\\\/logo_mini.png\",\"width\":583,\"height\":597,\"caption\":\"Blogs de Ci\u00eancia da Unicamp\"},\"image\":{\"@id\":\"https:\\\/\\\/www.blogs.unicamp.br\\\/covid-19\\\/#\\\/schema\\\/logo\\\/image\\\/\"},\"sameAs\":[\"https:\\\/\\\/www.facebook.com\\\/blogsunicamp\",\"https:\\\/\\\/x.com\\\/BlogsUnicamp\",\"https:\\\/\\\/www.instagram.com\\\/blogsunicamp\\\/\",\"https:\\\/\\\/www.linkedin.com\\\/company\\\/blogsunicamp\\\/\",\"https:\\\/\\\/www.youtube.com\\\/channel\\\/UCP6rkoOMqdp4Iy_D1l5pZFg\"]}]}<\/script>\n<!-- \/ Yoast SEO plugin. -->","yoast_head_json":{"title":"Reposit\u00f3rio - Especial COVID-19 | Blogs Unicamp","description":"\u00daltimas postagens da rede de Blogs de Ci\u00eancias da Unicamp sobre o surto do novo coronavirus (2019-nCoV)","robots":{"index":"index","follow":"follow","max-snippet":"max-snippet:-1","max-image-preview":"max-image-preview:large","max-video-preview":"max-video-preview:-1"},"canonical":"https:\/\/www.blogs.unicamp.br\/covid-19\/repositorio\/","next":"https:\/\/www.blogs.unicamp.br\/covid-19\/repositorio\/2\/","og_locale":"pt_BR","og_type":"article","og_title":"Reposit\u00f3rio - Especial COVID-19 | Blogs Unicamp","og_description":"\u00daltimas postagens da rede de Blogs de Ci\u00eancias da Unicamp sobre o surto do novo coronavirus (2019-nCoV)","og_url":"https:\/\/www.blogs.unicamp.br\/covid-19\/repositorio\/","og_site_name":"Especial COVID-19 | Blogs Unicamp","article_publisher":"https:\/\/www.facebook.com\/blogsunicamp","article_modified_time":"2020-03-23T13:20:10+00:00","og_image":[{"url":"https:\/\/image.freepik.com\/free-vector\/infographic-with-details-about-coronavirus_23-2148437694.jpg","type":"","width":"","height":""}],"twitter_card":"summary_large_image","twitter_site":"@BlogsUnicamp","schema":{"@context":"https:\/\/schema.org","@graph":[{"@type":"WebPage","@id":"https:\/\/www.blogs.unicamp.br\/covid-19\/repositorio\/","url":"https:\/\/www.blogs.unicamp.br\/covid-19\/repositorio\/","name":"Reposit\u00f3rio - Especial COVID-19 | Blogs Unicamp","isPartOf":{"@id":"https:\/\/www.blogs.unicamp.br\/covid-19\/#website"},"primaryImageOfPage":{"@id":"https:\/\/www.blogs.unicamp.br\/covid-19\/repositorio\/#primaryimage"},"image":{"@id":"https:\/\/www.blogs.unicamp.br\/covid-19\/repositorio\/#primaryimage"},"thumbnailUrl":"https:\/\/image.freepik.com\/free-vector\/infographic-with-details-about-coronavirus_23-2148437694.jpg","datePublished":"2020-03-23T01:03:15+00:00","dateModified":"2020-03-23T13:20:10+00:00","description":"\u00daltimas postagens da rede de Blogs de Ci\u00eancias da Unicamp sobre o surto do novo coronavirus (2019-nCoV)","inLanguage":"pt-BR","potentialAction":[{"@type":"ReadAction","target":["https:\/\/www.blogs.unicamp.br\/covid-19\/repositorio\/"]}]},{"@type":"ImageObject","inLanguage":"pt-BR","@id":"https:\/\/www.blogs.unicamp.br\/covid-19\/repositorio\/#primaryimage","url":"https:\/\/image.freepik.com\/free-vector\/infographic-with-details-about-coronavirus_23-2148437694.jpg","contentUrl":"https:\/\/image.freepik.com\/free-vector\/infographic-with-details-about-coronavirus_23-2148437694.jpg"},{"@type":"WebSite","@id":"https:\/\/www.blogs.unicamp.br\/covid-19\/#website","url":"https:\/\/www.blogs.unicamp.br\/covid-19\/","name":"Coronav\u00edrus (COVID-19) | Especial Blogs de Ci\u00eancias da Unicamp","description":"\u00daltimas postagens da rede de Blogs de Ci\u00eancias da Unicamp sobre o surto do novo coronavirus (2019-nCoV)","publisher":{"@id":"https:\/\/www.blogs.unicamp.br\/covid-19\/#organization"},"potentialAction":[{"@type":"SearchAction","target":{"@type":"EntryPoint","urlTemplate":"https:\/\/www.blogs.unicamp.br\/covid-19\/?s={search_term_string}"},"query-input":{"@type":"PropertyValueSpecification","valueRequired":true,"valueName":"search_term_string"}}],"inLanguage":"pt-BR"},{"@type":"Organization","@id":"https:\/\/www.blogs.unicamp.br\/covid-19\/#organization","name":"Blogs de Ci\u00eancia da Unicamp","url":"https:\/\/www.blogs.unicamp.br\/covid-19\/","logo":{"@type":"ImageObject","inLanguage":"pt-BR","@id":"https:\/\/www.blogs.unicamp.br\/covid-19\/#\/schema\/logo\/image\/","url":"https:\/\/www.blogs.unicamp.br\/covid-19\/wp-content\/uploads\/sites\/251\/2020\/03\/logo_mini.png","contentUrl":"https:\/\/www.blogs.unicamp.br\/covid-19\/wp-content\/uploads\/sites\/251\/2020\/03\/logo_mini.png","width":583,"height":597,"caption":"Blogs de Ci\u00eancia da Unicamp"},"image":{"@id":"https:\/\/www.blogs.unicamp.br\/covid-19\/#\/schema\/logo\/image\/"},"sameAs":["https:\/\/www.facebook.com\/blogsunicamp","https:\/\/x.com\/BlogsUnicamp","https:\/\/www.instagram.com\/blogsunicamp\/","https:\/\/www.linkedin.com\/company\/blogsunicamp\/","https:\/\/www.youtube.com\/channel\/UCP6rkoOMqdp4Iy_D1l5pZFg"]}]}},"_links":{"self":[{"href":"https:\/\/www.blogs.unicamp.br\/covid-19\/wp-json\/wp\/v2\/pages\/198","targetHints":{"allow":["GET"]}}],"collection":[{"href":"https:\/\/www.blogs.unicamp.br\/covid-19\/wp-json\/wp\/v2\/pages"}],"about":[{"href":"https:\/\/www.blogs.unicamp.br\/covid-19\/wp-json\/wp\/v2\/types\/page"}],"author":[{"embeddable":true,"href":"https:\/\/www.blogs.unicamp.br\/covid-19\/wp-json\/wp\/v2\/users\/125"}],"replies":[{"embeddable":true,"href":"https:\/\/www.blogs.unicamp.br\/covid-19\/wp-json\/wp\/v2\/comments?post=198"}],"version-history":[{"count":5,"href":"https:\/\/www.blogs.unicamp.br\/covid-19\/wp-json\/wp\/v2\/pages\/198\/revisions"}],"predecessor-version":[{"id":231,"href":"https:\/\/www.blogs.unicamp.br\/covid-19\/wp-json\/wp\/v2\/pages\/198\/revisions\/231"}],"wp:attachment":[{"href":"https:\/\/www.blogs.unicamp.br\/covid-19\/wp-json\/wp\/v2\/media?parent=198"}],"curies":[{"name":"wp","href":"https:\/\/api.w.org\/{rel}","templated":true}]}}