{"id":2642,"date":"2021-07-22T23:28:46","date_gmt":"2021-07-23T02:28:46","guid":{"rendered":"https:\/\/www.blogs.unicamp.br\/covid-19\/?page_id=2642"},"modified":"2021-07-22T23:35:14","modified_gmt":"2021-07-23T02:35:14","slug":"variantes","status":"publish","type":"page","link":"https:\/\/www.blogs.unicamp.br\/covid-19\/variantes\/","title":{"rendered":"Variantes"},"content":{"rendered":"\n<div class=\"wp-block-themeisle-blocks-advanced-columns has-1-columns has-desktop-equal-layout has-tablet-equal-layout has-mobile-equal-layout has-default-gap has-vertical-unset\" id=\"wp-block-themeisle-blocks-advanced-columns-e82faf31\"><div class=\"wp-block-themeisle-blocks-advanced-columns-overlay\"><\/div><div class=\"innerblocks-wrap\">\n<div class=\"wp-block-themeisle-blocks-advanced-column\" id=\"wp-block-themeisle-blocks-advanced-column-d4944df1\">\n<p><strong>Variantes de interesse (VOI)<\/strong>, \u00e9 um termo destinado \u00e0quelas variantes de SARS-CoV-2 que possuem muta\u00e7\u00f5es as quais podem afetar a transmiss\u00e3o, o diagn\u00f3stico, m\u00e9todos terap\u00eauticos j\u00e1 conhecidos como a terapia com anticorpos monoclonais, e escapar da resposta imune. Pode ser respons\u00e1vel pelo aumento de casos em uma regi\u00e3o, mas tem uma preval\u00eancia limitada nos pa\u00edses.<\/p>\n\n\n\n<p><strong>Variante de preocupa\u00e7\u00e3o (VOC)<\/strong>, \u00e9 um termo destinado \u00e0quelas variantes de SARS-CoV-2 cujas muta\u00e7\u00f5es j\u00e1 foram estudadas cientificamente, havendo evid\u00eancias do aumento da transmissibilidade do v\u00edrus, do aumento do n\u00famero de hospitaliza\u00e7\u00f5es e \u00f3bitos, da redu\u00e7\u00e3o significativa da neutraliza\u00e7\u00e3o de anticorpos gerados por infec\u00e7\u00e3o pr\u00e9via ou vacina\u00e7\u00e3o, e redu\u00e7\u00e3o da efetividade de tratamentos e vacinas. Pode n\u00e3o ser detectada em testes diagn\u00f3sticos, sendo necess\u00e1rio alguns ajustes. As VOCs se espalham mais facilmente e podem se tornar prevalentes em regi\u00f5es e pa\u00edses inteiros.<\/p>\n\n\n\n<p>Refer\u00eancia:<\/p>\n\n\n\n<p><a href=\"https:\/\/www.cdc.gov\/coronavirus\/2019-ncov\/variants\/variant-info.html#Concern\">https:\/\/www.cdc.gov\/coronavirus\/2019-ncov\/variants\/variant-info.html#Concern<\/a><\/p>\n\n\n\n<p>(Texto elaborado por Maur\u00edlio Bonora Junior e Mariene Amorim)<\/p>\n<\/div>\n<\/div><\/div>\n","protected":false},"excerpt":{"rendered":"","protected":false},"author":362,"featured_media":0,"parent":0,"menu_order":0,"comment_status":"closed","ping_status":"closed","template":"","meta":{"_monsterinsights_skip_tracking":false,"_monsterinsights_sitenote_active":false,"_monsterinsights_sitenote_note":"","_monsterinsights_sitenote_category":0,"editor_plus_copied_stylings":"{}","pgc_sgb_lightbox_settings":"","_vp_format_video_url":"","_vp_image_focal_point":[],"footnotes":""},"class_list":["post-2642","page","type-page","status-publish","hentry"],"yoast_head":"<!-- This site is optimized with the Yoast SEO plugin v27.4 - https:\/\/yoast.com\/product\/yoast-seo-wordpress\/ -->\n<title>Variantes - Especial COVID-19 | Blogs Unicamp<\/title>\n<meta name=\"description\" content=\"\u00daltimas postagens da rede de Blogs de Ci\u00eancias da Unicamp sobre o surto do novo coronavirus (2019-nCoV)\" \/>\n<meta name=\"robots\" content=\"index, follow, max-snippet:-1, max-image-preview:large, max-video-preview:-1\" \/>\n<link rel=\"canonical\" href=\"https:\/\/www.blogs.unicamp.br\/covid-19\/variantes\/\" \/>\n<meta property=\"og:locale\" content=\"pt_BR\" \/>\n<meta property=\"og:type\" content=\"article\" \/>\n<meta property=\"og:title\" content=\"Variantes - Especial COVID-19 | Blogs Unicamp\" \/>\n<meta property=\"og:description\" content=\"\u00daltimas postagens da rede de Blogs de Ci\u00eancias da Unicamp sobre o surto do novo coronavirus (2019-nCoV)\" \/>\n<meta property=\"og:url\" content=\"https:\/\/www.blogs.unicamp.br\/covid-19\/variantes\/\" \/>\n<meta property=\"og:site_name\" content=\"Especial COVID-19 | Blogs Unicamp\" \/>\n<meta property=\"article:publisher\" content=\"https:\/\/www.facebook.com\/blogsunicamp\" \/>\n<meta property=\"article:modified_time\" content=\"2021-07-23T02:35:14+00:00\" \/>\n<meta property=\"og:image\" content=\"https:\/\/www.blogs.unicamp.br\/covid-19\/wp-content\/uploads\/sites\/251\/2020\/03\/COVID1-1.jpg\" \/>\n\t<meta property=\"og:image:width\" content=\"1366\" \/>\n\t<meta property=\"og:image:height\" content=\"768\" \/>\n\t<meta property=\"og:image:type\" content=\"image\/jpeg\" \/>\n<meta name=\"twitter:card\" content=\"summary_large_image\" \/>\n<meta name=\"twitter:site\" content=\"@BlogsUnicamp\" \/>\n<meta name=\"twitter:label1\" content=\"Est. tempo de leitura\" \/>\n\t<meta name=\"twitter:data1\" content=\"1 minuto\" \/>\n<script type=\"application\/ld+json\" class=\"yoast-schema-graph\">{\"@context\":\"https:\\\/\\\/schema.org\",\"@graph\":[{\"@type\":\"WebPage\",\"@id\":\"https:\\\/\\\/www.blogs.unicamp.br\\\/covid-19\\\/variantes\\\/\",\"url\":\"https:\\\/\\\/www.blogs.unicamp.br\\\/covid-19\\\/variantes\\\/\",\"name\":\"Variantes - Especial COVID-19 | Blogs Unicamp\",\"isPartOf\":{\"@id\":\"https:\\\/\\\/www.blogs.unicamp.br\\\/covid-19\\\/#website\"},\"datePublished\":\"2021-07-23T02:28:46+00:00\",\"dateModified\":\"2021-07-23T02:35:14+00:00\",\"description\":\"\u00daltimas postagens da rede de Blogs de Ci\u00eancias da Unicamp sobre o surto do novo coronavirus (2019-nCoV)\",\"breadcrumb\":{\"@id\":\"https:\\\/\\\/www.blogs.unicamp.br\\\/covid-19\\\/variantes\\\/#breadcrumb\"},\"inLanguage\":\"pt-BR\",\"potentialAction\":[{\"@type\":\"ReadAction\",\"target\":[\"https:\\\/\\\/www.blogs.unicamp.br\\\/covid-19\\\/variantes\\\/\"]}]},{\"@type\":\"BreadcrumbList\",\"@id\":\"https:\\\/\\\/www.blogs.unicamp.br\\\/covid-19\\\/variantes\\\/#breadcrumb\",\"itemListElement\":[{\"@type\":\"ListItem\",\"position\":1,\"name\":\"In\u00edcio\",\"item\":\"https:\\\/\\\/www.blogs.unicamp.br\\\/covid-19\\\/\"},{\"@type\":\"ListItem\",\"position\":2,\"name\":\"Variantes\"}]},{\"@type\":\"WebSite\",\"@id\":\"https:\\\/\\\/www.blogs.unicamp.br\\\/covid-19\\\/#website\",\"url\":\"https:\\\/\\\/www.blogs.unicamp.br\\\/covid-19\\\/\",\"name\":\"Coronav\u00edrus (COVID-19) | Especial Blogs de Ci\u00eancias da Unicamp\",\"description\":\"\u00daltimas postagens da rede de Blogs de Ci\u00eancias da Unicamp sobre o surto do novo coronavirus (2019-nCoV)\",\"publisher\":{\"@id\":\"https:\\\/\\\/www.blogs.unicamp.br\\\/covid-19\\\/#organization\"},\"potentialAction\":[{\"@type\":\"SearchAction\",\"target\":{\"@type\":\"EntryPoint\",\"urlTemplate\":\"https:\\\/\\\/www.blogs.unicamp.br\\\/covid-19\\\/?s={search_term_string}\"},\"query-input\":{\"@type\":\"PropertyValueSpecification\",\"valueRequired\":true,\"valueName\":\"search_term_string\"}}],\"inLanguage\":\"pt-BR\"},{\"@type\":\"Organization\",\"@id\":\"https:\\\/\\\/www.blogs.unicamp.br\\\/covid-19\\\/#organization\",\"name\":\"Blogs de Ci\u00eancia da Unicamp\",\"url\":\"https:\\\/\\\/www.blogs.unicamp.br\\\/covid-19\\\/\",\"logo\":{\"@type\":\"ImageObject\",\"inLanguage\":\"pt-BR\",\"@id\":\"https:\\\/\\\/www.blogs.unicamp.br\\\/covid-19\\\/#\\\/schema\\\/logo\\\/image\\\/\",\"url\":\"https:\\\/\\\/www.blogs.unicamp.br\\\/covid-19\\\/wp-content\\\/uploads\\\/sites\\\/251\\\/2020\\\/03\\\/logo_mini.png\",\"contentUrl\":\"https:\\\/\\\/www.blogs.unicamp.br\\\/covid-19\\\/wp-content\\\/uploads\\\/sites\\\/251\\\/2020\\\/03\\\/logo_mini.png\",\"width\":583,\"height\":597,\"caption\":\"Blogs de Ci\u00eancia da Unicamp\"},\"image\":{\"@id\":\"https:\\\/\\\/www.blogs.unicamp.br\\\/covid-19\\\/#\\\/schema\\\/logo\\\/image\\\/\"},\"sameAs\":[\"https:\\\/\\\/www.facebook.com\\\/blogsunicamp\",\"https:\\\/\\\/x.com\\\/BlogsUnicamp\",\"https:\\\/\\\/www.instagram.com\\\/blogsunicamp\\\/\",\"https:\\\/\\\/www.linkedin.com\\\/company\\\/blogsunicamp\\\/\",\"https:\\\/\\\/www.youtube.com\\\/channel\\\/UCP6rkoOMqdp4Iy_D1l5pZFg\"]}]}<\/script>\n<!-- \/ Yoast SEO plugin. -->","yoast_head_json":{"title":"Variantes - Especial COVID-19 | Blogs Unicamp","description":"\u00daltimas postagens da rede de Blogs de Ci\u00eancias da Unicamp sobre o surto do novo coronavirus (2019-nCoV)","robots":{"index":"index","follow":"follow","max-snippet":"max-snippet:-1","max-image-preview":"max-image-preview:large","max-video-preview":"max-video-preview:-1"},"canonical":"https:\/\/www.blogs.unicamp.br\/covid-19\/variantes\/","og_locale":"pt_BR","og_type":"article","og_title":"Variantes - Especial COVID-19 | Blogs Unicamp","og_description":"\u00daltimas postagens da rede de Blogs de Ci\u00eancias da Unicamp sobre o surto do novo coronavirus (2019-nCoV)","og_url":"https:\/\/www.blogs.unicamp.br\/covid-19\/variantes\/","og_site_name":"Especial COVID-19 | Blogs Unicamp","article_publisher":"https:\/\/www.facebook.com\/blogsunicamp","article_modified_time":"2021-07-23T02:35:14+00:00","og_image":[{"width":1366,"height":768,"url":"https:\/\/www.blogs.unicamp.br\/covid-19\/wp-content\/uploads\/sites\/251\/2020\/03\/COVID1-1.jpg","type":"image\/jpeg"}],"twitter_card":"summary_large_image","twitter_site":"@BlogsUnicamp","twitter_misc":{"Est. tempo de leitura":"1 minuto"},"schema":{"@context":"https:\/\/schema.org","@graph":[{"@type":"WebPage","@id":"https:\/\/www.blogs.unicamp.br\/covid-19\/variantes\/","url":"https:\/\/www.blogs.unicamp.br\/covid-19\/variantes\/","name":"Variantes - Especial COVID-19 | Blogs Unicamp","isPartOf":{"@id":"https:\/\/www.blogs.unicamp.br\/covid-19\/#website"},"datePublished":"2021-07-23T02:28:46+00:00","dateModified":"2021-07-23T02:35:14+00:00","description":"\u00daltimas postagens da rede de Blogs de Ci\u00eancias da Unicamp sobre o surto do novo coronavirus (2019-nCoV)","breadcrumb":{"@id":"https:\/\/www.blogs.unicamp.br\/covid-19\/variantes\/#breadcrumb"},"inLanguage":"pt-BR","potentialAction":[{"@type":"ReadAction","target":["https:\/\/www.blogs.unicamp.br\/covid-19\/variantes\/"]}]},{"@type":"BreadcrumbList","@id":"https:\/\/www.blogs.unicamp.br\/covid-19\/variantes\/#breadcrumb","itemListElement":[{"@type":"ListItem","position":1,"name":"In\u00edcio","item":"https:\/\/www.blogs.unicamp.br\/covid-19\/"},{"@type":"ListItem","position":2,"name":"Variantes"}]},{"@type":"WebSite","@id":"https:\/\/www.blogs.unicamp.br\/covid-19\/#website","url":"https:\/\/www.blogs.unicamp.br\/covid-19\/","name":"Coronav\u00edrus (COVID-19) | Especial Blogs de Ci\u00eancias da Unicamp","description":"\u00daltimas postagens da rede de Blogs de Ci\u00eancias da Unicamp sobre o surto do novo coronavirus (2019-nCoV)","publisher":{"@id":"https:\/\/www.blogs.unicamp.br\/covid-19\/#organization"},"potentialAction":[{"@type":"SearchAction","target":{"@type":"EntryPoint","urlTemplate":"https:\/\/www.blogs.unicamp.br\/covid-19\/?s={search_term_string}"},"query-input":{"@type":"PropertyValueSpecification","valueRequired":true,"valueName":"search_term_string"}}],"inLanguage":"pt-BR"},{"@type":"Organization","@id":"https:\/\/www.blogs.unicamp.br\/covid-19\/#organization","name":"Blogs de Ci\u00eancia da Unicamp","url":"https:\/\/www.blogs.unicamp.br\/covid-19\/","logo":{"@type":"ImageObject","inLanguage":"pt-BR","@id":"https:\/\/www.blogs.unicamp.br\/covid-19\/#\/schema\/logo\/image\/","url":"https:\/\/www.blogs.unicamp.br\/covid-19\/wp-content\/uploads\/sites\/251\/2020\/03\/logo_mini.png","contentUrl":"https:\/\/www.blogs.unicamp.br\/covid-19\/wp-content\/uploads\/sites\/251\/2020\/03\/logo_mini.png","width":583,"height":597,"caption":"Blogs de Ci\u00eancia da Unicamp"},"image":{"@id":"https:\/\/www.blogs.unicamp.br\/covid-19\/#\/schema\/logo\/image\/"},"sameAs":["https:\/\/www.facebook.com\/blogsunicamp","https:\/\/x.com\/BlogsUnicamp","https:\/\/www.instagram.com\/blogsunicamp\/","https:\/\/www.linkedin.com\/company\/blogsunicamp\/","https:\/\/www.youtube.com\/channel\/UCP6rkoOMqdp4Iy_D1l5pZFg"]}]}},"_links":{"self":[{"href":"https:\/\/www.blogs.unicamp.br\/covid-19\/wp-json\/wp\/v2\/pages\/2642","targetHints":{"allow":["GET"]}}],"collection":[{"href":"https:\/\/www.blogs.unicamp.br\/covid-19\/wp-json\/wp\/v2\/pages"}],"about":[{"href":"https:\/\/www.blogs.unicamp.br\/covid-19\/wp-json\/wp\/v2\/types\/page"}],"author":[{"embeddable":true,"href":"https:\/\/www.blogs.unicamp.br\/covid-19\/wp-json\/wp\/v2\/users\/362"}],"replies":[{"embeddable":true,"href":"https:\/\/www.blogs.unicamp.br\/covid-19\/wp-json\/wp\/v2\/comments?post=2642"}],"version-history":[{"count":1,"href":"https:\/\/www.blogs.unicamp.br\/covid-19\/wp-json\/wp\/v2\/pages\/2642\/revisions"}],"predecessor-version":[{"id":2643,"href":"https:\/\/www.blogs.unicamp.br\/covid-19\/wp-json\/wp\/v2\/pages\/2642\/revisions\/2643"}],"wp:attachment":[{"href":"https:\/\/www.blogs.unicamp.br\/covid-19\/wp-json\/wp\/v2\/media?parent=2642"}],"curies":[{"name":"wp","href":"https:\/\/api.w.org\/{rel}","templated":true}]}}