{"id":369,"date":"2011-08-28T23:51:10","date_gmt":"2011-08-28T23:51:10","guid":{"rendered":"http:\/\/scienceblogs.com.br\/dispersando\/?page_id=2"},"modified":"2011-08-28T23:51:10","modified_gmt":"2011-08-28T23:51:10","slug":"sobre","status":"publish","type":"page","link":"https:\/\/www.blogs.unicamp.br\/dispersando\/sobre\/","title":{"rendered":"Sobre"},"content":{"rendered":"<p style=\"margin: 0.0px 0.0px 12.0px 0.0px;font: 15.0px Times New Roman\">N\u00e3o mais satisfeitos em apenas dispersar Ci\u00eancias escrevendo, os blogueiros do ScienceBlogs Brasil juntaram-se em um novo projeto: o podcast Dispersando.<\/p>\n<p style=\"margin: 0.0px 0.0px 12.0px 0.0px;font: 15.0px Times New Roman\">J\u00e1 em sua segunda encarna\u00e7\u00e3o e agora em v\u00eddeo, o Dispersando atualmente mostra entrevistas com os blogueiros que recentemente passaram a fazer parte da nossa equipe.<\/p>\n<p style=\"margin: 0.0px 0.0px 12.0px 0.0px;font: 15.0px Times New Roman\">Muita Ci\u00eancia, informa\u00e7\u00e3o e divertimento com o padr\u00e3o de qualidade que nossos leitores j\u00e1 conhecem.<\/p>\n","protected":false},"excerpt":{"rendered":"<p>N\u00e3o mais satisfeitos em apenas dispersar Ci\u00eancias escrevendo, os blogueiros do ScienceBlogs Brasil juntaram-se em um novo projeto: o podcast Dispersando. J\u00e1 em sua segunda encarna\u00e7\u00e3o e agora em v\u00eddeo, o Dispersando atualmente mostra entrevistas com os blogueiros que recentemente passaram a fazer parte da nossa equipe. Muita Ci\u00eancia, informa\u00e7\u00e3o e divertimento com o padr\u00e3o [&hellip;]<\/p>\n","protected":false},"author":482,"featured_media":0,"parent":0,"menu_order":0,"comment_status":"closed","ping_status":"open","template":"","meta":{"inline_featured_image":false,"editor_plus_copied_stylings":"{}","_monsterinsights_skip_tracking":false,"_monsterinsights_sitenote_active":false,"_monsterinsights_sitenote_note":"","_monsterinsights_sitenote_category":0,"pgc_sgb_lightbox_settings":"","_vp_format_video_url":"","_vp_image_focal_point":[],"footnotes":""},"class_list":["post-369","page","type-page","status-publish","hentry"],"_links":{"self":[{"href":"https:\/\/www.blogs.unicamp.br\/dispersando\/wp-json\/wp\/v2\/pages\/369","targetHints":{"allow":["GET"]}}],"collection":[{"href":"https:\/\/www.blogs.unicamp.br\/dispersando\/wp-json\/wp\/v2\/pages"}],"about":[{"href":"https:\/\/www.blogs.unicamp.br\/dispersando\/wp-json\/wp\/v2\/types\/page"}],"author":[{"embeddable":true,"href":"https:\/\/www.blogs.unicamp.br\/dispersando\/wp-json\/wp\/v2\/users\/482"}],"replies":[{"embeddable":true,"href":"https:\/\/www.blogs.unicamp.br\/dispersando\/wp-json\/wp\/v2\/comments?post=369"}],"version-history":[{"count":0,"href":"https:\/\/www.blogs.unicamp.br\/dispersando\/wp-json\/wp\/v2\/pages\/369\/revisions"}],"wp:attachment":[{"href":"https:\/\/www.blogs.unicamp.br\/dispersando\/wp-json\/wp\/v2\/media?parent=369"}],"curies":[{"name":"wp","href":"https:\/\/api.w.org\/{rel}","templated":true}]}}