{"id":514,"date":"2020-10-27T14:46:02","date_gmt":"2020-10-27T17:46:02","guid":{"rendered":"https:\/\/www.blogs.unicamp.br\/dnaexplica\/?page_id=514"},"modified":"2020-10-27T14:49:55","modified_gmt":"2020-10-27T17:49:55","slug":"wright","status":"publish","type":"page","link":"https:\/\/www.blogs.unicamp.br\/dnaexplica\/wright\/","title":{"rendered":"Sewall Green WRIGHT"},"content":{"rendered":"\n<p>Suas contribui\u00e7\u00f5es para a gen\u00e9tica de popula\u00e7\u00f5es s\u00e3o inestim\u00e1veis. Desenvolveu modelos estat\u00edsticos que explicam e estimam as altera\u00e7\u00f5es nas frequ\u00eancias g\u00eanicas devidas ao acaso (o que chamamos de <strong>deriva gen\u00e9tica<\/strong>) e devidas ao cruzamento entre indiv\u00edduos aparentados (o que chamamos de <strong>endogamia <\/strong>ou <strong>endocruzamento<\/strong>).<\/p>\n\n\n\n<p><\/p>\n\n\n\n<p><strong>Leia mais:<\/strong><\/p>\n\n\n\n<p><\/p>\n\n\n\n<p><a href=\"http:\/\/www.nasonline.org\/publications\/biographical-memoirs\/memoir-pdfs\/wright-sewall.pdf\" target=\"_blank\" rel=\"noreferrer noopener\">http:\/\/www.nasonline.org\/publications\/biographical-memoirs\/memoir-pdfs\/wright-sewall.pdf<\/a><\/p>\n\n\n\n<p><\/p>\n\n\n\n<p><strong>Imagem<\/strong>:<\/p>\n\n\n\n<p><a href=\"https:\/\/www.genetics.org\/content\/202\/1\/3\" target=\"_blank\" rel=\"noreferrer noopener\">https:\/\/www.genetics.org\/content\/202\/1\/3<\/a><\/p>\n","protected":false},"excerpt":{"rendered":"<p>Suas contribui\u00e7\u00f5es para a gen\u00e9tica de popula\u00e7\u00f5es s\u00e3o inestim\u00e1veis. Desenvolveu modelos estat\u00edsticos que explicam e estimam as altera\u00e7\u00f5es nas frequ\u00eancias g\u00eanicas devidas ao acaso (o que chamamos de deriva gen\u00e9tica) e devidas ao cruzamento entre indiv\u00edduos aparentados (o que chamamos de endogamia ou endocruzamento). Leia mais: http:\/\/www.nasonline.org\/publications\/biographical-memoirs\/memoir-pdfs\/wright-sewall.pdf Imagem: https:\/\/www.genetics.org\/content\/202\/1\/3<\/p>\n","protected":false},"author":449,"featured_media":0,"parent":0,"menu_order":0,"comment_status":"closed","ping_status":"closed","template":"","meta":{"_monsterinsights_skip_tracking":false,"_monsterinsights_sitenote_active":false,"_monsterinsights_sitenote_note":"","_monsterinsights_sitenote_category":0,"pgc_sgb_lightbox_settings":"","_vp_format_video_url":"","_vp_image_focal_point":[],"footnotes":""},"class_list":["post-514","page","type-page","status-publish","hentry"],"_links":{"self":[{"href":"https:\/\/www.blogs.unicamp.br\/dnaexplica\/wp-json\/wp\/v2\/pages\/514","targetHints":{"allow":["GET"]}}],"collection":[{"href":"https:\/\/www.blogs.unicamp.br\/dnaexplica\/wp-json\/wp\/v2\/pages"}],"about":[{"href":"https:\/\/www.blogs.unicamp.br\/dnaexplica\/wp-json\/wp\/v2\/types\/page"}],"author":[{"embeddable":true,"href":"https:\/\/www.blogs.unicamp.br\/dnaexplica\/wp-json\/wp\/v2\/users\/449"}],"replies":[{"embeddable":true,"href":"https:\/\/www.blogs.unicamp.br\/dnaexplica\/wp-json\/wp\/v2\/comments?post=514"}],"version-history":[{"count":3,"href":"https:\/\/www.blogs.unicamp.br\/dnaexplica\/wp-json\/wp\/v2\/pages\/514\/revisions"}],"predecessor-version":[{"id":520,"href":"https:\/\/www.blogs.unicamp.br\/dnaexplica\/wp-json\/wp\/v2\/pages\/514\/revisions\/520"}],"wp:attachment":[{"href":"https:\/\/www.blogs.unicamp.br\/dnaexplica\/wp-json\/wp\/v2\/media?parent=514"}],"curies":[{"name":"wp","href":"https:\/\/api.w.org\/{rel}","templated":true}]}}