{"id":77,"date":"2020-11-02T17:11:41","date_gmt":"2020-11-02T20:11:41","guid":{"rendered":"https:\/\/www.blogs.unicamp.br\/emrc\/?page_id=77"},"modified":"2020-11-02T17:11:41","modified_gmt":"2020-11-02T20:11:41","slug":"emrc-5","status":"publish","type":"page","link":"https:\/\/www.blogs.unicamp.br\/emrc\/emrc-5\/","title":{"rendered":"EMRC"},"content":{"rendered":"\n<p>Saiba mais sobre nosso trabalho, projetos, vagas ou entre em contato para maiores informa\u00e7\u00f5es atrav\u00e9s de nosso site!<\/p>\n\n\n\n<p><a href=\"https:\/\/emrc.ib.unicamp.br\/pt\/\" target=\"_blank\" rel=\"noreferrer noopener\">https:\/\/emrc.ib.unicamp.br\/pt\/<\/a> <\/p>\n","protected":false},"excerpt":{"rendered":"<div class=\"mh-excerpt\"><p>Saiba mais sobre nosso trabalho, projetos, vagas ou entre em contato para maiores informa\u00e7\u00f5es atrav\u00e9s de nosso site! https:\/\/emrc.ib.unicamp.br\/pt\/<\/p>\n<\/div>","protected":false},"author":296,"featured_media":0,"parent":0,"menu_order":0,"comment_status":"closed","ping_status":"closed","template":"","meta":{"_monsterinsights_skip_tracking":false,"_monsterinsights_sitenote_active":false,"_monsterinsights_sitenote_note":"","_monsterinsights_sitenote_category":0,"pgc_sgb_lightbox_settings":"","_vp_format_video_url":"","_vp_image_focal_point":[],"footnotes":""},"class_list":["post-77","page","type-page","status-publish","hentry"],"yoast_head":"<!-- This site is optimized with the Yoast SEO plugin v27.4 - https:\/\/yoast.com\/product\/yoast-seo-wordpress\/ -->\n<title>EMRC | EMRC<\/title>\n<meta name=\"robots\" content=\"index, follow, max-snippet:-1, max-image-preview:large, max-video-preview:-1\" \/>\n<link rel=\"canonical\" href=\"https:\/\/www.blogs.unicamp.br\/emrc\/emrc-5\/\" \/>\n<meta property=\"og:locale\" content=\"pt_BR\" \/>\n<meta property=\"og:type\" content=\"article\" \/>\n<meta property=\"og:title\" content=\"EMRC | EMRC\" \/>\n<meta property=\"og:description\" content=\"Saiba mais sobre nosso trabalho, projetos, vagas ou entre em contato para maiores informa\u00e7\u00f5es atrav\u00e9s de nosso site! https:\/\/emrc.ib.unicamp.br\/pt\/\" \/>\n<meta property=\"og:url\" content=\"https:\/\/www.blogs.unicamp.br\/emrc\/emrc-5\/\" \/>\n<meta property=\"og:site_name\" content=\"EMRC\" \/>\n<meta name=\"twitter:card\" content=\"summary_large_image\" \/>\n<script type=\"application\/ld+json\" class=\"yoast-schema-graph\">{\"@context\":\"https:\\\/\\\/schema.org\",\"@graph\":[{\"@type\":\"WebPage\",\"@id\":\"https:\\\/\\\/www.blogs.unicamp.br\\\/emrc\\\/emrc-5\\\/\",\"url\":\"https:\\\/\\\/www.blogs.unicamp.br\\\/emrc\\\/emrc-5\\\/\",\"name\":\"EMRC | EMRC\",\"isPartOf\":{\"@id\":\"https:\\\/\\\/www.blogs.unicamp.br\\\/emrc\\\/#website\"},\"datePublished\":\"2020-11-02T20:11:41+00:00\",\"breadcrumb\":{\"@id\":\"https:\\\/\\\/www.blogs.unicamp.br\\\/emrc\\\/emrc-5\\\/#breadcrumb\"},\"inLanguage\":\"pt-BR\",\"potentialAction\":[{\"@type\":\"ReadAction\",\"target\":[\"https:\\\/\\\/www.blogs.unicamp.br\\\/emrc\\\/emrc-5\\\/\"]}]},{\"@type\":\"BreadcrumbList\",\"@id\":\"https:\\\/\\\/www.blogs.unicamp.br\\\/emrc\\\/emrc-5\\\/#breadcrumb\",\"itemListElement\":[{\"@type\":\"ListItem\",\"position\":1,\"name\":\"In\u00edcio\",\"item\":\"https:\\\/\\\/www.blogs.unicamp.br\\\/emrc\\\/\"},{\"@type\":\"ListItem\",\"position\":2,\"name\":\"EMRC\"}]},{\"@type\":\"WebSite\",\"@id\":\"https:\\\/\\\/www.blogs.unicamp.br\\\/emrc\\\/#website\",\"url\":\"https:\\\/\\\/www.blogs.unicamp.br\\\/emrc\\\/\",\"name\":\"EMRC\",\"description\":\"um blog sobre a rotina da pesquisa na \u00e1rea de Medicina Experimental\",\"potentialAction\":[{\"@type\":\"SearchAction\",\"target\":{\"@type\":\"EntryPoint\",\"urlTemplate\":\"https:\\\/\\\/www.blogs.unicamp.br\\\/emrc\\\/?s={search_term_string}\"},\"query-input\":{\"@type\":\"PropertyValueSpecification\",\"valueRequired\":true,\"valueName\":\"search_term_string\"}}],\"inLanguage\":\"pt-BR\"}]}<\/script>\n<!-- \/ Yoast SEO plugin. -->","yoast_head_json":{"title":"EMRC | EMRC","robots":{"index":"index","follow":"follow","max-snippet":"max-snippet:-1","max-image-preview":"max-image-preview:large","max-video-preview":"max-video-preview:-1"},"canonical":"https:\/\/www.blogs.unicamp.br\/emrc\/emrc-5\/","og_locale":"pt_BR","og_type":"article","og_title":"EMRC | EMRC","og_description":"Saiba mais sobre nosso trabalho, projetos, vagas ou entre em contato para maiores informa\u00e7\u00f5es atrav\u00e9s de nosso site! https:\/\/emrc.ib.unicamp.br\/pt\/","og_url":"https:\/\/www.blogs.unicamp.br\/emrc\/emrc-5\/","og_site_name":"EMRC","twitter_card":"summary_large_image","schema":{"@context":"https:\/\/schema.org","@graph":[{"@type":"WebPage","@id":"https:\/\/www.blogs.unicamp.br\/emrc\/emrc-5\/","url":"https:\/\/www.blogs.unicamp.br\/emrc\/emrc-5\/","name":"EMRC | EMRC","isPartOf":{"@id":"https:\/\/www.blogs.unicamp.br\/emrc\/#website"},"datePublished":"2020-11-02T20:11:41+00:00","breadcrumb":{"@id":"https:\/\/www.blogs.unicamp.br\/emrc\/emrc-5\/#breadcrumb"},"inLanguage":"pt-BR","potentialAction":[{"@type":"ReadAction","target":["https:\/\/www.blogs.unicamp.br\/emrc\/emrc-5\/"]}]},{"@type":"BreadcrumbList","@id":"https:\/\/www.blogs.unicamp.br\/emrc\/emrc-5\/#breadcrumb","itemListElement":[{"@type":"ListItem","position":1,"name":"In\u00edcio","item":"https:\/\/www.blogs.unicamp.br\/emrc\/"},{"@type":"ListItem","position":2,"name":"EMRC"}]},{"@type":"WebSite","@id":"https:\/\/www.blogs.unicamp.br\/emrc\/#website","url":"https:\/\/www.blogs.unicamp.br\/emrc\/","name":"EMRC","description":"um blog sobre a rotina da pesquisa na \u00e1rea de Medicina Experimental","potentialAction":[{"@type":"SearchAction","target":{"@type":"EntryPoint","urlTemplate":"https:\/\/www.blogs.unicamp.br\/emrc\/?s={search_term_string}"},"query-input":{"@type":"PropertyValueSpecification","valueRequired":true,"valueName":"search_term_string"}}],"inLanguage":"pt-BR"}]}},"_links":{"self":[{"href":"https:\/\/www.blogs.unicamp.br\/emrc\/wp-json\/wp\/v2\/pages\/77","targetHints":{"allow":["GET"]}}],"collection":[{"href":"https:\/\/www.blogs.unicamp.br\/emrc\/wp-json\/wp\/v2\/pages"}],"about":[{"href":"https:\/\/www.blogs.unicamp.br\/emrc\/wp-json\/wp\/v2\/types\/page"}],"author":[{"embeddable":true,"href":"https:\/\/www.blogs.unicamp.br\/emrc\/wp-json\/wp\/v2\/users\/296"}],"replies":[{"embeddable":true,"href":"https:\/\/www.blogs.unicamp.br\/emrc\/wp-json\/wp\/v2\/comments?post=77"}],"version-history":[{"count":0,"href":"https:\/\/www.blogs.unicamp.br\/emrc\/wp-json\/wp\/v2\/pages\/77\/revisions"}],"wp:attachment":[{"href":"https:\/\/www.blogs.unicamp.br\/emrc\/wp-json\/wp\/v2\/media?parent=77"}],"curies":[{"name":"wp","href":"https:\/\/api.w.org\/{rel}","templated":true}]}}