{"id":1043,"date":"2006-01-21T02:10:24","date_gmt":"2006-01-21T02:10:24","guid":{"rendered":"\/about\/"},"modified":"2006-01-21T02:10:24","modified_gmt":"2006-01-21T02:10:24","slug":"about","status":"publish","type":"page","link":"https:\/\/www.blogs.unicamp.br\/energiaeambiente\/about\/","title":{"rendered":"About\/Sobre"},"content":{"rendered":"<h3>Gilberto De Martino Jannuzzi<\/h3>\n<p style=\"text-align:right\"><a href=\"http:\/\/scholar.google.com\/citations?hl=en&amp;authuser=3&amp;user=pO_E2O4AAAAJ\" target=\"_blank\">My citations page at Google Scholar<\/a><\/p>\n<p>I am Professor of Energy Systems at the Department of Energy, <a href=\"http:\/\/www.fem.unicamp.br\/\">Mechanical Engineering Faculty<\/a> , <a href=\"http:\/\/www.unicamp.br\/\">UNICAMP (University of Campinas),<\/a> former Dean of the <a href=\"http:\/\/fit.fem.unicamp.br\/hppos\/posplaner.html\">Graduate Program in Energy Planning<\/a> of this University, and former the Head and current Senior Researcher at the <a href=\"http:\/\/www.nipeunicamp.org.br\">Centre for Interdisciplinary Energy Studies<\/a> at UNICAMP.<\/p>\n<p>I am also the Executive Director of the <a href=\"http:\/\/www.iei-la.org\/\" target=\"_blank\">International Energy Initiative (IEI)\u00a0<\/a>, a Southern-conceived, Southern-led and Southern-located South-South-North partnership. It is a small, independent, international non-governmental public-purpose organization led by internationally recognized energy experts, and with regional offices, staff and programs in <a href=\"http:\/\/www.iei-la.org\/\">Latin America <\/a>, Africa and Asia. IEI is responsible for the publication of the <a href=\"http:\/\/www.journals.elsevier.com\/energy-for-sustainable-development\/\" target=\"_blank\">Energy for Sustainable Development journal<\/a> (Elsevier).<\/p>\n<p>I have a Ph.D. degree from Cambridge University, U.K. (Energy Research Group, Cavendish Laboratory), and spent some time as Visiting Scholar at Lawrence Berkeley National Lab ., USA, UNEP Centre on Energy and Environment, Denmark, Centre International de Recherche sur l&#8217;Environnement et le D\u00e9veloppement , France, and others. I have been the Technical Coordinator of the National Energy R&amp;D Fund at the <a href=\"http:\/\/www.cgee.org.br\/\">Centre for Strategic Management and Studies<\/a>, Brazilian Ministry of Science and Technology. Previously, I was the Executive-Director of the Technology Transfer Office of the University of Campinas.<\/p>\n<p>My interests are related to energy planning, with special emphasis on energy efficiency and conservation, renewables, energy and environmental policy, and technology transfer issues.<\/p>\n<p><a href=\"http:\/\/br.linkedin.com\/in\/gmjannuzzi\"><br \/>\n<img decoding=\"async\" class=\"aligncenter\" style=\"border:0\" src=\"http:\/\/www.linkedin.com\/img\/webpromo\/btn_profile_greytxt_80x15.png\" alt=\"View Gilberto De Martino Jannuzzi's profile on LinkedIn\" width=\"80\" height=\"15\" \/><\/a><\/p>\n<p style=\"text-align:center\"><a href=\"http:\/\/lattes.cnpq.br\/8452695309949645\" target=\"_blank\">Curriculum Vitae\u00a0 <img decoding=\"async\" class=\"alignnone\" title=\"CV Lattes CNPq\" src=\"http:\/\/www.fem.unicamp.br\/~jannuzzi\/images\/cnpq.jpg\" alt=\"\" width=\"93\" height=\"31\" \/><\/a><\/p>\n<h3>Gilberto De Martino Jannuzzi<\/h3>\n<p style=\"text-align:right\"><a href=\"http:\/\/scholar.google.com\/citations?hl=en&amp;authuser=3&amp;user=pO_E2O4AAAAJ\" target=\"_blank\">Cita\u00e7\u00f5es atrav\u00e9s do Google Acad\u00eamico<\/a><\/p>\n<p>Sou Professor Titular em Sistemas Energ\u00e9ticos do Departamento de Energia, <a href=\"http:\/\/www.fem.unicamp.br\" target=\"_blank\">Faculdade de Engenharia Mec\u00e2nica da UNICAMP<\/a> (Universidade de Campinas), ex-coordenador da P\u00f3s-Gradua\u00e7\u00e3o em Planejamento Energ\u00e9tico da Universidade, \u00a0ex- coordenador e atual Pesquisador S\u00eanior do <a href=\"http:\/\/www.nipeunicamp.org.br\" target=\"_blank\">N\u00facleo Interdisciplinar de Energia daUNICAMP (NIPE-UNICAMP)<\/a>.<\/p>\n<p>Sou tamb\u00e9m Diretor Executivo da <a href=\"http:\/\/www.iei-la.org\" target=\"_blank\">International Energy Initiative-IEI<\/a>, uma pequena, organiza\u00e7\u00e3o n\u00e3o-governamental internacional, independente e de utilidade \u00a0p\u00fablica conduzida por especialistas em energia, reconhecidos internacionalmente e com escrit\u00f3rios regionais e programas na Am\u00e9rica Latina, \u00c1frica e \u00c1sia. O IEI \u00e9 respons\u00e1vel pela edi\u00e7\u00e3o do peri\u00f3dico <a href=\"www.elsevier.com\/locate\/esd\" target=\"_blank\">Energy for Sustainable Development<\/a>, da editora Elsevier.<\/p>\n<p>Tenho Ph.D. pela Universidade de Cambridge, Reino Unido (Energy Research Group, <a href=\"http:\/\/www.phy.cam.ac.uk\/\" target=\"_blank\">Cavendish Laboratory<\/a>), e passei por institui\u00e7\u00f5es como Visiting Scholar no <a href=\"http:\/\/www.lbl.gov\/\">Laborat\u00f3rio Nacional Lawrence Berkeley<\/a>, E.U.A., <a href=\"http:\/\/uneprisoe.org\/\" target=\"_blank\">UNEP Centro de Energia e Meio Ambiente, da Dinamarca<\/a>, <a href=\"http:\/\/www.centre-cired.fr\/\">Centre International de Recherche sur l&#8217;Environnement et le D\u00e9veloppement<\/a>, da Fran\u00e7a, e outros. Fui coordenador t\u00e9cnico do <a href=\"http:\/\/www.mct.gov.br\/index.php\/content\/view\/725.html\" target=\"_blank\">Fundo CTEnerg<\/a> do Minist\u00e9rio de Ci\u00eancia e Tecnologia, e analista do <a href=\"http:\/\/www.cgee.org.br\" target=\"_blank\">Centro de Gest\u00e3o e Estudos Estrat\u00e9gicos<\/a>, Minist\u00e9rio da Ci\u00eancia e Tecnologia. Na UNICAMP fui tamb\u00e9m diretor-executivo do Escrit\u00f3rio de Transfer\u00eancia de Tecnologia.<\/p>\n<p>Tenho tr\u00eas livros publicados em Planejamento Energ\u00e9tico e Pol\u00edticas Energ\u00e9ticas, diversos\u00a0artigos publicados em revistas especializadas, e orientei mais de 35 alunos de mestrado e doutorado.<\/p>\n<p>Meus interesses s\u00e3o relacionados a planejamento energ\u00e9tico, com especial \u00eanfase para efici\u00eancia e conserva\u00e7\u00e3o de energia, energias renov\u00e1veis, pol\u00edtica energ\u00e9tica e ambiental, e quest\u00f5es de transfer\u00eancia de tecnologia.<br \/>\n<a href=\"http:\/\/br.linkedin.com\/in\/gmjannuzzi\"><br \/>\n<img decoding=\"async\" class=\"aligncenter\" src=\"http:\/\/www.linkedin.com\/img\/webpromo\/btn_profile_greytxt_80x15.png\" alt=\"View Gilberto De Martino Jannuzzi's profile on LinkedIn\" width=\"80\" height=\"15\" \/><\/a><\/p>\n<p style=\"text-align:center\"><a title=\"Curriculum Vitae\" href=\"http:\/\/lattes.cnpq.br\/8452695309949645\" target=\"_blank\">Meu CV-Lattes <img loading=\"lazy\" decoding=\"async\" title=\"CV Lattes CNPq\" src=\"http:\/\/www.fem.unicamp.br\/~jannuzzi\/images\/cnpq.jpg\" alt=\"\" width=\"111\" height=\"37\" \/><\/a><\/p>\n<p><img decoding=\"async\" src=\"\/DOCUME%7E1\/Gilberto\/CONFIG%7E1\/Temp\/moz-screenshot-1.jpg\" alt=\"\" \/><\/p>\n","protected":false},"excerpt":{"rendered":"<p>Gilberto De Martino Jannuzzi My citations page at Google Scholar I am Professor of Energy Systems at the Department of<\/p>\n","protected":false},"author":12,"featured_media":0,"parent":0,"menu_order":1,"comment_status":"closed","ping_status":"open","template":"","meta":{"colormag_page_container_layout":"default_layout","colormag_page_sidebar_layout":"default_layout","_monsterinsights_skip_tracking":false,"_monsterinsights_sitenote_active":false,"_monsterinsights_sitenote_note":"","_monsterinsights_sitenote_category":0,"pgc_sgb_lightbox_settings":"","_vp_format_video_url":"","_vp_image_focal_point":[],"footnotes":""},"class_list":["post-1043","page","type-page","status-publish","hentry"],"_links":{"self":[{"href":"https:\/\/www.blogs.unicamp.br\/energiaeambiente\/wp-json\/wp\/v2\/pages\/1043","targetHints":{"allow":["GET"]}}],"collection":[{"href":"https:\/\/www.blogs.unicamp.br\/energiaeambiente\/wp-json\/wp\/v2\/pages"}],"about":[{"href":"https:\/\/www.blogs.unicamp.br\/energiaeambiente\/wp-json\/wp\/v2\/types\/page"}],"author":[{"embeddable":true,"href":"https:\/\/www.blogs.unicamp.br\/energiaeambiente\/wp-json\/wp\/v2\/users\/12"}],"replies":[{"embeddable":true,"href":"https:\/\/www.blogs.unicamp.br\/energiaeambiente\/wp-json\/wp\/v2\/comments?post=1043"}],"version-history":[{"count":0,"href":"https:\/\/www.blogs.unicamp.br\/energiaeambiente\/wp-json\/wp\/v2\/pages\/1043\/revisions"}],"wp:attachment":[{"href":"https:\/\/www.blogs.unicamp.br\/energiaeambiente\/wp-json\/wp\/v2\/media?parent=1043"}],"curies":[{"name":"wp","href":"https:\/\/api.w.org\/{rel}","templated":true}]}}