{"id":1360,"date":"2017-05-22T10:27:37","date_gmt":"2017-05-22T13:27:37","guid":{"rendered":"https:\/\/www.blogs.unicamp.br\/energiaeambiente\/?page_id=1360"},"modified":"2017-05-22T10:27:38","modified_gmt":"2017-05-22T13:27:38","slug":"rede","status":"publish","type":"page","link":"https:\/\/www.blogs.unicamp.br\/energiaeambiente\/rede\/","title":{"rendered":"Rede"},"content":{"rendered":"<p>O blog Energia &amp; Ambiente\u00a0faz parte de uma rede blogs de divulga\u00e7\u00e3o cient\u00edfica da Universidade Estadual de Campinas (UNICAMP). Assim, se voc\u00ea quiser conhecer mais desse projeto e ter acesso aos demais blogs que fazem parte desta rede, segue o link de acesso para o Blogring:<\/p>\n<p><a href=\"https:\/\/www.blogs.unicamp.br\/\"><img fetchpriority=\"high\" decoding=\"async\" class=\"aligncenter wp-image-423 \" src=\"https:\/\/www.blogs.unicamp.br\/lantec\/wp-content\/uploads\/sites\/4\/2016\/03\/logo_.png\" sizes=\"(max-width: 414px) 100vw, 414px\" srcset=\"https:\/\/www.blogs.unicamp.br\/apedra\/wp-content\/uploads\/sites\/4\/2016\/03\/logo_.png 1430w, https:\/\/www.blogs.unicamp.br\/apedra\/wp-content\/uploads\/sites\/4\/2016\/03\/logo_-300x164.png 300w, https:\/\/www.blogs.unicamp.br\/apedra\/wp-content\/uploads\/sites\/4\/2016\/03\/logo_-768x421.png 768w, https:\/\/www.blogs.unicamp.br\/apedra\/wp-content\/uploads\/sites\/4\/2016\/03\/logo_-1024x561.png 1024w\" alt=\"\" width=\"414\" height=\"227\" \/><\/a><\/p>\n","protected":false},"excerpt":{"rendered":"<p>O blog Energia &amp; Ambiente\u00a0faz parte de uma rede blogs de divulga\u00e7\u00e3o cient\u00edfica da Universidade Estadual de Campinas (UNICAMP). Assim,<\/p>\n","protected":false},"author":1,"featured_media":0,"parent":0,"menu_order":0,"comment_status":"closed","ping_status":"closed","template":"","meta":{"colormag_page_container_layout":"default_layout","colormag_page_sidebar_layout":"default_layout","_monsterinsights_skip_tracking":false,"_monsterinsights_sitenote_active":false,"_monsterinsights_sitenote_note":"","_monsterinsights_sitenote_category":0,"pgc_sgb_lightbox_settings":"","_vp_format_video_url":"","_vp_image_focal_point":[],"footnotes":""},"class_list":["post-1360","page","type-page","status-publish","hentry"],"_links":{"self":[{"href":"https:\/\/www.blogs.unicamp.br\/energiaeambiente\/wp-json\/wp\/v2\/pages\/1360","targetHints":{"allow":["GET"]}}],"collection":[{"href":"https:\/\/www.blogs.unicamp.br\/energiaeambiente\/wp-json\/wp\/v2\/pages"}],"about":[{"href":"https:\/\/www.blogs.unicamp.br\/energiaeambiente\/wp-json\/wp\/v2\/types\/page"}],"author":[{"embeddable":true,"href":"https:\/\/www.blogs.unicamp.br\/energiaeambiente\/wp-json\/wp\/v2\/users\/1"}],"replies":[{"embeddable":true,"href":"https:\/\/www.blogs.unicamp.br\/energiaeambiente\/wp-json\/wp\/v2\/comments?post=1360"}],"version-history":[{"count":1,"href":"https:\/\/www.blogs.unicamp.br\/energiaeambiente\/wp-json\/wp\/v2\/pages\/1360\/revisions"}],"predecessor-version":[{"id":1361,"href":"https:\/\/www.blogs.unicamp.br\/energiaeambiente\/wp-json\/wp\/v2\/pages\/1360\/revisions\/1361"}],"wp:attachment":[{"href":"https:\/\/www.blogs.unicamp.br\/energiaeambiente\/wp-json\/wp\/v2\/media?parent=1360"}],"curies":[{"name":"wp","href":"https:\/\/api.w.org\/{rel}","templated":true}]}}