{"id":25,"date":"2026-02-09T14:59:21","date_gmt":"2026-02-09T17:59:21","guid":{"rendered":"https:\/\/www.blogs.unicamp.br\/farmacoemfoco\/?page_id=25"},"modified":"2026-02-10T15:13:30","modified_gmt":"2026-02-10T18:13:30","slug":"rede-blogs-unicamp","status":"publish","type":"page","link":"https:\/\/www.blogs.unicamp.br\/farmacoemfoco\/rede-blogs-unicamp\/","title":{"rendered":"Rede Blogs Unicamp"},"content":{"rendered":"\n<p class=\" eplus-wrapper\">O blog Farmaco em Foco faz parte da rede\u00a0<a href=\"http:\/\/www.blogs.unicamp.br\/\" target=\"_blank\" rel=\"noreferrer noopener\">Blogs de Ci\u00eancia<\/a>, uma rede de blogs de divulga\u00e7\u00e3o cient\u00edfica da Universidade Estadual de Campinas (Unicamp). Assim, se voc\u00ea quiser conhecer mais desse projeto e ter acesso aos demais blogs que fazem parte desta rede, segue o link de acesso para a rede:<\/p>\n\n\n\n<figure class=\" wp-block-image size-large eplus-wrapper\"><a href=\"https:\/\/www.blogs.unicamp.br\/\" target=\"_blank\" rel=\" noreferrer noopener\"><img fetchpriority=\"high\" decoding=\"async\" width=\"1024\" height=\"576\" src=\"https:\/\/www.blogs.unicamp.br\/farmacoemfoco\/wp-content\/uploads\/sites\/303\/2026\/02\/Design-sem-nome-4-1024x576.png\" alt=\"\" class=\"wp-image-26\" srcset=\"https:\/\/www.blogs.unicamp.br\/farmacoemfoco\/wp-content\/uploads\/sites\/303\/2026\/02\/Design-sem-nome-4-1024x576.png 1024w, https:\/\/www.blogs.unicamp.br\/farmacoemfoco\/wp-content\/uploads\/sites\/303\/2026\/02\/Design-sem-nome-4-300x169.png 300w, https:\/\/www.blogs.unicamp.br\/farmacoemfoco\/wp-content\/uploads\/sites\/303\/2026\/02\/Design-sem-nome-4-768x432.png 768w, https:\/\/www.blogs.unicamp.br\/farmacoemfoco\/wp-content\/uploads\/sites\/303\/2026\/02\/Design-sem-nome-4-1536x864.png 1536w, https:\/\/www.blogs.unicamp.br\/farmacoemfoco\/wp-content\/uploads\/sites\/303\/2026\/02\/Design-sem-nome-4-500x281.png 500w, https:\/\/www.blogs.unicamp.br\/farmacoemfoco\/wp-content\/uploads\/sites\/303\/2026\/02\/Design-sem-nome-4-800x450.png 800w, https:\/\/www.blogs.unicamp.br\/farmacoemfoco\/wp-content\/uploads\/sites\/303\/2026\/02\/Design-sem-nome-4-1280x720.png 1280w, https:\/\/www.blogs.unicamp.br\/farmacoemfoco\/wp-content\/uploads\/sites\/303\/2026\/02\/Design-sem-nome-4.png 1920w\" sizes=\"(max-width: 1024px) 100vw, 1024px\" \/><\/a><\/figure>\n","protected":false},"excerpt":{"rendered":"<p>O blog Farmaco em Foco faz parte da rede\u00a0Blogs de Ci\u00eancia, uma rede de blogs de divulga\u00e7\u00e3o cient\u00edfica da Universidade Estadual de Campinas (Unicamp). Assim, se voc\u00ea quiser conhecer mais desse projeto e ter acesso aos demais blogs que fazem parte desta rede, segue o link de acesso para a rede:<\/p>\n","protected":false},"author":296,"featured_media":0,"parent":0,"menu_order":0,"comment_status":"closed","ping_status":"closed","template":"","meta":{"_et_pb_use_builder":"","_et_pb_old_content":"","_et_gb_content_width":"","_eb_attr":"","_monsterinsights_skip_tracking":false,"_monsterinsights_sitenote_active":false,"_monsterinsights_sitenote_note":"","_monsterinsights_sitenote_category":0,"pgc_sgb_lightbox_settings":"","_vp_format_video_url":"","_vp_image_focal_point":[],"footnotes":""},"class_list":["post-25","page","type-page","status-publish","hentry"],"_links":{"self":[{"href":"https:\/\/www.blogs.unicamp.br\/farmacoemfoco\/wp-json\/wp\/v2\/pages\/25","targetHints":{"allow":["GET"]}}],"collection":[{"href":"https:\/\/www.blogs.unicamp.br\/farmacoemfoco\/wp-json\/wp\/v2\/pages"}],"about":[{"href":"https:\/\/www.blogs.unicamp.br\/farmacoemfoco\/wp-json\/wp\/v2\/types\/page"}],"author":[{"embeddable":true,"href":"https:\/\/www.blogs.unicamp.br\/farmacoemfoco\/wp-json\/wp\/v2\/users\/296"}],"replies":[{"embeddable":true,"href":"https:\/\/www.blogs.unicamp.br\/farmacoemfoco\/wp-json\/wp\/v2\/comments?post=25"}],"version-history":[{"count":4,"href":"https:\/\/www.blogs.unicamp.br\/farmacoemfoco\/wp-json\/wp\/v2\/pages\/25\/revisions"}],"predecessor-version":[{"id":100,"href":"https:\/\/www.blogs.unicamp.br\/farmacoemfoco\/wp-json\/wp\/v2\/pages\/25\/revisions\/100"}],"wp:attachment":[{"href":"https:\/\/www.blogs.unicamp.br\/farmacoemfoco\/wp-json\/wp\/v2\/media?parent=25"}],"curies":[{"name":"wp","href":"https:\/\/api.w.org\/{rel}","templated":true}]}}