{"id":284,"date":"2026-02-11T18:26:04","date_gmt":"2026-02-11T21:26:04","guid":{"rendered":"https:\/\/www.blogs.unicamp.br\/farmacoemfoco\/?page_id=284"},"modified":"2026-04-17T19:25:33","modified_gmt":"2026-04-17T22:25:33","slug":"ultimos-posts","status":"publish","type":"page","link":"https:\/\/www.blogs.unicamp.br\/farmacoemfoco\/","title":{"rendered":"\u00daltimos posts"},"content":{"rendered":"\t\t<div data-elementor-type=\"wp-page\" data-elementor-id=\"284\" class=\"elementor elementor-284\" data-elementor-settings=\"{&quot;ha_cmc_init_switcher&quot;:&quot;no&quot;}\">\n\t\t\t\t<div class=\"elementor-element elementor-element-54de0f6a e-flex e-con-boxed jltma-glass-effect-no e-con e-parent\" data-id=\"54de0f6a\" data-element_type=\"container\" data-e-type=\"container\" data-settings=\"{&quot;_ha_eqh_enable&quot;:false}\">\n\t\t\t\t\t<div class=\"e-con-inner\">\n\t\t\t\t<div class=\"elementor-element elementor-element-7d5cde6c jltma-glass-effect-no elementor-widget elementor-widget-text-editor\" data-id=\"7d5cde6c\" data-element_type=\"widget\" data-e-type=\"widget\" data-widget_type=\"text-editor.default\">\n\t\t\t\t\t\t\t\t\t\n\n\n<p class=\" eplus-wrapper\"><\/p>\n\n\n\n<p class=\" eplus-wrapper\"><\/p>\n\t\t\t\t\t\t\t\t<\/div>\n\t\t\t\t\t<\/div>\n\t\t\t\t<\/div>\n\t\t<div class=\"elementor-element elementor-element-271cfc2 e-flex e-con-boxed jltma-glass-effect-no e-con e-parent\" data-id=\"271cfc2\" data-element_type=\"container\" data-e-type=\"container\" data-settings=\"{&quot;_ha_eqh_enable&quot;:false}\">\n\t\t\t\t\t<div class=\"e-con-inner\">\n\t\t\t\t<div class=\"elementor-element elementor-element-47a3362 jltma-glass-effect-no elementor-widget elementor-widget-obfx-posts-grid\" data-id=\"47a3362\" data-element_type=\"widget\" data-e-type=\"widget\" data-widget_type=\"obfx-posts-grid.default\">\n\t\t\t\t<div class=\"elementor-widget-container\">\n\t\t\t\t\t<div class=\"obfx-grid\"><div class=\"obfx-grid-container obfx-grid-style-list obfx-grid-tablet-1 obfx-grid-desktop-1\"><div class=\"obfx-grid-wrapper\"><article class=\"obfx-grid-col\"><div class=\"obfx-grid-col-image\" style=\"\"><a href=\"https:\/\/www.blogs.unicamp.br\/farmacoemfoco\/2026\/04\/15\/obesidade-melatonina\/\" title=\"Obesidade: qual a rela\u00e7\u00e3o da melatonina com o ganho de peso?\"><img fetchpriority=\"high\" decoding=\"async\" width=\"2240\" height=\"1260\" src=\"https:\/\/www.blogs.unicamp.br\/farmacoemfoco\/wp-content\/uploads\/sites\/303\/2026\/04\/32.png\" class=\"img-responsive wp-post-image\" alt=\"32\" srcset=\"https:\/\/www.blogs.unicamp.br\/farmacoemfoco\/wp-content\/uploads\/sites\/303\/2026\/04\/32.png 2240w, https:\/\/www.blogs.unicamp.br\/farmacoemfoco\/wp-content\/uploads\/sites\/303\/2026\/04\/32-1280x720.png 1280w, https:\/\/www.blogs.unicamp.br\/farmacoemfoco\/wp-content\/uploads\/sites\/303\/2026\/04\/32-980x551.png 980w, https:\/\/www.blogs.unicamp.br\/farmacoemfoco\/wp-content\/uploads\/sites\/303\/2026\/04\/32-480x270.png 480w\" sizes=\"(min-width: 0px) and (max-width: 480px) 480px, (min-width: 481px) and (max-width: 980px) 980px, (min-width: 981px) and (max-width: 1280px) 1280px, (min-width: 1281px) 2240px, 100vw\" \/><\/a><\/div><div class=\"obfx-grid-col-content\">\t\t\t<h2 class=\"entry-title obfx-grid-title\">\n\t\t\t\t\t\t\t<a href=\"https:\/\/www.blogs.unicamp.br\/farmacoemfoco\/2026\/04\/15\/obesidade-melatonina\/\" title=\"Obesidade: qual a rela\u00e7\u00e3o da melatonina com o ganho de peso?\">\n\t\t\t\t\tObesidade: qual a rela\u00e7\u00e3o da melatonina com o ganho de peso?\t\t\t\t<\/a>\n\t\t\t\t\t\t\t<\/h2>\n\t\t\t\t\t\t\t<div class=\"entry-meta obfx-grid-meta\">\n\n\t\t\t\t\t\t\t\t\t\t\t\t\t<span class=\"obfx-grid-author\">\n\t\t\t\t\t\t\t\t\t<i class=\"fas fa-user\"><\/i>Mia\t\t\t\t\t\t\t\t<\/span>\n\t\t\t\t\t\t\t\t\t\t\t\t\t\t\t\t<span class=\"obfx-grid-date\">\n\t\t\t\t\t\t\t\t\t<i class=\"fas fa-calendar\"><\/i>15 de abril de 2026\t\t\t\t\t\t\t\t<\/span>\n\t\t\t\t\t\t\t\t\n\t\t\t\t<\/div>\n\t\t\t\t<\/div><\/article><\/div><div class=\"obfx-grid-wrapper\"><article class=\"obfx-grid-col\"><div class=\"obfx-grid-col-image\" style=\"\"><a href=\"https:\/\/www.blogs.unicamp.br\/farmacoemfoco\/2026\/04\/01\/colageno-glicado\/\" title=\"Col\u00e1geno glicado: o que o diabetes deixa nos vasos mesmo ap\u00f3s o tratamento\"><img decoding=\"async\" width=\"2240\" height=\"1260\" src=\"https:\/\/www.blogs.unicamp.br\/farmacoemfoco\/wp-content\/uploads\/sites\/303\/2026\/04\/Final-blog-18.png\" class=\"img-responsive wp-post-image\" alt=\"Final &#8211; blog (18)\" srcset=\"https:\/\/www.blogs.unicamp.br\/farmacoemfoco\/wp-content\/uploads\/sites\/303\/2026\/04\/Final-blog-18.png 2240w, https:\/\/www.blogs.unicamp.br\/farmacoemfoco\/wp-content\/uploads\/sites\/303\/2026\/04\/Final-blog-18-1280x720.png 1280w, https:\/\/www.blogs.unicamp.br\/farmacoemfoco\/wp-content\/uploads\/sites\/303\/2026\/04\/Final-blog-18-980x551.png 980w, https:\/\/www.blogs.unicamp.br\/farmacoemfoco\/wp-content\/uploads\/sites\/303\/2026\/04\/Final-blog-18-480x270.png 480w\" sizes=\"(min-width: 0px) and (max-width: 480px) 480px, (min-width: 481px) and (max-width: 980px) 980px, (min-width: 981px) and (max-width: 1280px) 1280px, (min-width: 1281px) 2240px, 100vw\" \/><\/a><\/div><div class=\"obfx-grid-col-content\">\t\t\t<h2 class=\"entry-title obfx-grid-title\">\n\t\t\t\t\t\t\t<a href=\"https:\/\/www.blogs.unicamp.br\/farmacoemfoco\/2026\/04\/01\/colageno-glicado\/\" title=\"Col\u00e1geno glicado: o que o diabetes deixa nos vasos mesmo ap\u00f3s o tratamento\">\n\t\t\t\t\tCol\u00e1geno glicado: o que o diabetes deixa nos vasos mesmo ap\u00f3s o tratamento\t\t\t\t<\/a>\n\t\t\t\t\t\t\t<\/h2>\n\t\t\t\t\t\t\t<div class=\"entry-meta obfx-grid-meta\">\n\n\t\t\t\t\t\t\t\t\t\t\t\t\t<span class=\"obfx-grid-author\">\n\t\t\t\t\t\t\t\t\t<i class=\"fas fa-user\"><\/i>Mia\t\t\t\t\t\t\t\t<\/span>\n\t\t\t\t\t\t\t\t\t\t\t\t\t\t\t\t<span class=\"obfx-grid-date\">\n\t\t\t\t\t\t\t\t\t<i class=\"fas fa-calendar\"><\/i>1 de abril de 2026\t\t\t\t\t\t\t\t<\/span>\n\t\t\t\t\t\t\t\t\n\t\t\t\t<\/div>\n\t\t\t\t<\/div><\/article><\/div><div class=\"obfx-grid-wrapper\"><article class=\"obfx-grid-col\"><div class=\"obfx-grid-col-image\" style=\"\"><a href=\"https:\/\/www.blogs.unicamp.br\/farmacoemfoco\/2026\/03\/26\/reposicionamento\/\" title=\"Reposicionamento de f\u00e1rmacos: LUTED Lab investiga novos usos para medicamento j\u00e1 existente\"><img decoding=\"async\" width=\"2240\" height=\"1260\" src=\"https:\/\/www.blogs.unicamp.br\/farmacoemfoco\/wp-content\/uploads\/sites\/303\/2026\/03\/19.png\" class=\"img-responsive wp-post-image\" alt=\"19\" srcset=\"https:\/\/www.blogs.unicamp.br\/farmacoemfoco\/wp-content\/uploads\/sites\/303\/2026\/03\/19.png 2240w, https:\/\/www.blogs.unicamp.br\/farmacoemfoco\/wp-content\/uploads\/sites\/303\/2026\/03\/19-1280x720.png 1280w, https:\/\/www.blogs.unicamp.br\/farmacoemfoco\/wp-content\/uploads\/sites\/303\/2026\/03\/19-980x551.png 980w, https:\/\/www.blogs.unicamp.br\/farmacoemfoco\/wp-content\/uploads\/sites\/303\/2026\/03\/19-480x270.png 480w\" sizes=\"(min-width: 0px) and (max-width: 480px) 480px, (min-width: 481px) and (max-width: 980px) 980px, (min-width: 981px) and (max-width: 1280px) 1280px, (min-width: 1281px) 2240px, 100vw\" \/><\/a><\/div><div class=\"obfx-grid-col-content\">\t\t\t<h2 class=\"entry-title obfx-grid-title\">\n\t\t\t\t\t\t\t<a href=\"https:\/\/www.blogs.unicamp.br\/farmacoemfoco\/2026\/03\/26\/reposicionamento\/\" title=\"Reposicionamento de f\u00e1rmacos: LUTED Lab investiga novos usos para medicamento j\u00e1 existente\">\n\t\t\t\t\tReposicionamento de f\u00e1rmacos: LUTED Lab investiga novos usos para medicamento j\u00e1 existente\t\t\t\t<\/a>\n\t\t\t\t\t\t\t<\/h2>\n\t\t\t\t\t\t\t<div class=\"entry-meta obfx-grid-meta\">\n\n\t\t\t\t\t\t\t\t\t\t\t\t\t<span class=\"obfx-grid-author\">\n\t\t\t\t\t\t\t\t\t<i class=\"fas fa-user\"><\/i>Mia\t\t\t\t\t\t\t\t<\/span>\n\t\t\t\t\t\t\t\t\t\t\t\t\t\t\t\t<span class=\"obfx-grid-date\">\n\t\t\t\t\t\t\t\t\t<i class=\"fas fa-calendar\"><\/i>26 de mar\u00e7o de 2026\t\t\t\t\t\t\t\t<\/span>\n\t\t\t\t\t\t\t\t\n\t\t\t\t<\/div>\n\t\t\t\t<\/div><\/article><\/div><div class=\"obfx-grid-wrapper\"><article class=\"obfx-grid-col\"><div class=\"obfx-grid-col-image\" style=\"\"><a href=\"https:\/\/www.blogs.unicamp.br\/farmacoemfoco\/2026\/03\/17\/bexiga-diabetes\/\" title=\"Diabetes: nova docente busca entender complica\u00e7\u00e3o silenciosa\"><img loading=\"lazy\" decoding=\"async\" width=\"2240\" height=\"1260\" src=\"https:\/\/www.blogs.unicamp.br\/farmacoemfoco\/wp-content\/uploads\/sites\/303\/2026\/03\/16.png\" class=\"img-responsive wp-post-image\" alt=\"16\" srcset=\"https:\/\/www.blogs.unicamp.br\/farmacoemfoco\/wp-content\/uploads\/sites\/303\/2026\/03\/16.png 2240w, https:\/\/www.blogs.unicamp.br\/farmacoemfoco\/wp-content\/uploads\/sites\/303\/2026\/03\/16-1280x720.png 1280w, https:\/\/www.blogs.unicamp.br\/farmacoemfoco\/wp-content\/uploads\/sites\/303\/2026\/03\/16-980x551.png 980w, https:\/\/www.blogs.unicamp.br\/farmacoemfoco\/wp-content\/uploads\/sites\/303\/2026\/03\/16-480x270.png 480w\" sizes=\"(min-width: 0px) and (max-width: 480px) 480px, (min-width: 481px) and (max-width: 980px) 980px, (min-width: 981px) and (max-width: 1280px) 1280px, (min-width: 1281px) 2240px, 100vw\" \/><\/a><\/div><div class=\"obfx-grid-col-content\">\t\t\t<h2 class=\"entry-title obfx-grid-title\">\n\t\t\t\t\t\t\t<a href=\"https:\/\/www.blogs.unicamp.br\/farmacoemfoco\/2026\/03\/17\/bexiga-diabetes\/\" title=\"Diabetes: nova docente busca entender complica\u00e7\u00e3o silenciosa\">\n\t\t\t\t\tDiabetes: nova docente busca entender complica\u00e7\u00e3o silenciosa\t\t\t\t<\/a>\n\t\t\t\t\t\t\t<\/h2>\n\t\t\t\t\t\t\t<div class=\"entry-meta obfx-grid-meta\">\n\n\t\t\t\t\t\t\t\t\t\t\t\t\t<span class=\"obfx-grid-author\">\n\t\t\t\t\t\t\t\t\t<i class=\"fas fa-user\"><\/i>Mia\t\t\t\t\t\t\t\t<\/span>\n\t\t\t\t\t\t\t\t\t\t\t\t\t\t\t\t<span class=\"obfx-grid-date\">\n\t\t\t\t\t\t\t\t\t<i class=\"fas fa-calendar\"><\/i>17 de mar\u00e7o de 2026\t\t\t\t\t\t\t\t<\/span>\n\t\t\t\t\t\t\t\t\n\t\t\t\t<\/div>\n\t\t\t\t<\/div><\/article><\/div><div class=\"obfx-grid-wrapper\"><article class=\"obfx-grid-col\"><div class=\"obfx-grid-col-image\" style=\"\"><a href=\"https:\/\/www.blogs.unicamp.br\/farmacoemfoco\/2026\/03\/12\/imunoterapia-vespas\/\" title=\"Projeto busca melhorar a imunoterapia para o tratamento da alergia ao veneno de vespas\"><img loading=\"lazy\" decoding=\"async\" width=\"2240\" height=\"1260\" src=\"https:\/\/www.blogs.unicamp.br\/farmacoemfoco\/wp-content\/uploads\/sites\/303\/2026\/03\/Capa.png\" class=\"img-responsive wp-post-image\" alt=\"Capa\" srcset=\"https:\/\/www.blogs.unicamp.br\/farmacoemfoco\/wp-content\/uploads\/sites\/303\/2026\/03\/Capa.png 2240w, https:\/\/www.blogs.unicamp.br\/farmacoemfoco\/wp-content\/uploads\/sites\/303\/2026\/03\/Capa-1280x720.png 1280w, https:\/\/www.blogs.unicamp.br\/farmacoemfoco\/wp-content\/uploads\/sites\/303\/2026\/03\/Capa-980x551.png 980w, https:\/\/www.blogs.unicamp.br\/farmacoemfoco\/wp-content\/uploads\/sites\/303\/2026\/03\/Capa-480x270.png 480w\" sizes=\"(min-width: 0px) and (max-width: 480px) 480px, (min-width: 481px) and (max-width: 980px) 980px, (min-width: 981px) and (max-width: 1280px) 1280px, (min-width: 1281px) 2240px, 100vw\" \/><\/a><\/div><div class=\"obfx-grid-col-content\">\t\t\t<h2 class=\"entry-title obfx-grid-title\">\n\t\t\t\t\t\t\t<a href=\"https:\/\/www.blogs.unicamp.br\/farmacoemfoco\/2026\/03\/12\/imunoterapia-vespas\/\" title=\"Projeto busca melhorar a imunoterapia para o tratamento da alergia ao veneno de vespas\">\n\t\t\t\t\tProjeto busca melhorar a imunoterapia para o tratamento da alergia ao veneno de vespas\t\t\t\t<\/a>\n\t\t\t\t\t\t\t<\/h2>\n\t\t\t\t\t\t\t<div class=\"entry-meta obfx-grid-meta\">\n\n\t\t\t\t\t\t\t\t\t\t\t\t\t<span class=\"obfx-grid-author\">\n\t\t\t\t\t\t\t\t\t<i class=\"fas fa-user\"><\/i>Mia\t\t\t\t\t\t\t\t<\/span>\n\t\t\t\t\t\t\t\t\t\t\t\t\t\t\t\t<span class=\"obfx-grid-date\">\n\t\t\t\t\t\t\t\t\t<i class=\"fas fa-calendar\"><\/i>12 de mar\u00e7o de 2026\t\t\t\t\t\t\t\t<\/span>\n\t\t\t\t\t\t\t\t\n\t\t\t\t<\/div>\n\t\t\t\t<\/div><\/article><\/div><div class=\"obfx-grid-wrapper\"><article class=\"obfx-grid-col\"><div class=\"obfx-grid-col-image\" style=\"\"><a href=\"https:\/\/www.blogs.unicamp.br\/farmacoemfoco\/2026\/02\/27\/metotrexato-psoriase\/\" title=\"Inje\u00e7\u00e3o ao redor das unhas pode melhorar psor\u00edase por meses\"><img loading=\"lazy\" decoding=\"async\" width=\"2240\" height=\"1260\" src=\"https:\/\/www.blogs.unicamp.br\/farmacoemfoco\/wp-content\/uploads\/sites\/303\/2026\/02\/Capa-1.png\" class=\"img-responsive wp-post-image\" alt=\"Capa\" srcset=\"https:\/\/www.blogs.unicamp.br\/farmacoemfoco\/wp-content\/uploads\/sites\/303\/2026\/02\/Capa-1.png 2240w, https:\/\/www.blogs.unicamp.br\/farmacoemfoco\/wp-content\/uploads\/sites\/303\/2026\/02\/Capa-1-1280x720.png 1280w, https:\/\/www.blogs.unicamp.br\/farmacoemfoco\/wp-content\/uploads\/sites\/303\/2026\/02\/Capa-1-980x551.png 980w, https:\/\/www.blogs.unicamp.br\/farmacoemfoco\/wp-content\/uploads\/sites\/303\/2026\/02\/Capa-1-480x270.png 480w\" sizes=\"(min-width: 0px) and (max-width: 480px) 480px, (min-width: 481px) and (max-width: 980px) 980px, (min-width: 981px) and (max-width: 1280px) 1280px, (min-width: 1281px) 2240px, 100vw\" \/><\/a><\/div><div class=\"obfx-grid-col-content\">\t\t\t<h2 class=\"entry-title obfx-grid-title\">\n\t\t\t\t\t\t\t<a href=\"https:\/\/www.blogs.unicamp.br\/farmacoemfoco\/2026\/02\/27\/metotrexato-psoriase\/\" title=\"Inje\u00e7\u00e3o ao redor das unhas pode melhorar psor\u00edase por meses\">\n\t\t\t\t\tInje\u00e7\u00e3o ao redor das unhas pode melhorar psor\u00edase por meses\t\t\t\t<\/a>\n\t\t\t\t\t\t\t<\/h2>\n\t\t\t\t\t\t\t<div class=\"entry-meta obfx-grid-meta\">\n\n\t\t\t\t\t\t\t\t\t\t\t\t\t<span class=\"obfx-grid-author\">\n\t\t\t\t\t\t\t\t\t<i class=\"fas fa-user\"><\/i>Mia\t\t\t\t\t\t\t\t<\/span>\n\t\t\t\t\t\t\t\t\t\t\t\t\t\t\t\t<span class=\"obfx-grid-date\">\n\t\t\t\t\t\t\t\t\t<i class=\"fas fa-calendar\"><\/i>27 de fevereiro de 2026\t\t\t\t\t\t\t\t<\/span>\n\t\t\t\t\t\t\t\t\n\t\t\t\t<\/div>\n\t\t\t\t<\/div><\/article><\/div><div class=\"obfx-grid-wrapper\"><article class=\"obfx-grid-col\"><div class=\"obfx-grid-col-image\" style=\"\"><a href=\"https:\/\/www.blogs.unicamp.br\/farmacoemfoco\/2026\/02\/20\/o-que-farmacologista\/\" title=\"O que faz um farmacologista\"><img loading=\"lazy\" decoding=\"async\" width=\"2240\" height=\"1260\" src=\"https:\/\/www.blogs.unicamp.br\/farmacoemfoco\/wp-content\/uploads\/sites\/303\/2026\/02\/Capa.png\" class=\"img-responsive wp-post-image\" alt=\"Capa\" srcset=\"https:\/\/www.blogs.unicamp.br\/farmacoemfoco\/wp-content\/uploads\/sites\/303\/2026\/02\/Capa.png 2240w, https:\/\/www.blogs.unicamp.br\/farmacoemfoco\/wp-content\/uploads\/sites\/303\/2026\/02\/Capa-1280x720.png 1280w, https:\/\/www.blogs.unicamp.br\/farmacoemfoco\/wp-content\/uploads\/sites\/303\/2026\/02\/Capa-980x551.png 980w, https:\/\/www.blogs.unicamp.br\/farmacoemfoco\/wp-content\/uploads\/sites\/303\/2026\/02\/Capa-480x270.png 480w\" sizes=\"(min-width: 0px) and (max-width: 480px) 480px, (min-width: 481px) and (max-width: 980px) 980px, (min-width: 981px) and (max-width: 1280px) 1280px, (min-width: 1281px) 2240px, 100vw\" \/><\/a><\/div><div class=\"obfx-grid-col-content\">\t\t\t<h2 class=\"entry-title obfx-grid-title\">\n\t\t\t\t\t\t\t<a href=\"https:\/\/www.blogs.unicamp.br\/farmacoemfoco\/2026\/02\/20\/o-que-farmacologista\/\" title=\"O que faz um farmacologista\">\n\t\t\t\t\tO que faz um farmacologista\t\t\t\t<\/a>\n\t\t\t\t\t\t\t<\/h2>\n\t\t\t\t\t\t\t<div class=\"entry-meta obfx-grid-meta\">\n\n\t\t\t\t\t\t\t\t\t\t\t\t\t<span class=\"obfx-grid-author\">\n\t\t\t\t\t\t\t\t\t<i class=\"fas fa-user\"><\/i>Mia\t\t\t\t\t\t\t\t<\/span>\n\t\t\t\t\t\t\t\t\t\t\t\t\t\t\t\t<span class=\"obfx-grid-date\">\n\t\t\t\t\t\t\t\t\t<i class=\"fas fa-calendar\"><\/i>20 de fevereiro de 2026\t\t\t\t\t\t\t\t<\/span>\n\t\t\t\t\t\t\t\t\n\t\t\t\t<\/div>\n\t\t\t\t<\/div><\/article><\/div><div class=\"obfx-grid-wrapper\"><article class=\"obfx-grid-col\"><div class=\"obfx-grid-col-image\" style=\"\"><a href=\"https:\/\/www.blogs.unicamp.br\/farmacoemfoco\/2026\/02\/11\/6o-curso-de-verao\/\" title=\"6\u00ba Curso de Ver\u00e3o em Farmacologia da Unicamp\"><img loading=\"lazy\" decoding=\"async\" width=\"2240\" height=\"1260\" src=\"https:\/\/www.blogs.unicamp.br\/farmacoemfoco\/wp-content\/uploads\/sites\/303\/2026\/02\/2-2.png\" class=\"img-responsive wp-post-image\" alt=\"2\" srcset=\"https:\/\/www.blogs.unicamp.br\/farmacoemfoco\/wp-content\/uploads\/sites\/303\/2026\/02\/2-2.png 2240w, https:\/\/www.blogs.unicamp.br\/farmacoemfoco\/wp-content\/uploads\/sites\/303\/2026\/02\/2-2-1280x720.png 1280w, https:\/\/www.blogs.unicamp.br\/farmacoemfoco\/wp-content\/uploads\/sites\/303\/2026\/02\/2-2-980x551.png 980w, https:\/\/www.blogs.unicamp.br\/farmacoemfoco\/wp-content\/uploads\/sites\/303\/2026\/02\/2-2-480x270.png 480w\" sizes=\"(min-width: 0px) and (max-width: 480px) 480px, (min-width: 481px) and (max-width: 980px) 980px, (min-width: 981px) and (max-width: 1280px) 1280px, (min-width: 1281px) 2240px, 100vw\" \/><\/a><\/div><div class=\"obfx-grid-col-content\">\t\t\t<h2 class=\"entry-title obfx-grid-title\">\n\t\t\t\t\t\t\t<a href=\"https:\/\/www.blogs.unicamp.br\/farmacoemfoco\/2026\/02\/11\/6o-curso-de-verao\/\" title=\"6\u00ba Curso de Ver\u00e3o em Farmacologia da Unicamp\">\n\t\t\t\t\t6\u00ba Curso de Ver\u00e3o em Farmacologia da Unicamp\t\t\t\t<\/a>\n\t\t\t\t\t\t\t<\/h2>\n\t\t\t\t\t\t\t<div class=\"entry-meta obfx-grid-meta\">\n\n\t\t\t\t\t\t\t\t\t\t\t\t\t<span class=\"obfx-grid-author\">\n\t\t\t\t\t\t\t\t\t<i class=\"fas fa-user\"><\/i>Mia\t\t\t\t\t\t\t\t<\/span>\n\t\t\t\t\t\t\t\t\t\t\t\t\t\t\t\t<span class=\"obfx-grid-date\">\n\t\t\t\t\t\t\t\t\t<i class=\"fas fa-calendar\"><\/i>11 de fevereiro de 2026\t\t\t\t\t\t\t\t<\/span>\n\t\t\t\t\t\t\t\t\n\t\t\t\t<\/div>\n\t\t\t\t<\/div><\/article><\/div><\/div><!-- .obfx-grid-container --><\/div><!-- .obfx-grid -->\t\t\t\t<\/div>\n\t\t\t\t<\/div>\n\t\t\t\t\t<\/div>\n\t\t\t\t<\/div>\n\t\t\t\t<\/div>\n\t\t","protected":false},"excerpt":{"rendered":"<p>Obesidade: qual a rela\u00e7\u00e3o da melatonina com o ganho de peso? Mia 15 de abril de 2026 Col\u00e1geno glicado: o que o diabetes deixa nos vasos mesmo ap\u00f3s o tratamento Mia 1 de abril de 2026 Reposicionamento de f\u00e1rmacos: LUTED Lab investiga novos usos para medicamento j\u00e1 existente Mia 26 de mar\u00e7o de 2026 Diabetes: [&hellip;]<\/p>\n","protected":false},"author":776,"featured_media":0,"parent":0,"menu_order":0,"comment_status":"closed","ping_status":"closed","template":"","meta":{"_et_pb_use_builder":"","_et_pb_old_content":"","_et_gb_content_width":"","_eb_attr":"","_monsterinsights_skip_tracking":false,"_monsterinsights_sitenote_active":false,"_monsterinsights_sitenote_note":"","_monsterinsights_sitenote_category":0,"pgc_sgb_lightbox_settings":"","_vp_format_video_url":"","_vp_image_focal_point":[],"footnotes":""},"class_list":["post-284","page","type-page","status-publish","hentry"],"_links":{"self":[{"href":"https:\/\/www.blogs.unicamp.br\/farmacoemfoco\/wp-json\/wp\/v2\/pages\/284","targetHints":{"allow":["GET"]}}],"collection":[{"href":"https:\/\/www.blogs.unicamp.br\/farmacoemfoco\/wp-json\/wp\/v2\/pages"}],"about":[{"href":"https:\/\/www.blogs.unicamp.br\/farmacoemfoco\/wp-json\/wp\/v2\/types\/page"}],"author":[{"embeddable":true,"href":"https:\/\/www.blogs.unicamp.br\/farmacoemfoco\/wp-json\/wp\/v2\/users\/776"}],"replies":[{"embeddable":true,"href":"https:\/\/www.blogs.unicamp.br\/farmacoemfoco\/wp-json\/wp\/v2\/comments?post=284"}],"version-history":[{"count":26,"href":"https:\/\/www.blogs.unicamp.br\/farmacoemfoco\/wp-json\/wp\/v2\/pages\/284\/revisions"}],"predecessor-version":[{"id":694,"href":"https:\/\/www.blogs.unicamp.br\/farmacoemfoco\/wp-json\/wp\/v2\/pages\/284\/revisions\/694"}],"wp:attachment":[{"href":"https:\/\/www.blogs.unicamp.br\/farmacoemfoco\/wp-json\/wp\/v2\/media?parent=284"}],"curies":[{"name":"wp","href":"https:\/\/api.w.org\/{rel}","templated":true}]}}