{"id":123,"date":"2016-11-19T13:58:32","date_gmt":"2016-11-19T15:58:32","guid":{"rendered":"https:\/\/www.blogs.unicamp.br\/femurdistal\/?page_id=123"},"modified":"2023-07-12T21:02:54","modified_gmt":"2023-07-13T00:02:54","slug":"editor","status":"publish","type":"page","link":"https:\/\/www.blogs.unicamp.br\/femurdistal\/editor\/","title":{"rendered":"Editor"},"content":{"rendered":"<p>Alessandro Rozim Zorzi<\/p>\n<p>M\u00e9dico Ortopedista e Pesquisador na \u00e1rea de Medicina Regenerativa e Cirurgia do Joelho.<\/p>\n<p>Doutor e Mestre em Ci\u00eancias da Cirurgia pela Universidade Estadual de Campinas (UNICAMP).<\/p>\n<p>M\u00e9dico PAEPE no Hospital de Cl\u00ednicas da UNICAMP. Pesquisador e Professor de gradua\u00e7\u00e3o e p\u00f3s-gradua\u00e7\u00e3o na Faculdade de Medicina S\u00e3o Leopoldo Mandic em Campinas e em Araras. Vice-Coordenador do Programa de Mestrado em Ci\u00eancias M\u00e9dicas da Sl Mandic. Propriet\u00e1rio do Instituto Arthrocare &#8211; Ortopedia e Medicina do Esporte em Campinas. \u00a0<\/p>\n<p>Contato: arzorzi@unicamp.br<\/p>\n<p><a href=\"http:\/\/www.fcm.unicamp.br\/fcm\/departamento-de-ortopedia-e-traumatologia\" target=\"_blank\" rel=\"noopener noreferrer\">Departamento de Ortopedia, Reumatologia e Traumatologia da UNICAMP<\/a><\/p>\n<p>R Tess\u00e1lia Vieira de Camargo 126<\/p>\n<p>CEP 13083-887 Campinas -SP<\/p>\n<p>Fone\/Fax: 55(19)3521-7505<\/p>\n<p><a href=\"http:\/\/lattes.cnpq.br\/2089847146985508\" target=\"_blank\" rel=\"noopener noreferrer\">Curr\u00edculo Lattes<\/a><\/p>\n<p><a href=\"https:\/\/www.researchgate.net\/profile\/Alessandro_Zorzi\" target=\"_blank\" rel=\"noopener noreferrer\">Research Gate<\/a><\/p>\n<p><a href=\"https:\/\/twitter.com\/DrZorzi\" target=\"_blank\" rel=\"noopener noreferrer\">Twitter<\/a><\/p>\n<p>\u00a0<\/p>\n<p>\u00a0<\/p>\n\n\n<p class=\" eplus-wrapper\">Alessandro R Zorzi \u00e9 m\u00e9dico ortopedista, formado em 1999 na USP-Ribeir\u00e3o Preto. Fez resid\u00eancia m\u00e9dica, mestrado e doutorado na Unicamp. Atualmente \u00e9 m\u00e9dico PAEPE do Departamento de Ortopedia, Reumatologia e Traumatologia da UNICAMP, onde atua como cirurgi\u00e3o de joelho. <\/p>\n\n\n\n<p class=\" eplus-wrapper\">Atua ainda como membro relator do Comit\u00ea de \u00c9tica em Pesquisa com seres humanos da Pr\u00f3-Reitoria de Pesquisa da UNICAMP e no Comit\u00ea de \u00c9tica em Pesquisa da Faculdade SL Mandic. \u00c9 professor de gradua\u00e7\u00e3o e p\u00f3s-gradua\u00e7\u00e3o na Faculdade S\u00e3o Leopoldo Mandic Campinas e Araras e atua no atendimento de pacientes na rede p\u00fablica e privada. <\/p>\n\n\n\n<p class=\" eplus-wrapper\">E-mail: arzorzi@unicamp.br<\/p>\n","protected":false},"excerpt":{"rendered":"<p>Alessandro Rozim Zorzi M\u00e9dico Ortopedista e Pesquisador na \u00e1rea de Medicina Regenerativa e Cirurgia do Joelho. Doutor e Mestre em<\/p>\n","protected":false},"author":157,"featured_media":0,"parent":0,"menu_order":0,"comment_status":"closed","ping_status":"closed","template":"","meta":{"colormag_page_container_layout":"default_layout","colormag_page_sidebar_layout":"default_layout","_monsterinsights_skip_tracking":false,"_monsterinsights_sitenote_active":false,"_monsterinsights_sitenote_note":"","_monsterinsights_sitenote_category":0,"pgc_sgb_lightbox_settings":"","_vp_format_video_url":"","_vp_image_focal_point":[],"footnotes":""},"class_list":["post-123","page","type-page","status-publish","hentry"],"_links":{"self":[{"href":"https:\/\/www.blogs.unicamp.br\/femurdistal\/wp-json\/wp\/v2\/pages\/123","targetHints":{"allow":["GET"]}}],"collection":[{"href":"https:\/\/www.blogs.unicamp.br\/femurdistal\/wp-json\/wp\/v2\/pages"}],"about":[{"href":"https:\/\/www.blogs.unicamp.br\/femurdistal\/wp-json\/wp\/v2\/types\/page"}],"author":[{"embeddable":true,"href":"https:\/\/www.blogs.unicamp.br\/femurdistal\/wp-json\/wp\/v2\/users\/157"}],"replies":[{"embeddable":true,"href":"https:\/\/www.blogs.unicamp.br\/femurdistal\/wp-json\/wp\/v2\/comments?post=123"}],"version-history":[{"count":4,"href":"https:\/\/www.blogs.unicamp.br\/femurdistal\/wp-json\/wp\/v2\/pages\/123\/revisions"}],"predecessor-version":[{"id":621,"href":"https:\/\/www.blogs.unicamp.br\/femurdistal\/wp-json\/wp\/v2\/pages\/123\/revisions\/621"}],"wp:attachment":[{"href":"https:\/\/www.blogs.unicamp.br\/femurdistal\/wp-json\/wp\/v2\/media?parent=123"}],"curies":[{"name":"wp","href":"https:\/\/api.w.org\/{rel}","templated":true}]}}