{"id":96,"date":"2016-11-08T10:54:18","date_gmt":"2016-11-08T12:54:18","guid":{"rendered":"https:\/\/www.blogs.unicamp.br\/femurdistal\/?page_id=96"},"modified":"2016-11-08T11:59:40","modified_gmt":"2016-11-08T13:59:40","slug":"blogring","status":"publish","type":"page","link":"https:\/\/www.blogs.unicamp.br\/femurdistal\/blogring\/","title":{"rendered":"Rede de Blogs da UNICAMP"},"content":{"rendered":"<p><span style=\"font-size: 18pt\"><strong>Rede de Blogs da UNICAMP<\/strong><\/span><\/p>\n<p>&nbsp;<\/p>\n<p>O blog do FEMURDISTAL faz parte de uma rede blogs de divulga\u00e7\u00e3o cient\u00edfica da Universidade Estadual de Campinas (UNICAMP). Assim, se voc\u00ea quiser conhecer mais desse projeto e ter acesso aos demais blogs que fazem parte desta rede, segue o link de acesso para o Bloring:<\/p>\n<p><a href=\"https:\/\/www.blogs.unicamp.br\/pt_BR\/\"><img decoding=\"async\" class=\"alignnone wp-image-97 size-medium\" src=\"https:\/\/www.blogs.unicamp.br\/femurdistal\/wp-content\/uploads\/sites\/99\/2016\/11\/04-300x101-300x101.png\" alt=\"04-300x101\" width=\"300\" height=\"101\" \/><\/a><\/p>\n","protected":false},"excerpt":{"rendered":"<p>Rede de Blogs da UNICAMP &nbsp; O blog do FEMURDISTAL faz parte de uma rede blogs de divulga\u00e7\u00e3o cient\u00edfica da<\/p>\n","protected":false},"author":157,"featured_media":0,"parent":0,"menu_order":0,"comment_status":"closed","ping_status":"closed","template":"","meta":{"colormag_page_container_layout":"default_layout","colormag_page_sidebar_layout":"default_layout","_monsterinsights_skip_tracking":false,"_monsterinsights_sitenote_active":false,"_monsterinsights_sitenote_note":"","_monsterinsights_sitenote_category":0,"pgc_sgb_lightbox_settings":"","_vp_format_video_url":"","_vp_image_focal_point":[],"footnotes":""},"class_list":["post-96","page","type-page","status-publish","hentry"],"_links":{"self":[{"href":"https:\/\/www.blogs.unicamp.br\/femurdistal\/wp-json\/wp\/v2\/pages\/96","targetHints":{"allow":["GET"]}}],"collection":[{"href":"https:\/\/www.blogs.unicamp.br\/femurdistal\/wp-json\/wp\/v2\/pages"}],"about":[{"href":"https:\/\/www.blogs.unicamp.br\/femurdistal\/wp-json\/wp\/v2\/types\/page"}],"author":[{"embeddable":true,"href":"https:\/\/www.blogs.unicamp.br\/femurdistal\/wp-json\/wp\/v2\/users\/157"}],"replies":[{"embeddable":true,"href":"https:\/\/www.blogs.unicamp.br\/femurdistal\/wp-json\/wp\/v2\/comments?post=96"}],"version-history":[{"count":2,"href":"https:\/\/www.blogs.unicamp.br\/femurdistal\/wp-json\/wp\/v2\/pages\/96\/revisions"}],"predecessor-version":[{"id":106,"href":"https:\/\/www.blogs.unicamp.br\/femurdistal\/wp-json\/wp\/v2\/pages\/96\/revisions\/106"}],"wp:attachment":[{"href":"https:\/\/www.blogs.unicamp.br\/femurdistal\/wp-json\/wp\/v2\/media?parent=96"}],"curies":[{"name":"wp","href":"https:\/\/api.w.org\/{rel}","templated":true}]}}