{"id":1835,"date":"2011-12-21T22:13:59","date_gmt":"2011-12-22T01:13:59","guid":{"rendered":"http:\/\/scienceblogs.com.br\/hypercubic\/?page_id=1835"},"modified":"2011-12-21T22:13:59","modified_gmt":"2011-12-22T01:13:59","slug":"sobre","status":"publish","type":"page","link":"https:\/\/www.blogs.unicamp.br\/hypercubic\/sobre\/","title":{"rendered":"Sobre este ajuntamento de mol\u00e9culas org\u00e2nicas"},"content":{"rendered":"<div style=\"text-align: justify\">\n<a href=\"http:\/\/scienceblogs.com.br\/hypercubic\/files\/2012\/11\/tapadera.jpg\" data-rel=\"lightbox-image-0\" data-rl_title=\"\" data-rl_caption=\"\" title=\"\"><img decoding=\"async\" class=\"alignleft\" style=\"border: 0pt none\" src=\"http:\/\/scienceblogs.com.br\/hypercubic\/files\/2012\/11\/tapadera1.jpg\" alt=\"\" width=\"130\" height=\"140\" border=\"0\" \/><\/a><a href=\"http:\/\/scienceblogs.com.br\/hypercubic\/files\/2012\/11\/half.jpg\" data-rel=\"lightbox-image-1\" data-rl_title=\"\" data-rl_caption=\"\" title=\"\"><img decoding=\"async\" class=\"alignright\" style=\"cursor: move;border: 0pt none\" src=\"http:\/\/scienceblogs.com.br\/hypercubic\/files\/2012\/11\/half1.jpg\" alt=\"\" width=\"80\" height=\"269\" border=\"0\" \/><\/a>Ol\u00e1! Eu sou um ajuntamento de mol\u00e9culas org\u00e2nicas chamado Renato Pincelli (<em>a.k.a.<\/em>, rntpincelli, <em>vulgo <\/em>McLovin). Esse ajuntamento que vos escreve j\u00e1 existe, de forma mais ou menos coesa, h\u00e1 23 anos. Tenho intensa afinidade por leitura, ci\u00eancia em geral, fic\u00e7\u00e3o cient\u00edfica, cultura (in)\u00fatil, paradoxos, palavras estranhas, carros, e quase sempre estou ouvindo <em>Incubus<\/em>. Tentei ser designer e qu\u00edmico e ap\u00f3s dois EPIC FAILS no vestibular decidi ser jornalista, decis\u00e3o essa bastante infeliz, pois causou a queda do diploma. Como t\u00edpico <em>old-school nerd <\/em>sou intensamente t\u00edmido e tenho uma vida social quase inexistente \u2014 embora em condi\u00e7\u00f5es excepcionais de temperatura e press\u00e3o j\u00e1 tenha sido visto dan\u00e7ando <em>funk<\/em>.<br \/>\n&nbsp;\n<\/div>\n","protected":false},"excerpt":{"rendered":"<p>Ol\u00e1! Eu sou um ajuntamento de mol\u00e9culas org\u00e2nicas chamado Renato Pincelli (a.k.a., rntpincelli, vulgo McLovin). Esse ajuntamento que vos escreve j\u00e1 existe, de forma mais ou menos coesa, h\u00e1 23 anos. Tenho intensa afinidade por leitura, ci\u00eancia em geral, fic\u00e7\u00e3o cient\u00edfica, cultura (in)\u00fatil, paradoxos, palavras estranhas, carros, e quase sempre estou ouvindo Incubus. Tentei ser [&hellip;]<\/p>\n","protected":false},"author":486,"featured_media":1837,"parent":0,"menu_order":0,"comment_status":"open","ping_status":"open","template":"","meta":{"_eb_attr":"","_monsterinsights_skip_tracking":false,"_monsterinsights_sitenote_active":false,"_monsterinsights_sitenote_note":"","_monsterinsights_sitenote_category":0,"material-hide-sections":[],"pgc_sgb_lightbox_settings":"","_vp_format_video_url":"","_vp_image_focal_point":[],"footnotes":""},"class_list":["post-1835","page","type-page","status-publish","has-post-thumbnail","hentry"],"yoast_head":"<!-- This site is optimized with the Yoast SEO plugin v27.4 - https:\/\/yoast.com\/product\/yoast-seo-wordpress\/ -->\n<title>Sobre este ajuntamento de mol\u00e9culas org\u00e2nicas - hypercubic<\/title>\n<meta name=\"robots\" content=\"index, follow, max-snippet:-1, max-image-preview:large, max-video-preview:-1\" \/>\n<link rel=\"canonical\" href=\"https:\/\/www.blogs.unicamp.br\/hypercubic\/sobre\/\" \/>\n<meta name=\"twitter:label1\" content=\"Est. tempo de leitura\" \/>\n\t<meta name=\"twitter:data1\" content=\"1 minuto\" \/>\n<script type=\"application\/ld+json\" class=\"yoast-schema-graph\">{\"@context\":\"https:\\\/\\\/schema.org\",\"@graph\":[{\"@type\":\"WebPage\",\"@id\":\"https:\\\/\\\/www.blogs.unicamp.br\\\/hypercubic\\\/sobre\\\/\",\"url\":\"https:\\\/\\\/www.blogs.unicamp.br\\\/hypercubic\\\/sobre\\\/\",\"name\":\"Sobre este ajuntamento de mol\u00e9culas org\u00e2nicas - hypercubic\",\"isPartOf\":{\"@id\":\"https:\\\/\\\/www.blogs.unicamp.br\\\/hypercubic\\\/#website\"},\"primaryImageOfPage\":{\"@id\":\"https:\\\/\\\/www.blogs.unicamp.br\\\/hypercubic\\\/sobre\\\/#primaryimage\"},\"image\":{\"@id\":\"https:\\\/\\\/www.blogs.unicamp.br\\\/hypercubic\\\/sobre\\\/#primaryimage\"},\"thumbnailUrl\":\"https:\\\/\\\/www.blogs.unicamp.br\\\/hypercubic\\\/wp-content\\\/uploads\\\/sites\\\/249\\\/2011\\\/12\\\/tapadera.jpg\",\"datePublished\":\"2011-12-22T01:13:59+00:00\",\"breadcrumb\":{\"@id\":\"https:\\\/\\\/www.blogs.unicamp.br\\\/hypercubic\\\/sobre\\\/#breadcrumb\"},\"inLanguage\":\"pt-BR\",\"potentialAction\":[{\"@type\":\"ReadAction\",\"target\":[\"https:\\\/\\\/www.blogs.unicamp.br\\\/hypercubic\\\/sobre\\\/\"]}]},{\"@type\":\"ImageObject\",\"inLanguage\":\"pt-BR\",\"@id\":\"https:\\\/\\\/www.blogs.unicamp.br\\\/hypercubic\\\/sobre\\\/#primaryimage\",\"url\":\"https:\\\/\\\/www.blogs.unicamp.br\\\/hypercubic\\\/wp-content\\\/uploads\\\/sites\\\/249\\\/2011\\\/12\\\/tapadera.jpg\",\"contentUrl\":\"https:\\\/\\\/www.blogs.unicamp.br\\\/hypercubic\\\/wp-content\\\/uploads\\\/sites\\\/249\\\/2011\\\/12\\\/tapadera.jpg\",\"width\":186,\"height\":200},{\"@type\":\"BreadcrumbList\",\"@id\":\"https:\\\/\\\/www.blogs.unicamp.br\\\/hypercubic\\\/sobre\\\/#breadcrumb\",\"itemListElement\":[{\"@type\":\"ListItem\",\"position\":1,\"name\":\"In\u00edcio\",\"item\":\"https:\\\/\\\/www.blogs.unicamp.br\\\/hypercubic\\\/\"},{\"@type\":\"ListItem\",\"position\":2,\"name\":\"Sobre este ajuntamento de mol\u00e9culas org\u00e2nicas\"}]},{\"@type\":\"WebSite\",\"@id\":\"https:\\\/\\\/www.blogs.unicamp.br\\\/hypercubic\\\/#website\",\"url\":\"https:\\\/\\\/www.blogs.unicamp.br\\\/hypercubic\\\/\",\"name\":\"hypercubic\",\"description\":\"um hyperespa\u00e7o de ideias\",\"publisher\":{\"@id\":\"https:\\\/\\\/www.blogs.unicamp.br\\\/hypercubic\\\/#organization\"},\"potentialAction\":[{\"@type\":\"SearchAction\",\"target\":{\"@type\":\"EntryPoint\",\"urlTemplate\":\"https:\\\/\\\/www.blogs.unicamp.br\\\/hypercubic\\\/?s={search_term_string}\"},\"query-input\":{\"@type\":\"PropertyValueSpecification\",\"valueRequired\":true,\"valueName\":\"search_term_string\"}}],\"inLanguage\":\"pt-BR\"},{\"@type\":\"Organization\",\"@id\":\"https:\\\/\\\/www.blogs.unicamp.br\\\/hypercubic\\\/#organization\",\"name\":\"hypercubic\",\"url\":\"https:\\\/\\\/www.blogs.unicamp.br\\\/hypercubic\\\/\",\"logo\":{\"@type\":\"ImageObject\",\"inLanguage\":\"pt-BR\",\"@id\":\"https:\\\/\\\/www.blogs.unicamp.br\\\/hypercubic\\\/#\\\/schema\\\/logo\\\/image\\\/\",\"url\":\"https:\\\/\\\/www.blogs.unicamp.br\\\/hypercubic\\\/wp-content\\\/uploads\\\/sites\\\/249\\\/2022\\\/11\\\/cropped-Capa-do-Facebook-851x315-px.-1.png\",\"contentUrl\":\"https:\\\/\\\/www.blogs.unicamp.br\\\/hypercubic\\\/wp-content\\\/uploads\\\/sites\\\/249\\\/2022\\\/11\\\/cropped-Capa-do-Facebook-851x315-px.-1.png\",\"width\":197,\"height\":211,\"caption\":\"hypercubic\"},\"image\":{\"@id\":\"https:\\\/\\\/www.blogs.unicamp.br\\\/hypercubic\\\/#\\\/schema\\\/logo\\\/image\\\/\"},\"sameAs\":[\"https:\\\/\\\/www.facebook.com\\\/hypercubicBR\\\/\",\"https:\\\/\\\/www.instagram.com\\\/hypercubic.blog\\\/\"]}]}<\/script>\n<!-- \/ Yoast SEO plugin. -->","yoast_head_json":{"title":"Sobre este ajuntamento de mol\u00e9culas org\u00e2nicas - hypercubic","robots":{"index":"index","follow":"follow","max-snippet":"max-snippet:-1","max-image-preview":"max-image-preview:large","max-video-preview":"max-video-preview:-1"},"canonical":"https:\/\/www.blogs.unicamp.br\/hypercubic\/sobre\/","twitter_misc":{"Est. tempo de leitura":"1 minuto"},"schema":{"@context":"https:\/\/schema.org","@graph":[{"@type":"WebPage","@id":"https:\/\/www.blogs.unicamp.br\/hypercubic\/sobre\/","url":"https:\/\/www.blogs.unicamp.br\/hypercubic\/sobre\/","name":"Sobre este ajuntamento de mol\u00e9culas org\u00e2nicas - hypercubic","isPartOf":{"@id":"https:\/\/www.blogs.unicamp.br\/hypercubic\/#website"},"primaryImageOfPage":{"@id":"https:\/\/www.blogs.unicamp.br\/hypercubic\/sobre\/#primaryimage"},"image":{"@id":"https:\/\/www.blogs.unicamp.br\/hypercubic\/sobre\/#primaryimage"},"thumbnailUrl":"https:\/\/www.blogs.unicamp.br\/hypercubic\/wp-content\/uploads\/sites\/249\/2011\/12\/tapadera.jpg","datePublished":"2011-12-22T01:13:59+00:00","breadcrumb":{"@id":"https:\/\/www.blogs.unicamp.br\/hypercubic\/sobre\/#breadcrumb"},"inLanguage":"pt-BR","potentialAction":[{"@type":"ReadAction","target":["https:\/\/www.blogs.unicamp.br\/hypercubic\/sobre\/"]}]},{"@type":"ImageObject","inLanguage":"pt-BR","@id":"https:\/\/www.blogs.unicamp.br\/hypercubic\/sobre\/#primaryimage","url":"https:\/\/www.blogs.unicamp.br\/hypercubic\/wp-content\/uploads\/sites\/249\/2011\/12\/tapadera.jpg","contentUrl":"https:\/\/www.blogs.unicamp.br\/hypercubic\/wp-content\/uploads\/sites\/249\/2011\/12\/tapadera.jpg","width":186,"height":200},{"@type":"BreadcrumbList","@id":"https:\/\/www.blogs.unicamp.br\/hypercubic\/sobre\/#breadcrumb","itemListElement":[{"@type":"ListItem","position":1,"name":"In\u00edcio","item":"https:\/\/www.blogs.unicamp.br\/hypercubic\/"},{"@type":"ListItem","position":2,"name":"Sobre este ajuntamento de mol\u00e9culas org\u00e2nicas"}]},{"@type":"WebSite","@id":"https:\/\/www.blogs.unicamp.br\/hypercubic\/#website","url":"https:\/\/www.blogs.unicamp.br\/hypercubic\/","name":"hypercubic","description":"um hyperespa\u00e7o de ideias","publisher":{"@id":"https:\/\/www.blogs.unicamp.br\/hypercubic\/#organization"},"potentialAction":[{"@type":"SearchAction","target":{"@type":"EntryPoint","urlTemplate":"https:\/\/www.blogs.unicamp.br\/hypercubic\/?s={search_term_string}"},"query-input":{"@type":"PropertyValueSpecification","valueRequired":true,"valueName":"search_term_string"}}],"inLanguage":"pt-BR"},{"@type":"Organization","@id":"https:\/\/www.blogs.unicamp.br\/hypercubic\/#organization","name":"hypercubic","url":"https:\/\/www.blogs.unicamp.br\/hypercubic\/","logo":{"@type":"ImageObject","inLanguage":"pt-BR","@id":"https:\/\/www.blogs.unicamp.br\/hypercubic\/#\/schema\/logo\/image\/","url":"https:\/\/www.blogs.unicamp.br\/hypercubic\/wp-content\/uploads\/sites\/249\/2022\/11\/cropped-Capa-do-Facebook-851x315-px.-1.png","contentUrl":"https:\/\/www.blogs.unicamp.br\/hypercubic\/wp-content\/uploads\/sites\/249\/2022\/11\/cropped-Capa-do-Facebook-851x315-px.-1.png","width":197,"height":211,"caption":"hypercubic"},"image":{"@id":"https:\/\/www.blogs.unicamp.br\/hypercubic\/#\/schema\/logo\/image\/"},"sameAs":["https:\/\/www.facebook.com\/hypercubicBR\/","https:\/\/www.instagram.com\/hypercubic.blog\/"]}]}},"_links":{"self":[{"href":"https:\/\/www.blogs.unicamp.br\/hypercubic\/wp-json\/wp\/v2\/pages\/1835","targetHints":{"allow":["GET"]}}],"collection":[{"href":"https:\/\/www.blogs.unicamp.br\/hypercubic\/wp-json\/wp\/v2\/pages"}],"about":[{"href":"https:\/\/www.blogs.unicamp.br\/hypercubic\/wp-json\/wp\/v2\/types\/page"}],"author":[{"embeddable":true,"href":"https:\/\/www.blogs.unicamp.br\/hypercubic\/wp-json\/wp\/v2\/users\/486"}],"replies":[{"embeddable":true,"href":"https:\/\/www.blogs.unicamp.br\/hypercubic\/wp-json\/wp\/v2\/comments?post=1835"}],"version-history":[{"count":0,"href":"https:\/\/www.blogs.unicamp.br\/hypercubic\/wp-json\/wp\/v2\/pages\/1835\/revisions"}],"wp:featuredmedia":[{"embeddable":true,"href":"https:\/\/www.blogs.unicamp.br\/hypercubic\/wp-json\/wp\/v2\/media\/1837"}],"wp:attachment":[{"href":"https:\/\/www.blogs.unicamp.br\/hypercubic\/wp-json\/wp\/v2\/media?parent=1835"}],"curies":[{"name":"wp","href":"https:\/\/api.w.org\/{rel}","templated":true}]}}