{"id":2,"date":"2015-11-12T08:02:03","date_gmt":"2015-11-12T08:02:03","guid":{"rendered":"https:\/\/www.blogs.unicamp.br\/linguistica\/?page_id=2"},"modified":"2025-11-29T02:21:33","modified_gmt":"2025-11-29T02:21:33","slug":"cursodelinguistica","status":"publish","type":"page","link":"https:\/\/www.blogs.unicamp.br\/linguistica\/cursodelinguistica\/","title":{"rendered":"Venha cursar a Gradua\u00e7\u00e3o e a P\u00f3s-Gradua\u00e7\u00e3o em Lingu\u00edstica na Unicamp"},"content":{"rendered":"\n<figure class=\" wp-block-image size-large eplus-wrapper\"><a href=\"https:\/\/www.blogs.unicamp.br\/linguistica\/wp-content\/uploads\/sites\/23\/2025\/11\/Screenshot-2025-11-27-at-19.24.49.png\" data-rel=\"lightbox-image-0\" data-rl_title=\"\" data-rl_caption=\"\" title=\"\"><img fetchpriority=\"high\" decoding=\"async\" width=\"1024\" height=\"220\" src=\"https:\/\/www.blogs.unicamp.br\/linguistica\/wp-content\/uploads\/sites\/23\/2025\/11\/Screenshot-2025-11-27-at-19.24.49-1024x220.png\" alt=\"Pr\u00e9dio de administra\u00e7\u00e3o do Instituto de Estudos da Linguagem\" class=\"wp-image-2757\" srcset=\"https:\/\/www.blogs.unicamp.br\/linguistica\/wp-content\/uploads\/sites\/23\/2025\/11\/Screenshot-2025-11-27-at-19.24.49-1024x220.png 1024w, https:\/\/www.blogs.unicamp.br\/linguistica\/wp-content\/uploads\/sites\/23\/2025\/11\/Screenshot-2025-11-27-at-19.24.49-300x65.png 300w, https:\/\/www.blogs.unicamp.br\/linguistica\/wp-content\/uploads\/sites\/23\/2025\/11\/Screenshot-2025-11-27-at-19.24.49-768x165.png 768w, https:\/\/www.blogs.unicamp.br\/linguistica\/wp-content\/uploads\/sites\/23\/2025\/11\/Screenshot-2025-11-27-at-19.24.49-500x108.png 500w, https:\/\/www.blogs.unicamp.br\/linguistica\/wp-content\/uploads\/sites\/23\/2025\/11\/Screenshot-2025-11-27-at-19.24.49-800x172.png 800w, https:\/\/www.blogs.unicamp.br\/linguistica\/wp-content\/uploads\/sites\/23\/2025\/11\/Screenshot-2025-11-27-at-19.24.49-1280x276.png 1280w, https:\/\/www.blogs.unicamp.br\/linguistica\/wp-content\/uploads\/sites\/23\/2025\/11\/Screenshot-2025-11-27-at-19.24.49.png 1319w\" sizes=\"(max-width: 1024px) 100vw, 1024px\" \/><\/a><figcaption class=\"wp-element-caption\">Pr\u00e9dio de administra\u00e7\u00e3o do Instituto de Estudos da Linguagem<\/figcaption><\/figure>\n\n\n\n<h2 class=\" wp-block-heading eplus-wrapper\">1. Voc\u00ea j\u00e1 se fez ou se identifica com alguma das perguntas abaixo?<\/h2>\n\n\n\n<p class=\" eplus-wrapper\">Por que em todas as l\u00ednguas h\u00e1 argumenta\u00e7\u00e3o? <span style=\"color: #ff0000\"><strong>\u221e<\/strong> <\/span>Por que em todas encontramos classes gramaticais? <span style=\"color: #ff0000\"><strong>\u221e<\/strong> <\/span> Por que nem todos os falantes t\u00eam os mesmos direitos \u00e0s l\u00ednguas?<span style=\"color: #ff0000\"><strong>\u221e<\/strong> <\/span>Quantas l\u00ednguas h\u00e1 no mundo? E no Brasil? <span style=\"color: #ff0000\"><strong>\u221e<\/strong> <\/span> Que l\u00edngua se aprende na escola? <span style=\"color: #ff0000\"><strong>\u221e<\/strong> <\/span>Quando os homens come\u00e7aram a desenvolver sistemas de escrita? <span style=\"color: #ff0000\"><strong>\u221e<\/strong> <\/span> Quais as diferen\u00e7as entre fala e escrita? <span style=\"color: #ff0000\"><strong>\u221e<\/strong> <\/span> Como a internet afeta as rela\u00e7\u00f5es linguageiras e as pr\u00f3prias l\u00ednguas em sua organiza\u00e7\u00e3o interna? <span style=\"color: #ff0000\"><strong>\u221e<\/strong> <\/span> O que s\u00e3o patologias de linguagem? <span style=\"color: #ff0000\"><strong>\u221e<\/strong> <\/span> Como medir os sons e detectar os falantes pelos sons?&nbsp; <span style=\"color: #ff0000\"><strong>\u221e<\/strong> <\/span> Que pol\u00edticas de l\u00edngua podemos desenvolver na sociedade?&nbsp; <span style=\"color: #ff0000\"><strong>\u221e<\/strong> <\/span> Como as crian\u00e7as adquirem a linguagem? <span style=\"color: #ff0000\"><strong>\u221e<\/strong> <\/span> Como a mente humana processa a linguagem?<span style=\"color: #ff0000\"><strong>\u221e<\/strong> <\/span> Para que existem dicion\u00e1rios e gram\u00e1ticas? <span style=\"color: #ff0000\"><strong>\u221e<\/strong> <\/span> O portugu\u00eas do Brasil \u00e9 o mesmo portugu\u00eas de Portugal? <span style=\"color: #ff0000\"><strong>\u221e<\/strong> <\/span> O portugu\u00eas do Brasil \u00e9 um s\u00f3? <span style=\"color: #ff0000\"><strong>\u221e<\/strong> <\/span>Qual a rela\u00e7\u00e3o das l\u00ednguas ocidentais com o latim e grego? <span style=\"color: #ff0000\"><strong>\u221e<\/strong><\/span> Como o estudo das l\u00ednguas ind\u00edgenas contribui a compreender o funcionamento da linguagem na diversidade da rela\u00e7\u00e3o entre forma e sentido? <span style=\"color: #ff0000\"><strong>\u221e<\/strong><\/span> Por que muitas vezes falamos o que n\u00e3o queremos e n\u00e3o falamos o que queremos?&nbsp;<span style=\"color: #ff0000\"><strong>\u221e<\/strong><\/span> O que aquilo que sabemos sobre a linguagem nos ensina sobre o funcionamento do inconsciente? <span style=\"color: #ff0000\"><strong>\u221e<\/strong> <\/span> Como interpretar o que dizemos, lemos e ouvimos? Qual a rela\u00e7\u00e3o entre poder e linguagem? Como a circula\u00e7\u00e3o social dos discursos afeta o sentido?<\/p>\n\n\n\n<h3 class=\" wp-block-heading eplus-wrapper\">Se alguma dessas perguntas te chamou a aten\u00e7\u00e3o, voc\u00ea ser\u00e1 um excelente <span style=\"color: #ff0000\"><strong>Linguista<\/strong><\/span>. Venha estudar com a gente \ud83d\ude42<\/h3>\n\n\n\n<hr class=\" wp-block-separator has-alpha-channel-opacity eplus-wrapper\" \/>\n\n\n\n<h2 class=\" wp-block-heading eplus-wrapper\">2. Venha para o curso de Gradua\u00e7\u00e3o em Lingu\u00edstica da Unicamp!<\/h2>\n\n\n<div class=\"wp-block-image \">\n<figure class=\"alignright size-full is-resized eplus-wrapper\"><a href=\"https:\/\/www.blogs.unicamp.br\/linguistica\/wp-content\/uploads\/sites\/23\/2025\/11\/25estadao-2.png\" data-rel=\"lightbox-image-1\" data-rl_title=\"\" data-rl_caption=\"\" title=\"\"><img decoding=\"async\" width=\"299\" height=\"417\" src=\"https:\/\/www.blogs.unicamp.br\/linguistica\/wp-content\/uploads\/sites\/23\/2025\/11\/25estadao-2.png\" alt=\"\" class=\"wp-image-2835\" style=\"width:204px;height:auto\" srcset=\"https:\/\/www.blogs.unicamp.br\/linguistica\/wp-content\/uploads\/sites\/23\/2025\/11\/25estadao-2.png 299w, https:\/\/www.blogs.unicamp.br\/linguistica\/wp-content\/uploads\/sites\/23\/2025\/11\/25estadao-2-215x300.png 215w\" sizes=\"(max-width: 299px) 100vw, 299px\" \/><\/a><\/figure>\n<\/div>\n\n\n<p class=\" eplus-wrapper\"><span style=\"color: #000000\">\u00c9 por meio da linguagem, ao mesmo tempo como uma capacidade biol\u00f3gica humana, como meio de intera\u00e7\u00e3o social, e tamb\u00e9m dos diferentes e complexos sistemas lingu\u00edsticos verbais, que se constroem as rela\u00e7\u00f5es entre as pessoas. As quest\u00f5es que os linguistas estudam s\u00e3o, portanto, fundamentais para a compreens\u00e3o do ser humano, de seu modo de habitar o planeta.<\/span><\/p>\n\n\n\n<p class=\" eplus-wrapper\"><span style=\"color: #000000\">O curso de Bacharelado em Lingu\u00edstica do <a href=\"https:\/\/www.iel.unicamp.br\/\" data-type=\"link\" data-id=\"https:\/\/www.iel.unicamp.br\/\" target=\"_blank\" rel=\"noreferrer noopener\">Instituto de Estudos da Linguagem (IEL)<\/a> da UNICAMP forma profissionais capazes de pensar sobre a linguagem humana em seus mais diferentes aspectos, e capazes de atuar socialmente em quest\u00f5es sobre as diferentes l\u00ednguas do mundo e sobre a linguagem em geral. <\/span><\/p>\n\n\n\n<h3 class=\" wp-block-heading eplus-wrapper\">2.1 Como entrar no nosso curso?<\/h3>\n\n\n\n<p class=\" eplus-wrapper\"><strong>Se voc\u00ea j\u00e1 tem o Ensino M\u00e9dio completo ou est\u00e1 para terminar<\/strong>, voc\u00ea pode pode prestar o <strong>Vestibular da Unicamp<\/strong>, do <strong>Vestibular Ind\u00edgena<\/strong> (se for ind\u00edgena), usando sua nota no<strong> ENEM<\/strong> ou no <strong>Prov\u00e3o Paulista<\/strong>, ou usando suas <strong>medalhas em Olimp\u00edadas Cient\u00edficas<\/strong>. Ao realizar sua inscri\u00e7\u00e3o nos diferentes processos seletivos da Unicamp, <strong>indique o curso de Bacharelado em Lingu\u00edstica<\/strong>.<br>Para maiores informa\u00e7\u00f5es, acesse o site da <a href=\"https:\/\/www.comvest.unicamp.br\/\" data-type=\"link\" data-id=\"https:\/\/www.comvest.unicamp.br\/\" target=\"_blank\" rel=\"noreferrer noopener\"><strong>ComVest<\/strong><\/a>.<\/p>\n\n\n\n<figure class=\" wp-block-image size-large eplus-wrapper\"><a href=\"https:\/\/www.blogs.unicamp.br\/linguistica\/wp-content\/uploads\/sites\/23\/2025\/11\/Screenshot-2025-11-27-at-19.57.45.png\" data-rel=\"lightbox-image-2\" data-rl_title=\"\" data-rl_caption=\"\"><img decoding=\"async\" width=\"1024\" height=\"266\" src=\"https:\/\/www.blogs.unicamp.br\/linguistica\/wp-content\/uploads\/sites\/23\/2025\/11\/Screenshot-2025-11-27-at-19.57.45-1024x266.png\" alt=\"Centro Cultural do IEL\/Unicamp\" class=\"wp-image-2762\" title=\"\" srcset=\"https:\/\/www.blogs.unicamp.br\/linguistica\/wp-content\/uploads\/sites\/23\/2025\/11\/Screenshot-2025-11-27-at-19.57.45-1024x266.png 1024w, https:\/\/www.blogs.unicamp.br\/linguistica\/wp-content\/uploads\/sites\/23\/2025\/11\/Screenshot-2025-11-27-at-19.57.45-300x78.png 300w, https:\/\/www.blogs.unicamp.br\/linguistica\/wp-content\/uploads\/sites\/23\/2025\/11\/Screenshot-2025-11-27-at-19.57.45-768x200.png 768w, https:\/\/www.blogs.unicamp.br\/linguistica\/wp-content\/uploads\/sites\/23\/2025\/11\/Screenshot-2025-11-27-at-19.57.45-500x130.png 500w, https:\/\/www.blogs.unicamp.br\/linguistica\/wp-content\/uploads\/sites\/23\/2025\/11\/Screenshot-2025-11-27-at-19.57.45-800x208.png 800w, https:\/\/www.blogs.unicamp.br\/linguistica\/wp-content\/uploads\/sites\/23\/2025\/11\/Screenshot-2025-11-27-at-19.57.45-1280x333.png 1280w, https:\/\/www.blogs.unicamp.br\/linguistica\/wp-content\/uploads\/sites\/23\/2025\/11\/Screenshot-2025-11-27-at-19.57.45.png 1326w\" sizes=\"(max-width: 1024px) 100vw, 1024px\" \/><\/a><\/figure>\n\n\n\n<blockquote class=\"wp-block-quote eplus-wrapper is-layout-flow wp-block-quote-is-layout-flow\">\n<p class=\" eplus-wrapper\"><\/p>\n<\/blockquote>\n\n\n\n<h3 class=\" wp-block-heading eplus-wrapper\">2.2 Quer saber mais? Certificados de Estudos<\/h3>\n\n\n\n<p class=\" eplus-wrapper\"><span style=\"color: #000000\">A partir de 2018, passamos a oferecer Certificados de Estudos em tr\u00eas especialidades que concentram as \u00e1reas de pesquisa do Departamento de Lingu\u00edstica. <strong>O oferecimento dos Certificados de Estudos pretende encaminhar os alunos para possibilidades bem delineadas de atua\u00e7\u00e3o do linguista no mercado de trabalho<\/strong>.<\/span><\/p>\n\n\n\n<p class=\" has-text-align-left eplus-wrapper\"><span style=\"color: #000000\">Cada certificado contempla disciplinas obrigat\u00f3rias diretamente relacionadas ao campo de trabalho proposto, e uma sele\u00e7\u00e3o de disciplinas eletivas, que podem ser cumpridas dentro dos cr\u00e9ditos previstos na grade curricular. <\/span><\/p>\n\n\n\n<ul class=\" wp-block-list eplus-wrapper\">\n<li class=\" eplus-wrapper\"><span style=\"color: #0000ff\">M\u00e9todos Experimentais e Computacionais em Lingu\u00edstica<\/span><\/li>\n\n\n\n<li class=\" eplus-wrapper\"><span style=\"color: #0000ff\">Assessoria Lingu\u00edstica e Pol\u00edticas P\u00fablicas de Linguagem<\/span><\/li>\n\n\n\n<li class=\" eplus-wrapper\"><span style=\"color: #0000ff\">Estudos Cl\u00e1ssicos: grego e latim<\/span><\/li>\n<\/ul>\n\n\n\n<p class=\" eplus-wrapper\">Veja aqui as <a href=\"https:\/\/www.iel.unicamp.br\/graduacao\/disciplinas\/certificados-e-habilitacao\/certificados-de-estudos-em-linguistica\/\" data-type=\"link\" data-id=\"https:\/\/www.iel.unicamp.br\/graduacao\/disciplinas\/certificados-e-habilitacao\/certificados-de-estudos-em-linguistica\/\" target=\"_blank\" rel=\"noreferrer noopener\"><strong>Normas para obten\u00e7\u00e3o dos certificados de estudos<\/strong><\/a><\/p>\n\n\n\n<h4 class=\" wp-block-heading eplus-wrapper\">a. M\u00e9todos Experimentais e Computacionais em Lingu\u00edstica<\/h4>\n\n\n\n<p class=\" eplus-wrapper\">O <strong><span style=\"color: #0000ff\">Certificado de Estudos em M\u00e9todos Experimentais e Computacionais em Lingu\u00edstica<\/span><\/strong> enfatiza os conhecimentos e habilidades relacionados a procedimentos de an\u00e1lise lingu\u00edstica que exigem a realiza\u00e7\u00e3o de experimentos e\/ou o uso de ferramentas computacionais. Entre os campos que requerem esses procedimentos, podemos citar o tratamento digital de textos para elabora\u00e7\u00e3o de grandes bases de dados, desenvolvimento de recursos voltados \u00e0 Lingu\u00edstica Forense e \u00e0s chamadas tecnologias de fala (s\u00edntese, reconhecimento de fala e tradu\u00e7\u00e3o autom\u00e1tica fala-fala), an\u00e1lise gramatical voltada a tecnologias de revis\u00e3o autom\u00e1tica de textos, entre outros dom\u00ednios de aplica\u00e7\u00e3o. Veja um v\u00eddeo explicativo <a href=\"https:\/\/www.youtube.com\/watch?v=BrNtgrV_7XA\" data-type=\"link\" data-id=\"https:\/\/www.youtube.com\/watch?v=BrNtgrV_7XA\" target=\"_blank\" rel=\"noreferrer noopener\">aqui<\/a>.<\/p>\n\n\n\n<h4 class=\" wp-block-heading eplus-wrapper\">b. Assessoria Lingu\u00edstica e Pol\u00edticas P\u00fablicas de Linguagem<\/h4>\n\n\n\n<p class=\" eplus-wrapper\">No <strong><span style=\"color: #0000ff\">Certificado de Estudos em Assessoria Lingu\u00edstica e Pol\u00edticas P\u00fablicas de Linguagem,<\/span><\/strong> a reflex\u00e3o se dirige ao funcionamento institucional da linguagem, resultando em conhecimentos que possibilitam: a orienta\u00e7\u00e3o de pr\u00e1ticas junto ao universo da linguagem na inf\u00e2ncia, a concep\u00e7\u00e3o de materiais para a descri\u00e7\u00e3o e\/ou ensino de l\u00ednguas, o apoio a crian\u00e7as com dificuldades escolares e a indiv\u00edduos com altera\u00e7\u00f5es de linguagem, a revis\u00e3o especializada de textos, a assessoria \u00e0s \u00e1reas de comunica\u00e7\u00e3o e marketing, a elabora\u00e7\u00e3o de terminologias, e a formula\u00e7\u00e3o de pol\u00edticas lingu\u00edsticas com finalidades diversas, tais como: a promo\u00e7\u00e3o de rela\u00e7\u00f5es entre l\u00ednguas de Estado ou entre l\u00ednguas em contato, o fortalecimento de l\u00ednguas minorit\u00e1rias e a consultoria em processos de documenta\u00e7\u00e3o e de reconhecimento de l\u00ednguas ind\u00edgenas. Assista a um v\u00eddeo explicativo <a href=\"https:\/\/www.youtube.com\/watch?v=46bp7-UgzmA\" data-type=\"link\" data-id=\"https:\/\/www.youtube.com\/watch?v=46bp7-UgzmA\" target=\"_blank\" rel=\"noreferrer noopener\">aqui<\/a>.<\/p>\n\n\n\n<h4 class=\" wp-block-heading eplus-wrapper\">c. Estudos Cl\u00e1ssicos: Grego e Latim<\/h4>\n\n\n\n<p class=\" eplus-wrapper\">O <strong><span style=\"color: #0000ff\">Certificado em Estudos Cl\u00e1ssicos: grego e latim<\/span><\/strong> desenvolve conhecimentos e habilidades referentes \u00e0 compreens\u00e3o das l\u00ednguas Grego Cl\u00e1ssico e Latim, bem como de textos dos mais diversos g\u00eaneros nelas escritos na Antiguidade e em \u00e9pocas posteriores. Faz parte dessa compreens\u00e3o&nbsp;o estudo das matrizes gen\u00e9ricas desses textos e dos recursos ret\u00f3ricos e po\u00e9ticos neles empregados,&nbsp;bem como do contexto cultural e pol\u00edtico em que foram produzidos. Os estudos possibilitam, com isso, a tradu\u00e7\u00e3o dos textos do Grego Cl\u00e1ssico ou Latim para o portugu\u00eas, a concep\u00e7\u00e3o de materiais para o estudo e\/ou ensino de tais l\u00ednguas, bem como atividades editoriais (tradu\u00e7\u00e3o, revis\u00e3o especializada de textos), al\u00e9m de assessoria quanto a \u00e1reas de comunica\u00e7\u00e3o e marketing em temas que envolvam obras escritas nos idiomas cl\u00e1ssicos. Assista a um v\u00eddeo explicativo <a href=\"https:\/\/www.youtube.com\/watch?v=PTvpR0eFDdo\" target=\"_blank\" rel=\"noreferrer noopener\">aqui<\/a>.<\/p>\n\n\n\n<hr class=\" wp-block-separator has-alpha-channel-opacity eplus-wrapper\" \/>\n\n\n\n<p class=\" eplus-wrapper\">Na UNICAMP, o <a href=\"http:\/\/www.iel.unicamp.br\/br\/content\/lingu%C3%ADstica\" target=\"_blank\" rel=\"noopener noreferrer\">Curso de Bacharelado em Lingu\u00edstica<\/a>, bem como qualquer outro curso de gradua\u00e7\u00e3o em qualquer \u00e1rea, pode ser complementado na P\u00f3s-Gradua\u00e7\u00e3o nos <a href=\"http:\/\/www.iel.unicamp.br\/br\/content\/p%C3%B3s-gradua%C3%A7%C3%A3o-em-lingu%C3%ADstica\" target=\"_blank\" rel=\"noopener noreferrer\">Cursos de Mestrado e Doutorado em Lingu\u00edstica<\/a>, que oferecem mais uma op\u00e7\u00e3o de encaminhamento profissional para os que quiserem seguir carreira como docente no ensino de n\u00edvel superior e como pesquisador.<\/p>\n\n\n\n<p class=\" eplus-wrapper\">Siga nossa <a href=\"https:\/\/www.instagram.com\/hashtaglinguistica\" target=\"_blank\" rel=\"noreferrer noopener\">p\u00e1gina no Instagram<\/a>!!<\/p>\n\n\n\n<figure class=\" wp-block-image size-large eplus-wrapper\"><a href=\"https:\/\/www.blogs.unicamp.br\/linguistica\/wp-content\/uploads\/sites\/23\/2025\/11\/Screenshot-2025-11-27-at-20.03.56.png\" data-rel=\"lightbox-image-3\" data-rl_title=\"\" data-rl_caption=\"\" title=\"\"><img loading=\"lazy\" decoding=\"async\" width=\"1024\" height=\"327\" src=\"https:\/\/www.blogs.unicamp.br\/linguistica\/wp-content\/uploads\/sites\/23\/2025\/11\/Screenshot-2025-11-27-at-20.03.56-1024x327.png\" alt=\"\" class=\"wp-image-2764\" srcset=\"https:\/\/www.blogs.unicamp.br\/linguistica\/wp-content\/uploads\/sites\/23\/2025\/11\/Screenshot-2025-11-27-at-20.03.56-1024x327.png 1024w, https:\/\/www.blogs.unicamp.br\/linguistica\/wp-content\/uploads\/sites\/23\/2025\/11\/Screenshot-2025-11-27-at-20.03.56-300x96.png 300w, https:\/\/www.blogs.unicamp.br\/linguistica\/wp-content\/uploads\/sites\/23\/2025\/11\/Screenshot-2025-11-27-at-20.03.56-768x245.png 768w, https:\/\/www.blogs.unicamp.br\/linguistica\/wp-content\/uploads\/sites\/23\/2025\/11\/Screenshot-2025-11-27-at-20.03.56-1536x490.png 1536w, https:\/\/www.blogs.unicamp.br\/linguistica\/wp-content\/uploads\/sites\/23\/2025\/11\/Screenshot-2025-11-27-at-20.03.56-500x159.png 500w, https:\/\/www.blogs.unicamp.br\/linguistica\/wp-content\/uploads\/sites\/23\/2025\/11\/Screenshot-2025-11-27-at-20.03.56-800x255.png 800w, https:\/\/www.blogs.unicamp.br\/linguistica\/wp-content\/uploads\/sites\/23\/2025\/11\/Screenshot-2025-11-27-at-20.03.56-1280x408.png 1280w, https:\/\/www.blogs.unicamp.br\/linguistica\/wp-content\/uploads\/sites\/23\/2025\/11\/Screenshot-2025-11-27-at-20.03.56.png 1668w\" sizes=\"(max-width: 1024px) 100vw, 1024px\" \/><\/a><figcaption class=\"wp-element-caption\">Pr\u00e9dio de Salas de Aula do IEL<\/figcaption><\/figure>\n","protected":false},"excerpt":{"rendered":"<div class=\"mh-excerpt\"><p>1. Voc\u00ea j\u00e1 se fez ou se identifica com alguma das perguntas abaixo? Por que em todas as l\u00ednguas h\u00e1 argumenta\u00e7\u00e3o? \u221e Por que em <a class=\"mh-excerpt-more\" href=\"https:\/\/www.blogs.unicamp.br\/linguistica\/cursodelinguistica\/\" title=\"Venha cursar a Gradua\u00e7\u00e3o e a P\u00f3s-Gradua\u00e7\u00e3o em Lingu\u00edstica na Unicamp\">[&#8230;]<\/a><\/p>\n<\/div>","protected":false},"author":29,"featured_media":0,"parent":0,"menu_order":2,"comment_status":"closed","ping_status":"closed","template":"","meta":{"_monsterinsights_skip_tracking":false,"_monsterinsights_sitenote_active":false,"_monsterinsights_sitenote_note":"","_monsterinsights_sitenote_category":0,"pgc_sgb_lightbox_settings":"","_vp_format_video_url":"","_vp_image_focal_point":[],"footnotes":""},"class_list":["post-2","page","type-page","status-publish","hentry"],"_links":{"self":[{"href":"https:\/\/www.blogs.unicamp.br\/linguistica\/wp-json\/wp\/v2\/pages\/2","targetHints":{"allow":["GET"]}}],"collection":[{"href":"https:\/\/www.blogs.unicamp.br\/linguistica\/wp-json\/wp\/v2\/pages"}],"about":[{"href":"https:\/\/www.blogs.unicamp.br\/linguistica\/wp-json\/wp\/v2\/types\/page"}],"author":[{"embeddable":true,"href":"https:\/\/www.blogs.unicamp.br\/linguistica\/wp-json\/wp\/v2\/users\/29"}],"replies":[{"embeddable":true,"href":"https:\/\/www.blogs.unicamp.br\/linguistica\/wp-json\/wp\/v2\/comments?post=2"}],"version-history":[{"count":60,"href":"https:\/\/www.blogs.unicamp.br\/linguistica\/wp-json\/wp\/v2\/pages\/2\/revisions"}],"predecessor-version":[{"id":2840,"href":"https:\/\/www.blogs.unicamp.br\/linguistica\/wp-json\/wp\/v2\/pages\/2\/revisions\/2840"}],"wp:attachment":[{"href":"https:\/\/www.blogs.unicamp.br\/linguistica\/wp-json\/wp\/v2\/media?parent=2"}],"curies":[{"name":"wp","href":"https:\/\/api.w.org\/{rel}","templated":true}]}}