{"id":1233,"date":"2021-12-13T21:27:09","date_gmt":"2021-12-14T00:27:09","guid":{"rendered":"https:\/\/www.blogs.unicamp.br\/linhadefundo\/?page_id=1233"},"modified":"2021-12-13T21:27:09","modified_gmt":"2021-12-14T00:27:09","slug":"indice-links","status":"publish","type":"page","link":"https:\/\/www.blogs.unicamp.br\/linhadefundo\/indice-links\/","title":{"rendered":"\u00cdndice"},"content":{"rendered":"<p>[et_pb_section fb_built=&#8221;1&#8243; fullwidth=&#8221;on&#8221; admin_label=&#8221;cabecalho&#8221; _builder_version=&#8221;4.4.6&#8243; bottom_divider_style=&#8221;arrow&#8221; bottom_divider_color=&#8221;#eeeeee&#8221;][et_pb_fullwidth_header title=&#8221;@ET-DC@eyJkeW5hbWljIjp0cnVlLCJjb250ZW50IjoicG9zdF90aXRsZSIsInNldHRpbmdzIjp7ImJlZm9yZSI6IiIsImFmdGVyIjoiIn19@&#8221; text_orientation=&#8221;center&#8221; logo_image_url=&#8221;https:\/\/www.blogs.unicamp.br\/linhadefundo\/wp-content\/uploads\/sites\/268\/2021\/11\/100pxplanet-covid-icon.png&#8221; content_max_width=&#8221;15%&#8221; title_tablet=&#8221;&#8221; title_phone=&#8221;&#8221; title_last_edited=&#8221;on|phone&#8221; logo_image_url_tablet=&#8221;&#8221; logo_image_url_phone=&#8221;https:\/\/www.blogs.unicamp.br\/linhadefundo\/wp-content\/uploads\/sites\/268\/2021\/11\/100pxplanet-covid-icon.png&#8221; logo_image_url_last_edited=&#8221;on|tablet&#8221; content_max_width_tablet=&#8221;&#8221; content_max_width_phone=&#8221;50%&#8221; content_max_width_last_edited=&#8221;on|desktop&#8221; admin_label=&#8221;T\u00cdTULO&#8221; _builder_version=&#8221;4.4.6&#8243; _dynamic_attributes=&#8221;title&#8221; title_font=&#8221;Aclonica||||||||&#8221; title_text_align=&#8221;center&#8221; title_text_color=&#8221;#eeeeee&#8221; content_text_color=&#8221;#100617&#8243; subhead_font=&#8221;ABeeZee||||||||&#8221; subhead_text_color=&#8221;#ff5413&#8243; background_color=&#8221;rgba(3,7,28,0.95)&#8221; module_alignment=&#8221;center&#8221; child_filter_contrast=&#8221;112%&#8221; title_text_align_tablet=&#8221;&#8221; title_text_align_phone=&#8221;center&#8221; title_text_align_last_edited=&#8221;on|phone&#8221; title_font_size_tablet=&#8221;&#8221; title_font_size_phone=&#8221;32px&#8221; title_font_size_last_edited=&#8221;on|phone&#8221; module_alignment_tablet=&#8221;&#8221; module_alignment_phone=&#8221;&#8221; module_alignment_last_edited=&#8221;on|phone&#8221; border_color_all_image=&#8221;#100617&#8243; title__hover_enabled=&#8221;on|desktop&#8221; child_filter_blur__hover_enabled=&#8221;on|hover&#8221; child_filter_blur__hover=&#8221;0px&#8221;][\/et_pb_fullwidth_header][\/et_pb_section][et_pb_section fb_built=&#8221;1&#8243; _builder_version=&#8221;4.4.6&#8243;][et_pb_row _builder_version=&#8221;4.4.6&#8243;][et_pb_column type=&#8221;4_4&#8243; _builder_version=&#8221;4.4.6&#8243;][et_pb_tabs active_tab_background_color=&#8221;#000b1c&#8221; inactive_tab_background_color=&#8221;#d6cdce&#8221; active_tab_text_color=&#8221;#eeeeee&#8221; _builder_version=&#8221;4.4.6&#8243; tab_text_color=&#8221;#000b1c&#8221; body_font=&#8221;ABeeZee||||||||&#8221; body_text_color=&#8221;#000b1c&#8221; tab_font_size=&#8221;13px&#8221; body_link_text_align=&#8221;left&#8221; body_link_text_color=&#8221;#000b1c&#8221; background_color=&#8221;#eeeeee&#8221; background_enable_image=&#8221;off&#8221; background_size=&#8221;contain&#8221; background_position=&#8221;top_right&#8221; background_last_edited=&#8221;on|tablet&#8221; background_blend_tablet=&#8221;soft-light&#8221; background_blend_phone=&#8221;soft-light&#8221; border_color_all=&#8221;#ffc723&#8243;][et_pb_tab title=&#8221;Introdu\u00e7\u00e3o&#8221; _builder_version=&#8221;4.4.6&#8243; body_line_height=&#8221;1em&#8221;]<\/p>\n<p><a href=\"https:\/\/www.blogs.unicamp.br\/linhadefundo\/?page_id=1836\"><img decoding=\"async\" role=\"img\" class=\"emoji\" alt=\"\u25fe\" src=\"https:\/\/s.w.org\/images\/core\/emoji\/13.0.1\/svg\/25fe.svg\" \/>\u00a0Ficha catalogr\u00e1fica<\/a><\/p>\n<p><a href=\"https:\/\/www.blogs.unicamp.br\/linhadefundo\/prefacio\/\"><img decoding=\"async\" role=\"img\" class=\"emoji\" alt=\"\u25fe\" src=\"https:\/\/s.w.org\/images\/core\/emoji\/13.0.1\/svg\/25fe.svg\" \/>\u00a0Pref\u00e1cio<\/a><\/p>\n<p><img decoding=\"async\" role=\"img\" class=\"emoji\" alt=\"\u25fe\" src=\"https:\/\/s.w.org\/images\/core\/emoji\/13.0.1\/svg\/25fe.svg\" \/>\u00a0<a href=\"https:\/\/www.blogs.unicamp.br\/linhadefundo\/apresentacao\/\">Apresenta\u00e7\u00e3o<\/a><\/p>\n<p><a href=\"https:\/\/www.blogs.unicamp.br\/linhadefundo\/introducao\/linha-de-fundo\/\"><img decoding=\"async\" role=\"img\" class=\"emoji\" alt=\"\u25fe\" src=\"https:\/\/s.w.org\/images\/core\/emoji\/13.0.1\/svg\/25fe.svg\" \/>\u00a0Linha de fundo<\/a><\/p>\n<p><a href=\"https:\/\/www.blogs.unicamp.br\/linhadefundo\/introducao\/linha-do-tempo\/\"><img decoding=\"async\" role=\"img\" class=\"emoji\" alt=\"\u25fe\" src=\"https:\/\/s.w.org\/images\/core\/emoji\/13.0.1\/svg\/25fe.svg\" \/>\u00a0Linha do tempo<\/a><\/p>\n<p>[\/et_pb_tab][\/et_pb_tabs][et_pb_toggle title=&#8221;Parte 1 | Quem \u00e9 o Coronav\u00edrus? Sintomas, preven\u00e7\u00e3o e diagn\u00f3stico&#8221; open=&#8221;on&#8221; open_toggle_text_color=&#8221;#ff5413&#8243; open_toggle_background_color=&#8221;#eeeeee&#8221; closed_toggle_text_color=&#8221;#100617&#8243; closed_toggle_background_color=&#8221;#d6cdce&#8221; icon_color=&#8221;#ff5413&#8243; _builder_version=&#8221;4.4.6&#8243; title_text_color=&#8221;#100617&#8243; title_level=&#8221;h6&#8243; title_font=&#8221;ABeeZee|700|||||||&#8221; title_font_size=&#8221;14px&#8221; closed_title_font=&#8221;|300|||||||&#8221; body_font=&#8221;|700|||||||&#8221; body_text_color=&#8221;#000b1c&#8221; body_line_height=&#8221;1.2em&#8221; body_ul_type=&#8221;circle&#8221; body_ul_position=&#8221;inside&#8221; body_ul_text_align=&#8221;left&#8221; body_ul_text_color=&#8221;#100617&#8243; background_color=&#8221;rgba(0,0,0,0)&#8221; text_orientation=&#8221;left&#8221; border_color_all=&#8221;#ffc723&#8243;]<\/p>\n<p style=\"padding-left: 30px\"><span style=\"color: #000b1c\"><a href=\"https:\/\/www.blogs.unicamp.br\/linhadefundo\/b1\/1-ficar-em-casa-para-que\/\" style=\"color: #000b1c\">1.\u00a0Ficar em casa para qu\u00ea?<\/a><\/span><\/p>\n<p style=\"padding-left: 30px\"><span style=\"color: #000b1c\"><a href=\"https:\/\/www.blogs.unicamp.br\/linhadefundo\/b1\/quimica-do-coronavirus\/\" style=\"color: #000b1c\">2.\u00a0Qu\u00edmica do Coronav\u00edrus<\/a><\/span><\/p>\n<p style=\"padding-left: 30px\"><span style=\"color: #000b1c\"><a href=\"https:\/\/www.blogs.unicamp.br\/linhadefundo\/b1\/sobre-o-periodo-de-incubacao-da-doenca-e-suas-relacoes-com-a-quarentena\/\" style=\"color: #000b1c\">3.\u00a0Sobre o per\u00edodo de incuba\u00e7\u00e3o da doen\u00e7a e suas rela\u00e7\u00f5es com a quarentena<\/a><\/span><\/p>\n<p style=\"padding-left: 30px\"><span style=\"color: #000b1c\"><a href=\"https:\/\/www.blogs.unicamp.br\/linhadefundo\/b1\/sobre-mascaras-e-testes\/\" style=\"color: #000b1c\">4.\u00a0Sobre m\u00e1scaras, testes e COVID-19<\/a><\/span><\/p>\n<p style=\"padding-left: 30px\"><span style=\"color: #000b1c\"><a href=\"https:\/\/www.blogs.unicamp.br\/linhadefundo\/b1\/diagnostico-por-rt-qpcr-o-que-e-isso\/\" style=\"color: #000b1c\">5.\u00a0Diagn\u00f3stico por RT-qPCR, o que \u00e9 isso?<\/a><\/span><\/p>\n<p style=\"padding-left: 30px\"><span style=\"color: #000b1c\"><a href=\"https:\/\/www.blogs.unicamp.br\/linhadefundo\/b1\/como-funcionam-as-mascaras-n95-pff2\/\" style=\"color: #000b1c\">6.\u00a0Como funcionam as m\u00e1scaras N95 (PFF2)?<\/a><\/span><\/p>\n<p style=\"padding-left: 30px\"><span style=\"color: #000b1c\"><a href=\"https:\/\/www.blogs.unicamp.br\/linhadefundo\/b1\/essa-roupa-diferentona-para-fazer-ciencias-serve-para-que\/\" style=\"color: #000b1c\">7.\u00a0E essa roupa diferentona para fazer ci\u00eancia serve para qu\u00ea?<\/a><\/span><\/p>\n<p style=\"padding-left: 30px\"><span style=\"color: #000b1c\"><a href=\"https:\/\/www.blogs.unicamp.br\/linhadefundo\/b1\/o-codigo-genetico\/\" style=\"color: #000b1c\">8.\u00a0O c\u00f3digo gen\u00e9tico<\/a><\/span><\/p>\n<p>[\/et_pb_toggle][et_pb_toggle title=&#8221;Parte 2 | Checagem de Fatos ou dos excessos de desinforma\u00e7\u00e3o e tentativas de combat\u00ea-la&#8221; open_toggle_text_color=&#8221;#ff5413&#8243; open_toggle_background_color=&#8221;#eeeeee&#8221; closed_toggle_text_color=&#8221;#100617&#8243; closed_toggle_background_color=&#8221;#d6cdce&#8221; icon_color=&#8221;#ff5413&#8243; _builder_version=&#8221;4.4.6&#8243; title_text_color=&#8221;#100617&#8243; title_level=&#8221;h6&#8243; title_font=&#8221;ABeeZee|700|||||||&#8221; title_font_size=&#8221;14px&#8221; closed_title_font=&#8221;|300|||||||&#8221; body_font=&#8221;|700|||||||&#8221; body_text_color=&#8221;#000b1c&#8221; body_line_height=&#8221;1.2em&#8221; body_ul_type=&#8221;circle&#8221; body_ul_position=&#8221;inside&#8221; body_ul_text_align=&#8221;left&#8221; body_ul_text_color=&#8221;#100617&#8243; background_color=&#8221;rgba(0,0,0,0)&#8221; text_orientation=&#8221;left&#8221; hover_enabled=&#8221;0&#8243; border_color_all=&#8221;#ffc723&#8243;]<\/p>\n<p style=\"padding-left: 30px\"><a href=\"https:\/\/www.blogs.unicamp.br\/linhadefundo\/b2\/como-se-produz-um-resultado-cientifico-e-o-que-isto-tem-a-ver-com-a-covid-19\/\"><span style=\"color: #000000\">9. Como se produz um resultado cient\u00edfico e o que isto tem a ver com a COVID-19?<\/span><\/a><\/p>\n<p style=\"padding-left: 30px\"><span style=\"color: #000000\"><a href=\"https:\/\/www.blogs.unicamp.br\/linhadefundo\/b2\/covid-19-e-o-negacionismo\/\" style=\"color: #000000\">10. A COVID-19 e o negacionismo<\/a><\/span><\/p>\n<p style=\"padding-left: 30px\"><a href=\"https:\/\/www.blogs.unicamp.br\/linhadefundo\/b2\/os-7-tipos-de-fake-news-sobre-a-covid-19\/\"><span style=\"color: #000000\">11. Os 7 tipos de Fake News sobre a COVID-19<\/span><\/a><\/p>\n<p style=\"padding-left: 30px\"><span style=\"color: #000000\"><span style=\"color: #100617\"><a href=\"https:\/\/www.blogs.unicamp.br\/linhadefundo\/b2\/como-a-desinformacao-tem-atrapalhado-nossa-resposta-a-covid-19\/\" style=\"color: #100617\">12.\u00a0Como a desinforma\u00e7\u00e3o tem atrapalhado nossa resposta \u00e0 COVID-19<\/a><\/span><a href=\"http:\/\/blogs.unicamp.br\/linhadefundo\/b2\/como-a-desinformacao-atrapalha-a-resposta-a-pandemia\/\" style=\"color: #000000\"><\/a><\/span><\/p>\n<p style=\"padding-left: 30px\"><a href=\"https:\/\/www.blogs.unicamp.br\/linhadefundo\/b2\/pandemia-acelera-producao-e-acesso-a-preprints\/\"><span style=\"color: #000000\">13.\u00a0Pandemia acelera produ\u00e7\u00e3o e acesso a preprints<\/span><\/a><\/p>\n<p style=\"padding-left: 30px\"><a href=\"https:\/\/www.blogs.unicamp.br\/linhadefundo\/b2\/covid-19-e-os-riscos-da-modernidade-modernizacao-como-causa-e-como-consequencia\/\"><span style=\"color: #000000\">14.\u00a0COVID-19 e os riscos da modernidade: moderniza\u00e7\u00e3o como causa e como consequ\u00eancia<\/span><\/a><\/p>\n<p style=\"padding-left: 30px\"><span style=\"color: #000000\"><a href=\"https:\/\/www.blogs.unicamp.br\/linhadefundo\/b2\/corrigindo-boatos-de-forma-estrategica\/\" style=\"color: #000000\">15. Corrigindo boatos de forma estrat\u00e9gica<\/a><\/span><\/p>\n<p style=\"padding-left: 30px\"><span style=\"color: #000000\"><a href=\"https:\/\/www.blogs.unicamp.br\/linhadefundo\/b2\/por-que-voce-nao-deveria-argumentar-com-radicais-o-efeito-backfire\/\" style=\"color: #000000\">16. Por que voc\u00ea n\u00e3o deveria argumentar com radicais \u2013 o efeito \u201c<em>Backfire<\/em>\u201d<\/a><\/span><\/p>\n<p style=\"padding-left: 30px\"><span style=\"color: #000000\"><a href=\"https:\/\/www.blogs.unicamp.br\/linhadefundo\/b2\/a-desinformacao-azeda-sobre-o-limao-na-covid-19\/\" style=\"color: #000000\">17. A desinforma\u00e7\u00e3o azeda sobre o lim\u00e3o na COVID-19<\/a><\/span><\/p>\n<p>[\/et_pb_toggle][et_pb_toggle title=&#8221;Parte 3 | A COVID-19 por dentro do corpo: imunidade, tratamentos e sa\u00fade&#8221; open_toggle_text_color=&#8221;#ff5413&#8243; open_toggle_background_color=&#8221;#eeeeee&#8221; closed_toggle_text_color=&#8221;#100617&#8243; closed_toggle_background_color=&#8221;#d6cdce&#8221; icon_color=&#8221;#ff5413&#8243; _builder_version=&#8221;4.4.6&#8243; title_text_color=&#8221;#100617&#8243; title_level=&#8221;h6&#8243; title_font=&#8221;ABeeZee|700|||||||&#8221; title_font_size=&#8221;14px&#8221; closed_title_font=&#8221;|300|||||||&#8221; body_font=&#8221;|700|||||||&#8221; body_text_color=&#8221;#000b1c&#8221; body_line_height=&#8221;1.2em&#8221; body_ul_type=&#8221;circle&#8221; body_ul_position=&#8221;inside&#8221; body_ul_text_align=&#8221;left&#8221; body_ul_text_color=&#8221;#100617&#8243; background_color=&#8221;rgba(0,0,0,0)&#8221; text_orientation=&#8221;left&#8221; border_color_all=&#8221;#ffc723&#8243;]<\/p>\n<p style=\"padding-left: 30px\">18. <a href=\"https:\/\/www.blogs.unicamp.br\/linhadefundo\/b3\/meu-teste-deu-positivo-e-agora-entendendo-a-sensibilidade-e-a-especificidade-dos-testes-diagnosticos\/\">Meu teste deu positivo. E agora?\u00a0Entendendo a sensibilidade e a especificidade dos testes diagn\u00f3sticos<\/a><\/p>\n<p style=\"padding-left: 30px\">19. <a href=\"https:\/\/www.blogs.unicamp.br\/linhadefundo\/b3\/casos-assintomaticos-e-a-transmissao-da-covid-19\/\">Casos assintom\u00e1ticos e a transmiss\u00e3o da COVID-19<\/a><\/p>\n<p style=\"padding-left: 30px\">20.\u00a0<a href=\"https:\/\/www.blogs.unicamp.br\/linhadefundo\/b3\/como-e-que-um-virus-que-ataca-o-sistema-respiratorio-causa-danos-no-cerebro\/\">Como \u00e9 que um v\u00edrus que ataca o sistema respirat\u00f3rio, causa danos no c\u00e9rebro?<\/a><\/p>\n<p style=\"padding-left: 30px\"><a href=\"https:\/\/www.blogs.unicamp.br\/linhadefundo\/b3\/covid-19-um-exercito-invisivel-combatendo-a-doenca\/\">21. COVID-19: um ex\u00e9rcito invis\u00edvel combatendo a doen\u00e7a!<\/a><\/p>\n<p style=\"padding-left: 30px\"><a href=\"https:\/\/www.blogs.unicamp.br\/linhadefundo\/b3\/sistema-imune-e-infectado-pelo-sars-cov-2-de-maneira-similar-ao-hiv\/\">22. Sistema imune \u00e9 infectado pelo SARS-CoV-2 de maneira similar ao HIV<\/a><\/p>\n<p style=\"padding-left: 30px\"><a href=\"https:\/\/www.blogs.unicamp.br\/linhadefundo\/b3\/qual-a-relacao-entre-naruto-anticorpos-e-tratamento-de-covid-19\/\">23. Qual a rela\u00e7\u00e3o entre Naruto, anticorpos e tratamento de COVID-19?<\/a><\/p>\n<p style=\"padding-left: 30px\"><a href=\"https:\/\/www.blogs.unicamp.br\/linhadefundo\/b3\/antibiotico-contra-virus-o-curioso-caso-da-azitromicina-contra-a-covid-19\/\">24. Antibi\u00f3tico contra v\u00edrus? O curioso caso da azitromicina contra a COVID-19<\/a><\/p>\n<p style=\"padding-left: 30px\"><a href=\"https:\/\/www.blogs.unicamp.br\/linhadefundo\/b3\/deus-hidroxicloroquina-e-unicornios-e-impossivel-demonstrar-um-negativo\/\">25. Deus, hidroxicloroquina e unic\u00f3rnios: \u00e9 imposs\u00edvel demonstrar um negativo?<\/a><\/p>\n<p>[\/et_pb_toggle][et_pb_toggle title=&#8221;Parte 4 | Vacinas: da produ\u00e7\u00e3o \u00e0s pol\u00edticas p\u00fablicas&#8221; open_toggle_text_color=&#8221;#ff5413&#8243; open_toggle_background_color=&#8221;#eeeeee&#8221; closed_toggle_text_color=&#8221;#100617&#8243; closed_toggle_background_color=&#8221;#d6cdce&#8221; icon_color=&#8221;#ff5413&#8243; _builder_version=&#8221;4.4.6&#8243; title_text_color=&#8221;#100617&#8243; title_level=&#8221;h6&#8243; title_font=&#8221;ABeeZee|700|||||||&#8221; title_font_size=&#8221;14px&#8221; closed_title_font=&#8221;|300|||||||&#8221; body_font=&#8221;|700|||||||&#8221; body_text_color=&#8221;#000b1c&#8221; body_line_height=&#8221;1.2em&#8221; body_ul_type=&#8221;circle&#8221; body_ul_position=&#8221;inside&#8221; body_ul_text_align=&#8221;left&#8221; body_ul_text_color=&#8221;#100617&#8243; background_color=&#8221;rgba(0,0,0,0)&#8221; text_orientation=&#8221;left&#8221; border_color_all=&#8221;#ffc723&#8243;]<\/p>\n<p style=\"padding-left: 30px\"><a href=\"https:\/\/www.blogs.unicamp.br\/linhadefundo\/b4\/sobre-vacinas-metodo-cientifico-e-transparencia-na-ciencia\/\"><span>26.\u00a0<\/span>Sobre Vacinas, m\u00e9todo cient\u00edfico e transpar\u00eancia na ci\u00eancia<\/a><\/p>\n<p style=\"padding-left: 30px\"><a href=\"https:\/\/www.blogs.unicamp.br\/linhadefundo\/b4\/vacinas-de-onde-vem-e-para-onde-vao\/\">27. Vacinas: de onde v\u00eam e para onde v\u00e3o<\/a><\/p>\n<p style=\"padding-left: 30px\"><a href=\"https:\/\/www.blogs.unicamp.br\/linhadefundo\/b4\/vacina-estado-e-liberdade-a-manipulacao-do-debate\/\">28. Vacina, Estado e Liberdade: a manipula\u00e7\u00e3o do debate<\/a><\/p>\n<p style=\"padding-left: 30px\"><a href=\"https:\/\/www.blogs.unicamp.br\/linhadefundo\/b4\/p-1-e-a-coronavac-e-verdade-que-nao-precisa-mais-vacinar-spoiler-precisa-sim\/\">29.\u00a0P.1 e a CoronaVac: \u00e9 verdade que n\u00e3o precisa mais vacinar? (<em>Spoiler<\/em>, precisa sim!)<\/a><\/p>\n<p style=\"padding-left: 30px\"><a href=\"https:\/\/www.blogs.unicamp.br\/linhadefundo\/b4\/vacinas-uma-acao-de-saude-publica\/\"><span>30. Vacinas: uma a\u00e7\u00e3o de Sa\u00fade P\u00fablica<\/span><\/a><\/p>\n<p>[\/et_pb_toggle][et_pb_toggle title=&#8221;Parte 5 |  Para al\u00e9m do v\u00edrus e do organismo: Pandemia, Meio Ambiente e Sociedade&#8221; open_toggle_text_color=&#8221;#ff5413&#8243; open_toggle_background_color=&#8221;#eeeeee&#8221; closed_toggle_text_color=&#8221;#100617&#8243; closed_toggle_background_color=&#8221;#d6cdce&#8221; icon_color=&#8221;#ff5413&#8243; _builder_version=&#8221;4.4.6&#8243; title_text_color=&#8221;#100617&#8243; title_level=&#8221;h6&#8243; title_font=&#8221;ABeeZee|700|||||||&#8221; title_font_size=&#8221;14px&#8221; closed_title_font=&#8221;|300|||||||&#8221; body_font=&#8221;|700|||||||&#8221; body_text_color=&#8221;#000b1c&#8221; body_line_height=&#8221;1.2em&#8221; body_ul_type=&#8221;circle&#8221; body_ul_position=&#8221;inside&#8221; body_ul_text_align=&#8221;left&#8221; body_ul_text_color=&#8221;#100617&#8243; background_color=&#8221;rgba(0,0,0,0)&#8221; text_orientation=&#8221;left&#8221; border_color_all=&#8221;#ffc723&#8243;]<\/p>\n<p style=\"padding-left: 30px\"><a href=\"https:\/\/www.blogs.unicamp.br\/linhadefundo\/b5\/como-a-percepcao-do-risco-afeta-nosso-comportamento-na-pandemia\/\">31. Como a percep\u00e7\u00e3o do risco afeta nosso comportamento na pandemia?<\/a><\/p>\n<p style=\"padding-left: 30px\"><a href=\"https:\/\/www.blogs.unicamp.br\/linhadefundo\/b5\/como-divulgar-informacoes-de-prevencao-do-covid-19-se-a-lingua-de-seu-pais-nao-e-a-sua\/\">32. Como divulgar informa\u00e7\u00f5es de preven\u00e7\u00e3o do COVID-19 se a l\u00edngua de seu pa\u00eds n\u00e3o \u00e9 a sua?<\/a><\/p>\n<p style=\"padding-left: 30px\"><a href=\"https:\/\/www.blogs.unicamp.br\/linhadefundo\/b5\/desigualdade-social-e-tecnologia-o-ensino-remoto-serve-para-quem\/\">33. Desigualdade social e tecnologia: o ensino remoto serve para quem?<\/a><\/p>\n<p style=\"padding-left: 30px\"><a href=\"https:\/\/www.blogs.unicamp.br\/linhadefundo\/b5\/como-divulgar-informacoes-de-prevencao-do-covid-19-se-a-lingua-de-seu-pais-nao-e-a-sua-2\/\">34. N\u00e3o h\u00e1 ensino h\u00edbrido em per\u00edodo de pandemia<\/a><\/p>\n<p style=\"padding-left: 30px\"><a href=\"https:\/\/www.blogs.unicamp.br\/linhadefundo\/b5\/alimentacao-em-tempos-de-isolamento-social\/\">35. Alimenta\u00e7\u00e3o em tempos de Isolamento Social<\/a><\/p>\n<p style=\"padding-left: 30px\"><a href=\"https:\/\/www.blogs.unicamp.br\/linhadefundo\/b5\/alguns-questionamentos-sobre-governo-um-virus-e-a-fome\/\">36. Alguns questionamentos sobre governo, um v\u00edrus e a fome<\/a><\/p>\n<p style=\"padding-left: 30px\"><a href=\"https:\/\/www.blogs.unicamp.br\/linhadefundo\/b5\/nao-ha-ensino-hibrido-em-periodo-de-pandemia\/\">37. Da fatalidade epidemiol\u00f3gica \u00e0 ferramenta de exterm\u00ednio: a gest\u00e3o necropol\u00edtica da pandemia<\/a><\/p>\n<p style=\"padding-left: 30px\"><a href=\"https:\/\/www.blogs.unicamp.br\/linhadefundo\/b5\/como-a-economia-social-e-solidaria-pode-ser-a-solucao-para-esses-novos-tempos-pos-pandemia\/\">38. Como a Economia Social e Solid\u00e1ria pode ser a solu\u00e7\u00e3o para esses novos tempos p\u00f3s pandemia!<\/a><\/p>\n<p style=\"padding-left: 30px\"><a href=\"https:\/\/www.blogs.unicamp.br\/linhadefundo\/b5\/surfando-as-crises-globais-segunda-onda-da-covid-19-e-ondas-de-calor\/\">39. Surfando as crises globais: segunda onda da COVID-19 e ondas de calor<\/a><\/p>\n<p>[\/et_pb_toggle][et_pb_toggle title=&#8221;Parte 6 | Notas finais: Espa\u00e7os da divulga\u00e7\u00e3o cient\u00edfica em tempos pand\u00eamicos&#8221; open_toggle_text_color=&#8221;#ff5413&#8243; open_toggle_background_color=&#8221;#eeeeee&#8221; closed_toggle_text_color=&#8221;#100617&#8243; closed_toggle_background_color=&#8221;#d6cdce&#8221; icon_color=&#8221;#ff5413&#8243; _builder_version=&#8221;4.4.6&#8243; title_text_color=&#8221;#100617&#8243; title_level=&#8221;h6&#8243; title_font=&#8221;ABeeZee|700|||||||&#8221; title_font_size=&#8221;14px&#8221; closed_title_font=&#8221;|300|||||||&#8221; body_font=&#8221;|700|||||||&#8221; body_text_color=&#8221;#000b1c&#8221; body_line_height=&#8221;1.2em&#8221; body_ul_type=&#8221;circle&#8221; body_ul_position=&#8221;inside&#8221; body_ul_text_align=&#8221;left&#8221; body_ul_text_color=&#8221;#100617&#8243; background_color=&#8221;rgba(0,0,0,0)&#8221; text_orientation=&#8221;left&#8221; border_color_all=&#8221;#ffc723&#8243;]<\/p>\n<p><a href=\"https:\/\/www.blogs.unicamp.br\/linhadefundo\/b6\/1-ano-sem-encontrar-o-tratamento-de-covid-19\/\">40. Um ano sem encontrar o tratamento de COVID-19<\/a><\/p>\n<p><a href=\"https:\/\/www.blogs.unicamp.br\/linhadefundo\/b6\/nao-e-um-numero\/\">41. N\u00e3o \u00e9 um n\u00famero<\/a><\/p>\n<p>[\/et_pb_toggle][et_pb_tabs active_tab_background_color=&#8221;#000b1c&#8221; inactive_tab_background_color=&#8221;#d6cdce&#8221; active_tab_text_color=&#8221;#eeeeee&#8221; _builder_version=&#8221;4.4.6&#8243; tab_text_color=&#8221;#000b1c&#8221; body_font=&#8221;ABeeZee||||||||&#8221; body_text_color=&#8221;#000b1c&#8221; tab_font_size=&#8221;13px&#8221; body_link_text_align=&#8221;left&#8221; body_link_text_color=&#8221;#000b1c&#8221; background_color=&#8221;#eeeeee&#8221; background_enable_image=&#8221;off&#8221; background_size=&#8221;contain&#8221; background_position=&#8221;top_right&#8221; custom_padding=&#8221;66px|||||&#8221; background_last_edited=&#8221;on|tablet&#8221; background_blend_tablet=&#8221;soft-light&#8221; background_blend_phone=&#8221;soft-light&#8221; border_color_all=&#8221;#ffc723&#8243;][et_pb_tab title=&#8221;Encerramentos&#8221; _builder_version=&#8221;4.4.6&#8243; custom_padding=&#8221;5px||||false|false&#8221; custom_padding_tablet=&#8221;&#8221; custom_padding_phone=&#8221;&#8221; custom_padding_last_edited=&#8221;on|phone&#8221;]<\/p>\n<ul>\n<li><a href=\"https:\/\/www.blogs.unicamp.br\/linhadefundo\/b6\/glossario\/\">Gloss\u00e1rio de Termos-chave<\/a><\/li>\n<li><a href=\"https:\/\/www.blogs.unicamp.br\/linhadefundo\/sobre-os-autores\/\">Sobre os autores<\/a><\/li>\n<li><a href=\"https:\/\/www.blogs.unicamp.br\/linhadefundo\/creditos-das-figuras-2\/\">Cr\u00e9ditos das Figuras<\/a><\/li>\n<\/ul>\n<p>[\/et_pb_tab][\/et_pb_tabs][\/et_pb_column][\/et_pb_row][\/et_pb_section][et_pb_section fb_built=&#8221;1&#8243; _builder_version=&#8221;4.4.6&#8243;][\/et_pb_section]<\/p>\n","protected":false},"excerpt":{"rendered":"<p>[et_pb_section fb_built=&#8221;1&#8243; fullwidth=&#8221;on&#8221; admin_label=&#8221;cabecalho&#8221; _builder_version=&#8221;4.4.6&#8243; bottom_divider_style=&#8221;arrow&#8221; bottom_divider_color=&#8221;#eeeeee&#8221;][et_pb_fullwidth_header title=&#8221;@ET-DC@eyJkeW5hbWljIjp0cnVlLCJjb250ZW50IjoicG9zdF90aXRsZSIsInNldHRpbmdzIjp7ImJlZm9yZSI6IiIsImFmdGVyIjoiIn19@&#8221; text_orientation=&#8221;center&#8221; logo_image_url=&#8221;https:\/\/www.blogs.unicamp.br\/linhadefundo\/wp-content\/uploads\/sites\/268\/2021\/11\/100pxplanet-covid-icon.png&#8221; content_max_width=&#8221;15%&#8221; title_tablet=&#8221;&#8221; title_phone=&#8221;&#8221; title_last_edited=&#8221;on|phone&#8221; logo_image_url_tablet=&#8221;&#8221; logo_image_url_phone=&#8221;https:\/\/www.blogs.unicamp.br\/linhadefundo\/wp-content\/uploads\/sites\/268\/2021\/11\/100pxplanet-covid-icon.png&#8221; logo_image_url_last_edited=&#8221;on|tablet&#8221; content_max_width_tablet=&#8221;&#8221; content_max_width_phone=&#8221;50%&#8221; content_max_width_last_edited=&#8221;on|desktop&#8221; admin_label=&#8221;T\u00cdTULO&#8221; _builder_version=&#8221;4.4.6&#8243; _dynamic_attributes=&#8221;title&#8221; title_font=&#8221;Aclonica||||||||&#8221; title_text_align=&#8221;center&#8221; title_text_color=&#8221;#eeeeee&#8221; content_text_color=&#8221;#100617&#8243; subhead_font=&#8221;ABeeZee||||||||&#8221; subhead_text_color=&#8221;#ff5413&#8243; background_color=&#8221;rgba(3,7,28,0.95)&#8221; module_alignment=&#8221;center&#8221; child_filter_contrast=&#8221;112%&#8221; title_text_align_tablet=&#8221;&#8221; title_text_align_phone=&#8221;center&#8221; title_text_align_last_edited=&#8221;on|phone&#8221; title_font_size_tablet=&#8221;&#8221; title_font_size_phone=&#8221;32px&#8221; title_font_size_last_edited=&#8221;on|phone&#8221; module_alignment_tablet=&#8221;&#8221; module_alignment_phone=&#8221;&#8221; module_alignment_last_edited=&#8221;on|phone&#8221; border_color_all_image=&#8221;#100617&#8243; title__hover_enabled=&#8221;on|desktop&#8221; child_filter_blur__hover_enabled=&#8221;on|hover&#8221; child_filter_blur__hover=&#8221;0px&#8221;][\/et_pb_fullwidth_header][\/et_pb_section][et_pb_section fb_built=&#8221;1&#8243; _builder_version=&#8221;4.4.6&#8243;][et_pb_row _builder_version=&#8221;4.4.6&#8243;][et_pb_column type=&#8221;4_4&#8243; _builder_version=&#8221;4.4.6&#8243;][et_pb_tabs active_tab_background_color=&#8221;#000b1c&#8221; inactive_tab_background_color=&#8221;#d6cdce&#8221; active_tab_text_color=&#8221;#eeeeee&#8221; _builder_version=&#8221;4.4.6&#8243; tab_text_color=&#8221;#000b1c&#8221; [&hellip;]<\/p>\n","protected":false},"author":362,"featured_media":1637,"parent":0,"menu_order":0,"comment_status":"closed","ping_status":"closed","template":"","meta":{"_et_pb_use_builder":"on","_et_pb_old_content":"","_et_gb_content_width":"","_monsterinsights_skip_tracking":false,"_monsterinsights_sitenote_active":false,"_monsterinsights_sitenote_note":"","_monsterinsights_sitenote_category":0,"pgc_sgb_lightbox_settings":"","_vp_format_video_url":"","_vp_image_focal_point":[],"footnotes":""},"class_list":["post-1233","page","type-page","status-publish","has-post-thumbnail","hentry"],"_links":{"self":[{"href":"https:\/\/www.blogs.unicamp.br\/linhadefundo\/wp-json\/wp\/v2\/pages\/1233","targetHints":{"allow":["GET"]}}],"collection":[{"href":"https:\/\/www.blogs.unicamp.br\/linhadefundo\/wp-json\/wp\/v2\/pages"}],"about":[{"href":"https:\/\/www.blogs.unicamp.br\/linhadefundo\/wp-json\/wp\/v2\/types\/page"}],"author":[{"embeddable":true,"href":"https:\/\/www.blogs.unicamp.br\/linhadefundo\/wp-json\/wp\/v2\/users\/362"}],"replies":[{"embeddable":true,"href":"https:\/\/www.blogs.unicamp.br\/linhadefundo\/wp-json\/wp\/v2\/comments?post=1233"}],"version-history":[{"count":0,"href":"https:\/\/www.blogs.unicamp.br\/linhadefundo\/wp-json\/wp\/v2\/pages\/1233\/revisions"}],"wp:featuredmedia":[{"embeddable":true,"href":"https:\/\/www.blogs.unicamp.br\/linhadefundo\/wp-json\/wp\/v2\/media\/1637"}],"wp:attachment":[{"href":"https:\/\/www.blogs.unicamp.br\/linhadefundo\/wp-json\/wp\/v2\/media?parent=1233"}],"curies":[{"name":"wp","href":"https:\/\/api.w.org\/{rel}","templated":true}]}}