{"id":1836,"date":"2021-12-15T21:11:25","date_gmt":"2021-12-16T00:11:25","guid":{"rendered":"https:\/\/www.blogs.unicamp.br\/linhadefundo\/?page_id=1836"},"modified":"2021-12-15T21:11:25","modified_gmt":"2021-12-16T00:11:25","slug":"ficha-catalografica","status":"publish","type":"page","link":"https:\/\/www.blogs.unicamp.br\/linhadefundo\/ficha-catalografica\/","title":{"rendered":"Ficha Catalogr\u00e1fica"},"content":{"rendered":"<p>[et_pb_section fb_built=&#8221;1&#8243; _builder_version=&#8221;4.4.6&#8243;][et_pb_row _builder_version=&#8221;4.4.6&#8243;][et_pb_column type=&#8221;4_4&#8243; _builder_version=&#8221;4.4.6&#8243;][et_pb_blurb title=&#8221;Ficha catalogr\u00e1fica&#8221; use_icon=&#8221;on&#8221; font_icon=&#8221;%%71%%&#8221; use_icon_font_size=&#8221;on&#8221; icon_font_size=&#8221;34px&#8221; _builder_version=&#8221;4.4.6&#8243; header_text_align=&#8221;center&#8221; body_font_size=&#8221;14px&#8221; header_font_size_tablet=&#8221;&#8221; header_font_size_phone=&#8221;14px&#8221; header_font_size_last_edited=&#8221;on|phone&#8221; body_font_size_tablet=&#8221;&#8221; body_font_size_phone=&#8221;11px&#8221; body_font_size_last_edited=&#8221;on|desktop&#8221;]<\/p>\n<p style=\"text-align: center\"><span>ISBN vers\u00e3o eletr\u00f4nica:<\/span>\u00a0978-65-00-35297-9<\/p>\n<p>[\/et_pb_blurb][\/et_pb_column][\/et_pb_row][et_pb_row _builder_version=&#8221;4.4.6&#8243;][et_pb_column type=&#8221;4_4&#8243; _builder_version=&#8221;4.4.6&#8243;][et_pb_text _builder_version=&#8221;4.4.6&#8243; hover_enabled=&#8221;0&#8243; box_shadow_style=&#8221;preset4&#8243; locked=&#8221;off&#8221; border_color_all=&#8221;#9b858d&#8221; border_width_all=&#8221;1px&#8221; box_shadow_horizontal=&#8221;5px&#8221; box_shadow_vertical=&#8221;4px&#8221;]<\/p>\n<p>Arnt, A.M.; Costa, C.F.P.; Carneiro, E.M.M.; Bonora Junior, M.; Nichi, J. (orgs). <strong>Linha de Fundo: um giro de divulga\u00e7\u00e3o cient\u00edfica sobre COVID-19 pelo Blogs Unicamp<\/strong>. 1. ed. Campinas: Blogs de Ci\u00eancia da Unicamp, 2021.<\/p>\n<p>[\/et_pb_text][et_pb_tabs active_tab_background_color=&#8221;#eeeeee&#8221; active_tab_text_color=&#8221;#000b1c&#8221; disabled_on=&#8221;off|off|off&#8221; admin_label=&#8221;Ficha t\u00e9cnica&#8221; _builder_version=&#8221;4.4.6&#8243; body_font=&#8221;ABeeZee||||||||&#8221; body_text_align=&#8221;left&#8221; body_text_color=&#8221;#0a0000&#8243; body_font_size=&#8221;12px&#8221; tab_font=&#8221;ABeeZee||||||||&#8221; tab_font_size=&#8221;14px&#8221; custom_margin=&#8221;|2px|-33px|||&#8221; custom_margin_tablet=&#8221;&#8221; custom_margin_phone=&#8221;-1px|0px|-1px|-23px|true|false&#8221; custom_margin_last_edited=&#8221;on|phone&#8221; hover_enabled=&#8221;0&#8243; border_radii=&#8221;on|6px|6px|6px|6px&#8221; locked=&#8221;off&#8221;][et_pb_tab title=&#8221;Ficha t\u00e9cnica&#8221; _builder_version=&#8221;4.4.6&#8243;]<\/p>\n<ul>\n<li><b>DOI:\u00a0<\/b><a href=\"https:\/\/doi.org\/10.20396\/ISBN9786500352979\">10.20396\/ISBN9786500352979<\/a><\/li>\n<li><strong>ISBN:<\/strong> 978-65-00-35297-9<\/li>\n<li><strong>Cidade:<\/strong> Campinas<\/li>\n<li><strong>Edi\u00e7\u00e3o:<\/strong> Blogs de Ci\u00eancia da Unicamp<\/li>\n<li><strong>N\u00famero de p\u00e1ginas:<\/strong> 317<\/li>\n<li><strong>Idioma:<\/strong> Portugu\u00eas-BR<\/li>\n<li><strong>Formato:<\/strong> PDF<\/li>\n<li><strong>Ano:<\/strong> 2021<\/li>\n<\/ul>\n<p>[\/et_pb_tab][et_pb_tab title=&#8221;Organizadores&#8221; _builder_version=&#8221;4.4.6&#8243;]<\/p>\n<ul>\n<li><span>Ana de Medeiros Arnt<\/span><\/li>\n<li><span>Carolina Frandsen Pereira da Costa<\/span><\/li>\n<li><span>Erica Mariosa Moreira Carneiro<\/span><\/li>\n<li><span>Maur\u00edlio Bonora Junior<\/span><\/li>\n<li><span>Jaqueline Nichi<\/span><\/li>\n<\/ul>\n<p>[\/et_pb_tab][et_pb_tab title=&#8221;Coordena\u00e7\u00e3o Editorial&#8221; _builder_version=&#8221;4.4.6&#8243;]<\/p>\n<p><span>Erica Mariosa Moreira Carneiro<\/span><\/p>\n<p>[\/et_pb_tab][et_pb_tab title=&#8221;Assistente Editorial&#8221; _builder_version=&#8221;4.4.6&#8243;]<\/p>\n<p><span>Maur\u00edlio Bonora Junior<\/span><\/p>\n<p>[\/et_pb_tab][et_pb_tab title=&#8221;Revis\u00e3o&#8221; _builder_version=&#8221;4.4.6&#8243;]<\/p>\n<ul>\n<li><span>Paula Penedo Pontes de Carvalho<\/span><\/li>\n<li><span> Jos\u00e9 Felipe Teixeira da Silva Santos<\/span><\/li>\n<li><span> Beatriz Caroline Paduanello Durlin<\/span><\/li>\n<\/ul>\n<p>[\/et_pb_tab][et_pb_tab title=&#8221;Comit\u00ea T\u00e9cnico e Cient\u00edfico&#8221; _builder_version=&#8221;4.4.6&#8243;]<\/p>\n<ul>\n<li><span>Graciele Almeida de Oliveira<\/span><\/li>\n<li><span>Roberto Mitsuo Takata<\/span><\/li>\n<li><span>Eduardo Akio Sato<\/span><\/li>\n<li><span>Carolina Stefano Mantovani<\/span><\/li>\n<li><span>Luisa Fernanda Rios Pinto<br \/><\/span><\/li>\n<\/ul>\n<p>[\/et_pb_tab][et_pb_tab title=&#8221;Editora\u00e7\u00e3o eletr\u00f4nica, capa e projeto gr\u00e1fico&#8221; _builder_version=&#8221;4.4.6&#8243;]<\/p>\n<p><span>\u00a0Carolina F.P. Costa (est\u00fadio <a href=\"http:\/\/www.clorofreela.com\">Clorofreela<\/a>)<\/span><\/p>\n<p>[\/et_pb_tab][et_pb_tab title=&#8221;Licen\u00e7a de uso&#8221; _builder_version=&#8221;4.4.6&#8243; hover_enabled=&#8221;0&#8243;]<\/p>\n<p>Os textos e dados desta publica\u00e7\u00e3o s\u00e3o licenciados sob uma licen\u00e7a Creative Commons Atribui\u00e7\u00e3o + N\u00e3oComercial + CompartilhaIgual: <span style=\"color: #ff6600\"><strong>CC BY-NC-SA 4.0<\/strong><\/span><strong>.<\/strong><\/p>\n<p><strong><\/strong><\/p>\n<p><em>Os autores e editores se empenharam para citar adequadamente e dar o devido cr\u00e9dito a todos os detentores de direitos autorais de qualquer material utilizado neste livro, dispondo-se a eventuais acertos posteriores, caso, inadvertida e involuntariamentem a identifica\u00e7\u00e3o de algum deles tenha sido omitida.<\/em><\/p>\n<p>[\/et_pb_tab][et_pb_tab title=&#8221;Cap\u00edtulos, autores e p\u00e1ginas&#8221; _builder_version=&#8221;4.4.6&#8243; hover_enabled=&#8221;0&#8243;]<\/p>\n<p>1 Ficar em casa para qu\u00ea?<br \/>Ana de Medeiros Arnt; Rafaela Rosa-Ribeiro<br \/>p.19-24<\/p>\n<p>2 Qu\u00edmica do Coronav\u00edrus<br \/>Gisele Silvestre da Silva<br \/>p.25-33<\/p>\n<p>3 Sobre o per\u00edodo de incuba\u00e7\u00e3o da doen\u00e7a e suas rela\u00e7\u00f5es com a quarentena<br \/>Ana de Medeiros Arnt<br \/>p.34-38<\/p>\n<p>4 Sobre m\u00e1scaras, testes e COVID-19<br \/>Samir de Deus Elian Andrade<br \/>p.39-44<\/p>\n<p>5 Diagn\u00f3stico por RT-qPCR, o que \u00e9 isso?<br \/>Maur\u00edlio Bonora Junior e Ana de Medeiros Arnt<br \/>p.45-50<\/p>\n<p>6 Como funcionam as m\u00e1scaras N95 (PFF2)<br \/>Eduardo Akio Sato<br \/>p.51-54<\/p>\n<p>7 E essa roupa diferentona para fazer ci\u00eancia serve para qu\u00ea?<br \/>Alexandre Borin Pereira<br \/>p.55-60<\/p>\n<p>8 O c\u00f3digo gen\u00e9tico<br \/>Graciele Almeida de Oliveira<br \/>p.61-68<\/p>\n<p>9 Como se produz um resultado cient\u00edfico e o que isto tem a ver com a COVID-19?<br \/>Lav\u00ednia Schwantes e Ana de Medeiros Arnt<br \/>p.70-76<\/p>\n<p>10 A COVID-19 e o negacionismo<br \/>Cesar Augusto Gomes<br \/>p. 77-80<\/p>\n<p>11 Os 7 tipos de Fake News sobre a COVID-19<br \/>Cesar Augusto Gomes<br \/>p.81-93<\/p>\n<p>12 Como a desinforma\u00e7\u00e3o tem atrapalhado nossa resposta \u00e0 COVID-19<br \/>Nat\u00e1lia Martins Flores<br \/>p.94-97<\/p>\n<p>13 Pandemia acelera produ\u00e7\u00e3o e acesso a preprints<br \/>Germana Fernandes Barata<br \/>p.98-102<\/p>\n<p>14 COVID-19 e os riscos da modernidade: moderniza\u00e7\u00e3o como causa e como consequ\u00eancia<br \/>Mariana Delgado Barbieri<br \/>p. 103-107<\/p>\n<p>15 Corrigindo boatos de forma estrat\u00e9gica<br \/>Dayane Fumiyo Tokojima Machado e Min\u00e9ya Gimenes Fantim<br \/>p. 108-112<\/p>\n<p>16 Por que voc\u00ea n\u00e3o deveria argumentar com radicais \u2013 o efeito \u201cBackfire\u201d<br \/>Davi Gustavo Carvalho<br \/>p.113-121<\/p>\n<p>17 A desinforma\u00e7\u00e3o azeda sobre o lim\u00e3o na COVID-19<br \/>Gildo Girotto Junior, Gian Carlo Guadagnin e Cyntia Vasconcelos de Almeida<br \/>p.122-127<\/p>\n<p>18 Meu teste deu positivo. E agora? Entendendo a sensibilidade e a especificidade dos testes diagn\u00f3sticos<br \/>Samir de Deus Elian Andrade e Felipe Campelo Franca Pinto<br \/>p.129-136<\/p>\n<p>19 Casos assintom\u00e1ticos e a transmiss\u00e3o da COVID-19<br \/>Maur\u00edlio Bonora Junior<br \/>p.137-142<\/p>\n<p>20 Como \u00e9 que um v\u00edrus que ataca o sistema respirat\u00f3rio, causa danos no c\u00e9rebro?<br \/>Fernanda Crunfli e Ana de Medeiros Arnt<br \/>p.143-149<\/p>\n<p>21 COVID-19: um ex\u00e9rcito invis\u00edvel combatendo a doen\u00e7a!<br \/>Maur\u00edlio Bonora Junior<br \/>p.150-155<\/p>\n<p>22 Sistema imune \u00e9 infectado pelo SARS-CoV-2 de maneira similar ao HIV<br \/>Graciele Almeida de Oliveira<br \/>p.156-162<\/p>\n<p>23 Qual a rela\u00e7\u00e3o entre Naruto, anticorpos e tratamento de COVID-19?<br \/>Alexandre Borin Pereira<br \/>p.163-167<\/p>\n<p>24 Antibi\u00f3tico contra v\u00edrus? O curioso caso da azitromicina contra a COVID-19<br \/>Samir de Deus Elian Andrade<br \/>p.168-172<\/p>\n<p>25 Deus, hidroxicloroquina e unic\u00f3rnios: \u00e9 imposs\u00edvel demonstrar um negativo?<br \/>F\u00e1bio de Andrade Machado<br \/>p.173-179<\/p>\n<p>26 Sobre Vacinas, m\u00e9todo cient\u00edfico e transpar\u00eancia na ci\u00eancia<br \/>Ana de Medeiros Arnt<br \/>p.181-194<\/p>\n<p>27 Vacinas: de onde v\u00eam e para onde v\u00e3o<br \/>Maur\u00edlio Bonora Junior<br \/>p.195-201<\/p>\n<p>28 Vacina, Estado e Liberdade: a manipula\u00e7\u00e3o do debate<br \/>Cesar Augusto Gomes<br \/>p.202-213<\/p>\n<p>29 P.1 e a CoronaVac: \u00e9 verdade que n\u00e3o precisa mais vacinar? (Spoiler, precisa sim!)<br \/>Ana de Medeiros Arnt, Marcelo Alves da Silva Mori, Alessandro dos Santos Farias e Jos\u00e9 Luiz Proen\u00e7a Modena<br \/>p. 214-221<\/p>\n<p>30 Vacinas: uma a\u00e7\u00e3o de Sa\u00fade P\u00fablica<br \/>Ana de Medeiros Arnt, Graciele Almeida de Oliveira, \u00c9rica Mariosa Moreira Carneiro, Jaqueline Nichi, Jos\u00e9 Felipe Teixeira da Silva Santos, Maur\u00edlio Bonora Junior e Carolina<br \/>Frandsen P. Costa<br \/>p. 222-228<\/p>\n<p>31 Como a percep\u00e7\u00e3o do risco afeta nosso comportamento na pandemia?<br \/>Marco Ant\u00f4nio Coelho Bortoleto<br \/>p.230-237<\/p>\n<p>32 Como divulgar informa\u00e7\u00f5es de preven\u00e7\u00e3o do COVID-19 se a l\u00edngua de seu pa\u00eds n\u00e3o \u00e9 a sua?<br \/>\u00c9rica Mariosa Moreira Carneiro e Pedro Henrique Mariosa<br \/>p.238-242<\/p>\n<p>33 Desigualdade social e tecnologia: o ensino remoto serve para quem?<br \/>Nat\u00e1lia Martins Flores e Ana de Medeiros Arnt<br \/>p.243-248<\/p>\n<p>34 N\u00e3o h\u00e1 ensino h\u00edbrido em per\u00edodo de pandemia<br \/>Gildo Girotto Junior<br \/>p.249-253<\/p>\n<p>35 Alimenta\u00e7\u00e3o em tempos de Isolamento Social<br \/>Helena D\u00f3ria Ribeiro de Andrade Previato<br \/>p.254-258<\/p>\n<p>36 Alguns questionamentos sobre governo, um v\u00edrus e a fome<br \/>Lis Furlani Blanco<br \/>p.259-264<\/p>\n<p>37 Da fatalidade epidemiol\u00f3gica \u00e0 ferramenta de exterm\u00ednio: a gest\u00e3o necropol\u00edtica da pandemia<br \/>Leonardo Oliveira da Costa<br \/>p.265-273<\/p>\n<p>38 Como a Economia Social e Solid\u00e1ria pode ser a solu\u00e7\u00e3o para esses novos tempos p\u00f3s pandemia!<br \/>\u00c9rica Mariosa Moreira Carneiro<br \/>p.274-282<\/p>\n<p>39 Surfando as crises globais: segunda onda da COVID-19 e ondas de calor<br \/>Jaqueline Nichi<br \/>p.283-286<\/p>\n<p>40 Um ano sem encontrar o tratamento de COVID-19<br \/>Alexandre Borin Pereira<br \/>p.288-297<\/p>\n<p>41 N\u00e3o \u00e9 um n\u00famero<br \/>Ana de Medeiros Arnt, Graciele Almeida de Oliveira, \u00c9rica Mariosa Moreira Carneiro, Jaqueline Nichi, Jos\u00e9 Felipe Teixeira da Silva Santos, Maur\u00edlio Bonora Junior e Carolina Frandsen P. da Costa<br \/>p.289-303<\/p>\n<p>Gloss\u00e1rio de Termos-Chave<br \/>Maur\u00edlio Bonora Junior, Mariene Ribeiro Amorim e Ana de Medeiros Arnt<br \/>p.304-307<\/p>\n<p>[\/et_pb_tab][\/et_pb_tabs][\/et_pb_column][\/et_pb_row][et_pb_row _builder_version=&#8221;4.4.6&#8243;][et_pb_column type=&#8221;4_4&#8243; _builder_version=&#8221;4.4.6&#8243;][et_pb_text _builder_version=&#8221;4.4.6&#8243; border_width_all=&#8221;2px&#8221; border_color_all=&#8221;#000b1c&#8221;]<\/p>\n<p>&nbsp;<\/p>\n<p><a href=\"https:\/\/bnweb.cbl.org.br\/scripts\/bnweb\/bnmcip.exe\/ficha?OTo%2FPDtv\"><img fetchpriority=\"high\" decoding=\"async\" src=\"https:\/\/www.blogs.unicamp.br\/linhadefundo\/wp-content\/uploads\/sites\/268\/2021\/12\/FICHA.png\" width=\"786\" height=\"805\" alt=\"\" class=\"wp-image-1858 aligncenter size-full\" srcset=\"https:\/\/www.blogs.unicamp.br\/linhadefundo\/wp-content\/uploads\/sites\/301\/2021\/12\/FICHA.png 786w, https:\/\/www.blogs.unicamp.br\/linhadefundo\/wp-content\/uploads\/sites\/301\/2021\/12\/FICHA-293x300.png 293w, https:\/\/www.blogs.unicamp.br\/linhadefundo\/wp-content\/uploads\/sites\/301\/2021\/12\/FICHA-768x787.png 768w, https:\/\/www.blogs.unicamp.br\/linhadefundo\/wp-content\/uploads\/sites\/301\/2021\/12\/FICHA-500x512.png 500w, https:\/\/www.blogs.unicamp.br\/linhadefundo\/wp-content\/uploads\/sites\/301\/2021\/12\/FICHA-480x492.png 480w\" sizes=\"(max-width: 786px) 100vw, 786px\" \/><\/a><\/p>\n<p>&nbsp;<\/p>\n<p>[\/et_pb_text][\/et_pb_column][\/et_pb_row][\/et_pb_section]<\/p>\n","protected":false},"excerpt":{"rendered":"<p>Todas as figuras desta publica\u00e7\u00e3o foram elaboradas e\/ou editadas por Carolina F.P.Costa, \u00e0 menos que declarado o contr\u00e1rio em sua descri\u00e7\u00e3o.<\/p>\n","protected":false},"author":362,"featured_media":1080,"parent":0,"menu_order":0,"comment_status":"closed","ping_status":"closed","template":"","meta":{"_et_pb_use_builder":"on","_et_pb_old_content":"","_et_gb_content_width":"","_monsterinsights_skip_tracking":false,"_monsterinsights_sitenote_active":false,"_monsterinsights_sitenote_note":"","_monsterinsights_sitenote_category":0,"pgc_sgb_lightbox_settings":"","_vp_format_video_url":"","_vp_image_focal_point":[],"footnotes":""},"class_list":["post-1836","page","type-page","status-publish","has-post-thumbnail","hentry"],"_links":{"self":[{"href":"https:\/\/www.blogs.unicamp.br\/linhadefundo\/wp-json\/wp\/v2\/pages\/1836","targetHints":{"allow":["GET"]}}],"collection":[{"href":"https:\/\/www.blogs.unicamp.br\/linhadefundo\/wp-json\/wp\/v2\/pages"}],"about":[{"href":"https:\/\/www.blogs.unicamp.br\/linhadefundo\/wp-json\/wp\/v2\/types\/page"}],"author":[{"embeddable":true,"href":"https:\/\/www.blogs.unicamp.br\/linhadefundo\/wp-json\/wp\/v2\/users\/362"}],"replies":[{"embeddable":true,"href":"https:\/\/www.blogs.unicamp.br\/linhadefundo\/wp-json\/wp\/v2\/comments?post=1836"}],"version-history":[{"count":0,"href":"https:\/\/www.blogs.unicamp.br\/linhadefundo\/wp-json\/wp\/v2\/pages\/1836\/revisions"}],"wp:featuredmedia":[{"embeddable":true,"href":"https:\/\/www.blogs.unicamp.br\/linhadefundo\/wp-json\/wp\/v2\/media\/1080"}],"wp:attachment":[{"href":"https:\/\/www.blogs.unicamp.br\/linhadefundo\/wp-json\/wp\/v2\/media?parent=1836"}],"curies":[{"name":"wp","href":"https:\/\/api.w.org\/{rel}","templated":true}]}}