{"id":127,"date":"2020-07-12T17:53:46","date_gmt":"2020-07-12T20:53:46","guid":{"rendered":"https:\/\/www.blogs.unicamp.br\/m3\/?page_id=127"},"modified":"2020-07-12T17:53:46","modified_gmt":"2020-07-12T20:53:46","slug":"sobre","status":"publish","type":"page","link":"https:\/\/www.blogs.unicamp.br\/m3\/sobre","title":{"rendered":"Sobre"},"content":{"rendered":"\n<p class=\" eplus-wrapper\"><a rel=\"noreferrer noopener\" href=\"https:\/\/www.blogs.unicamp.br\/m3\" target=\"_blank\">M\u00b3<\/a> \u00e9 um blog de Divulga\u00e7\u00e3o Cient\u00edfica da cole\u00e7\u00e3o <a href=\"https:\/\/m3.ime.unicamp.br\/\" target=\"_blank\" rel=\"noreferrer noopener\">Matem\u00e1tica Multim\u00eddia<\/a> parceiro do <a rel=\"noreferrer noopener\" href=\"https:\/\/www.blogs.unicamp.br\/zero\" target=\"_blank\">Blog Zero<\/a>, e ambos atuam dentro do <a rel=\"noreferrer noopener\" href=\"https:\/\/www.blogs.unicamp.br\/\" target=\"_blank\">Projeto Blogs de Ci\u00eancias da Unicamp<\/a>.<\/p>\n\n\n\n<p class=\" eplus-wrapper\">A cole\u00e7\u00e3o <a rel=\"noreferrer noopener\" href=\"https:\/\/m3.ime.unicamp.br\/\" target=\"_blank\">Matem\u00e1tica Multim\u00eddia<\/a> \u00e9 um conjunto com mais de 300 recursos educacionais de Matem\u00e1tica para o Ensino M\u00e9dio. A cole\u00e7\u00e3o divide-se em 4 principais m\u00eddias, listadas e descritas a seguir:<\/p>\n\n\n\n<p class=\" eplus-wrapper\"><strong>V\u00eddeos: <\/strong>S\u00e3o 180 programas audiovisuais de dez minutos produzidos para serem parte das atividades presenciais na sala de aula ao longo dos tr\u00eas anos do ensino m\u00e9dio. <\/p>\n\n\n\n<p class=\" eplus-wrapper\"><strong>Experimentos:<\/strong> Propostas com roteiro metodol\u00f3gico para o professor, uma folha de acompanhamento para os alunos e um guia com informa\u00e7\u00f5es adicionais ou complementares para o professor.<\/p>\n\n\n\n<p class=\" eplus-wrapper\"><strong>Softwares:<\/strong> Jogos, simula\u00e7\u00f5es e outros recursos que permitem manipular de modo mais tang\u00edvel diversos aspectos abstratos da matem\u00e1tica.<\/p>\n\n\n\n<p class=\" eplus-wrapper\"><strong>\u00c1udios<\/strong>: Podcasts de cinco minutos cada um, que podem ser ouvidos em grupo ou individualmente.<\/p>\n\n\n\n<p class=\" eplus-wrapper\">A proposta deste blog n\u00e3o \u00e9 replicar os conte\u00fados nas postagens, e sim divulg\u00e1-los a partir da flexibilidade que a comunica\u00e7\u00e3o de um blog possibilita, apresentando os temas a partir de uma linguagem coloquial, convidando o leitor a explor\u00e1-los, mostrando como podem ser usados, combinados e tamb\u00e9m alguns resultados de pesquisas baseados nestes materiais. Esperamos construir um espa\u00e7o para relatos de eventos, experi\u00eancias pr\u00e1ticas e discuss\u00f5es. Conectando recursos a partir de rela\u00e7\u00f5es criativas e revisitando suas possibilidades de uso a partir de um trabalho colaborativo.<\/p>\n\n\n\n<p class=\" eplus-wrapper\">Assim, este \u00e9 um blog de autoria aberta a todos aqueles que desejam compartilhar suas experi\u00eancias ou ideias relacionadas aos recursos da cole\u00e7\u00e3o <a rel=\"noreferrer noopener\" href=\"https:\/\/m3.ime.unicamp.br\/\" target=\"_blank\">Matem\u00e1tica Multim\u00eddia<\/a>. Abaixo os autores que j\u00e1 colaboraram com este blog:<\/p>\n\n\n\n<figure class=\" wp-block-image aligncenter eplus-wrapper\"><a href=\"https:\/\/www.blogs.unicamp.br\/m3\/category\/autor-caio\/\" target=\"_blank\" rel=\"noreferrer noopener\"><img fetchpriority=\"high\" decoding=\"async\" width=\"300\" height=\"200\" src=\"https:\/\/www.blogs.unicamp.br\/m3novo\/wp-content\/uploads\/sites\/288\/2020\/08\/cuarentena-5034614_1920-300x200.jpg\" alt=\"\" class=\"wp-image-203\" srcset=\"https:\/\/www.blogs.unicamp.br\/m3\/wp-content\/uploads\/sites\/288\/2020\/08\/cuarentena-5034614_1920-300x200.jpg 300w, https:\/\/www.blogs.unicamp.br\/m3\/wp-content\/uploads\/sites\/288\/2020\/08\/cuarentena-5034614_1920-1024x681.jpg 1024w, https:\/\/www.blogs.unicamp.br\/m3\/wp-content\/uploads\/sites\/288\/2020\/08\/cuarentena-5034614_1920-768x511.jpg 768w, https:\/\/www.blogs.unicamp.br\/m3\/wp-content\/uploads\/sites\/288\/2020\/08\/cuarentena-5034614_1920-1536x1022.jpg 1536w, https:\/\/www.blogs.unicamp.br\/m3\/wp-content\/uploads\/sites\/288\/2020\/08\/cuarentena-5034614_1920-500x333.jpg 500w, https:\/\/www.blogs.unicamp.br\/m3\/wp-content\/uploads\/sites\/288\/2020\/08\/cuarentena-5034614_1920-800x532.jpg 800w, https:\/\/www.blogs.unicamp.br\/m3\/wp-content\/uploads\/sites\/288\/2020\/08\/cuarentena-5034614_1920-1280x851.jpg 1280w, https:\/\/www.blogs.unicamp.br\/m3\/wp-content\/uploads\/sites\/288\/2020\/08\/cuarentena-5034614_1920-272x182.jpg 272w, https:\/\/www.blogs.unicamp.br\/m3\/wp-content\/uploads\/sites\/288\/2020\/08\/cuarentena-5034614_1920.jpg 1920w\" sizes=\"(max-width: 300px) 100vw, 300px\" \/><\/a><figcaption class=\"wp-element-caption\"><strong><a href=\"https:\/\/www.blogs.unicamp.br\/m3\/category\/autor-caio\/\" target=\"_blank\" rel=\"noreferrer noopener\">Caio Henrique De Sousa<\/a><\/strong><\/figcaption><\/figure>\n\n\n\n<figure class=\" wp-block-image aligncenter eplus-wrapper\"><img decoding=\"async\" width=\"300\" height=\"300\" src=\"https:\/\/www.blogs.unicamp.br\/m3novo\/wp-content\/uploads\/sites\/288\/2020\/10\/IMG_0984-300x300.jpg\" alt=\"\" class=\"wp-image-301\" srcset=\"https:\/\/www.blogs.unicamp.br\/m3\/wp-content\/uploads\/sites\/288\/2020\/10\/IMG_0984-300x300.jpg 300w, https:\/\/www.blogs.unicamp.br\/m3\/wp-content\/uploads\/sites\/288\/2020\/10\/IMG_0984-150x150.jpg 150w, https:\/\/www.blogs.unicamp.br\/m3\/wp-content\/uploads\/sites\/288\/2020\/10\/IMG_0984-768x766.jpg 768w, https:\/\/www.blogs.unicamp.br\/m3\/wp-content\/uploads\/sites\/288\/2020\/10\/IMG_0984-500x499.jpg 500w, https:\/\/www.blogs.unicamp.br\/m3\/wp-content\/uploads\/sites\/288\/2020\/10\/IMG_0984-800x798.jpg 800w, https:\/\/www.blogs.unicamp.br\/m3\/wp-content\/uploads\/sites\/288\/2020\/10\/IMG_0984.jpg 829w\" sizes=\"(max-width: 300px) 100vw, 300px\" \/><figcaption class=\"wp-element-caption\"><a href=\"https:\/\/www.blogs.unicamp.br\/m3\/category\/autora-denise-peppe\/\" target=\"_blank\" rel=\"noreferrer noopener\"><strong>Denise Peppe<\/strong><\/a><\/figcaption><\/figure>\n\n\n\n<figure class=\" wp-block-image aligncenter eplus-wrapper\"><img decoding=\"async\" width=\"300\" height=\"169\" src=\"https:\/\/www.blogs.unicamp.br\/m3novo\/wp-content\/uploads\/sites\/288\/2021\/05\/193751630_327059175658992_1292968391419862282_n-300x169.jpg\" alt=\"\" class=\"wp-image-477\" srcset=\"https:\/\/www.blogs.unicamp.br\/m3\/wp-content\/uploads\/sites\/288\/2021\/05\/193751630_327059175658992_1292968391419862282_n-300x169.jpg 300w, https:\/\/www.blogs.unicamp.br\/m3\/wp-content\/uploads\/sites\/288\/2021\/05\/193751630_327059175658992_1292968391419862282_n-1024x576.jpg 1024w, https:\/\/www.blogs.unicamp.br\/m3\/wp-content\/uploads\/sites\/288\/2021\/05\/193751630_327059175658992_1292968391419862282_n-768x432.jpg 768w, https:\/\/www.blogs.unicamp.br\/m3\/wp-content\/uploads\/sites\/288\/2021\/05\/193751630_327059175658992_1292968391419862282_n-500x281.jpg 500w, https:\/\/www.blogs.unicamp.br\/m3\/wp-content\/uploads\/sites\/288\/2021\/05\/193751630_327059175658992_1292968391419862282_n-800x450.jpg 800w, https:\/\/www.blogs.unicamp.br\/m3\/wp-content\/uploads\/sites\/288\/2021\/05\/193751630_327059175658992_1292968391419862282_n.jpg 1224w\" sizes=\"(max-width: 300px) 100vw, 300px\" \/><figcaption class=\"wp-element-caption\"><a href=\"https:\/\/www.blogs.unicamp.br\/m3\/category\/autora-flavia-fernanda-favaro\/\" target=\"_blank\" rel=\"noreferrer noopener\"><strong>Flavia Fernanda Favaro<\/strong><\/a><\/figcaption><\/figure>\n\n\n\n<figure class=\" wp-block-image aligncenter eplus-wrapper\"><a href=\"https:\/\/www.blogs.unicamp.br\/m3\/category\/autor-jm\/\" target=\"_blank\" rel=\"noreferrer noopener\"><img loading=\"lazy\" decoding=\"async\" width=\"139\" height=\"300\" src=\"https:\/\/www.blogs.unicamp.br\/m3novo\/wp-content\/uploads\/sites\/288\/2020\/07\/Foto-blog-M3-139x300.jpg\" alt=\"\" class=\"wp-image-170\" srcset=\"https:\/\/www.blogs.unicamp.br\/m3\/wp-content\/uploads\/sites\/288\/2020\/07\/Foto-blog-M3-139x300.jpg 139w, https:\/\/www.blogs.unicamp.br\/m3\/wp-content\/uploads\/sites\/288\/2020\/07\/Foto-blog-M3-473x1024.jpg 473w, https:\/\/www.blogs.unicamp.br\/m3\/wp-content\/uploads\/sites\/288\/2020\/07\/Foto-blog-M3-500x1083.jpg 500w, https:\/\/www.blogs.unicamp.br\/m3\/wp-content\/uploads\/sites\/288\/2020\/07\/Foto-blog-M3.jpg 532w\" sizes=\"(max-width: 139px) 100vw, 139px\" \/><\/a><figcaption class=\"wp-element-caption\">Jo\u00e3o Marcelo (<a href=\"https:\/\/www.blogs.unicamp.br\/m3\/category\/autor-jm\/\" target=\"_blank\" rel=\"noreferrer noopener\"><strong>JM<\/strong><\/a>)<\/figcaption><\/figure>\n\n\n\n<figure class=\" wp-block-image aligncenter eplus-wrapper\"><a href=\"https:\/\/www.blogs.unicamp.br\/m3\/category\/autor-leo\/\" target=\"_blank\" rel=\"noreferrer noopener\"><img decoding=\"async\" src=\"https:\/\/www.blogs.unicamp.br\/m3\/wp-content\/uploads\/sites\/258\/2020\/06\/l%C3%A9o.jpeg\" alt=\"\" class=\"wp-image-69\" \/><\/a><figcaption class=\"wp-element-caption\">Leonardo Barichello (<strong><a href=\"https:\/\/www.blogs.unicamp.br\/m3\/category\/autor-leo\/\" target=\"_blank\" rel=\"noreferrer noopener\">Leo<\/a><\/strong>)<\/figcaption><\/figure>\n\n\n\n<figure class=\" wp-block-image aligncenter eplus-wrapper\"><img decoding=\"async\" src=\"https:\/\/www.blogs.unicamp.br\/m3\/wp-content\/uploads\/sites\/258\/2020\/07\/8-300x199.jpg\" alt=\"\" class=\"wp-image-150\" \/><figcaption class=\"wp-element-caption\"><a href=\"https:\/\/www.blogs.unicamp.br\/m3\/category\/autora-leticia\/\" target=\"_blank\" rel=\"noreferrer noopener\"><strong>Let\u00edcia Miguel<\/strong><\/a><\/figcaption><\/figure>\n\n\n\n<figure class=\" wp-block-image aligncenter eplus-wrapper\"><img loading=\"lazy\" decoding=\"async\" width=\"191\" height=\"300\" src=\"https:\/\/www.blogs.unicamp.br\/m3novo\/wp-content\/uploads\/sites\/288\/2021\/07\/IMG-20200311-WA0058-191x300.jpg\" alt=\"\" class=\"wp-image-570\" srcset=\"https:\/\/www.blogs.unicamp.br\/m3\/wp-content\/uploads\/sites\/288\/2021\/07\/IMG-20200311-WA0058-191x300.jpg 191w, https:\/\/www.blogs.unicamp.br\/m3\/wp-content\/uploads\/sites\/288\/2021\/07\/IMG-20200311-WA0058.jpg 257w\" sizes=\"(max-width: 191px) 100vw, 191px\" \/><figcaption class=\"wp-element-caption\"><strong><a href=\"https:\/\/www.blogs.unicamp.br\/m3\/category\/autora-sabrina-boldrini\/\" target=\"_blank\" rel=\"noreferrer noopener\">Sabrina Boldrini<\/a><\/strong><\/figcaption><\/figure>\n\n\n\n<figure class=\" wp-block-image aligncenter eplus-wrapper\"><img loading=\"lazy\" decoding=\"async\" width=\"229\" height=\"300\" src=\"https:\/\/www.blogs.unicamp.br\/m3novo\/wp-content\/uploads\/sites\/288\/2021\/07\/WhatsApp-Image-2021-07-03-at-17.47.02-229x300.jpeg\" alt=\"\" class=\"wp-image-530\" srcset=\"https:\/\/www.blogs.unicamp.br\/m3\/wp-content\/uploads\/sites\/288\/2021\/07\/WhatsApp-Image-2021-07-03-at-17.47.02-229x300.jpeg 229w, https:\/\/www.blogs.unicamp.br\/m3\/wp-content\/uploads\/sites\/288\/2021\/07\/WhatsApp-Image-2021-07-03-at-17.47.02-500x656.jpeg 500w, https:\/\/www.blogs.unicamp.br\/m3\/wp-content\/uploads\/sites\/288\/2021\/07\/WhatsApp-Image-2021-07-03-at-17.47.02.jpeg 762w\" sizes=\"(max-width: 229px) 100vw, 229px\" \/><figcaption class=\"wp-element-caption\"><strong><a href=\"https:\/\/www.blogs.unicamp.br\/m3\/category\/autor-vilmar-costa\/\" target=\"_blank\" rel=\"noreferrer noopener\">Vilmar Costa<\/a><\/strong><\/figcaption><\/figure>\n\n\n\n<p class=\" eplus-wrapper\">Podem me chamar de <a rel=\"noreferrer noopener\" href=\"https:\/\/www.blogs.unicamp.br\/m3\/category\/autor-zero\/\" target=\"_blank\"><strong>Zero<\/strong><\/a>, fiz Licenciatura em Matem\u00e1tica pela USP, Mestrado na UNESP sobre a aprendizagem de Pensamento Computacional e Doutorado na UNICAMP sobre a aprendizagem de Demonstra\u00e7\u00f5es Matem\u00e1ticas.<\/p>\n\n\n\n<p class=\" eplus-wrapper\"><a rel=\"noreferrer noopener\" href=\"http:\/\/lattes.cnpq.br\/6130937835002478\" target=\"_blank\">lattes.cnpq.br\/6130937835002478<\/a><\/p>\n\n\n\n<p class=\" eplus-wrapper\"><a href=\"mailto:integravel@gmail.com\" target=\"_blank\" rel=\"noreferrer noopener\">integravel@gmail.com<\/a><\/p>\n\n\n\n<p class=\" eplus-wrapper\"><a rel=\"noreferrer noopener\" href=\"https:\/\/api.whatsapp.com\/send?phone=5514991535045\" target=\"_blank\">(14) 99153-5045<\/a>&nbsp;(WhatsApp)<\/p>\n\n\n\n<figure class=\" wp-block-image aligncenter size-full is-resized eplus-wrapper\"><img loading=\"lazy\" decoding=\"async\" src=\"https:\/\/www.blogs.unicamp.br\/m3novo\/wp-content\/uploads\/sites\/288\/2023\/07\/image.png\" alt=\"\" class=\"wp-image-744\" width=\"205\" height=\"274\" srcset=\"https:\/\/www.blogs.unicamp.br\/m3\/wp-content\/uploads\/sites\/288\/2023\/07\/image.png 768w, https:\/\/www.blogs.unicamp.br\/m3\/wp-content\/uploads\/sites\/288\/2023\/07\/image-225x300.png 225w, https:\/\/www.blogs.unicamp.br\/m3\/wp-content\/uploads\/sites\/288\/2023\/07\/image-500x667.png 500w\" sizes=\"(max-width: 205px) 100vw, 205px\" \/><figcaption class=\"wp-element-caption\"><strong><a href=\"https:\/\/www.blogs.unicamp.br\/m3\/category\/autor-zero\/\" target=\"_blank\" rel=\"noreferrer noopener\">Zero<\/a><\/strong><\/figcaption><\/figure>\n\n\n\n<p class=\" eplus-wrapper\">Os textos do blogs <a rel=\"noreferrer noopener\" href=\"https:\/\/www.blogs.unicamp.br\/zero\/\" target=\"_blank\">Zero<\/a> e <a rel=\"noreferrer noopener\" href=\"https:\/\/www.blogs.unicamp.br\/m3\/\" target=\"_blank\">M\u00b3<\/a> (de minha autoria) em cada semestre, s\u00e3o revisados e compilados na forma de Ebooks para leitura em Kindle. <\/p>\n\n\n\n<p class=\" eplus-wrapper\">Todos os Ebooks produzidos encontram-se na <strong><a rel=\"noreferrer noopener\" href=\"https:\/\/www.amazon.com.br\/dp\/B0CBXPK1YY\" target=\"_blank\">s\u00e9rie M<sup>30<\/sup><\/a><\/strong><sub>.<\/sub><\/p>\n\n\n\n<p class=\" eplus-wrapper\"><\/p>\n\n\n\n<p class=\" eplus-wrapper\">Universidade Estadual de Campinas, Cidade Universit\u00e1ria \u201cZeferino Vaz\u201d, Campinas, SP, Brasil, CEP: 13.083-970<\/p>\n\n\n\n<p class=\" eplus-wrapper\"><a rel=\"noreferrer noopener\" href=\"https:\/\/www.pg.unicamp.br\/mostra_norma.php?id_norma=14401\" target=\"_blank\">Resolu\u00e7\u00e3o GR-049\/2018,<\/a>\u00a0de 05\/12\/2018: Institui a Rede de Blogs de Divulga\u00e7\u00e3o de Ci\u00eancia da Universidade Estadual de Campinas<\/p>\n","protected":false},"excerpt":{"rendered":"<p>M\u00b3 \u00e9 um blog de Divulga\u00e7\u00e3o Cient\u00edfica da cole\u00e7\u00e3o Matem\u00e1tica Multim\u00eddia parceiro do Blog Zero, e ambos atuam dentro do<\/p>\n","protected":false},"author":434,"featured_media":0,"parent":0,"menu_order":0,"comment_status":"closed","ping_status":"closed","template":"","meta":{"colormag_page_container_layout":"default_layout","colormag_page_sidebar_layout":"default_layout","_monsterinsights_skip_tracking":false,"_monsterinsights_sitenote_active":false,"_monsterinsights_sitenote_note":"","_monsterinsights_sitenote_category":0,"pgc_sgb_lightbox_settings":"","_vp_format_video_url":"","_vp_image_focal_point":[],"footnotes":""},"class_list":["post-127","page","type-page","status-publish","hentry"],"_links":{"self":[{"href":"https:\/\/www.blogs.unicamp.br\/m3\/wp-json\/wp\/v2\/pages\/127","targetHints":{"allow":["GET"]}}],"collection":[{"href":"https:\/\/www.blogs.unicamp.br\/m3\/wp-json\/wp\/v2\/pages"}],"about":[{"href":"https:\/\/www.blogs.unicamp.br\/m3\/wp-json\/wp\/v2\/types\/page"}],"author":[{"embeddable":true,"href":"https:\/\/www.blogs.unicamp.br\/m3\/wp-json\/wp\/v2\/users\/434"}],"replies":[{"embeddable":true,"href":"https:\/\/www.blogs.unicamp.br\/m3\/wp-json\/wp\/v2\/comments?post=127"}],"version-history":[{"count":1,"href":"https:\/\/www.blogs.unicamp.br\/m3\/wp-json\/wp\/v2\/pages\/127\/revisions"}],"predecessor-version":[{"id":1053,"href":"https:\/\/www.blogs.unicamp.br\/m3\/wp-json\/wp\/v2\/pages\/127\/revisions\/1053"}],"wp:attachment":[{"href":"https:\/\/www.blogs.unicamp.br\/m3\/wp-json\/wp\/v2\/media?parent=127"}],"curies":[{"name":"wp","href":"https:\/\/api.w.org\/{rel}","templated":true}]}}