{"id":47,"date":"2016-06-07T15:58:29","date_gmt":"2016-06-07T18:58:29","guid":{"rendered":"https:\/\/www.blogs.unicamp.br\/marcapaginas\/?page_id=47"},"modified":"2022-02-18T19:39:24","modified_gmt":"2022-02-18T22:39:24","slug":"colaboradores","status":"publish","type":"page","link":"https:\/\/www.blogs.unicamp.br\/marcapaginas\/colaboradores\/","title":{"rendered":"Colaboradores"},"content":{"rendered":"\n<p><strong>Cl\u00e1udia Alves<\/strong><\/p>\n\n\n\n<div class=\"wp-block-image\"><figure class=\"alignleft\"><img decoding=\"async\" width=\"150\" height=\"150\" src=\"https:\/\/www.blogs.unicamp.br\/marcapaginas\/wp-content\/uploads\/sites\/96\/2016\/05\/claudia-150x150.jpg\" alt=\"\" class=\"wp-image-8\" \/><\/figure><\/div>\n\n\n\n<p>Bacharela em Estudos Liter\u00e1rios, licenciada em Letras e doutora em Teoria e Hist\u00f3ria Liter\u00e1ria pelo Instituto de Estudos da Linguagem, da Unicamp. Por acreditar no poder transformador da literatura, gostaria de compartilhar algumas ideias por aqui.<\/p>\n\n\n\n<p><\/p>\n\n\n\n<p>\u00a0<\/p>\n<p style=\"text-align: left\"><strong>La\u00eds Souza Toledo Pereira<\/strong><\/p>\n<p><img decoding=\"async\" class=\"wp-image-662 alignleft\" src=\"https:\/\/www.blogs.unicamp.br\/marcapaginas\/wp-content\/uploads\/sites\/96\/2022\/02\/Lais2-273x300.jpg\" alt=\"\" width=\"154\" height=\"169\" srcset=\"https:\/\/www.blogs.unicamp.br\/marcapaginas\/wp-content\/uploads\/sites\/96\/2022\/02\/Lais2-273x300.jpg 273w, https:\/\/www.blogs.unicamp.br\/marcapaginas\/wp-content\/uploads\/sites\/96\/2022\/02\/Lais2.jpg 656w\" sizes=\"(max-width: 154px) 100vw, 154px\" \/>Licenciada em Letras, bacharela em Estudos Liter\u00e1rios (pelo Instituto de Estudos da Linguagem, da Unicamp) e especialista em Jornalismo Cient\u00edfico (pelo Laborat\u00f3rio de Estudos Avan\u00e7ados em Jornalismo, da Unicamp).\u00a0 Gostaria de compartilhar reflex\u00f5es sobre literatura por aqui e tamb\u00e9m dialogar com leitores.<\/p>\n\n\n","protected":false},"excerpt":{"rendered":"<p>Cl\u00e1udia Alves Bacharela em Estudos Liter\u00e1rios, licenciada em Letras e doutora em Teoria e Hist\u00f3ria Liter\u00e1ria pelo Instituto de Estudos da Linguagem, da Unicamp. Por acreditar no poder transformador da literatura, gostaria de compartilhar algumas ideias por aqui.<\/p>\n","protected":false},"author":133,"featured_media":0,"parent":0,"menu_order":0,"comment_status":"closed","ping_status":"closed","template":"","meta":{"_monsterinsights_skip_tracking":false,"_monsterinsights_sitenote_active":false,"_monsterinsights_sitenote_note":"","_monsterinsights_sitenote_category":0,"pgc_sgb_lightbox_settings":"","_vp_format_video_url":"","_vp_image_focal_point":[],"footnotes":""},"class_list":["post-47","page","type-page","status-publish","hentry"],"_links":{"self":[{"href":"https:\/\/www.blogs.unicamp.br\/marcapaginas\/wp-json\/wp\/v2\/pages\/47","targetHints":{"allow":["GET"]}}],"collection":[{"href":"https:\/\/www.blogs.unicamp.br\/marcapaginas\/wp-json\/wp\/v2\/pages"}],"about":[{"href":"https:\/\/www.blogs.unicamp.br\/marcapaginas\/wp-json\/wp\/v2\/types\/page"}],"author":[{"embeddable":true,"href":"https:\/\/www.blogs.unicamp.br\/marcapaginas\/wp-json\/wp\/v2\/users\/133"}],"replies":[{"embeddable":true,"href":"https:\/\/www.blogs.unicamp.br\/marcapaginas\/wp-json\/wp\/v2\/comments?post=47"}],"version-history":[{"count":10,"href":"https:\/\/www.blogs.unicamp.br\/marcapaginas\/wp-json\/wp\/v2\/pages\/47\/revisions"}],"predecessor-version":[{"id":664,"href":"https:\/\/www.blogs.unicamp.br\/marcapaginas\/wp-json\/wp\/v2\/pages\/47\/revisions\/664"}],"wp:attachment":[{"href":"https:\/\/www.blogs.unicamp.br\/marcapaginas\/wp-json\/wp\/v2\/media?parent=47"}],"curies":[{"name":"wp","href":"https:\/\/api.w.org\/{rel}","templated":true}]}}