{"id":2,"date":"2019-04-23T14:41:48","date_gmt":"2019-04-23T17:41:48","guid":{"rendered":"https:\/\/www.blogs.unicamp.br\/mindflow\/?page_id=2"},"modified":"2026-03-02T09:59:38","modified_gmt":"2026-03-02T12:59:38","slug":"sobre","status":"publish","type":"page","link":"https:\/\/www.blogs.unicamp.br\/mindflow\/sobre\/","title":{"rendered":"Sobre n\u00f3s"},"content":{"rendered":"\n<h2 class=\" wp-block-heading eplus-wrapper\"><span style=\"color: #008000;\"><strong><span style=\"font-size: 14pt;\">Sobre o Mindflow &#8211; Falando sobre Comunica\u00e7\u00e3o, M\u00eddias Sociais e Divulga\u00e7\u00e3o Cient\u00edfica<\/span><\/strong><\/span><\/h2>\n\n\n\n<p class=\" eplus-wrapper\">Este blog se prop\u00f5e a discutir comunica\u00e7\u00e3o e divulga\u00e7\u00e3o cient\u00edfica para divulgadores de ci\u00eancia.<\/p>\n\n\n\n<p class=\" eplus-wrapper\">Utilizamos como conceito de divulga\u00e7\u00e3o cient\u00edfica:<\/p>\n\n\n\n<blockquote class=\"wp-block-quote eplus-wrapper is-layout-flow wp-block-quote-is-layout-flow\">\n<p class=\" eplus-wrapper\">Consiste em inserir a ci\u00eancia em dom\u00ednio p\u00fablico, a partir de uma nova produ\u00e7\u00e3o, a partir do conhecimento cient\u00edfico, que permita \u00e0 sociedade se interessar, compreender e dialogar sobre a ci\u00eancia. Por meio de recursos e suportes que saem do ambiente acad\u00eamico e atingem a sociedade como um todo, o divulgador cient\u00edfico deve incluir em seu planejamento n\u00e3o apenas materiais que falem sobre resultados de pesquisas, mas conceitos, etapas e problemas da ci\u00eancia, contribuindo assim para que o p\u00fablico possa utilizar esse conhecimento cient\u00edfico para suas tomadas de decis\u00e3o.<\/p>\n<cite><a href=\"https:\/\/www.scielo.br\/j\/edreal\/a\/YQQd4cX77WMdF9CtsbMrZdN\/?lang=pt#\">A Ci\u00eancia e os Conhecimentos da \u2018Cidade Invis\u00edvel\u2019<\/a> &#8211; CARNEIRO, Erica Mariosa Moreira; SOSA, Maria Clara Rodriguez; ARNT, Ana de Medeiros. A Ci\u00eancia e os Conhecimentos da \u2018Cidade Invis\u00edvel\u2019.&nbsp;<strong>Educa\u00e7\u00e3o &amp; Realidade<\/strong>, v. 48, p. e124635, 2023.<\/cite><\/blockquote>\n\n\n\n<h2 class=\" wp-block-heading eplus-wrapper\"><span style=\"font-size: 14pt; color: #993366;\"><strong>Quem \u00e9 respons\u00e1vel pelo blog:<\/strong><\/span><\/h2>\n\n\n<div class=\"wp-block-image \">\n<figure class=\"alignright eplus-wrapper\"><img fetchpriority=\"high\" decoding=\"async\" width=\"296\" height=\"300\" src=\"https:\/\/www.blogs.unicamp.br\/mindflow\/wp-content\/uploads\/sites\/186\/2022\/02\/206341638_10226597069296841_6065822430867645875_n-296x300.jpg\" alt=\"\" class=\"wp-image-1648\" srcset=\"https:\/\/www.blogs.unicamp.br\/mindflow\/wp-content\/uploads\/sites\/186\/2022\/02\/206341638_10226597069296841_6065822430867645875_n-296x300.jpg 296w, https:\/\/www.blogs.unicamp.br\/mindflow\/wp-content\/uploads\/sites\/186\/2022\/02\/206341638_10226597069296841_6065822430867645875_n-1010x1024.jpg 1010w, https:\/\/www.blogs.unicamp.br\/mindflow\/wp-content\/uploads\/sites\/186\/2022\/02\/206341638_10226597069296841_6065822430867645875_n-768x778.jpg 768w, https:\/\/www.blogs.unicamp.br\/mindflow\/wp-content\/uploads\/sites\/186\/2022\/02\/206341638_10226597069296841_6065822430867645875_n-1515x1536.jpg 1515w, https:\/\/www.blogs.unicamp.br\/mindflow\/wp-content\/uploads\/sites\/186\/2022\/02\/206341638_10226597069296841_6065822430867645875_n-710x720.jpg 710w, https:\/\/www.blogs.unicamp.br\/mindflow\/wp-content\/uploads\/sites\/186\/2022\/02\/206341638_10226597069296841_6065822430867645875_n-24x24.jpg 24w, https:\/\/www.blogs.unicamp.br\/mindflow\/wp-content\/uploads\/sites\/186\/2022\/02\/206341638_10226597069296841_6065822430867645875_n-48x48.jpg 48w, https:\/\/www.blogs.unicamp.br\/mindflow\/wp-content\/uploads\/sites\/186\/2022\/02\/206341638_10226597069296841_6065822430867645875_n-96x96.jpg 96w, https:\/\/www.blogs.unicamp.br\/mindflow\/wp-content\/uploads\/sites\/186\/2022\/02\/206341638_10226597069296841_6065822430867645875_n.jpg 1988w\" sizes=\"(max-width: 296px) 100vw, 296px\" \/><\/figure>\n<\/div>\n\n\n<p class=\" eplus-wrapper\">A respons\u00e1vel pelo Blog Mindflow (produ\u00e7\u00e3o de conte\u00fado e edi\u00e7\u00e3o de conte\u00fado de colaboradores) \u00e9 a pesquisadora <strong>Erica Mariosa Moreira Carneiro<\/strong><\/p>\n\n\n\n<h2 class=\" wp-block-heading eplus-wrapper\">Mini Bio<\/h2>\n\n\n\n<p class=\" eplus-wrapper\">P\u00f3s-Doc em forma\u00e7\u00e3o e an\u00e1lise de impacto da Divulga\u00e7\u00e3o Cient\u00edfica do INCTBio-LK (IQ\/Unicamp); Doutora em Ensino de Ci\u00eancias e Matem\u00e1tica (Pecim\/Unicamp); Mestre em Divulga\u00e7\u00e3o Cient\u00edfica e Cultura e Especializa\u00e7\u00e3o em Jornalismo Cient\u00edfico (Labjor\/Unicamp); Comunica\u00e7\u00e3o Social em Rela\u00e7\u00f5es P\u00fablicas (PUC Campinas)<\/p>\n\n\n\n<h2 class=\" wp-block-heading eplus-wrapper\">Bio Detalhada<\/h2>\n\n\n\n<ul class=\" wp-block-list eplus-wrapper\">\n<li class=\" eplus-wrapper\">Graduada em <a href=\"https:\/\/www.puc-campinas.edu.br\/graduacao\/relacoes-publicas\/\">Rela\u00e7\u00f5es P\u00fablicas pela Pontif\u00edcia Universidade Cat\u00f3lica de Campinas<\/a> (2003);<\/li>\n\n\n\n<li class=\" eplus-wrapper\">P\u00f3s-Graduada em Jornalismo Cient\u00edfico pelo <a href=\"https:\/\/www.labjor.unicamp.br\/\">Labjor\/Unicamp<\/a>;<\/li>\n\n\n\n<li class=\" eplus-wrapper\">Mestra em Divulga\u00e7\u00e3o Cient\u00edfica e Cultural pelo <a href=\"https:\/\/www.labjor.unicamp.br\/\">Labjor\/Unicamp<\/a>;<\/li>\n\n\n\n<li class=\" eplus-wrapper\">Doutoranda em Multiunidades em Ensino de Ci\u00eancias e Matem\u00e1tica pelo <a href=\"https:\/\/www.pecim.unicamp.br\/\">PECIM\/UNICAMP<\/a>.<\/li>\n\n\n\n<li class=\" eplus-wrapper\">P\u00f3s Doutora em forma\u00e7\u00e3o e an\u00e1lise de impacto da Divulga\u00e7\u00e3o Cient\u00edfica do <a href=\"https:\/\/inctbio.iqm.unicamp.br\/\" type=\"link\" id=\"https:\/\/inctbio.iqm.unicamp.br\/\">INCTBio-LK<\/a> pelo <a href=\"https:\/\/www.iqm.unicamp.br\/\" type=\"link\" id=\"https:\/\/www.iqm.unicamp.br\/\">IQ\/Unicamp<\/a><\/li>\n<\/ul>\n\n\n\n<p class=\" eplus-wrapper\">Pesquiso&nbsp;e atuo nas \u00e1reas de comunica\u00e7\u00e3o, comunica\u00e7\u00e3o em sa\u00fade, divulga\u00e7\u00e3o cient\u00edfica, jornalismo e m\u00eddias sociais nas seguintes iniciativas:<\/p>\n\n\n\n<ul class=\" wp-block-list eplus-wrapper\">\n<li class=\" eplus-wrapper\"><a href=\"https:\/\/www.blogs.unicamp.br\/pemcie\/grupo-pemcie\/\" type=\"link\" id=\"https:\/\/www.blogs.unicamp.br\/pemcie\/grupo-pemcie\/\">Grupo de Pesquisa em Educa\u00e7\u00e3o em Ci\u00eancias (PEmCie)<\/a> da Unicamp e FURG<\/li>\n\n\n\n<li class=\" eplus-wrapper\">Blogs Unicamp &#8211; <a href=\"https:\/\/www.blogs.unicamp.br\/\">https:\/\/www.blogs.unicamp.br\/<\/a><\/li>\n\n\n\n<li class=\" eplus-wrapper\">EBDC &#8211; Encontro Brasileiro de Divulgadores de Ci\u00eancia &#8211; <a href=\"https:\/\/www.blogs.unicamp.br\/ebdc\/\">https:\/\/www.blogs.unicamp.br\/ebdc\/<\/a><\/li>\n\n\n\n<li class=\" eplus-wrapper\">Instituto Principia &#8211; <a href=\"https:\/\/www.institutoprincipia.org\/\">https:\/\/www.institutoprincipia.org\/<\/a> <\/li>\n\n\n\n<li class=\" eplus-wrapper\">Tamb\u00e9m falo sobre comunica\u00e7\u00e3o para cientistas &#8211; <a href=\"https:\/\/www.blogs.unicamp.br\/mindflow\/\">https:\/\/www.blogs.unicamp.br\/mindflow\/<\/a><\/li>\n<\/ul>\n\n\n\n<h2 class=\" wp-block-heading eplus-wrapper\"><strong><span style=\"color: #ff6600;\">Algumas Produ\u00e7\u00f5es Acad\u00eamicas<\/span><\/strong><\/h2>\n\n\n\n<p class=\" eplus-wrapper\"><strong>Curr\u00edculos<\/strong><\/p>\n\n\n\n<ul class=\" wp-block-list eplus-wrapper\">\n<li class=\" eplus-wrapper\"> <span style=\"font-size: revert; color: initial;\">Lattes: <\/span><a style=\"font-size: revert;\" href=\"http:\/\/lattes.cnpq.br\/0074748540575835\">http:\/\/lattes.cnpq.br\/0074748540575835<\/a><\/li>\n\n\n\n<li class=\" eplus-wrapper\"> <span style=\"font-size: revert; color: initial;\">Linkedin: <\/span><a style=\"font-size: revert;\" href=\"https:\/\/www.linkedin.com\/in\/ericamariosamoreiracarneiro\/\">https:\/\/www.linkedin.com\/in\/ericamariosamoreiracarneiro\/<\/a><\/li>\n\n\n\n<li class=\" eplus-wrapper\">Orcid: <a href=\"https:\/\/orcid.org\/0000-0002-1147-1030\" target=\"_blank\" rel=\"noreferrer noopener\">https:\/\/orcid.org\/0000-0002-1147-1030 <\/a><\/li>\n\n\n\n<li class=\" eplus-wrapper\"> <span style=\"font-size: revert; color: initial;\">Minha Disserta\u00e7\u00e3o de Mestrado: <\/span><a style=\"font-size: revert;\" href=\"http:\/\/repositorio.unicamp.br\/Acervo\/Detalhe\/1127067\" target=\"_blank\" rel=\"noopener\">Perfil dos blogueiros\/divulgadores de Ci\u00eancia no Portal&nbsp;<\/a> <\/li>\n<\/ul>\n\n\n\n<p class=\" eplus-wrapper\"><strong>Livros &#8211; Todos s\u00e3o para downloads gratuitos<\/strong><\/p>\n\n\n\n<ul class=\" wp-block-list eplus-wrapper\">\n<li class=\" eplus-wrapper\">\n<p><a href=\"https:\/\/www.blogs.unicamp.br\/linhadefundo\/\">Linha de Fundo: Um giro de divulga\u00e7\u00e3o cient\u00edfica sobre a COVID-19<\/a><\/p>\n<\/li>\n\n\n\n<li class=\" eplus-wrapper\">\n<p><a href=\"http:\/\/www.labjor.unicamp.br\/?p=2839\">Vozes e silenciamentos em Mariana: crime ou desastre ambiental?<\/a><\/p>\n<\/li>\n\n\n\n<li class=\" eplus-wrapper\">\n<p><a href=\"http:\/\/www.labjor.unicamp.br\/wp-content\/uploads\/2019\/05\/CienciasCulturasETecnologias.pdf\">Ci\u00eancias, culturas e tecnologias: divulga\u00e7\u00f5es plurais<\/a><\/p>\n<\/li>\n\n\n\n<li class=\" eplus-wrapper\">\n<p><a href=\"https:\/\/www.comciencia.br\/wp-content\/uploads\/2018\/07\/Livro-ComCiencia.pdf\">ComCi\u00eancia e divulga\u00e7\u00e3o cient\u00edfica<\/a><\/p>\n<\/li>\n<\/ul>\n\n\n\n<p class=\" eplus-wrapper\"><strong>Artigos&nbsp;<\/strong><\/p>\n\n\n\n<ul class=\" wp-block-list eplus-wrapper\">\n<li class=\" eplus-wrapper\"><a href=\"https:\/\/doi.org\/10.1590\/2175-6236124635vs01\">A Ci\u00eancia e os Conhecimentos da \u2018Cidade Invis\u00edvel\u2019<\/a><\/li>\n\n\n\n<li class=\" eplus-wrapper\">\n<p><a href=\"https:\/\/revistas.iel.unicamp.br\/index.php\/edicc\/article\/view\/6471\">A Voz do Cientista na Pol\u00edtica atrav\u00e9s da Divulga\u00e7\u00e3o Cient\u00edfica: Um Relato da Experi\u00eancia com o Especial \u201cCI\u00caNCIA E POL\u00cdTICA\u201d no Blogs de Ci\u00eancia da Unicamp<\/a><\/p>\n<\/li>\n\n\n\n<li class=\" eplus-wrapper\">\n<p><a href=\"https:\/\/revistas.iel.unicamp.br\/index.php\/edicc\/article\/view\/5839\">Blogs de Ci\u00eancia da Unicamp: divulga\u00e7\u00e3o cient\u00edfica por docentes e pesquisadores<\/a><\/p>\n<\/li>\n\n\n\n<li class=\" eplus-wrapper\">\n<p><a href=\"https:\/\/econtents.bc.unicamp.br\/inpec\/index.php\/simtec\/article\/view\/8341\">A iniciativa do projeto blogs de divulga\u00e7\u00e3o cient\u00edfica da UNICAMP<\/a><\/p>\n<\/li>\n<\/ul>\n\n\n\n<p class=\" eplus-wrapper\"><strong>Trabalhos completos publicados em anais de congressos<\/strong><\/p>\n\n\n\n<ul class=\" wp-block-list eplus-wrapper\">\n<li class=\" eplus-wrapper\">\n<p><a href=\"http:\/\/jornadasceyn.fahce.unlp.edu.ar\/v-jornadas-2019\/actas\/Moreira.pdf\">Blogs de Ci\u00eancia da Unicamp: uma an\u00e1lise da divulga\u00e7\u00e3o cient\u00edfica como ferramenta pedag\u00f3gica de ci\u00eancias<\/a><\/p>\n<\/li>\n\n\n\n<li class=\" eplus-wrapper\">\n<p><a href=\"https:\/\/library.iated.org\/view\/DEOLIVEIRAGARCIA2018EDU\">Educational Policies in Brazil: From Theory to Practice. A Study on the Implementation of the National Curricular Common Base<\/a><\/p>\n<\/li>\n<\/ul>\n\n\n\n<p class=\" eplus-wrapper\"><strong>Palestras&nbsp;<\/strong><\/p>\n\n\n\n<ul class=\" wp-block-list eplus-wrapper\">\n<li class=\" eplus-wrapper\"><a href=\"https:\/\/www.youtube.com\/live\/L_BopKgpyS0\">Cinema Cient\u00edfico: MERCADORES DA D\u00daVIDA<\/a> &#8211; Instituto Principia<\/li>\n\n\n\n<li class=\" eplus-wrapper\"><p><a href=\"https:\/\/www.youtube.com\/watch?v=nKBY6RnJVKY\">Qual a minha responsabilidade na Fake News que compartilho?<\/a><\/p><\/li>\n\n\n\n<li class=\" eplus-wrapper\"><a href=\"https:\/\/www.instagram.com\/p\/COLwtdmhqpm\/\">Divulgando a ci\u00eancia em tempos de negacionismos<\/a><\/li>\n\n\n\n<li class=\" eplus-wrapper\"><a href=\"https:\/\/www.youtube.com\/watch?v=msM7iEoH27Y&amp;t=53s\">I Curso de Forma\u00e7\u00e3o de Divulgadores da Ci\u00eancia &#8211; Divulga\u00e7\u00e3o cient\u00edfica nas m\u00eddias<\/a><\/li>\n\n\n\n<li class=\" eplus-wrapper\"><a href=\"https:\/\/www.youtube.com\/watch?v=hdpqRQoVYwo&amp;t=4511s\">Divulga\u00e7\u00e3o Cient\u00edfica e Educa\u00e7\u00e3o Ambiental<\/a><\/li>\n\n\n\n<li class=\" eplus-wrapper\"><a href=\"https:\/\/www.youtube.com\/watch?v=ZAMoHJMwWPE&amp;list=PLWYzeDRJEODOAp-Xjn9WDK9VmbNUhGPJ_&amp;index=9\">Minicurso parte II<\/a> &#8211; Blogs Unicamp e Divulga\u00e7\u00e3o Cient\u00edfica &#8211; Mini Integra\u00e7\u00e3o<\/li>\n\n\n\n<li class=\" eplus-wrapper\">1\u00ba EBDC: <a href=\"https:\/\/www.youtube.com\/watch?v=kkSEkgX9gNY&amp;t=1604s\">A divulga\u00e7\u00e3o cient\u00edfica em rede e na rede<\/a><\/li>\n\n\n\n<li class=\" eplus-wrapper\"><a href=\"https:\/\/www.youtube.com\/watch?v=0H9kc6pyiv4\">O Jornalismo na Divulga\u00e7\u00e3o Cient\u00edfica<\/a> &#8211; Instituto Vital Brazil<\/li>\n\n\n\n<li class=\" eplus-wrapper\"><a href=\"https:\/\/open.spotify.com\/episode\/4UwF5oMxGie4sSZkowr96Y\">Internet e Divulga\u00e7\u00e3o Cient\u00edfica<\/a> &#8211; EnsineCast<\/li>\n<\/ul>\n\n\n\n<h2 class=\" wp-block-heading eplus-wrapper\"><span style=\"font-size: 14pt;\"><strong><span style=\"color: #ff00ff;\">Entre em contato conosco pelo e-mail:<\/span> eriquinhamariosa@gmail.com<\/strong><\/span><\/h2>\n\n\n\n<p class=\" eplus-wrapper\"><span style=\"color: #0000ff;\"><strong><span style=\"font-size: 14pt;\">Blogs de Ci\u00eancia da Unicamp<\/span><\/strong><\/span><\/p>\n\n\n\n<p class=\" eplus-wrapper\">Esse blog faz parte do Blogs de Ci\u00eancia da Unicamp.<\/p>\n\n\n\n<p class=\" eplus-wrapper\">Para saber mais sobre esse projeto <a href=\"https:\/\/www.blogs.unicamp.br\/\">clique aqui<\/a><\/p>\n\n\n","protected":false},"excerpt":{"rendered":"<p>Sobre o Mindflow &#8211; Falando sobre Comunica\u00e7\u00e3o, M\u00eddias Sociais e Divulga\u00e7\u00e3o Cient\u00edfica Este blog se prop\u00f5e a discutir comunica\u00e7\u00e3o e divulga\u00e7\u00e3o cient\u00edfica para divulgadores de ci\u00eancia. Utilizamos como conceito de&nbsp;[ &hellip; ]<\/p>\n","protected":false},"author":124,"featured_media":0,"parent":0,"menu_order":0,"comment_status":"closed","ping_status":"open","template":"","meta":{"_monsterinsights_skip_tracking":false,"_monsterinsights_sitenote_active":false,"_monsterinsights_sitenote_note":"","_monsterinsights_sitenote_category":0,"pgc_sgb_lightbox_settings":"","_vp_format_video_url":"","_vp_image_focal_point":[],"footnotes":""},"class_list":["post-2","page","type-page","status-publish","hentry","col-sm-6 col-md-4"],"yoast_head":"<!-- This site is optimized with the Yoast SEO plugin v27.4 - https:\/\/yoast.com\/product\/yoast-seo-wordpress\/ -->\n<title>Sobre n\u00f3s - Mindflow - Divulgando a Divulga\u00e7\u00e3o Cient\u00edfica<\/title>\n<meta name=\"description\" content=\"Blogs de Ci\u00eancia da Universidade Estadual de Campinas\" \/>\n<meta name=\"robots\" content=\"index, follow, max-snippet:-1, max-image-preview:large, max-video-preview:-1\" \/>\n<link rel=\"canonical\" href=\"https:\/\/www.blogs.unicamp.br\/mindflow\/sobre\/\" \/>\n<meta property=\"og:locale\" content=\"pt_BR\" \/>\n<meta property=\"og:type\" content=\"article\" \/>\n<meta property=\"og:title\" content=\"Sobre n\u00f3s - Mindflow - Divulgando a Divulga\u00e7\u00e3o Cient\u00edfica\" \/>\n<meta property=\"og:description\" content=\"Blogs de Ci\u00eancia da Universidade Estadual de Campinas\" \/>\n<meta property=\"og:url\" content=\"https:\/\/www.blogs.unicamp.br\/mindflow\/sobre\/\" \/>\n<meta property=\"og:site_name\" content=\"Mindflow - Divulgando a Divulga\u00e7\u00e3o Cient\u00edfica\" \/>\n<meta property=\"article:publisher\" content=\"https:\/\/www.facebook.com\/blogsunicamp\" \/>\n<meta property=\"article:modified_time\" content=\"2026-03-02T12:59:38+00:00\" \/>\n<meta property=\"og:image\" content=\"https:\/\/www.blogs.unicamp.br\/mindflow\/wp-content\/uploads\/sites\/186\/2022\/02\/206341638_10226597069296841_6065822430867645875_n-296x300.jpg\" \/>\n<meta name=\"twitter:card\" content=\"summary_large_image\" \/>\n<meta name=\"twitter:site\" content=\"@BlogsUnicamp\" \/>\n<meta name=\"twitter:label1\" content=\"Est. tempo de leitura\" \/>\n\t<meta name=\"twitter:data1\" content=\"3 minutos\" \/>\n<script type=\"application\/ld+json\" class=\"yoast-schema-graph\">{\"@context\":\"https:\\\/\\\/schema.org\",\"@graph\":[{\"@type\":\"WebPage\",\"@id\":\"https:\\\/\\\/www.blogs.unicamp.br\\\/mindflow\\\/sobre\\\/\",\"url\":\"https:\\\/\\\/www.blogs.unicamp.br\\\/mindflow\\\/sobre\\\/\",\"name\":\"Sobre n\u00f3s - Mindflow - Divulgando a Divulga\u00e7\u00e3o Cient\u00edfica\",\"isPartOf\":{\"@id\":\"https:\\\/\\\/www.blogs.unicamp.br\\\/mindflow\\\/#website\"},\"primaryImageOfPage\":{\"@id\":\"https:\\\/\\\/www.blogs.unicamp.br\\\/mindflow\\\/sobre\\\/#primaryimage\"},\"image\":{\"@id\":\"https:\\\/\\\/www.blogs.unicamp.br\\\/mindflow\\\/sobre\\\/#primaryimage\"},\"thumbnailUrl\":\"https:\\\/\\\/www.blogs.unicamp.br\\\/mindflow\\\/wp-content\\\/uploads\\\/sites\\\/186\\\/2022\\\/02\\\/206341638_10226597069296841_6065822430867645875_n-296x300.jpg\",\"datePublished\":\"2019-04-23T17:41:48+00:00\",\"dateModified\":\"2026-03-02T12:59:38+00:00\",\"description\":\"Blogs de Ci\u00eancia da Universidade Estadual de Campinas\",\"breadcrumb\":{\"@id\":\"https:\\\/\\\/www.blogs.unicamp.br\\\/mindflow\\\/sobre\\\/#breadcrumb\"},\"inLanguage\":\"pt-BR\",\"potentialAction\":[{\"@type\":\"ReadAction\",\"target\":[\"https:\\\/\\\/www.blogs.unicamp.br\\\/mindflow\\\/sobre\\\/\"]}]},{\"@type\":\"ImageObject\",\"inLanguage\":\"pt-BR\",\"@id\":\"https:\\\/\\\/www.blogs.unicamp.br\\\/mindflow\\\/sobre\\\/#primaryimage\",\"url\":\"https:\\\/\\\/www.blogs.unicamp.br\\\/mindflow\\\/wp-content\\\/uploads\\\/sites\\\/186\\\/2022\\\/02\\\/206341638_10226597069296841_6065822430867645875_n.jpg\",\"contentUrl\":\"https:\\\/\\\/www.blogs.unicamp.br\\\/mindflow\\\/wp-content\\\/uploads\\\/sites\\\/186\\\/2022\\\/02\\\/206341638_10226597069296841_6065822430867645875_n.jpg\",\"width\":1988,\"height\":2015},{\"@type\":\"BreadcrumbList\",\"@id\":\"https:\\\/\\\/www.blogs.unicamp.br\\\/mindflow\\\/sobre\\\/#breadcrumb\",\"itemListElement\":[{\"@type\":\"ListItem\",\"position\":1,\"name\":\"In\u00edcio\",\"item\":\"https:\\\/\\\/www.blogs.unicamp.br\\\/mindflow\\\/\"},{\"@type\":\"ListItem\",\"position\":2,\"name\":\"Sobre n\u00f3s\"}]},{\"@type\":\"WebSite\",\"@id\":\"https:\\\/\\\/www.blogs.unicamp.br\\\/mindflow\\\/#website\",\"url\":\"https:\\\/\\\/www.blogs.unicamp.br\\\/mindflow\\\/\",\"name\":\"Mindflow\",\"description\":\"Falando sobre comunica\u00e7\u00e3o para divulgadores cient\u00edficos\",\"potentialAction\":[{\"@type\":\"SearchAction\",\"target\":{\"@type\":\"EntryPoint\",\"urlTemplate\":\"https:\\\/\\\/www.blogs.unicamp.br\\\/mindflow\\\/?s={search_term_string}\"},\"query-input\":{\"@type\":\"PropertyValueSpecification\",\"valueRequired\":true,\"valueName\":\"search_term_string\"}}],\"inLanguage\":\"pt-BR\"}]}<\/script>\n<!-- \/ Yoast SEO plugin. -->","yoast_head_json":{"title":"Sobre n\u00f3s - Mindflow - Divulgando a Divulga\u00e7\u00e3o Cient\u00edfica","description":"Blogs de Ci\u00eancia da Universidade Estadual de Campinas","robots":{"index":"index","follow":"follow","max-snippet":"max-snippet:-1","max-image-preview":"max-image-preview:large","max-video-preview":"max-video-preview:-1"},"canonical":"https:\/\/www.blogs.unicamp.br\/mindflow\/sobre\/","og_locale":"pt_BR","og_type":"article","og_title":"Sobre n\u00f3s - Mindflow - Divulgando a Divulga\u00e7\u00e3o Cient\u00edfica","og_description":"Blogs de Ci\u00eancia da Universidade Estadual de Campinas","og_url":"https:\/\/www.blogs.unicamp.br\/mindflow\/sobre\/","og_site_name":"Mindflow - Divulgando a Divulga\u00e7\u00e3o Cient\u00edfica","article_publisher":"https:\/\/www.facebook.com\/blogsunicamp","article_modified_time":"2026-03-02T12:59:38+00:00","og_image":[{"url":"https:\/\/www.blogs.unicamp.br\/mindflow\/wp-content\/uploads\/sites\/186\/2022\/02\/206341638_10226597069296841_6065822430867645875_n-296x300.jpg","type":"","width":"","height":""}],"twitter_card":"summary_large_image","twitter_site":"@BlogsUnicamp","twitter_misc":{"Est. tempo de leitura":"3 minutos"},"schema":{"@context":"https:\/\/schema.org","@graph":[{"@type":"WebPage","@id":"https:\/\/www.blogs.unicamp.br\/mindflow\/sobre\/","url":"https:\/\/www.blogs.unicamp.br\/mindflow\/sobre\/","name":"Sobre n\u00f3s - Mindflow - Divulgando a Divulga\u00e7\u00e3o Cient\u00edfica","isPartOf":{"@id":"https:\/\/www.blogs.unicamp.br\/mindflow\/#website"},"primaryImageOfPage":{"@id":"https:\/\/www.blogs.unicamp.br\/mindflow\/sobre\/#primaryimage"},"image":{"@id":"https:\/\/www.blogs.unicamp.br\/mindflow\/sobre\/#primaryimage"},"thumbnailUrl":"https:\/\/www.blogs.unicamp.br\/mindflow\/wp-content\/uploads\/sites\/186\/2022\/02\/206341638_10226597069296841_6065822430867645875_n-296x300.jpg","datePublished":"2019-04-23T17:41:48+00:00","dateModified":"2026-03-02T12:59:38+00:00","description":"Blogs de Ci\u00eancia da Universidade Estadual de Campinas","breadcrumb":{"@id":"https:\/\/www.blogs.unicamp.br\/mindflow\/sobre\/#breadcrumb"},"inLanguage":"pt-BR","potentialAction":[{"@type":"ReadAction","target":["https:\/\/www.blogs.unicamp.br\/mindflow\/sobre\/"]}]},{"@type":"ImageObject","inLanguage":"pt-BR","@id":"https:\/\/www.blogs.unicamp.br\/mindflow\/sobre\/#primaryimage","url":"https:\/\/www.blogs.unicamp.br\/mindflow\/wp-content\/uploads\/sites\/186\/2022\/02\/206341638_10226597069296841_6065822430867645875_n.jpg","contentUrl":"https:\/\/www.blogs.unicamp.br\/mindflow\/wp-content\/uploads\/sites\/186\/2022\/02\/206341638_10226597069296841_6065822430867645875_n.jpg","width":1988,"height":2015},{"@type":"BreadcrumbList","@id":"https:\/\/www.blogs.unicamp.br\/mindflow\/sobre\/#breadcrumb","itemListElement":[{"@type":"ListItem","position":1,"name":"In\u00edcio","item":"https:\/\/www.blogs.unicamp.br\/mindflow\/"},{"@type":"ListItem","position":2,"name":"Sobre n\u00f3s"}]},{"@type":"WebSite","@id":"https:\/\/www.blogs.unicamp.br\/mindflow\/#website","url":"https:\/\/www.blogs.unicamp.br\/mindflow\/","name":"Mindflow","description":"Falando sobre comunica\u00e7\u00e3o para divulgadores cient\u00edficos","potentialAction":[{"@type":"SearchAction","target":{"@type":"EntryPoint","urlTemplate":"https:\/\/www.blogs.unicamp.br\/mindflow\/?s={search_term_string}"},"query-input":{"@type":"PropertyValueSpecification","valueRequired":true,"valueName":"search_term_string"}}],"inLanguage":"pt-BR"}]}},"_links":{"self":[{"href":"https:\/\/www.blogs.unicamp.br\/mindflow\/wp-json\/wp\/v2\/pages\/2","targetHints":{"allow":["GET"]}}],"collection":[{"href":"https:\/\/www.blogs.unicamp.br\/mindflow\/wp-json\/wp\/v2\/pages"}],"about":[{"href":"https:\/\/www.blogs.unicamp.br\/mindflow\/wp-json\/wp\/v2\/types\/page"}],"author":[{"embeddable":true,"href":"https:\/\/www.blogs.unicamp.br\/mindflow\/wp-json\/wp\/v2\/users\/124"}],"replies":[{"embeddable":true,"href":"https:\/\/www.blogs.unicamp.br\/mindflow\/wp-json\/wp\/v2\/comments?post=2"}],"version-history":[{"count":37,"href":"https:\/\/www.blogs.unicamp.br\/mindflow\/wp-json\/wp\/v2\/pages\/2\/revisions"}],"predecessor-version":[{"id":3778,"href":"https:\/\/www.blogs.unicamp.br\/mindflow\/wp-json\/wp\/v2\/pages\/2\/revisions\/3778"}],"wp:attachment":[{"href":"https:\/\/www.blogs.unicamp.br\/mindflow\/wp-json\/wp\/v2\/media?parent=2"}],"curies":[{"name":"wp","href":"https:\/\/api.w.org\/{rel}","templated":true}]}}