{"id":20,"date":"2016-10-25T09:46:54","date_gmt":"2016-10-25T11:46:54","guid":{"rendered":"https:\/\/www.blogs.unicamp.br\/nasasasdodragao\/?page_id=20"},"modified":"2018-08-31T11:59:22","modified_gmt":"2018-08-31T14:59:22","slug":"sobre","status":"publish","type":"page","link":"https:\/\/www.blogs.unicamp.br\/nasasasdodragao\/sobre\/","title":{"rendered":"Sobre"},"content":{"rendered":"<p style=\"text-align: left\"><span style=\"font-family: Georgia, Palatino;color: #000000;font-size: 12pt\">Bem-vindo ao blog<span class=\"apple-converted-space\">\u00a0<\/span><strong>Nas Asas do Drag\u00e3o<\/strong>!\u00a0<\/span><\/p>\n<p style=\"text-align: left\"><span style=\"font-family: Georgia, Palatino;color: #000000;font-size: 12pt\">Aqui\u00a0voc\u00ea poder\u00e1 acompanhar de perto os desdobramentos dos nossos projetos que misturam Drag\u00f5es, Educa\u00e7\u00e3o, Ci\u00eancia e Arte para tornar o aprendizado ainda mais interessante e divertido!\u00a0Venha voar conosco! \ud83d\ude42<\/span><\/p>\n<p><iframe title=\"Blog Nas Asas do Drag\u00e3o\" width=\"500\" height=\"281\" src=\"https:\/\/www.youtube.com\/embed\/Lhs_Kk895bY?feature=oembed\" frameborder=\"0\" allow=\"accelerometer; autoplay; clipboard-write; encrypted-media; gyroscope; picture-in-picture; web-share\" referrerpolicy=\"strict-origin-when-cross-origin\" allowfullscreen><\/iframe><\/p>\n<p style=\"text-align: justify\"><span style=\"color: #000000;font-family: Georgia, Palatino;font-size: 12pt\">Aqui n\u00f3s buscamos interconectar a\u00a0<strong>pesquisa<\/strong>, o\u00a0<strong>ensino\u00a0<\/strong>e a\u00a0<strong>extens\u00e3o<\/strong>, os tr\u00eas pilares fundamentais das universidades! Voc\u00ea j\u00e1 tinha ouvido falar? Confira no post\u00a0<span style=\"color: #ff6600\"><strong><a style=\"color: #ff6600;text-decoration: underline\" href=\"https:\/\/www.blogs.unicamp.br\/nasasasdodragao\/2016\/10\/31\/ciencia-especialmente-para-voce-a-divulgacao-cientifica\/\" target=\"_blank\" rel=\"noopener\">Ci\u00eancia especialmente para voc\u00ea &#8211; A divulga\u00e7\u00e3o cient\u00edfica<\/a><\/strong><\/span>\u00a0para j\u00e1 come\u00e7ar a voar bem alto! \ud83d\ude42<\/span><\/p>\n","protected":false},"excerpt":{"rendered":"<div class=\"mh-excerpt\"><p>Bem-vindo ao blog\u00a0Nas Asas do Drag\u00e3o!\u00a0 Aqui\u00a0voc\u00ea poder\u00e1 acompanhar de perto os desdobramentos dos nossos projetos que misturam Drag\u00f5es, Educa\u00e7\u00e3o, Ci\u00eancia e Arte para tornar <a class=\"mh-excerpt-more\" href=\"https:\/\/www.blogs.unicamp.br\/nasasasdodragao\/sobre\/\" title=\"Sobre\">[&#8230;]<\/a><\/p>\n<\/div>","protected":false},"author":161,"featured_media":0,"parent":0,"menu_order":0,"comment_status":"closed","ping_status":"closed","template":"","meta":{"_monsterinsights_skip_tracking":false,"_monsterinsights_sitenote_active":false,"_monsterinsights_sitenote_note":"","_monsterinsights_sitenote_category":0,"pgc_sgb_lightbox_settings":"","_vp_format_video_url":"","_vp_image_focal_point":[],"footnotes":""},"class_list":["post-20","page","type-page","status-publish","hentry"],"_links":{"self":[{"href":"https:\/\/www.blogs.unicamp.br\/nasasasdodragao\/wp-json\/wp\/v2\/pages\/20","targetHints":{"allow":["GET"]}}],"collection":[{"href":"https:\/\/www.blogs.unicamp.br\/nasasasdodragao\/wp-json\/wp\/v2\/pages"}],"about":[{"href":"https:\/\/www.blogs.unicamp.br\/nasasasdodragao\/wp-json\/wp\/v2\/types\/page"}],"author":[{"embeddable":true,"href":"https:\/\/www.blogs.unicamp.br\/nasasasdodragao\/wp-json\/wp\/v2\/users\/161"}],"replies":[{"embeddable":true,"href":"https:\/\/www.blogs.unicamp.br\/nasasasdodragao\/wp-json\/wp\/v2\/comments?post=20"}],"version-history":[{"count":14,"href":"https:\/\/www.blogs.unicamp.br\/nasasasdodragao\/wp-json\/wp\/v2\/pages\/20\/revisions"}],"predecessor-version":[{"id":966,"href":"https:\/\/www.blogs.unicamp.br\/nasasasdodragao\/wp-json\/wp\/v2\/pages\/20\/revisions\/966"}],"wp:attachment":[{"href":"https:\/\/www.blogs.unicamp.br\/nasasasdodragao\/wp-json\/wp\/v2\/media?parent=20"}],"curies":[{"name":"wp","href":"https:\/\/api.w.org\/{rel}","templated":true}]}}