{"id":37,"date":"2016-10-25T11:32:54","date_gmt":"2016-10-25T13:32:54","guid":{"rendered":"https:\/\/www.blogs.unicamp.br\/nasasasdodragao\/?page_id=37"},"modified":"2016-11-10T20:15:53","modified_gmt":"2016-11-10T22:15:53","slug":"blogring","status":"publish","type":"page","link":"https:\/\/www.blogs.unicamp.br\/nasasasdodragao\/blogring\/","title":{"rendered":"Blogring"},"content":{"rendered":"<p>Nas Asas do Drag\u00e3o faz parte de uma rede de blogs de divulga\u00e7\u00e3o cient\u00edfica da Universidade Estadual de Campinas (UNICAMP). Se voc\u00ea quiser conhecer mais sobre esse projeto e ter acesso aos demais blogs que fazem parte dessa rede, acesse o link:<\/p>\n<p><a href=\"https:\/\/www.blogs.unicamp.br\/pt_BR\/\"><img fetchpriority=\"high\" decoding=\"async\" class=\"alignleft wp-image-40 size-full\" src=\"https:\/\/www.blogs.unicamp.br\/nasasasdodragao\/wp-content\/uploads\/sites\/103\/2016\/10\/Logo-EA2Blogs.jpg\" alt=\"logo-ea2blogs\" width=\"605\" height=\"204\" srcset=\"https:\/\/www.blogs.unicamp.br\/nasasasdodragao\/wp-content\/uploads\/sites\/103\/2016\/10\/Logo-EA2Blogs.jpg 605w, https:\/\/www.blogs.unicamp.br\/nasasasdodragao\/wp-content\/uploads\/sites\/103\/2016\/10\/Logo-EA2Blogs-300x101.jpg 300w\" sizes=\"(max-width: 605px) 100vw, 605px\" \/><\/a><\/p>\n","protected":false},"excerpt":{"rendered":"<div class=\"mh-excerpt\"><p>Nas Asas do Drag\u00e3o faz parte de uma rede de blogs de divulga\u00e7\u00e3o cient\u00edfica da Universidade Estadual de Campinas (UNICAMP). Se voc\u00ea quiser conhecer mais <a class=\"mh-excerpt-more\" href=\"https:\/\/www.blogs.unicamp.br\/nasasasdodragao\/blogring\/\" title=\"Blogring\">[&#8230;]<\/a><\/p>\n<\/div>","protected":false},"author":161,"featured_media":0,"parent":0,"menu_order":0,"comment_status":"closed","ping_status":"closed","template":"","meta":{"_monsterinsights_skip_tracking":false,"_monsterinsights_sitenote_active":false,"_monsterinsights_sitenote_note":"","_monsterinsights_sitenote_category":0,"pgc_sgb_lightbox_settings":"","_vp_format_video_url":"","_vp_image_focal_point":[],"footnotes":""},"class_list":["post-37","page","type-page","status-publish","hentry"],"_links":{"self":[{"href":"https:\/\/www.blogs.unicamp.br\/nasasasdodragao\/wp-json\/wp\/v2\/pages\/37","targetHints":{"allow":["GET"]}}],"collection":[{"href":"https:\/\/www.blogs.unicamp.br\/nasasasdodragao\/wp-json\/wp\/v2\/pages"}],"about":[{"href":"https:\/\/www.blogs.unicamp.br\/nasasasdodragao\/wp-json\/wp\/v2\/types\/page"}],"author":[{"embeddable":true,"href":"https:\/\/www.blogs.unicamp.br\/nasasasdodragao\/wp-json\/wp\/v2\/users\/161"}],"replies":[{"embeddable":true,"href":"https:\/\/www.blogs.unicamp.br\/nasasasdodragao\/wp-json\/wp\/v2\/comments?post=37"}],"version-history":[{"count":6,"href":"https:\/\/www.blogs.unicamp.br\/nasasasdodragao\/wp-json\/wp\/v2\/pages\/37\/revisions"}],"predecessor-version":[{"id":196,"href":"https:\/\/www.blogs.unicamp.br\/nasasasdodragao\/wp-json\/wp\/v2\/pages\/37\/revisions\/196"}],"wp:attachment":[{"href":"https:\/\/www.blogs.unicamp.br\/nasasasdodragao\/wp-json\/wp\/v2\/media?parent=37"}],"curies":[{"name":"wp","href":"https:\/\/api.w.org\/{rel}","templated":true}]}}