{"id":2,"date":"2018-06-19T23:39:12","date_gmt":"2018-06-20T02:39:12","guid":{"rendered":"https:\/\/www.blogs.unicamp.br\/naturezacritica\/?page_id=2"},"modified":"2019-02-10T17:50:31","modified_gmt":"2019-02-10T19:50:31","slug":"sobre","status":"publish","type":"page","link":"https:\/\/www.blogs.unicamp.br\/naturezacritica\/sobre\/","title":{"rendered":"Sobre"},"content":{"rendered":"<p>O blog <strong>Natureza Cr\u00edtica<\/strong> foi criado em 2018 com o objetivo de realizar divulga\u00e7\u00e3o cient\u00edfica na \u00e1rea de Meio Ambiente. Tem car\u00e1ter livre e experimental em rela\u00e7\u00e3o \u00e0s estrat\u00e9gias de populariza\u00e7\u00e3o do conhecimento. Por outro lado, traz um ativismo ambiental aguerrido, sem deixar de ser cient\u00edfica e tecnicamente referenciado.<\/p>\n<p>Nosso objetivo \u00e9 abordar as quest\u00f5es ambientais de maneira multi e interdisciplinar, promovendo di\u00e1logo e abertos a vozes discordantes.\u00a0Trazemos recortes da hist\u00f3ria ambiental (de S\u00e3o Paulo, do Brasil e do mundo),\u00a0<span style=\"line-height: 1.5\">reflex\u00f5es sobre gest\u00e3o de \u00e1reas naturais protegidas, legisla\u00e7\u00e3o e\u00a0<\/span><span style=\"line-height: 1.5\">pol\u00edticas p\u00fablicas, pesquisas cient\u00edficas e documentos t\u00e9cnicos. Tamb\u00e9m buscamos fazer convergir educa\u00e7\u00e3o ambiental e divulga\u00e7\u00e3o cient\u00edfica. Resumindo, vamos tentar te convencer que o amor pela natureza n\u00e3o \u00e9 coisa de maluco. E que somos loucos pelo Meio Ambiente.<\/span><\/p>\n<p><span style=\"line-height: 1.5\">Natureza Cr\u00edtica \u00e9 um trabalho coletivo e volunt\u00e1rio realizado por amigos amantes da natureza e dispostos a defend\u00ea-la.\u00a0<\/span><span style=\"line-height: 1.5\">A maioria de n\u00f3s \u00e9\u00a0ou j\u00e1 foi ligada \u00e0 Universidade de Campinas, por isso estamos integrados \u00e0 <a href=\"https:\/\/www.blogs.unicamp.br\">Rede de Blogs de Ci\u00eancia da Unicamp<\/a> (<strong>ISSN: 2526-6187<\/strong>).<\/span><\/p>\n<p>A Rede de Blogs de Divulga\u00e7\u00e3o de Ci\u00eancia da Unicamp foi institu\u00edda pela <a href=\"https:\/\/www.pg.unicamp.br\/mostra_norma.php?id_norma=14401&amp;fbclid=IwAR32hYKavbCRjulhzxhlisCNum-R1xkqXzD2sbeCNI0Bx2mJL_dedvikOlU\" target=\"_blank\" rel=\"noopener\">Resolu\u00e7\u00e3o GR-049\/2018<\/a>. O conte\u00fado das postagens do Natureza Cr\u00edtica \u00e9 de responsabilidade de seus autores.<\/p>\n","protected":false},"excerpt":{"rendered":"<div class=\"mh-excerpt\"><p>O blog Natureza Cr\u00edtica foi criado em 2018 com o objetivo de realizar divulga\u00e7\u00e3o cient\u00edfica na \u00e1rea de Meio Ambiente. Tem car\u00e1ter livre e experimental <a class=\"mh-excerpt-more\" href=\"https:\/\/www.blogs.unicamp.br\/naturezacritica\/sobre\/\" title=\"Sobre\">[&#8230;]<\/a><\/p>\n<\/div>","protected":false},"author":341,"featured_media":0,"parent":0,"menu_order":0,"comment_status":"closed","ping_status":"closed","template":"","meta":{"_monsterinsights_skip_tracking":false,"_monsterinsights_sitenote_active":false,"_monsterinsights_sitenote_note":"","_monsterinsights_sitenote_category":0,"pgc_sgb_lightbox_settings":"","_vp_format_video_url":"","_vp_image_focal_point":[],"footnotes":""},"class_list":["post-2","page","type-page","status-publish","hentry"],"yoast_head":"<!-- This site is optimized with the Yoast SEO plugin v27.4 - https:\/\/yoast.com\/product\/yoast-seo-wordpress\/ -->\n<title>Sobre - Natureza Cr\u00edtica<\/title>\n<meta name=\"robots\" content=\"index, follow, max-snippet:-1, max-image-preview:large, max-video-preview:-1\" \/>\n<link rel=\"canonical\" href=\"https:\/\/www.blogs.unicamp.br\/naturezacritica\/sobre\/\" \/>\n<meta property=\"og:locale\" content=\"pt_BR\" \/>\n<meta property=\"og:type\" content=\"article\" \/>\n<meta property=\"og:title\" content=\"Sobre - Natureza Cr\u00edtica\" \/>\n<meta property=\"og:description\" content=\"O blog Natureza Cr\u00edtica foi criado em 2018 com o objetivo de realizar divulga\u00e7\u00e3o cient\u00edfica na \u00e1rea de Meio Ambiente. Tem car\u00e1ter livre e experimental [...]\" \/>\n<meta property=\"og:url\" content=\"https:\/\/www.blogs.unicamp.br\/naturezacritica\/sobre\/\" \/>\n<meta property=\"og:site_name\" content=\"Natureza Cr\u00edtica\" \/>\n<meta property=\"article:modified_time\" content=\"2019-02-10T19:50:31+00:00\" \/>\n<meta name=\"twitter:card\" content=\"summary_large_image\" \/>\n<meta name=\"twitter:label1\" content=\"Est. tempo de leitura\" \/>\n\t<meta name=\"twitter:data1\" content=\"1 minuto\" \/>\n<script type=\"application\/ld+json\" class=\"yoast-schema-graph\">{\"@context\":\"https:\\\/\\\/schema.org\",\"@graph\":[{\"@type\":\"WebPage\",\"@id\":\"https:\\\/\\\/www.blogs.unicamp.br\\\/naturezacritica\\\/sobre\\\/\",\"url\":\"https:\\\/\\\/www.blogs.unicamp.br\\\/naturezacritica\\\/sobre\\\/\",\"name\":\"Sobre - Natureza Cr\u00edtica\",\"isPartOf\":{\"@id\":\"https:\\\/\\\/www.blogs.unicamp.br\\\/naturezacritica\\\/#website\"},\"datePublished\":\"2018-06-20T02:39:12+00:00\",\"dateModified\":\"2019-02-10T19:50:31+00:00\",\"breadcrumb\":{\"@id\":\"https:\\\/\\\/www.blogs.unicamp.br\\\/naturezacritica\\\/sobre\\\/#breadcrumb\"},\"inLanguage\":\"pt-BR\",\"potentialAction\":[{\"@type\":\"ReadAction\",\"target\":[\"https:\\\/\\\/www.blogs.unicamp.br\\\/naturezacritica\\\/sobre\\\/\"]}]},{\"@type\":\"BreadcrumbList\",\"@id\":\"https:\\\/\\\/www.blogs.unicamp.br\\\/naturezacritica\\\/sobre\\\/#breadcrumb\",\"itemListElement\":[{\"@type\":\"ListItem\",\"position\":1,\"name\":\"In\u00edcio\",\"item\":\"https:\\\/\\\/www.blogs.unicamp.br\\\/naturezacritica\\\/\"},{\"@type\":\"ListItem\",\"position\":2,\"name\":\"Sobre\"}]},{\"@type\":\"WebSite\",\"@id\":\"https:\\\/\\\/www.blogs.unicamp.br\\\/naturezacritica\\\/#website\",\"url\":\"https:\\\/\\\/www.blogs.unicamp.br\\\/naturezacritica\\\/\",\"name\":\"Natureza Cr\u00edtica\",\"description\":\"Divulga\u00e7\u00e3o Cient\u00edfica em Meio Ambiente\",\"potentialAction\":[{\"@type\":\"SearchAction\",\"target\":{\"@type\":\"EntryPoint\",\"urlTemplate\":\"https:\\\/\\\/www.blogs.unicamp.br\\\/naturezacritica\\\/?s={search_term_string}\"},\"query-input\":{\"@type\":\"PropertyValueSpecification\",\"valueRequired\":true,\"valueName\":\"search_term_string\"}}],\"inLanguage\":\"pt-BR\"}]}<\/script>\n<!-- \/ Yoast SEO plugin. -->","yoast_head_json":{"title":"Sobre - Natureza Cr\u00edtica","robots":{"index":"index","follow":"follow","max-snippet":"max-snippet:-1","max-image-preview":"max-image-preview:large","max-video-preview":"max-video-preview:-1"},"canonical":"https:\/\/www.blogs.unicamp.br\/naturezacritica\/sobre\/","og_locale":"pt_BR","og_type":"article","og_title":"Sobre - Natureza Cr\u00edtica","og_description":"O blog Natureza Cr\u00edtica foi criado em 2018 com o objetivo de realizar divulga\u00e7\u00e3o cient\u00edfica na \u00e1rea de Meio Ambiente. Tem car\u00e1ter livre e experimental [...]","og_url":"https:\/\/www.blogs.unicamp.br\/naturezacritica\/sobre\/","og_site_name":"Natureza Cr\u00edtica","article_modified_time":"2019-02-10T19:50:31+00:00","twitter_card":"summary_large_image","twitter_misc":{"Est. tempo de leitura":"1 minuto"},"schema":{"@context":"https:\/\/schema.org","@graph":[{"@type":"WebPage","@id":"https:\/\/www.blogs.unicamp.br\/naturezacritica\/sobre\/","url":"https:\/\/www.blogs.unicamp.br\/naturezacritica\/sobre\/","name":"Sobre - Natureza Cr\u00edtica","isPartOf":{"@id":"https:\/\/www.blogs.unicamp.br\/naturezacritica\/#website"},"datePublished":"2018-06-20T02:39:12+00:00","dateModified":"2019-02-10T19:50:31+00:00","breadcrumb":{"@id":"https:\/\/www.blogs.unicamp.br\/naturezacritica\/sobre\/#breadcrumb"},"inLanguage":"pt-BR","potentialAction":[{"@type":"ReadAction","target":["https:\/\/www.blogs.unicamp.br\/naturezacritica\/sobre\/"]}]},{"@type":"BreadcrumbList","@id":"https:\/\/www.blogs.unicamp.br\/naturezacritica\/sobre\/#breadcrumb","itemListElement":[{"@type":"ListItem","position":1,"name":"In\u00edcio","item":"https:\/\/www.blogs.unicamp.br\/naturezacritica\/"},{"@type":"ListItem","position":2,"name":"Sobre"}]},{"@type":"WebSite","@id":"https:\/\/www.blogs.unicamp.br\/naturezacritica\/#website","url":"https:\/\/www.blogs.unicamp.br\/naturezacritica\/","name":"Natureza Cr\u00edtica","description":"Divulga\u00e7\u00e3o Cient\u00edfica em Meio Ambiente","potentialAction":[{"@type":"SearchAction","target":{"@type":"EntryPoint","urlTemplate":"https:\/\/www.blogs.unicamp.br\/naturezacritica\/?s={search_term_string}"},"query-input":{"@type":"PropertyValueSpecification","valueRequired":true,"valueName":"search_term_string"}}],"inLanguage":"pt-BR"}]}},"_links":{"self":[{"href":"https:\/\/www.blogs.unicamp.br\/naturezacritica\/wp-json\/wp\/v2\/pages\/2","targetHints":{"allow":["GET"]}}],"collection":[{"href":"https:\/\/www.blogs.unicamp.br\/naturezacritica\/wp-json\/wp\/v2\/pages"}],"about":[{"href":"https:\/\/www.blogs.unicamp.br\/naturezacritica\/wp-json\/wp\/v2\/types\/page"}],"author":[{"embeddable":true,"href":"https:\/\/www.blogs.unicamp.br\/naturezacritica\/wp-json\/wp\/v2\/users\/341"}],"replies":[{"embeddable":true,"href":"https:\/\/www.blogs.unicamp.br\/naturezacritica\/wp-json\/wp\/v2\/comments?post=2"}],"version-history":[{"count":14,"href":"https:\/\/www.blogs.unicamp.br\/naturezacritica\/wp-json\/wp\/v2\/pages\/2\/revisions"}],"predecessor-version":[{"id":312,"href":"https:\/\/www.blogs.unicamp.br\/naturezacritica\/wp-json\/wp\/v2\/pages\/2\/revisions\/312"}],"wp:attachment":[{"href":"https:\/\/www.blogs.unicamp.br\/naturezacritica\/wp-json\/wp\/v2\/media?parent=2"}],"curies":[{"name":"wp","href":"https:\/\/api.w.org\/{rel}","templated":true}]}}