{"id":113,"date":"2016-11-16T15:25:36","date_gmt":"2016-11-16T17:25:36","guid":{"rendered":"https:\/\/www.blogs.unicamp.br\/openphilosophy\/?page_id=113"},"modified":"2018-07-20T18:53:42","modified_gmt":"2018-07-20T21:53:42","slug":"publique","status":"publish","type":"page","link":"https:\/\/www.blogs.unicamp.br\/openphilosophy\/publique\/","title":{"rendered":"PUBLIQUE"},"content":{"rendered":"<p>Open Philosophy abre para publica\u00e7\u00e3o periodicamente sendo as chamadas informadas na tela inicial, e recebe tamb\u00e9m\u00a0contribui\u00e7\u00f5es de tema livre em fluxo cont\u00ednuo.<\/p>\n<p><b>S\u00e3o aceitas propostas ligadas a quest\u00f5es filos\u00f3ficas tradicionais e contempor\u00e2neas, assim como reflex\u00f5es de atualidade ou pertencentes a qualquer \u00e1rea\u00a0do conhecimento, sempre que realizadas\u00a0<\/b><b>a partir de uma plataforma cr\u00edtica e<\/b><b><strong>\u00a0fontes de qualidade.<\/strong><\/b><\/p>\n<p><strong>Os textos devem estar organizados em par\u00e1grafos curtos e redigidos em uma <\/strong><strong>\u00a0linguagem clara e acess\u00edvel, de modo que a circula\u00e7\u00e3o das ideias seja \u00e1gil e a interlocu\u00e7\u00e3o interdisciplinar\u00a0seja poss\u00edvel. <\/strong><\/p>\n<p><strong>As fontes devem ser\u00a0<\/strong><b><strong>explicitadas em nota de fim ou hiperlink no corpo do texto.\u00a0<\/strong><\/b><strong>O modelo de cita\u00e7\u00e3o \u00e9 livre. As notas devem ser sempre de fim e nunca de rodap\u00e9.<\/strong><\/p>\n<p>O autor dever\u00e1 encaminhar um e-mail a:\u00a0<strong>openphiles@gmail.com<\/strong><\/p>\n<p>com assunto \u201cProposta inicial [T\u00edtulo do trabalho]&#8221; e\u00a0um <strong>.doc <\/strong>em anexo contendo:<\/p>\n<ol>\n<li><strong>T\u00edtulo\u00a0<\/strong>do trabalho<\/li>\n<li><strong>Nome<\/strong>\u00a0do autor<strong>,<\/strong>\u00a0<strong>filia\u00e7\u00e3o institucional<\/strong> <strong>e link para o Lattes<\/strong> (caso existam)<\/li>\n<li><strong>Conte\u00fado de at\u00e9 15000 caracteres <\/strong><\/li>\n<li><strong>5\u00a0tags <\/strong>(palavras-chave)<\/li>\n<\/ol>\n<p>Sendo a proposta aceita, o conte\u00fado ser\u00e1 adequado\u00a0ao formato do blog e enviado novamente ao autor antes da publica\u00e7\u00e3o. Aprovadas as modifica\u00e7\u00f5es, o texto ser\u00e1 publicado e o autor receber\u00e1, caso o desejar, identifica\u00e7\u00e3o pessoal e senha para acessar o trabalho e responder os coment\u00e1rios desde o interior da plataforma.<\/p>\n<p style=\"text-align: center\"><strong>A REDE DE BLOGS CIENT\u00cdFICOS\u00a0DA UNICAMP POSSUI ISSN DESDE 2017.<\/strong><\/p>\n<p style=\"text-align: left\"><span style=\"font-size: 12pt\">Sendo assim, os cr\u00e9ditos pela publica\u00e7\u00e3o podem ser inseridos no Lattes como:<strong>\u00a0<\/strong><\/span><span style=\"font-size: 12pt\"><b style=\"font-size: 12pt\">Produ\u00e7\u00e3o&gt; Produ\u00e7\u00e3o B<\/b><b>ibliogr\u00e1fica<\/b><b style=\"font-size: 12pt\">&gt; Outra Produ\u00e7\u00e3o Bibliogr\u00e1fica&gt; M\u00eddia Eletr\u00f4nica\u00a0 (ISSN 2526-6187 + url. do artigo).<\/b><\/span><\/p>\n<p>&nbsp;<\/p>\n<p><img decoding=\"async\" class=\"alignnone wp-image-68 aligncenter\" src=\"https:\/\/www.blogs.unicamp.br\/openphilosophy\/wp-content\/uploads\/sites\/118\/2016\/10\/cropped-escher-drawing-hands-1-300x233.jpg\" alt=\"cropped-escher-drawing-hands-1.jpg\" width=\"236\" height=\"183\" srcset=\"https:\/\/www.blogs.unicamp.br\/openphilosophy\/wp-content\/uploads\/sites\/118\/2016\/10\/cropped-escher-drawing-hands-1-300x233.jpg 300w, https:\/\/www.blogs.unicamp.br\/openphilosophy\/wp-content\/uploads\/sites\/118\/2016\/10\/cropped-escher-drawing-hands-1.jpg 325w\" sizes=\"(max-width: 236px) 100vw, 236px\" \/><\/p>\n<p>&nbsp;<\/p>\n<p style=\"text-align: center\"><a href=\"https:\/\/www.blogs.unicamp.br\/openphilosophy\/2018\/05\/22\/topicos-politicos-i-chamada-para-publicacao-aberta\/\">Veja aqui a chamada atual.<\/a><\/p>\n<p style=\"text-align: center\"><a href=\"https:\/\/www.blogs.unicamp.br\/openphilosophy\/sobre\/\" target=\"_blank\" rel=\"noopener\">Leia mais sobre a linha editorial aqui.<\/a><\/p>\n<p style=\"text-align: center\">DIVULGUE! PARTICIPE!<\/p>\n<p>&nbsp;<\/p>\n<p><a href=\"https:\/\/en.wikipedia.org\/wiki\/Free-culture_movement\" target=\"_blank\" rel=\"attachment noopener wp-att-1133\"><img decoding=\"async\" class=\"aligncenter wp-image-1133 size-full\" src=\"https:\/\/www.blogs.unicamp.br\/openphilosophy\/wp-content\/uploads\/sites\/118\/2018\/03\/Free_Culture_dot_org_logo.png\" alt=\"\" width=\"150\" height=\"96\" \/><\/a><\/p>\n","protected":false},"excerpt":{"rendered":"<p>Open Philosophy abre para publica\u00e7\u00e3o periodicamente sendo as chamadas informadas na tela inicial, e recebe tamb\u00e9m\u00a0contribui\u00e7\u00f5es de tema livre em fluxo cont\u00ednuo. S\u00e3o aceitas propostas ligadas a quest\u00f5es filos\u00f3ficas tradicionais e contempor\u00e2neas, assim como reflex\u00f5es de atualidade ou pertencentes a qualquer \u00e1rea\u00a0do conhecimento, sempre que realizadas\u00a0a partir de uma plataforma cr\u00edtica e\u00a0fontes de qualidade. Os textos devem estar organizados em par\u00e1grafos curtos e redigidos em uma \u00a0linguagem clara e acess\u00edvel, de modo que a circula\u00e7\u00e3o das ideias seja \u00e1gil e&#8230;<\/p>\n<p class=\"read-more\"><a class=\"btn btn-default\" href=\"https:\/\/www.blogs.unicamp.br\/openphilosophy\/publique\/\"> Read More<span class=\"screen-reader-text\">  Read More<\/span><\/a><\/p>\n","protected":false},"author":8,"featured_media":0,"parent":0,"menu_order":0,"comment_status":"closed","ping_status":"closed","template":"","meta":{"_monsterinsights_skip_tracking":false,"_monsterinsights_sitenote_active":false,"_monsterinsights_sitenote_note":"","_monsterinsights_sitenote_category":0,"pgc_sgb_lightbox_settings":"","_vp_format_video_url":"","_vp_image_focal_point":[],"footnotes":""},"class_list":["post-113","page","type-page","status-publish","hentry"],"_links":{"self":[{"href":"https:\/\/www.blogs.unicamp.br\/openphilosophy\/wp-json\/wp\/v2\/pages\/113","targetHints":{"allow":["GET"]}}],"collection":[{"href":"https:\/\/www.blogs.unicamp.br\/openphilosophy\/wp-json\/wp\/v2\/pages"}],"about":[{"href":"https:\/\/www.blogs.unicamp.br\/openphilosophy\/wp-json\/wp\/v2\/types\/page"}],"author":[{"embeddable":true,"href":"https:\/\/www.blogs.unicamp.br\/openphilosophy\/wp-json\/wp\/v2\/users\/8"}],"replies":[{"embeddable":true,"href":"https:\/\/www.blogs.unicamp.br\/openphilosophy\/wp-json\/wp\/v2\/comments?post=113"}],"version-history":[{"count":27,"href":"https:\/\/www.blogs.unicamp.br\/openphilosophy\/wp-json\/wp\/v2\/pages\/113\/revisions"}],"predecessor-version":[{"id":1470,"href":"https:\/\/www.blogs.unicamp.br\/openphilosophy\/wp-json\/wp\/v2\/pages\/113\/revisions\/1470"}],"wp:attachment":[{"href":"https:\/\/www.blogs.unicamp.br\/openphilosophy\/wp-json\/wp\/v2\/media?parent=113"}],"curies":[{"name":"wp","href":"https:\/\/api.w.org\/{rel}","templated":true}]}}