{"id":36,"date":"2016-10-31T14:17:42","date_gmt":"2016-10-31T16:17:42","guid":{"rendered":"https:\/\/www.blogs.unicamp.br\/openphilosophy\/?page_id=36"},"modified":"2017-03-03T12:17:05","modified_gmt":"2017-03-03T15:17:05","slug":"blogring","status":"publish","type":"page","link":"https:\/\/www.blogs.unicamp.br\/openphilosophy\/blogring\/","title":{"rendered":"Blogring"},"content":{"rendered":"<header class=\"entry-header\">A iniciativa <strong>Blogs de Ci\u00eancia da Universidade Estadual de Campinas<\/strong>\u00a0iniciou-se em novembro de 2015, por meio de um projeto inicial criado pelo <a href=\"http:\/\/www.ea2.unicamp.br\/\" target=\"_blank\">Espa\u00e7o de Apoio ao Ensino e Aprendizagem<\/a>\u00a0(EA)\u00b2.<\/p>\n<p>Este projeto tinha por objetivo a cria\u00e7\u00e3o de uma plataforma ou\u00a0ferramenta que possibilitasse agregar blogs diversos\u00a0de autoria de pesquisadores e docentes da <a href=\"http:\/\/www.unicamp.br\/\" target=\"_blank\">Unicamp<\/a>.\u00a0Seguindo os casos de sucesso, como o <a href=\"http:\/\/scienceblogs.com\/\" target=\"_blank\">ScienceBlogs<\/a>, <a href=\"http:\/\/researchblogging.org\/\" target=\"_blank\">ResearchBlogging<\/a>, <a href=\"http:\/\/scienceblogging.org\/\" target=\"_blank\">ScienceBlogging<\/a>, <a href=\"http:\/\/www.scienceseeker.org\/\" target=\"_blank\">ScienceSeeker<\/a>, entre outros, \u00a0sentiu-se a necessidade de criar algo parecido dentro da Universidade.<\/p>\n<p>Para dar corpo e forma \u00e0 proposta, o\u00a0(EA)\u00b2 fez parceria com o <a href=\"http:\/\/www.labjor.unicamp.br\/\" target=\"_blank\">Laborat\u00f3rio de Estudos Avan\u00e7ados em Jornalismo<\/a>\u00a0\u2013Labjor e o <a href=\"http:\/\/www.lantec.fe.unicamp.br\/\" target=\"_blank\">Laborat\u00f3rio de Inova\u00e7\u00e3o\u00a0Tecnol\u00f3gica Aplicada na Educa\u00e7\u00e3o<\/a> \u2013 LANTEC, no sentido de agregar <em>know-how<\/em> em Divulga\u00e7\u00e3o Cient\u00edfica, Comunica\u00e7\u00e3o e Tecnologias.<\/p>\n<p>A Universidade Estadual de Campinas, por meio dos \u00f3rg\u00e3os supracitados fomenta, oportuniza,\u00a0treina e d\u00e1 suporte \u00e0 iniciativa, mas \u00a0os conte\u00fados dos blogs individuais s\u00e3o de responsabilidade total de seus autores.<\/p>\n<p>Os cursos de forma\u00e7\u00e3o s\u00e3o ministrados todos os semestres, no <a href=\"http:\/\/www.ea2.unicamp.br\/\" target=\"_blank\">Espa\u00e7o de Apoio ao Ensino e Aprendizagem<\/a>\u00a0(EA)\u00b2.<\/p>\n<\/header>\n<div class=\"entry-content clearfix\">\n<p><a href=\"https:\/\/www.blogs.unicamp.br\/\" target=\"_blank\" rel=\"attachment wp-att-102\"><img decoding=\"async\" class=\"aligncenter wp-image-102\" src=\"https:\/\/www.blogs.unicamp.br\/lantec\/wp-content\/uploads\/sites\/4\/2016\/03\/04-300x101.png\" alt=\"04\" width=\"280\" height=\"94\" \/><\/a><\/p>\n<div class=\"addtoany_share_save_container addtoany_content_bottom\"><\/div>\n<\/div>\n","protected":false},"excerpt":{"rendered":"<p>A iniciativa Blogs de Ci\u00eancia da Universidade Estadual de Campinas\u00a0iniciou-se em novembro de 2015, por meio de um projeto inicial criado pelo Espa\u00e7o de Apoio ao Ensino e Aprendizagem\u00a0(EA)\u00b2. Este projeto tinha por objetivo a cria\u00e7\u00e3o de uma plataforma ou\u00a0ferramenta que possibilitasse agregar blogs diversos\u00a0de autoria de pesquisadores e docentes da Unicamp.\u00a0Seguindo os casos de sucesso, como o ScienceBlogs, ResearchBlogging, ScienceBlogging, ScienceSeeker, entre outros, \u00a0sentiu-se a necessidade de criar algo parecido dentro da Universidade. Para dar corpo e forma \u00e0&#8230;<\/p>\n<p class=\"read-more\"><a class=\"btn btn-default\" href=\"https:\/\/www.blogs.unicamp.br\/openphilosophy\/blogring\/\"> Read More<span class=\"screen-reader-text\">  Read More<\/span><\/a><\/p>\n","protected":false},"author":178,"featured_media":0,"parent":0,"menu_order":0,"comment_status":"closed","ping_status":"closed","template":"","meta":{"_monsterinsights_skip_tracking":false,"_monsterinsights_sitenote_active":false,"_monsterinsights_sitenote_note":"","_monsterinsights_sitenote_category":0,"pgc_sgb_lightbox_settings":"","_vp_format_video_url":"","_vp_image_focal_point":[],"footnotes":""},"class_list":["post-36","page","type-page","status-publish","hentry"],"_links":{"self":[{"href":"https:\/\/www.blogs.unicamp.br\/openphilosophy\/wp-json\/wp\/v2\/pages\/36","targetHints":{"allow":["GET"]}}],"collection":[{"href":"https:\/\/www.blogs.unicamp.br\/openphilosophy\/wp-json\/wp\/v2\/pages"}],"about":[{"href":"https:\/\/www.blogs.unicamp.br\/openphilosophy\/wp-json\/wp\/v2\/types\/page"}],"author":[{"embeddable":true,"href":"https:\/\/www.blogs.unicamp.br\/openphilosophy\/wp-json\/wp\/v2\/users\/178"}],"replies":[{"embeddable":true,"href":"https:\/\/www.blogs.unicamp.br\/openphilosophy\/wp-json\/wp\/v2\/comments?post=36"}],"version-history":[{"count":4,"href":"https:\/\/www.blogs.unicamp.br\/openphilosophy\/wp-json\/wp\/v2\/pages\/36\/revisions"}],"predecessor-version":[{"id":360,"href":"https:\/\/www.blogs.unicamp.br\/openphilosophy\/wp-json\/wp\/v2\/pages\/36\/revisions\/360"}],"wp:attachment":[{"href":"https:\/\/www.blogs.unicamp.br\/openphilosophy\/wp-json\/wp\/v2\/media?parent=36"}],"curies":[{"name":"wp","href":"https:\/\/api.w.org\/{rel}","templated":true}]}}