{"id":36,"date":"2016-08-03T15:30:12","date_gmt":"2016-08-03T18:30:12","guid":{"rendered":"https:\/\/www.blogs.unicamp.br\/paleoblog\/?page_id=36"},"modified":"2016-08-15T14:41:52","modified_gmt":"2016-08-15T17:41:52","slug":"entre-em-contato","status":"publish","type":"page","link":"https:\/\/www.blogs.unicamp.br\/paleoblog\/entre-em-contato\/","title":{"rendered":"Entre em contato!"},"content":{"rendered":"<p>D\u00favidas? Sugest\u00f5es? Opini\u00f5es? entre em contato!<\/p>\n<p>[contact-form-7 id=&#8221;35&#8243; title=&#8221;Entre em contato!&#8221;]<\/p>\n","protected":false},"excerpt":{"rendered":"<p>D\u00favidas? Sugest\u00f5es? Opini\u00f5es? entre em contato! [contact-form-7 id=&#8221;35&#8243; title=&#8221;Entre em contato!&#8221;]<\/p>\n","protected":false},"author":93,"featured_media":0,"parent":0,"menu_order":0,"comment_status":"closed","ping_status":"closed","template":"","meta":{"_monsterinsights_skip_tracking":false,"_monsterinsights_sitenote_active":false,"_monsterinsights_sitenote_note":"","_monsterinsights_sitenote_category":0,"pgc_sgb_lightbox_settings":"","_vp_format_video_url":"","_vp_image_focal_point":[],"footnotes":""},"class_list":["post-36","page","type-page","status-publish","hentry"],"_links":{"self":[{"href":"https:\/\/www.blogs.unicamp.br\/paleoblog\/wp-json\/wp\/v2\/pages\/36","targetHints":{"allow":["GET"]}}],"collection":[{"href":"https:\/\/www.blogs.unicamp.br\/paleoblog\/wp-json\/wp\/v2\/pages"}],"about":[{"href":"https:\/\/www.blogs.unicamp.br\/paleoblog\/wp-json\/wp\/v2\/types\/page"}],"author":[{"embeddable":true,"href":"https:\/\/www.blogs.unicamp.br\/paleoblog\/wp-json\/wp\/v2\/users\/93"}],"replies":[{"embeddable":true,"href":"https:\/\/www.blogs.unicamp.br\/paleoblog\/wp-json\/wp\/v2\/comments?post=36"}],"version-history":[{"count":2,"href":"https:\/\/www.blogs.unicamp.br\/paleoblog\/wp-json\/wp\/v2\/pages\/36\/revisions"}],"predecessor-version":[{"id":46,"href":"https:\/\/www.blogs.unicamp.br\/paleoblog\/wp-json\/wp\/v2\/pages\/36\/revisions\/46"}],"wp:attachment":[{"href":"https:\/\/www.blogs.unicamp.br\/paleoblog\/wp-json\/wp\/v2\/media?parent=36"}],"curies":[{"name":"wp","href":"https:\/\/api.w.org\/{rel}","templated":true}]}}