{"id":2,"date":"2025-03-24T18:50:25","date_gmt":"2025-03-24T21:50:25","guid":{"rendered":"https:\/\/www.blogs.unicamp.br\/pcr\/?page_id=2"},"modified":"2025-10-09T15:25:04","modified_gmt":"2025-10-09T18:25:04","slug":"editorial","status":"publish","type":"page","link":"https:\/\/www.blogs.unicamp.br\/pcr\/","title":{"rendered":"Editorial"},"content":{"rendered":"\n<p class=\" eplus-wrapper\">O que \u00e9 fazer ci\u00eancia? O que faz um cientista no seu dia a dia? O que se aprende em uma faculdade de Biologia?<\/p>\n\n\n\n<p class=\" eplus-wrapper\">Essas quest\u00f5es talvez j\u00e1 tenham passado pela sua cabe\u00e7a ao pensar sobre o mundo da pesquisa. \u00c9 claro que nossa cultura tamb\u00e9m cria imagens sobre o que \u00e9 \u201cser cientista\u201d: o jaleco branco, o microsc\u00f3pio, o campo de coleta, as anota\u00e7\u00f5es em um caderno de laborat\u00f3rio.<\/p>\n\n\n\n<p class=\" eplus-wrapper\">Mas o que h\u00e1 <strong>entre<\/strong> o laborat\u00f3rio, a viagem de campo, a sala de aula e o cotidiano?<\/p>\n\n\n\n<p class=\" eplus-wrapper\">O <strong>Blog PCR \u2013 Produ\u00e7\u00e3o Cient\u00edfica em Rede<\/strong> nasce com o prop\u00f3sito de criar pontes. Queremos um espa\u00e7o onde estudantes, pesquisadores e leitoras possam refletir sobre os caminhos da ci\u00eancia sobre o que ela explica (e sobre o que ainda n\u00e3o sabe explicar). Afinal, embora o interesse pela ci\u00eancia venha crescendo no pa\u00eds, ela ainda parece distante do cotidiano da maioria das pessoas.<\/p>\n\n\n\n<p class=\" eplus-wrapper\">De acordo com o<a href=\"https:\/\/www.cgee.org.br\/documents\/37878\/43769\/CGEE_OCTI_Resumo_Executivo-Perc_Pub_CT_Br_2023.pdf\" data-type=\"link\" data-id=\"https:\/\/www.cgee.org.br\/documents\/37878\/43769\/CGEE_OCTI_Resumo_Executivo-Perc_Pub_CT_Br_2023.pdf\" target=\"_blank\" rel=\"noopener\"> <strong>Centro de Gest\u00e3o e Estudos Estrat\u00e9gicos<\/strong>,<\/a> o n\u00famero de brasileiros que conseguem citar institui\u00e7\u00f5es de pesquisa cient\u00edfica praticamente dobrou entre 2019 e 2024 (passando de 9% para 17,9%). O dado indica uma retomada dos n\u00edveis de conhecimento observados em 2010, mas tamb\u00e9m revela um desafio persistente: <strong>ainda s\u00e3o poucos os que conseguem nomear institui\u00e7\u00f5es ou cientistas nacionais<\/strong>, um dos menores percentuais da Am\u00e9rica Latina.\u00a0<\/p>\n\n\n\n<p class=\" eplus-wrapper\">\u00c9 nesse hiato entre a produ\u00e7\u00e3o cient\u00edfica e o reconhecimento p\u00fablico que iniciativas como o Blog PCR encontram sentido.<\/p>\n\n\n\n<p class=\" eplus-wrapper\">A <strong>divulga\u00e7\u00e3o cient\u00edfica<\/strong>, nesse contexto, n\u00e3o \u00e9 apenas um exerc\u00edcio de tradu\u00e7\u00e3o, mas de reconstru\u00e7\u00e3o. Como discutido em <em><a href=\"https:\/\/www.scielo.br\/j\/edreal\/a\/YQQd4cX77WMdF9CtsbMrZdN\/?format=html&amp;lang=pt\" data-type=\"link\" data-id=\"https:\/\/www.scielo.br\/j\/edreal\/a\/YQQd4cX77WMdF9CtsbMrZdN\/?format=html&amp;lang=pt\" target=\"_blank\" rel=\"noopener\">A Ci\u00eancia e os Conhecimentos da Cidade Invis\u00edvel<\/a><\/em>, comunicar ci\u00eancia \u00e9 reinterpretar o conhecimento de modo que ele ganhe sentido fora dos muros da universidade, sem perder o rigor, mas ganhando vida nas perguntas, nas met\u00e1foras e nas experi\u00eancias de quem l\u00ea e de quem escreve.<\/p>\n\n\n\n<p class=\" eplus-wrapper\">Mais do que divulgar resultados, o PCR prop\u00f5e um <strong>exerc\u00edcio coletivo de reflex\u00e3o<\/strong> sobre a pr\u00f3pria ci\u00eancia e seus modos de exist\u00eancia. Cada texto publicado aqui nasce do encontro entre pesquisa e escrita, entre o saber cient\u00edfico e a curiosidade cotidiana, entre a universidade e a sociedade.<\/p>\n\n\n\n<p class=\" eplus-wrapper\">Aqui, estudantes da gradua\u00e7\u00e3o e da p\u00f3s-gradua\u00e7\u00e3o do Instituto de Biologia da Unicamp compartilham parte desse processo, suas pesquisas, leituras, inquieta\u00e7\u00f5es, paix\u00f5es e aprendizados. O PCR \u00e9, portanto, um espa\u00e7o de encontro entre quem faz ci\u00eancia e quem se interessa por ela.<\/p>\n\n\n\n<p class=\" eplus-wrapper\">Acreditamos que comunicar ci\u00eancia tamb\u00e9m \u00e9 <strong>produzir ci\u00eancia<\/strong>: pensar, dialogar, construir sentidos e reconhecer que o conhecimento s\u00f3 cumpre seu papel quando pode circular.<\/p>\n\n\n\n<p class=\" eplus-wrapper\"><strong>Para saber mais :<\/strong><\/p>\n\n\n\n<p class=\" eplus-wrapper\">CARNEIRO, EMM; SOSA, MCR; ARNT, AM (2023) <a href=\"https:\/\/www.scielo.br\/j\/edreal\/a\/YQQd4cX77WMdF9CtsbMrZdN\/?format=html&amp;lang=pt\" target=\"_blank\" rel=\"noopener\">A Ci\u00eancia e os Conhecimentos da \u2018Cidade Invis\u00edvel\u2019<\/a>, <strong>Educa\u00e7\u00e3o e Realidade<\/strong>, v. 48, e124635.<\/p>\n\n\n\n<p class=\" eplus-wrapper\">CENTRO DE GEST\u00c3O E ESTUDOS ESTRAT\u00c9GICOS \u2013 CGEE (2024) <a href=\"https:\/\/www.cgee.org.br\/documents\/37878\/43769\/CGEE_OCTI_Resumo_Executivo-Perc_Pub_CT_Br_2023.pdf\" target=\"_blank\" rel=\"noopener\">Percep\u00e7\u00e3o p\u00fablica da C&amp;T no Brasil \u2013 2023 Resumo executivo<\/a>. Bras\u00edlia, DF.<\/p>\n\n\n\n<p class=\" eplus-wrapper\"><strong>Quer saber mais sobre o PCR?<\/strong><\/p>\n\n\n\n<p class=\" eplus-wrapper\"><a href=\"https:\/\/www.blogs.unicamp.br\/pcr\/como-publicar\/\" data-type=\"page\" data-id=\"5\">Como Publicar<\/a><\/p>\n\n\n\n<p class=\" eplus-wrapper\"><a href=\"https:\/\/www.blogs.unicamp.br\/pcr\/quem-somos\/\" data-type=\"page\" data-id=\"12\">Quem Somos<\/a><\/p>\n","protected":false},"excerpt":{"rendered":"<p>O que \u00e9 fazer ci\u00eancia? O que faz um cientista no seu dia a dia? O que se aprende em uma faculdade de Biologia? Essas quest\u00f5es talvez j\u00e1 tenham passado pela sua cabe\u00e7a ao pensar sobre o mundo da pesquisa. \u00c9 claro que nossa cultura tamb\u00e9m cria imagens sobre o que \u00e9 \u201cser cientista\u201d: o [&hellip;]<\/p>\n","protected":false},"author":768,"featured_media":17,"parent":0,"menu_order":0,"comment_status":"closed","ping_status":"closed","template":"","meta":{"_monsterinsights_skip_tracking":false,"_monsterinsights_sitenote_active":false,"_monsterinsights_sitenote_note":"","_monsterinsights_sitenote_category":0,"pgc_sgb_lightbox_settings":"","_vp_format_video_url":"","_vp_image_focal_point":[],"footnotes":""},"class_list":["post-2","page","type-page","status-publish","has-post-thumbnail","hentry"],"yoast_head":"<!-- This site is optimized with the Yoast SEO plugin v27.4 - https:\/\/yoast.com\/product\/yoast-seo-wordpress\/ -->\n<title>Editorial - Produ\u00e7\u00e3o Cient\u00edfica em Rede<\/title>\n<meta name=\"robots\" content=\"index, follow, max-snippet:-1, max-image-preview:large, max-video-preview:-1\" \/>\n<link rel=\"canonical\" href=\"https:\/\/www.blogs.unicamp.br\/pcr\/\" \/>\n<meta property=\"og:locale\" content=\"pt_BR\" \/>\n<meta property=\"og:type\" content=\"article\" \/>\n<meta property=\"og:title\" content=\"Editorial - Produ\u00e7\u00e3o Cient\u00edfica em Rede\" \/>\n<meta property=\"og:description\" content=\"O que \u00e9 fazer ci\u00eancia? O que faz um cientista no seu dia a dia? O que se aprende em uma faculdade de Biologia? Essas quest\u00f5es talvez j\u00e1 tenham passado pela sua cabe\u00e7a ao pensar sobre o mundo da pesquisa. \u00c9 claro que nossa cultura tamb\u00e9m cria imagens sobre o que \u00e9 \u201cser cientista\u201d: o [&hellip;]\" \/>\n<meta property=\"og:url\" content=\"https:\/\/www.blogs.unicamp.br\/pcr\/\" \/>\n<meta property=\"og:site_name\" content=\"Produ\u00e7\u00e3o Cient\u00edfica em Rede\" \/>\n<meta property=\"article:modified_time\" content=\"2025-10-09T18:25:04+00:00\" \/>\n<meta property=\"og:image\" content=\"https:\/\/www.blogs.unicamp.br\/pcr\/wp-content\/uploads\/sites\/294\/2023\/08\/pcr-stxt.png\" \/>\n\t<meta property=\"og:image:width\" content=\"728\" \/>\n\t<meta property=\"og:image:height\" content=\"90\" \/>\n\t<meta property=\"og:image:type\" content=\"image\/png\" \/>\n<meta name=\"twitter:card\" content=\"summary_large_image\" \/>\n<meta name=\"twitter:label1\" content=\"Est. tempo de leitura\" \/>\n\t<meta name=\"twitter:data1\" content=\"3 minutos\" \/>\n<script type=\"application\/ld+json\" class=\"yoast-schema-graph\">{\"@context\":\"https:\\\/\\\/schema.org\",\"@graph\":[{\"@type\":\"WebPage\",\"@id\":\"https:\\\/\\\/www.blogs.unicamp.br\\\/pcr\\\/\",\"url\":\"https:\\\/\\\/www.blogs.unicamp.br\\\/pcr\\\/\",\"name\":\"Editorial - Produ\u00e7\u00e3o Cient\u00edfica em Rede\",\"isPartOf\":{\"@id\":\"https:\\\/\\\/www.blogs.unicamp.br\\\/pcr\\\/#website\"},\"primaryImageOfPage\":{\"@id\":\"https:\\\/\\\/www.blogs.unicamp.br\\\/pcr\\\/#primaryimage\"},\"image\":{\"@id\":\"https:\\\/\\\/www.blogs.unicamp.br\\\/pcr\\\/#primaryimage\"},\"thumbnailUrl\":\"https:\\\/\\\/www.blogs.unicamp.br\\\/pcr\\\/wp-content\\\/uploads\\\/sites\\\/294\\\/2023\\\/08\\\/pcr-stxt.png\",\"datePublished\":\"2025-03-24T21:50:25+00:00\",\"dateModified\":\"2025-10-09T18:25:04+00:00\",\"breadcrumb\":{\"@id\":\"https:\\\/\\\/www.blogs.unicamp.br\\\/pcr\\\/#breadcrumb\"},\"inLanguage\":\"pt-BR\",\"potentialAction\":[{\"@type\":\"ReadAction\",\"target\":[\"https:\\\/\\\/www.blogs.unicamp.br\\\/pcr\\\/\"]}]},{\"@type\":\"ImageObject\",\"inLanguage\":\"pt-BR\",\"@id\":\"https:\\\/\\\/www.blogs.unicamp.br\\\/pcr\\\/#primaryimage\",\"url\":\"https:\\\/\\\/www.blogs.unicamp.br\\\/pcr\\\/wp-content\\\/uploads\\\/sites\\\/294\\\/2023\\\/08\\\/pcr-stxt.png\",\"contentUrl\":\"https:\\\/\\\/www.blogs.unicamp.br\\\/pcr\\\/wp-content\\\/uploads\\\/sites\\\/294\\\/2023\\\/08\\\/pcr-stxt.png\",\"width\":728,\"height\":90},{\"@type\":\"BreadcrumbList\",\"@id\":\"https:\\\/\\\/www.blogs.unicamp.br\\\/pcr\\\/#breadcrumb\",\"itemListElement\":[{\"@type\":\"ListItem\",\"position\":1,\"name\":\"In\u00edcio\",\"item\":\"https:\\\/\\\/www.blogs.unicamp.br\\\/pcr\\\/\"},{\"@type\":\"ListItem\",\"position\":2,\"name\":\"Editorial\"}]},{\"@type\":\"WebSite\",\"@id\":\"https:\\\/\\\/www.blogs.unicamp.br\\\/pcr\\\/#website\",\"url\":\"https:\\\/\\\/www.blogs.unicamp.br\\\/pcr\\\/\",\"name\":\"Produ\u00e7\u00e3o Cient\u00edfica em Rede\",\"description\":\"ci\u00eancia coletiva dentro e fora da universidade\",\"publisher\":{\"@id\":\"https:\\\/\\\/www.blogs.unicamp.br\\\/pcr\\\/#organization\"},\"potentialAction\":[{\"@type\":\"SearchAction\",\"target\":{\"@type\":\"EntryPoint\",\"urlTemplate\":\"https:\\\/\\\/www.blogs.unicamp.br\\\/pcr\\\/?s={search_term_string}\"},\"query-input\":{\"@type\":\"PropertyValueSpecification\",\"valueRequired\":true,\"valueName\":\"search_term_string\"}}],\"inLanguage\":\"pt-BR\"},{\"@type\":\"Organization\",\"@id\":\"https:\\\/\\\/www.blogs.unicamp.br\\\/pcr\\\/#organization\",\"name\":\"Produ\u00e7\u00e3o Cient\u00edfica em Rede\",\"url\":\"https:\\\/\\\/www.blogs.unicamp.br\\\/pcr\\\/\",\"logo\":{\"@type\":\"ImageObject\",\"inLanguage\":\"pt-BR\",\"@id\":\"https:\\\/\\\/www.blogs.unicamp.br\\\/pcr\\\/#\\\/schema\\\/logo\\\/image\\\/\",\"url\":\"https:\\\/\\\/www.blogs.unicamp.br\\\/pcr\\\/wp-content\\\/uploads\\\/sites\\\/294\\\/2023\\\/08\\\/cropped-pcr-stxt-3.png\",\"contentUrl\":\"https:\\\/\\\/www.blogs.unicamp.br\\\/pcr\\\/wp-content\\\/uploads\\\/sites\\\/294\\\/2023\\\/08\\\/cropped-pcr-stxt-3.png\",\"width\":728,\"height\":90,\"caption\":\"Produ\u00e7\u00e3o Cient\u00edfica em Rede\"},\"image\":{\"@id\":\"https:\\\/\\\/www.blogs.unicamp.br\\\/pcr\\\/#\\\/schema\\\/logo\\\/image\\\/\"}}]}<\/script>\n<!-- \/ Yoast SEO plugin. -->","yoast_head_json":{"title":"Editorial - Produ\u00e7\u00e3o Cient\u00edfica em Rede","robots":{"index":"index","follow":"follow","max-snippet":"max-snippet:-1","max-image-preview":"max-image-preview:large","max-video-preview":"max-video-preview:-1"},"canonical":"https:\/\/www.blogs.unicamp.br\/pcr\/","og_locale":"pt_BR","og_type":"article","og_title":"Editorial - Produ\u00e7\u00e3o Cient\u00edfica em Rede","og_description":"O que \u00e9 fazer ci\u00eancia? O que faz um cientista no seu dia a dia? O que se aprende em uma faculdade de Biologia? Essas quest\u00f5es talvez j\u00e1 tenham passado pela sua cabe\u00e7a ao pensar sobre o mundo da pesquisa. \u00c9 claro que nossa cultura tamb\u00e9m cria imagens sobre o que \u00e9 \u201cser cientista\u201d: o [&hellip;]","og_url":"https:\/\/www.blogs.unicamp.br\/pcr\/","og_site_name":"Produ\u00e7\u00e3o Cient\u00edfica em Rede","article_modified_time":"2025-10-09T18:25:04+00:00","og_image":[{"width":728,"height":90,"url":"https:\/\/www.blogs.unicamp.br\/pcr\/wp-content\/uploads\/sites\/294\/2023\/08\/pcr-stxt.png","type":"image\/png"}],"twitter_card":"summary_large_image","twitter_misc":{"Est. tempo de leitura":"3 minutos"},"schema":{"@context":"https:\/\/schema.org","@graph":[{"@type":"WebPage","@id":"https:\/\/www.blogs.unicamp.br\/pcr\/","url":"https:\/\/www.blogs.unicamp.br\/pcr\/","name":"Editorial - Produ\u00e7\u00e3o Cient\u00edfica em Rede","isPartOf":{"@id":"https:\/\/www.blogs.unicamp.br\/pcr\/#website"},"primaryImageOfPage":{"@id":"https:\/\/www.blogs.unicamp.br\/pcr\/#primaryimage"},"image":{"@id":"https:\/\/www.blogs.unicamp.br\/pcr\/#primaryimage"},"thumbnailUrl":"https:\/\/www.blogs.unicamp.br\/pcr\/wp-content\/uploads\/sites\/294\/2023\/08\/pcr-stxt.png","datePublished":"2025-03-24T21:50:25+00:00","dateModified":"2025-10-09T18:25:04+00:00","breadcrumb":{"@id":"https:\/\/www.blogs.unicamp.br\/pcr\/#breadcrumb"},"inLanguage":"pt-BR","potentialAction":[{"@type":"ReadAction","target":["https:\/\/www.blogs.unicamp.br\/pcr\/"]}]},{"@type":"ImageObject","inLanguage":"pt-BR","@id":"https:\/\/www.blogs.unicamp.br\/pcr\/#primaryimage","url":"https:\/\/www.blogs.unicamp.br\/pcr\/wp-content\/uploads\/sites\/294\/2023\/08\/pcr-stxt.png","contentUrl":"https:\/\/www.blogs.unicamp.br\/pcr\/wp-content\/uploads\/sites\/294\/2023\/08\/pcr-stxt.png","width":728,"height":90},{"@type":"BreadcrumbList","@id":"https:\/\/www.blogs.unicamp.br\/pcr\/#breadcrumb","itemListElement":[{"@type":"ListItem","position":1,"name":"In\u00edcio","item":"https:\/\/www.blogs.unicamp.br\/pcr\/"},{"@type":"ListItem","position":2,"name":"Editorial"}]},{"@type":"WebSite","@id":"https:\/\/www.blogs.unicamp.br\/pcr\/#website","url":"https:\/\/www.blogs.unicamp.br\/pcr\/","name":"Produ\u00e7\u00e3o Cient\u00edfica em Rede","description":"ci\u00eancia coletiva dentro e fora da universidade","publisher":{"@id":"https:\/\/www.blogs.unicamp.br\/pcr\/#organization"},"potentialAction":[{"@type":"SearchAction","target":{"@type":"EntryPoint","urlTemplate":"https:\/\/www.blogs.unicamp.br\/pcr\/?s={search_term_string}"},"query-input":{"@type":"PropertyValueSpecification","valueRequired":true,"valueName":"search_term_string"}}],"inLanguage":"pt-BR"},{"@type":"Organization","@id":"https:\/\/www.blogs.unicamp.br\/pcr\/#organization","name":"Produ\u00e7\u00e3o Cient\u00edfica em Rede","url":"https:\/\/www.blogs.unicamp.br\/pcr\/","logo":{"@type":"ImageObject","inLanguage":"pt-BR","@id":"https:\/\/www.blogs.unicamp.br\/pcr\/#\/schema\/logo\/image\/","url":"https:\/\/www.blogs.unicamp.br\/pcr\/wp-content\/uploads\/sites\/294\/2023\/08\/cropped-pcr-stxt-3.png","contentUrl":"https:\/\/www.blogs.unicamp.br\/pcr\/wp-content\/uploads\/sites\/294\/2023\/08\/cropped-pcr-stxt-3.png","width":728,"height":90,"caption":"Produ\u00e7\u00e3o Cient\u00edfica em Rede"},"image":{"@id":"https:\/\/www.blogs.unicamp.br\/pcr\/#\/schema\/logo\/image\/"}}]}},"_links":{"self":[{"href":"https:\/\/www.blogs.unicamp.br\/pcr\/wp-json\/wp\/v2\/pages\/2","targetHints":{"allow":["GET"]}}],"collection":[{"href":"https:\/\/www.blogs.unicamp.br\/pcr\/wp-json\/wp\/v2\/pages"}],"about":[{"href":"https:\/\/www.blogs.unicamp.br\/pcr\/wp-json\/wp\/v2\/types\/page"}],"author":[{"embeddable":true,"href":"https:\/\/www.blogs.unicamp.br\/pcr\/wp-json\/wp\/v2\/users\/768"}],"replies":[{"embeddable":true,"href":"https:\/\/www.blogs.unicamp.br\/pcr\/wp-json\/wp\/v2\/comments?post=2"}],"version-history":[{"count":2,"href":"https:\/\/www.blogs.unicamp.br\/pcr\/wp-json\/wp\/v2\/pages\/2\/revisions"}],"predecessor-version":[{"id":59,"href":"https:\/\/www.blogs.unicamp.br\/pcr\/wp-json\/wp\/v2\/pages\/2\/revisions\/59"}],"wp:featuredmedia":[{"embeddable":true,"href":"https:\/\/www.blogs.unicamp.br\/pcr\/wp-json\/wp\/v2\/media\/17"}],"wp:attachment":[{"href":"https:\/\/www.blogs.unicamp.br\/pcr\/wp-json\/wp\/v2\/media?parent=2"}],"curies":[{"name":"wp","href":"https:\/\/api.w.org\/{rel}","templated":true}]}}