{"id":298,"date":"2019-03-30T02:52:53","date_gmt":"2019-03-30T05:52:53","guid":{"rendered":"https:\/\/www.blogs.unicamp.br\/planteia\/?page_id=298"},"modified":"2021-10-27T10:47:22","modified_gmt":"2021-10-27T13:47:22","slug":"sobre","status":"publish","type":"page","link":"https:\/\/www.blogs.unicamp.br\/planteia\/sobre\/","title":{"rendered":"Sobre"},"content":{"rendered":"<div class=\"aesop-component aesop-content-component   \">\n<div id=\"aesop-content-component-949-1\" class=\"aesop-content-comp-wrap  \">\n<div class=\"aesop-component-content-data aesop-content-comp-inner \">\n<p><strong>QUEM SOMOS<\/strong><\/p>\n<p>O Planteia \u00e9 um blog-revista de jornalismo e divulga\u00e7\u00e3o cient\u00edfica experimental e independente, fundado em janeiro de 2020. A participa\u00e7\u00e3o no Programa M\u00eddia Ci\u00eancia da Funda\u00e7\u00e3o de Amparo \u00e0 Pesquisa do Estado de S\u00e3o Paulo (Fapesp) em 2019 alavancou o projeto. Somos parte da rede de Blogs de Ci\u00eancia da Unicamp.<\/p>\n<\/div>\n<\/div>\n<\/div>\n<div class=\"aesop-component aesop-content-component   \">\n<div id=\"aesop-content-component-949-2\" class=\"aesop-content-comp-wrap  \">\n<div class=\"aesop-component-content-data aesop-content-comp-inner \">\n<p><strong>NOSSO NOME<\/strong><\/p>\n<p>O foco est\u00e1 nas possibilidades de intera\u00e7\u00e3o e conex\u00e3o entre t\u00f3picos diferentes: ci\u00eancia, tecnologia, inova\u00e7\u00e3o, arte, etc. O nome tamb\u00e9m reflete a dualidade de plantas e teias: ambas s\u00e3o resistentes e fr\u00e1geis ao mesmo tempo. As plantas, vale lembrar, s\u00e3o s\u00e9sseis e dependem de estrat\u00e9gias complexas de adapta\u00e7\u00e3o para modular seu desenvolvimento e garantir a sobreviv\u00eancia frente \u00e0s adversidades ambientais.<\/p>\n<\/div>\n<\/div>\n<\/div>\n<div class=\"aesop-component aesop-content-component   \">\n<div id=\"aesop-content-component-949-3\" class=\"aesop-content-comp-wrap  \">\n<div class=\"aesop-component-content-data aesop-content-comp-inner \">\n<p><strong>MISS\u00c3O<\/strong><\/p>\n<p>O Planteia tem a ambi\u00e7\u00e3o de promover a cultura cient\u00edfica e aproximar a sociedade de temas relacionados \u00e0 ci\u00eancia, tecnologia e inova\u00e7\u00e3o, como forma de democratizar conhecimentos e gerar debates de interesse p\u00fablico.<\/p>\n<\/div>\n<\/div>\n<\/div>\n<div class=\"aesop-component aesop-content-component   \">\n<div id=\"aesop-content-component-949-4\" class=\"aesop-content-comp-wrap  \">\n<div class=\"aesop-component-content-data aesop-content-comp-inner \">\n<p><strong>VIS\u00c3O<\/strong><\/p>\n<p>Queremos ser exemplo de conte\u00fado de divulga\u00e7\u00e3o cient\u00edfica multim\u00eddia no Brasil, com colaboradores talentosos, engajados e criativos.<\/p>\n<\/div>\n<\/div>\n<\/div>\n<div class=\"aesop-component aesop-content-component   \">\n<div id=\"aesop-content-component-949-5\" class=\"aesop-content-comp-wrap  \">\n<div class=\"aesop-component-content-data aesop-content-comp-inner \">\n<p><strong>VALORES<\/strong><\/p>\n<p>\u2013 Independ\u00eancia e autonomia editorial;<\/p>\n<p>\u2013 Promo\u00e7\u00e3o de quest\u00f5es \u00e9ticas da ci\u00eancia;<\/p>\n<p>\u2013 Valoriza\u00e7\u00e3o da qualidade da informa\u00e7\u00e3o;<\/p>\n<p>\u2013 Incentivo ao debate democr\u00e1tico;<\/p>\n<p>\u2013 Jornalismo baseado em fontes prim\u00e1rias e explora\u00e7\u00e3o de dados;<\/p>\n<p>\u2013 Constru\u00e7\u00e3o da igualdade de sexo, g\u00eanero e ra\u00e7a;<\/p>\n<p>\u2013 Est\u00edmulo do trabalho em equipe, da curiosidade e do desenvolvimento de novas habilidades.<\/p>\n<\/div>\n<\/div>\n<\/div>\n<div class=\"aesop-component aesop-content-component   \">\n<div id=\"aesop-content-component-949-6\" class=\"aesop-content-comp-wrap  \">\n<div class=\"aesop-component-content-data aesop-content-comp-inner \">\n<p><strong>FINANCIAMENTO<\/strong><\/p>\n<p>Temos compromisso com a transpar\u00eancia em rela\u00e7\u00e3o ao apoio e financiamento do projeto. A apura\u00e7\u00e3o, os editoriais e as decis\u00f5es jornal\u00edsticas s\u00e3o volunt\u00e1rios e independentes de interesses comerciais, religiosos ou pol\u00edticos. Conflitos de interesse, quando houverem, ser\u00e3o citados em destaque na mesma p\u00e1gina da cobertura.<\/p>\n<\/div>\n<\/div>\n<\/div>\n<div class=\"aesop-component aesop-content-component   \">\n<div id=\"aesop-content-component-949-7\" class=\"aesop-content-comp-wrap  \">\n<div class=\"aesop-component-content-data aesop-content-comp-inner \">\n<p><strong>APOIO<\/strong><\/p>\n<p>\u2013 Laborat\u00f3rio de Estudos Avan\u00e7ados em Jornalismo Cient\u00edfico (Labjor), Unicamp \u2013 Prof. Dr. Germana Barata e Prof. Dr. Simone Pallone<\/p>\n<p>\u2013 Laborat\u00f3rio de Gen\u00f4mica e bioEnergia (LGE), Unicamp \u2013 Prof. Dr. Gon\u00e7alo Pereira<\/p>\n<p>\u2013 Laborat\u00f3rio de Melhoramento de Plantas (LMP), CENA\/USP \u2013 Prof. Dr. Antonio Figueira<\/p>\n<p>\u2013 Grupo Gestor de Tecnologias Educacionais (GGTE), Unicamp<\/p>\n<p>\u2013 R\u00e1dio e TV Unicamp (RTV), Unicamp<\/p>\n<p>\u2013 Programa M\u00eddia Ci\u00eancia \u2013 Fapesp (2018\/17906-6 e 2019\/07344-3)<\/p>\n<\/div>\n<\/div>\n<\/div>\n","protected":false},"excerpt":{"rendered":"<p>QUEM SOMOS O Planteia \u00e9 um blog-revista de jornalismo e divulga\u00e7\u00e3o cient\u00edfica experimental e independente, fundado em janeiro de 2020. A participa\u00e7\u00e3o no Programa M\u00eddia Ci\u00eancia da Funda\u00e7\u00e3o de Amparo \u00e0 Pesquisa do Estado de S\u00e3o Paulo (Fapesp) em 2019 alavancou o projeto. Somos parte da rede de Blogs de Ci\u00eancia da Unicamp. NOSSO NOME &hellip; <\/p>\n<p class=\"link-more\"><a href=\"https:\/\/www.blogs.unicamp.br\/planteia\/sobre\/\" class=\"more-link\">Continue lendo<span class=\"screen-reader-text\"> &#8220;Sobre&#8221;<\/span><\/a><\/p>\n","protected":false},"author":354,"featured_media":0,"parent":0,"menu_order":0,"comment_status":"closed","ping_status":"closed","template":"","meta":{"_eb_attr":"","_monsterinsights_skip_tracking":false,"_monsterinsights_sitenote_active":false,"_monsterinsights_sitenote_note":"","_monsterinsights_sitenote_category":0,"pgc_sgb_lightbox_settings":"","_vp_format_video_url":"","_vp_image_focal_point":[],"footnotes":""},"class_list":["post-298","page","type-page","status-publish","hentry"],"_links":{"self":[{"href":"https:\/\/www.blogs.unicamp.br\/planteia\/wp-json\/wp\/v2\/pages\/298","targetHints":{"allow":["GET"]}}],"collection":[{"href":"https:\/\/www.blogs.unicamp.br\/planteia\/wp-json\/wp\/v2\/pages"}],"about":[{"href":"https:\/\/www.blogs.unicamp.br\/planteia\/wp-json\/wp\/v2\/types\/page"}],"author":[{"embeddable":true,"href":"https:\/\/www.blogs.unicamp.br\/planteia\/wp-json\/wp\/v2\/users\/354"}],"replies":[{"embeddable":true,"href":"https:\/\/www.blogs.unicamp.br\/planteia\/wp-json\/wp\/v2\/comments?post=298"}],"version-history":[{"count":15,"href":"https:\/\/www.blogs.unicamp.br\/planteia\/wp-json\/wp\/v2\/pages\/298\/revisions"}],"predecessor-version":[{"id":672,"href":"https:\/\/www.blogs.unicamp.br\/planteia\/wp-json\/wp\/v2\/pages\/298\/revisions\/672"}],"wp:attachment":[{"href":"https:\/\/www.blogs.unicamp.br\/planteia\/wp-json\/wp\/v2\/media?parent=298"}],"curies":[{"name":"wp","href":"https:\/\/api.w.org\/{rel}","templated":true}]}}