{"id":201,"date":"2012-04-16T21:08:29","date_gmt":"2012-04-17T00:08:29","guid":{"rendered":"http:\/\/scienceblogs.com.br\/podeimburana\/autora\/"},"modified":"2012-04-16T21:08:29","modified_gmt":"2012-04-17T00:08:29","slug":"autora","status":"publish","type":"page","link":"https:\/\/www.blogs.unicamp.br\/podeimburana\/autora\/","title":{"rendered":"A autora"},"content":{"rendered":"<p>Cristina Caldas nasceu e foi criada em Bras\u00edlia, onde se fez bi\u00f3loga. Em seu mestrado na Universidade de Bras\u00edlia, colou peda\u00e7os de um anticorpo de camundongo em um anticorpo humano. J\u00e1 no doutorado pela Universidade de S\u00e3o Paulo, estudou como algumas c\u00e9lulas do sistema imune respondem quando estimuladas com uma prote\u00edna pr\u00f3pria. Depois de extrair muito DNA, transformar muita bact\u00e9ria, purificar muita prote\u00edna, estimular muito linf\u00f3cito, resolveu trocar a bancada do laborat\u00f3rio por uma mesa de escrit\u00f3rio e um computador, passando a escrever sobre ci\u00eancia. \u00c9 especialista em jornalismo cient\u00edfico pela Universidade Estadual de Campinas (Unicamp). Seus textos j\u00e1 foram publicados nas revistas Ci\u00eancia&amp;Cultura, Pesquisa Fapesp, ComCi\u00eancia, Conhecimento&amp;Inova\u00e7\u00e3o e no portal de not\u00edcias iG ci\u00eancia. Cristina \u00e9 uma das coordenadoras do SBlogI, o blog da Sociedade Brasileira de Imunologia. Atualmente mora em Cambridge, nos Estados Unidos.<\/p>\n","protected":false},"excerpt":{"rendered":"<p>Cristina Caldas nasceu e foi criada em Bras\u00edlia, onde se fez bi\u00f3loga. Em seu mestrado na Universidade de Bras\u00edlia, colou peda\u00e7os de um anticorpo de camundongo em um anticorpo humano. J\u00e1 no doutorado pela Universidade de S\u00e3o Paulo, estudou como algumas c\u00e9lulas do sistema imune respondem quando estimuladas com uma prote\u00edna pr\u00f3pria. Depois de extrair [&hellip;]<\/p>\n","protected":false},"author":497,"featured_media":0,"parent":0,"menu_order":0,"comment_status":"open","ping_status":"open","template":"","meta":{"_monsterinsights_skip_tracking":false,"_monsterinsights_sitenote_active":false,"_monsterinsights_sitenote_note":"","_monsterinsights_sitenote_category":0,"pgc_sgb_lightbox_settings":"","_vp_format_video_url":"","_vp_image_focal_point":[],"footnotes":""},"class_list":["post-201","page","type-page","status-publish","hentry"],"_links":{"self":[{"href":"https:\/\/www.blogs.unicamp.br\/podeimburana\/wp-json\/wp\/v2\/pages\/201","targetHints":{"allow":["GET"]}}],"collection":[{"href":"https:\/\/www.blogs.unicamp.br\/podeimburana\/wp-json\/wp\/v2\/pages"}],"about":[{"href":"https:\/\/www.blogs.unicamp.br\/podeimburana\/wp-json\/wp\/v2\/types\/page"}],"author":[{"embeddable":true,"href":"https:\/\/www.blogs.unicamp.br\/podeimburana\/wp-json\/wp\/v2\/users\/497"}],"replies":[{"embeddable":true,"href":"https:\/\/www.blogs.unicamp.br\/podeimburana\/wp-json\/wp\/v2\/comments?post=201"}],"version-history":[{"count":0,"href":"https:\/\/www.blogs.unicamp.br\/podeimburana\/wp-json\/wp\/v2\/pages\/201\/revisions"}],"wp:attachment":[{"href":"https:\/\/www.blogs.unicamp.br\/podeimburana\/wp-json\/wp\/v2\/media?parent=201"}],"curies":[{"name":"wp","href":"https:\/\/api.w.org\/{rel}","templated":true}]}}