{"id":2,"date":"2018-07-12T20:25:55","date_gmt":"2018-07-12T23:25:55","guid":{"rendered":"https:\/\/www.blogs.unicamp.br\/politicanacabeca\/?page_id=2"},"modified":"2019-08-01T00:32:28","modified_gmt":"2019-08-01T03:32:28","slug":"blogring","status":"publish","type":"page","link":"https:\/\/www.blogs.unicamp.br\/politicanacabeca\/blogring\/","title":{"rendered":"Rede de blogs unicamp"},"content":{"rendered":"<header class=\"entry-header\">\n<header class=\"entry-header\"><span style=\"font-size: 1.0625rem\">O <\/span><strong style=\"font-size: 1.0625rem\">Pol\u00edtica na Cabe\u00e7a\u00a0<\/strong><span style=\"font-size: 1.0625rem\">faz parte de uma rede de blogs de divulga\u00e7\u00e3o cient\u00edfica da Universidade Estadual de Campinas (UNICAMP). Se voc\u00ea quiser conhecer mais desse projeto e ter acesso aos demais blogs que fazem parte desta rede, basta clicar na imagem abaixo:<\/span><\/header>\n<\/header>\n<h1><\/h1>\n<h1 class=\"page-title\"><a href=\"https:\/\/blogs.unicamp.br\" target=\"_blank\" rel=\"noopener noreferrer\"><img fetchpriority=\"high\" decoding=\"async\" class=\"aligncenter wp-image-138 size-full\" src=\"https:\/\/www.blogs.unicamp.br\/politicanacabeca\/wp-content\/uploads\/sites\/179\/2018\/12\/Logo-blogs-da-Unicamp-2-e1544425907149.png\" alt=\"\" width=\"450\" height=\"247\" \/><\/a><\/h1>\n<header class=\"entry-header\">\n<h1 class=\"page-title\"><\/h1>\n<\/header>\n<div class=\"entry-content clearfix\"><\/div>\n","protected":false},"excerpt":{"rendered":"<p>O Pol\u00edtica na Cabe\u00e7a\u00a0faz parte de uma rede de blogs de divulga\u00e7\u00e3o cient\u00edfica da Universidade Estadual de Campinas (UNICAMP). Se voc\u00ea quiser conhecer mais desse projeto e ter acesso aos demais blogs que fazem parte desta rede, basta clicar na imagem abaixo:<\/p>\n","protected":false},"author":340,"featured_media":0,"parent":0,"menu_order":0,"comment_status":"closed","ping_status":"open","template":"","meta":{"_monsterinsights_skip_tracking":false,"_monsterinsights_sitenote_active":false,"_monsterinsights_sitenote_note":"","_monsterinsights_sitenote_category":0,"pgc_sgb_lightbox_settings":"","_vp_format_video_url":"","_vp_image_focal_point":[],"footnotes":""},"class_list":["post-2","page","type-page","status-publish","hentry"],"_links":{"self":[{"href":"https:\/\/www.blogs.unicamp.br\/politicanacabeca\/wp-json\/wp\/v2\/pages\/2","targetHints":{"allow":["GET"]}}],"collection":[{"href":"https:\/\/www.blogs.unicamp.br\/politicanacabeca\/wp-json\/wp\/v2\/pages"}],"about":[{"href":"https:\/\/www.blogs.unicamp.br\/politicanacabeca\/wp-json\/wp\/v2\/types\/page"}],"author":[{"embeddable":true,"href":"https:\/\/www.blogs.unicamp.br\/politicanacabeca\/wp-json\/wp\/v2\/users\/340"}],"replies":[{"embeddable":true,"href":"https:\/\/www.blogs.unicamp.br\/politicanacabeca\/wp-json\/wp\/v2\/comments?post=2"}],"version-history":[{"count":15,"href":"https:\/\/www.blogs.unicamp.br\/politicanacabeca\/wp-json\/wp\/v2\/pages\/2\/revisions"}],"predecessor-version":[{"id":400,"href":"https:\/\/www.blogs.unicamp.br\/politicanacabeca\/wp-json\/wp\/v2\/pages\/2\/revisions\/400"}],"wp:attachment":[{"href":"https:\/\/www.blogs.unicamp.br\/politicanacabeca\/wp-json\/wp\/v2\/media?parent=2"}],"curies":[{"name":"wp","href":"https:\/\/api.w.org\/{rel}","templated":true}]}}