{"id":207,"date":"2018-12-21T05:34:27","date_gmt":"2018-12-21T07:34:27","guid":{"rendered":"https:\/\/www.blogs.unicamp.br\/politicanacabeca\/?page_id=207"},"modified":"2024-10-23T23:34:59","modified_gmt":"2024-10-24T02:34:59","slug":"o-editor","status":"publish","type":"page","link":"https:\/\/www.blogs.unicamp.br\/politicanacabeca\/o-editor\/","title":{"rendered":"O editor"},"content":{"rendered":"\n<div class=\"wp-block-group eplus-wrapper\"><div class=\"wp-block-group__inner-container is-layout-flow wp-block-group-is-layout-flow\"><\/div><\/div>\n\n\n\n<figure class=\"is-style-rounded wp-block-image size-large is-resized eplus-wrapper\"><img fetchpriority=\"high\" decoding=\"async\" width=\"540\" height=\"540\" src=\"https:\/\/www.blogs.unicamp.br\/politicanacabeca\/wp-content\/uploads\/sites\/179\/2020\/06\/Foto-minha-reasonable.jpg\" alt=\"\" class=\"wp-image-694\" style=\"width:238px;height:238px\" srcset=\"https:\/\/www.blogs.unicamp.br\/politicanacabeca\/wp-content\/uploads\/sites\/179\/2020\/06\/Foto-minha-reasonable.jpg 540w, https:\/\/www.blogs.unicamp.br\/politicanacabeca\/wp-content\/uploads\/sites\/179\/2020\/06\/Foto-minha-reasonable-300x300.jpg 300w, https:\/\/www.blogs.unicamp.br\/politicanacabeca\/wp-content\/uploads\/sites\/179\/2020\/06\/Foto-minha-reasonable-150x150.jpg 150w, https:\/\/www.blogs.unicamp.br\/politicanacabeca\/wp-content\/uploads\/sites\/179\/2020\/06\/Foto-minha-reasonable-24x24.jpg 24w, https:\/\/www.blogs.unicamp.br\/politicanacabeca\/wp-content\/uploads\/sites\/179\/2020\/06\/Foto-minha-reasonable-48x48.jpg 48w, https:\/\/www.blogs.unicamp.br\/politicanacabeca\/wp-content\/uploads\/sites\/179\/2020\/06\/Foto-minha-reasonable-96x96.jpg 96w\" sizes=\"(max-width: 540px) 100vw, 540px\" \/><\/figure>\n\n\n\n<p class=\" eplus-wrapper\"><\/p>\n\n\n\n<div class=\"wp-block-group eplus-wrapper\"><div class=\"wp-block-group__inner-container is-layout-flow wp-block-group-is-layout-flow\">\n<p class=\" eplus-wrapper\">Graduado em Ci\u00eancias Sociais pela Unicamp, mestre em Sociologia pela Unesp e doutorando em Ci\u00eancia Pol\u00edtica pela Unicamp. Realizou est\u00e1gio doutoral no Center for Brain, Biology and Behavior (CB3)\u00a0da University of Nebraska-Lincoln, EUA. \u00c9 apaixonado pelo tema da ideologia pol\u00edtica e considera que compreender suas bases \u00e9, hoje, talvez mais do que nunca, o enigma da Esfinge: decifra-me ou te devoro. \u00c9 cr\u00edtico do ensimesmismo acad\u00eamico brasileiro, isto \u00e9, o fato de que grande parte do conhecimento produzido nas universidades fica preso em seus muros, circulando apenas entre &#8220;os que sabem&#8221;. <\/p>\n<\/div><\/div>\n\n\n\n<p class=\" eplus-wrapper\"><\/p>\n","protected":false},"excerpt":{"rendered":"<p>Graduado em Ci\u00eancias Sociais pela Unicamp, mestre em Sociologia pela Unesp e doutorando em Ci\u00eancia Pol\u00edtica pela Unicamp. Realizou est\u00e1gio doutoral no Center for Brain, Biology and Behavior (CB3)\u00a0da University of Nebraska-Lincoln, EUA. \u00c9 apaixonado pelo tema da ideologia pol\u00edtica e considera que compreender suas bases \u00e9, hoje, talvez mais<\/p>\n","protected":false},"author":340,"featured_media":0,"parent":0,"menu_order":0,"comment_status":"closed","ping_status":"closed","template":"","meta":{"_monsterinsights_skip_tracking":false,"_monsterinsights_sitenote_active":false,"_monsterinsights_sitenote_note":"","_monsterinsights_sitenote_category":0,"pgc_sgb_lightbox_settings":"","_vp_format_video_url":"","_vp_image_focal_point":[],"footnotes":""},"class_list":["post-207","page","type-page","status-publish","hentry"],"_links":{"self":[{"href":"https:\/\/www.blogs.unicamp.br\/politicanacabeca\/wp-json\/wp\/v2\/pages\/207","targetHints":{"allow":["GET"]}}],"collection":[{"href":"https:\/\/www.blogs.unicamp.br\/politicanacabeca\/wp-json\/wp\/v2\/pages"}],"about":[{"href":"https:\/\/www.blogs.unicamp.br\/politicanacabeca\/wp-json\/wp\/v2\/types\/page"}],"author":[{"embeddable":true,"href":"https:\/\/www.blogs.unicamp.br\/politicanacabeca\/wp-json\/wp\/v2\/users\/340"}],"replies":[{"embeddable":true,"href":"https:\/\/www.blogs.unicamp.br\/politicanacabeca\/wp-json\/wp\/v2\/comments?post=207"}],"version-history":[{"count":11,"href":"https:\/\/www.blogs.unicamp.br\/politicanacabeca\/wp-json\/wp\/v2\/pages\/207\/revisions"}],"predecessor-version":[{"id":982,"href":"https:\/\/www.blogs.unicamp.br\/politicanacabeca\/wp-json\/wp\/v2\/pages\/207\/revisions\/982"}],"wp:attachment":[{"href":"https:\/\/www.blogs.unicamp.br\/politicanacabeca\/wp-json\/wp\/v2\/media?parent=207"}],"curies":[{"name":"wp","href":"https:\/\/api.w.org\/{rel}","templated":true}]}}