{"id":49,"date":"2019-11-19T09:01:26","date_gmt":"2019-11-19T12:01:26","guid":{"rendered":"https:\/\/www.blogs.unicamp.br\/prometeus\/?page_id=49"},"modified":"2019-11-19T09:01:26","modified_gmt":"2019-11-19T12:01:26","slug":"blogring","status":"publish","type":"page","link":"https:\/\/www.blogs.unicamp.br\/prometeus\/blogring\/","title":{"rendered":"Blogring"},"content":{"rendered":"<p>PROMETEUS &#8211; Educa\u00e7\u00e3o e Ci\u00eancia\u00a0 faz parte de uma rede de blogs de divulga\u00e7\u00e3o cient\u00edfica da Universidade Estadual de Campinas (UNICAMP). Se voc\u00ea quiser conhecer mais desse projeto e ter acesso aos demais blogs que fazem parte desta rede, segue o link de acesso para o Blogring:<\/p>\n<p><a href=\"https:\/\/www.blogs.unicamp.br\/\">Blogs de Ci\u00eancia da Universidade Estadual de Campinas<\/a><\/p>\n","protected":false},"excerpt":{"rendered":"<p>PROMETEUS &#8211; Educa\u00e7\u00e3o e Ci\u00eancia\u00a0 faz parte de uma rede de blogs de divulga\u00e7\u00e3o cient\u00edfica da Universidade Estadual de Campinas (UNICAMP). Se voc\u00ea quiser conhecer mais desse projeto e ter acesso aos demais blogs que fazem parte desta rede, segue o link de acesso para o Blogring: Blogs de Ci\u00eancia da Universidade Estadual de Campinas<\/p>\n","protected":false},"author":446,"featured_media":0,"parent":0,"menu_order":0,"comment_status":"closed","ping_status":"closed","template":"","meta":{"_monsterinsights_skip_tracking":false,"_monsterinsights_sitenote_active":false,"_monsterinsights_sitenote_note":"","_monsterinsights_sitenote_category":0,"pgc_sgb_lightbox_settings":"","_vp_format_video_url":"","_vp_image_focal_point":[],"footnotes":""},"class_list":["post-49","page","type-page","status-publish","hentry"],"_links":{"self":[{"href":"https:\/\/www.blogs.unicamp.br\/prometeus\/wp-json\/wp\/v2\/pages\/49","targetHints":{"allow":["GET"]}}],"collection":[{"href":"https:\/\/www.blogs.unicamp.br\/prometeus\/wp-json\/wp\/v2\/pages"}],"about":[{"href":"https:\/\/www.blogs.unicamp.br\/prometeus\/wp-json\/wp\/v2\/types\/page"}],"author":[{"embeddable":true,"href":"https:\/\/www.blogs.unicamp.br\/prometeus\/wp-json\/wp\/v2\/users\/446"}],"replies":[{"embeddable":true,"href":"https:\/\/www.blogs.unicamp.br\/prometeus\/wp-json\/wp\/v2\/comments?post=49"}],"version-history":[{"count":1,"href":"https:\/\/www.blogs.unicamp.br\/prometeus\/wp-json\/wp\/v2\/pages\/49\/revisions"}],"predecessor-version":[{"id":50,"href":"https:\/\/www.blogs.unicamp.br\/prometeus\/wp-json\/wp\/v2\/pages\/49\/revisions\/50"}],"wp:attachment":[{"href":"https:\/\/www.blogs.unicamp.br\/prometeus\/wp-json\/wp\/v2\/media?parent=49"}],"curies":[{"name":"wp","href":"https:\/\/api.w.org\/{rel}","templated":true}]}}