{"id":26,"date":"2017-12-04T10:42:38","date_gmt":"2017-12-04T12:42:38","guid":{"rendered":"https:\/\/www.blogs.unicamp.br\/saedaquiparala\/?page_id=26"},"modified":"2017-12-04T10:42:40","modified_gmt":"2017-12-04T12:42:40","slug":"blogring","status":"publish","type":"page","link":"https:\/\/www.blogs.unicamp.br\/saedaquiparala\/blogring\/","title":{"rendered":"Blogring"},"content":{"rendered":"<p>O blog SAE DQUI PARA L\u00c1\u00a0 faz parte de uma rede blogs de divulga\u00e7\u00e3o cient\u00edfica da Universidade Estadual de Campinas (UNICAMP). Assim, se voc\u00ea quiser conhecer mais desse projeto e ter acesso aos demais blogs que fazem parte desta rede, segue o <a href=\"https:\/\/www.blogs.unicamp.br\/pt_BR\/\" target=\"_blank\" rel=\"noopener\">link<\/a> de acesso para o Blogring.<\/p>\n","protected":false},"excerpt":{"rendered":"<div class=\"mh-excerpt\"><p>O blog SAE DQUI PARA L\u00c1\u00a0 faz parte de uma rede blogs de divulga\u00e7\u00e3o cient\u00edfica da Universidade Estadual de Campinas (UNICAMP). Assim, se voc\u00ea quiser <a class=\"mh-excerpt-more\" href=\"https:\/\/www.blogs.unicamp.br\/saedaquiparala\/blogring\/\" title=\"Blogring\">[&#8230;]<\/a><\/p>\n<\/div>","protected":false},"author":294,"featured_media":0,"parent":0,"menu_order":0,"comment_status":"closed","ping_status":"closed","template":"","meta":{"_monsterinsights_skip_tracking":false,"_monsterinsights_sitenote_active":false,"_monsterinsights_sitenote_note":"","_monsterinsights_sitenote_category":0,"pgc_sgb_lightbox_settings":"","_vp_format_video_url":"","_vp_image_focal_point":[],"footnotes":""},"class_list":["post-26","page","type-page","status-publish","hentry"],"_links":{"self":[{"href":"https:\/\/www.blogs.unicamp.br\/saedaquiparala\/wp-json\/wp\/v2\/pages\/26","targetHints":{"allow":["GET"]}}],"collection":[{"href":"https:\/\/www.blogs.unicamp.br\/saedaquiparala\/wp-json\/wp\/v2\/pages"}],"about":[{"href":"https:\/\/www.blogs.unicamp.br\/saedaquiparala\/wp-json\/wp\/v2\/types\/page"}],"author":[{"embeddable":true,"href":"https:\/\/www.blogs.unicamp.br\/saedaquiparala\/wp-json\/wp\/v2\/users\/294"}],"replies":[{"embeddable":true,"href":"https:\/\/www.blogs.unicamp.br\/saedaquiparala\/wp-json\/wp\/v2\/comments?post=26"}],"version-history":[{"count":1,"href":"https:\/\/www.blogs.unicamp.br\/saedaquiparala\/wp-json\/wp\/v2\/pages\/26\/revisions"}],"predecessor-version":[{"id":27,"href":"https:\/\/www.blogs.unicamp.br\/saedaquiparala\/wp-json\/wp\/v2\/pages\/26\/revisions\/27"}],"wp:attachment":[{"href":"https:\/\/www.blogs.unicamp.br\/saedaquiparala\/wp-json\/wp\/v2\/media?parent=26"}],"curies":[{"name":"wp","href":"https:\/\/api.w.org\/{rel}","templated":true}]}}