{"id":70,"date":"2018-03-12T12:17:18","date_gmt":"2018-03-12T15:17:18","guid":{"rendered":"https:\/\/www.blogs.unicamp.br\/saedaquiparala\/?page_id=70"},"modified":"2018-03-12T12:17:19","modified_gmt":"2018-03-12T15:17:19","slug":"nossos-colaboradores","status":"publish","type":"page","link":"https:\/\/www.blogs.unicamp.br\/saedaquiparala\/nossos-colaboradores\/","title":{"rendered":"Nossos Colaboradores"},"content":{"rendered":"<p><img decoding=\"async\" class=\" wp-image-72 alignleft\" src=\"https:\/\/www.blogs.unicamp.br\/saedaquiparala\/wp-content\/uploads\/sites\/151\/2018\/03\/LILIAN-300x200.jpg\" alt=\"\" width=\"141\" height=\"94\" srcset=\"https:\/\/www.blogs.unicamp.br\/saedaquiparala\/wp-content\/uploads\/sites\/151\/2018\/03\/LILIAN-300x200.jpg 300w, https:\/\/www.blogs.unicamp.br\/saedaquiparala\/wp-content\/uploads\/sites\/151\/2018\/03\/LILIAN-768x512.jpg 768w, https:\/\/www.blogs.unicamp.br\/saedaquiparala\/wp-content\/uploads\/sites\/151\/2018\/03\/LILIAN.jpg 960w\" sizes=\"(max-width: 141px) 100vw, 141px\" \/><span style=\"color: #0000ff\"><strong>Lilian Ayres<\/strong><\/span><\/p>\n<div id=\"x_yui_3_16_0_ym19_1_1520851946977_5055\">Especialista em Enfermagem na Aten\u00e7\u00e3o a Sa\u00fade da Mulher\/IFF(Fiocruz)<\/div>\n<div id=\"x_yui_3_16_0_ym19_1_1520851946977_5056\">Doutora em\u00a0Ci\u00eancias da Sa\u00fade\u00a0e\u00a0Enfermagem\/UNIRIO<\/div>\n<div id=\"x_yui_3_16_0_ym19_1_1520851946977_5057\" dir=\"ltr\">Professora Adjunta do Departamento de Enfermagem e Medicina (DEM)-UFV<\/div>\n","protected":false},"excerpt":{"rendered":"<div class=\"mh-excerpt\"><p>Lilian Ayres Especialista em Enfermagem na Aten\u00e7\u00e3o a Sa\u00fade da Mulher\/IFF(Fiocruz) Doutora em\u00a0Ci\u00eancias da Sa\u00fade\u00a0e\u00a0Enfermagem\/UNIRIO Professora Adjunta do Departamento de Enfermagem e Medicina (DEM)-UFV<\/p>\n<\/div>","protected":false},"author":294,"featured_media":0,"parent":0,"menu_order":0,"comment_status":"closed","ping_status":"closed","template":"","meta":{"_monsterinsights_skip_tracking":false,"_monsterinsights_sitenote_active":false,"_monsterinsights_sitenote_note":"","_monsterinsights_sitenote_category":0,"pgc_sgb_lightbox_settings":"","_vp_format_video_url":"","_vp_image_focal_point":[],"footnotes":""},"class_list":["post-70","page","type-page","status-publish","hentry"],"_links":{"self":[{"href":"https:\/\/www.blogs.unicamp.br\/saedaquiparala\/wp-json\/wp\/v2\/pages\/70","targetHints":{"allow":["GET"]}}],"collection":[{"href":"https:\/\/www.blogs.unicamp.br\/saedaquiparala\/wp-json\/wp\/v2\/pages"}],"about":[{"href":"https:\/\/www.blogs.unicamp.br\/saedaquiparala\/wp-json\/wp\/v2\/types\/page"}],"author":[{"embeddable":true,"href":"https:\/\/www.blogs.unicamp.br\/saedaquiparala\/wp-json\/wp\/v2\/users\/294"}],"replies":[{"embeddable":true,"href":"https:\/\/www.blogs.unicamp.br\/saedaquiparala\/wp-json\/wp\/v2\/comments?post=70"}],"version-history":[{"count":2,"href":"https:\/\/www.blogs.unicamp.br\/saedaquiparala\/wp-json\/wp\/v2\/pages\/70\/revisions"}],"predecessor-version":[{"id":74,"href":"https:\/\/www.blogs.unicamp.br\/saedaquiparala\/wp-json\/wp\/v2\/pages\/70\/revisions\/74"}],"wp:attachment":[{"href":"https:\/\/www.blogs.unicamp.br\/saedaquiparala\/wp-json\/wp\/v2\/media?parent=70"}],"curies":[{"name":"wp","href":"https:\/\/api.w.org\/{rel}","templated":true}]}}