{"id":104,"date":"2020-06-02T22:23:49","date_gmt":"2020-06-03T01:23:49","guid":{"rendered":"https:\/\/www.blogs.unicamp.br\/saudepd\/?page_id=104"},"modified":"2022-07-08T15:06:20","modified_gmt":"2022-07-08T18:06:20","slug":"sobre","status":"publish","type":"page","link":"https:\/\/www.blogs.unicamp.br\/saudepd\/sobre\/","title":{"rendered":"SOBRE"},"content":{"rendered":"\n<div class=\"wp-block-themeisle-blocks-advanced-columns has-1-columns has-desktop-equal-layout has-tablet-equal-layout has-mobile-equal-layout has-default-gap has-vertical-unset\" id=\"wp-block-themeisle-blocks-advanced-columns-4ef35d34\"><div class=\"wp-block-themeisle-blocks-advanced-columns-overlay\"><\/div><div class=\"innerblocks-wrap\">\n<div class=\"wp-block-themeisle-blocks-advanced-column\" id=\"wp-block-themeisle-blocks-advanced-column-4394daf7\">\n<p class=\" eplus-wrapper\">Este blog \u00e9 editado pela Comiss\u00e3o de P\u00f3s-gradua\u00e7\u00e3o da Faculdade de Ci\u00eancias M\u00e9dicas da Unicamp. Contribuem com ele seus professores e alunos, buscando aproximar a pesquisa em sa\u00fade no Brasil da sociedade interessada.<\/p>\n\n\n\n<p class=\" eplus-wrapper\">Aqui voc\u00ea encontrar\u00e1 textos sobre os mais variados temas de pesquisa desenvolvidos nos nossos programas de p\u00f3s-gradua\u00e7\u00e3o, em linguagem acess\u00edvel e agrad\u00e1vel ao p\u00fablico leigo.<\/p>\n\n\n\n<p class=\" eplus-wrapper\">Nosso objetivo \u00e9 proporcionar mais um espa\u00e7o de aproxima\u00e7\u00e3o e di\u00e1logo entre cientistas e comunidade, evidenciando o trabalho desenvolvido na Faculdade de Ci\u00eancias M\u00e9dicas da Unicamp e seu impacto na sociedade.<\/p>\n\n\n\n<p class=\" eplus-wrapper\">Conhe\u00e7a mais sobre a p\u00f3s-gradua\u00e7\u00e3o da FCM\/Unicamp clicando <a href=\"https:\/\/www.fcm.unicamp.br\/fcm\/pos-graduacao\" target=\"_blank\" rel=\"noreferrer noopener\">aqui<\/a>.<\/p>\n<\/div>\n<\/div><\/div>\n","protected":false},"excerpt":{"rendered":"<div class=\"mh-excerpt\"><\/div>","protected":false},"author":576,"featured_media":57,"parent":0,"menu_order":0,"comment_status":"closed","ping_status":"closed","template":"","meta":{"_monsterinsights_skip_tracking":false,"_monsterinsights_sitenote_active":false,"_monsterinsights_sitenote_note":"","_monsterinsights_sitenote_category":0,"pgc_sgb_lightbox_settings":"","_vp_format_video_url":"","_vp_image_focal_point":[],"footnotes":""},"class_list":["post-104","page","type-page","status-publish","has-post-thumbnail","hentry"],"_links":{"self":[{"href":"https:\/\/www.blogs.unicamp.br\/saudepd\/wp-json\/wp\/v2\/pages\/104","targetHints":{"allow":["GET"]}}],"collection":[{"href":"https:\/\/www.blogs.unicamp.br\/saudepd\/wp-json\/wp\/v2\/pages"}],"about":[{"href":"https:\/\/www.blogs.unicamp.br\/saudepd\/wp-json\/wp\/v2\/types\/page"}],"author":[{"embeddable":true,"href":"https:\/\/www.blogs.unicamp.br\/saudepd\/wp-json\/wp\/v2\/users\/576"}],"replies":[{"embeddable":true,"href":"https:\/\/www.blogs.unicamp.br\/saudepd\/wp-json\/wp\/v2\/comments?post=104"}],"version-history":[{"count":5,"href":"https:\/\/www.blogs.unicamp.br\/saudepd\/wp-json\/wp\/v2\/pages\/104\/revisions"}],"predecessor-version":[{"id":338,"href":"https:\/\/www.blogs.unicamp.br\/saudepd\/wp-json\/wp\/v2\/pages\/104\/revisions\/338"}],"wp:featuredmedia":[{"embeddable":true,"href":"https:\/\/www.blogs.unicamp.br\/saudepd\/wp-json\/wp\/v2\/media\/57"}],"wp:attachment":[{"href":"https:\/\/www.blogs.unicamp.br\/saudepd\/wp-json\/wp\/v2\/media?parent=104"}],"curies":[{"name":"wp","href":"https:\/\/api.w.org\/{rel}","templated":true}]}}