{"id":274,"date":"2022-07-04T14:08:36","date_gmt":"2022-07-04T17:08:36","guid":{"rendered":"https:\/\/www.blogs.unicamp.br\/saudepd\/?page_id=274"},"modified":"2022-07-08T15:07:58","modified_gmt":"2022-07-08T18:07:58","slug":"seja-bem-vindoa","status":"publish","type":"page","link":"https:\/\/www.blogs.unicamp.br\/saudepd\/","title":{"rendered":"Seja bem-vindo(a)!"},"content":{"rendered":"\n<div class=\"wp-block-columns eplus-wrapper is-layout-flex wp-container-core-columns-is-layout-9d6595d7 wp-block-columns-is-layout-flex\">\n<div class=\"wp-block-column eplus-wrapper is-layout-flow wp-block-column-is-layout-flow\" style=\"flex-basis:100%\">\n<div class=\"wp-block-group eplus-wrapper\"><div class=\"wp-block-group__inner-container is-layout-flow wp-block-group-is-layout-flow\">\n<div class=\"wp-block-columns eplus-wrapper is-layout-flex wp-container-core-columns-is-layout-9d6595d7 wp-block-columns-is-layout-flex\">\n<div class=\"wp-block-column eplus-wrapper is-layout-flow wp-block-column-is-layout-flow\" style=\"flex-basis:100%\">\n<div class=\"wp-block-media-text alignwide is-stacked-on-mobile eplus-wrapper\" style=\"grid-template-columns:44% auto\"><figure class=\"wp-block-media-text__media\"><img fetchpriority=\"high\" decoding=\"async\" width=\"789\" height=\"1024\" src=\"https:\/\/www.blogs.unicamp.br\/saudepd\/wp-content\/uploads\/sites\/256\/2022\/07\/Profa-Claudia-789x1024.jpg\" alt=\"\" class=\"wp-image-261 size-full\" srcset=\"https:\/\/www.blogs.unicamp.br\/saudepd\/wp-content\/uploads\/sites\/256\/2022\/07\/Profa-Claudia-789x1024.jpg 789w, https:\/\/www.blogs.unicamp.br\/saudepd\/wp-content\/uploads\/sites\/256\/2022\/07\/Profa-Claudia-231x300.jpg 231w, https:\/\/www.blogs.unicamp.br\/saudepd\/wp-content\/uploads\/sites\/256\/2022\/07\/Profa-Claudia-768x996.jpg 768w, https:\/\/www.blogs.unicamp.br\/saudepd\/wp-content\/uploads\/sites\/256\/2022\/07\/Profa-Claudia-1184x1536.jpg 1184w, https:\/\/www.blogs.unicamp.br\/saudepd\/wp-content\/uploads\/sites\/256\/2022\/07\/Profa-Claudia-1579x2048.jpg 1579w, https:\/\/www.blogs.unicamp.br\/saudepd\/wp-content\/uploads\/sites\/256\/2022\/07\/Profa-Claudia-500x649.jpg 500w, https:\/\/www.blogs.unicamp.br\/saudepd\/wp-content\/uploads\/sites\/256\/2022\/07\/Profa-Claudia-800x1038.jpg 800w, https:\/\/www.blogs.unicamp.br\/saudepd\/wp-content\/uploads\/sites\/256\/2022\/07\/Profa-Claudia-1280x1661.jpg 1280w, https:\/\/www.blogs.unicamp.br\/saudepd\/wp-content\/uploads\/sites\/256\/2022\/07\/Profa-Claudia.jpg 1796w\" sizes=\"(max-width: 789px) 100vw, 789px\" \/><\/figure><div class=\"wp-block-media-text__content\">\n<p class=\"has-medium-font-size eplus-wrapper\">Ol\u00e1! Eu sou Cl\u00e1udia Maurer Morelli, atual coordenadora da Comiss\u00e3o de P\u00f3s Gradua\u00e7\u00e3o da Faculdade de Ci\u00eancias M\u00e9dicas (FCM) da Unicamp e quero apresentar \u00e0 voc\u00ea nosso blog \u201cSa\u00fade: pesquisa &amp; desenvolvimento\u201d, um espa\u00e7o &nbsp;de divulga\u00e7\u00e3o cient\u00edfica, especialmente dirigido para alunos de gradua\u00e7\u00e3o que possuem interesse em conhecer sobre pesquisa cient\u00edfica na \u00e1rea da sa\u00fade humana.<\/p>\n<\/div><\/div>\n<\/div>\n<\/div>\n<\/div><\/div>\n<\/div>\n<\/div>\n\n\n\n<p class=\"has-text-align-left has-medium-font-size eplus-wrapper\">Neste espa\u00e7o,&nbsp; apresentaremos periodicamente algumas das pesquisas que desenvolvemos na FCM e como elas contribuem para melhorar nosso conhecimento sobre sa\u00fade, doen\u00e7as ou condi\u00e7\u00f5es que afetam a sa\u00fade humana. Tamb\u00e9m \u00e9 um espa\u00e7o para apresentarmos como s\u00e3o desenvolvidos os projetos de pesquisa cient\u00edfica, falarmos sobre forma\u00e7\u00e3o &nbsp;cient\u00edfica e carreira.<\/p>\n\n\n\n<div style=\"height:100px\" aria-hidden=\"true\" class=\"wp-block-spacer eplus-wrapper\"><\/div>\n\n\n\n<p class=\"has-medium-font-size eplus-wrapper\">Acesse sempre nosso blog, acompanhe nossas mat\u00e9rias e deixe seus coment\u00e1rios. Voc\u00ea \u00e9 muito bem-vindo(a)! <\/p>\n","protected":false},"excerpt":{"rendered":"<div class=\"mh-excerpt\"><p>Ol\u00e1! Eu sou Cl\u00e1udia Maurer Morelli, atual coordenadora da Comiss\u00e3o de P\u00f3s Gradua\u00e7\u00e3o da Faculdade de Ci\u00eancias M\u00e9dicas (FCM) da Unicamp e quero apresentar \u00e0 <a class=\"mh-excerpt-more\" href=\"https:\/\/www.blogs.unicamp.br\/saudepd\/\" title=\"Seja bem-vindo(a)!\">Read More<\/a><\/p>\n<\/div>","protected":false},"author":576,"featured_media":261,"parent":0,"menu_order":0,"comment_status":"closed","ping_status":"closed","template":"","meta":{"_monsterinsights_skip_tracking":false,"_monsterinsights_sitenote_active":false,"_monsterinsights_sitenote_note":"","_monsterinsights_sitenote_category":0,"pgc_sgb_lightbox_settings":"","_vp_format_video_url":"","_vp_image_focal_point":[],"footnotes":""},"class_list":["post-274","page","type-page","status-publish","has-post-thumbnail","hentry"],"_links":{"self":[{"href":"https:\/\/www.blogs.unicamp.br\/saudepd\/wp-json\/wp\/v2\/pages\/274","targetHints":{"allow":["GET"]}}],"collection":[{"href":"https:\/\/www.blogs.unicamp.br\/saudepd\/wp-json\/wp\/v2\/pages"}],"about":[{"href":"https:\/\/www.blogs.unicamp.br\/saudepd\/wp-json\/wp\/v2\/types\/page"}],"author":[{"embeddable":true,"href":"https:\/\/www.blogs.unicamp.br\/saudepd\/wp-json\/wp\/v2\/users\/576"}],"replies":[{"embeddable":true,"href":"https:\/\/www.blogs.unicamp.br\/saudepd\/wp-json\/wp\/v2\/comments?post=274"}],"version-history":[{"count":7,"href":"https:\/\/www.blogs.unicamp.br\/saudepd\/wp-json\/wp\/v2\/pages\/274\/revisions"}],"predecessor-version":[{"id":341,"href":"https:\/\/www.blogs.unicamp.br\/saudepd\/wp-json\/wp\/v2\/pages\/274\/revisions\/341"}],"wp:featuredmedia":[{"embeddable":true,"href":"https:\/\/www.blogs.unicamp.br\/saudepd\/wp-json\/wp\/v2\/media\/261"}],"wp:attachment":[{"href":"https:\/\/www.blogs.unicamp.br\/saudepd\/wp-json\/wp\/v2\/media?parent=274"}],"curies":[{"name":"wp","href":"https:\/\/api.w.org\/{rel}","templated":true}]}}