{"id":93,"date":"2020-06-02T22:04:26","date_gmt":"2020-06-03T01:04:26","guid":{"rendered":"https:\/\/www.blogs.unicamp.br\/saudepd\/?page_id=93"},"modified":"2023-04-17T11:57:04","modified_gmt":"2023-04-17T14:57:04","slug":"quem-somos","status":"publish","type":"page","link":"https:\/\/www.blogs.unicamp.br\/saudepd\/quem-somos\/","title":{"rendered":"EQUIPE"},"content":{"rendered":"\n<div class=\"wp-block-group eplus-wrapper\"><div class=\"wp-block-group__inner-container is-layout-flow wp-block-group-is-layout-flow\">\n<div class=\"wp-block-group eplus-wrapper\"><div class=\"wp-block-group__inner-container is-layout-flow wp-block-group-is-layout-flow\">\n<div class=\"wp-block-group eplus-wrapper\"><div class=\"wp-block-group__inner-container is-layout-flow wp-block-group-is-layout-flow\">\n<div class=\"wp-block-columns are-vertically-aligned-center eplus-wrapper is-layout-flex wp-container-core-columns-is-layout-9d6595d7 wp-block-columns-is-layout-flex\">\n<div class=\"wp-block-column eplus-wrapper is-layout-flow wp-block-column-is-layout-flow\"><\/div>\n<\/div>\n<\/div><\/div>\n<\/div><\/div>\n<\/div><\/div>\n\n\n\n<div class=\"wp-block-columns eplus-wrapper is-layout-flex wp-container-core-columns-is-layout-9d6595d7 wp-block-columns-is-layout-flex\">\n<div class=\"wp-block-column eplus-wrapper is-layout-flow wp-block-column-is-layout-flow\">\n<figure class=\"is-style-rounded wp-block-image size-large is-resized eplus-wrapper\"><img decoding=\"async\" src=\"https:\/\/www.blogs.unicamp.br\/saudepd\/wp-content\/uploads\/sites\/256\/2022\/05\/claudia-736x1024.jpg\" alt=\"\" class=\"wp-image-193\" width=\"183\" height=\"253\" \/><figcaption class=\"wp-element-caption\"><strong>Profa. Dra. Claudia Vianna Maurer Morelli <br>(Coordenadora da CPG\/FCM)<\/strong><\/figcaption><\/figure>\n<\/div>\n\n\n\n<div class=\"wp-block-column eplus-wrapper is-layout-flow wp-block-column-is-layout-flow\">\n<figure class=\"is-style-rounded wp-block-image size-full is-resized eplus-wrapper\"><img decoding=\"async\" src=\"https:\/\/www.blogs.unicamp.br\/saudepd\/wp-content\/uploads\/sites\/256\/2022\/07\/Bruno3-1.jpeg\" alt=\"\" class=\"wp-image-288\" width=\"184\" height=\"232\" srcset=\"https:\/\/www.blogs.unicamp.br\/saudepd\/wp-content\/uploads\/sites\/256\/2022\/07\/Bruno3-1.jpeg 376w, https:\/\/www.blogs.unicamp.br\/saudepd\/wp-content\/uploads\/sites\/256\/2022\/07\/Bruno3-1-237x300.jpeg 237w\" sizes=\"(max-width: 184px) 100vw, 184px\" \/><figcaption class=\"wp-element-caption\"><strong>Bruno Alves Pereira <br>(Assistente T\u00e9cnico de P\u00f3s-gradua\u00e7\u00e3o)<\/strong><\/figcaption><\/figure>\n\n\n\n<figure class=\"is-style-rounded wp-block-image size-large is-resized eplus-wrapper\"><img decoding=\"async\" src=\"https:\/\/www.blogs.unicamp.br\/saudepd\/wp-content\/uploads\/sites\/256\/2022\/11\/Mari-768x1024.jpeg\" alt=\"\" class=\"wp-image-487\" width=\"183\" height=\"244\" srcset=\"https:\/\/www.blogs.unicamp.br\/saudepd\/wp-content\/uploads\/sites\/256\/2022\/11\/Mari-768x1024.jpeg 768w, https:\/\/www.blogs.unicamp.br\/saudepd\/wp-content\/uploads\/sites\/256\/2022\/11\/Mari-225x300.jpeg 225w, https:\/\/www.blogs.unicamp.br\/saudepd\/wp-content\/uploads\/sites\/256\/2022\/11\/Mari-500x667.jpeg 500w, https:\/\/www.blogs.unicamp.br\/saudepd\/wp-content\/uploads\/sites\/256\/2022\/11\/Mari-800x1067.jpeg 800w, https:\/\/www.blogs.unicamp.br\/saudepd\/wp-content\/uploads\/sites\/256\/2022\/11\/Mari.jpeg 960w\" sizes=\"(max-width: 183px) 100vw, 183px\" \/><figcaption class=\"wp-element-caption\"><strong>Mariana Pedroso<br>(Capta\u00e7\u00e3o\/Reda\u00e7\u00e3o)<\/strong><\/figcaption><\/figure>\n<\/div>\n\n\n\n<div class=\"wp-block-column eplus-wrapper is-layout-flow wp-block-column-is-layout-flow\">\n<figure class=\"is-style-rounded wp-block-image size-full is-resized eplus-wrapper\"><img loading=\"lazy\" decoding=\"async\" src=\"https:\/\/www.blogs.unicamp.br\/saudepd\/wp-content\/uploads\/sites\/256\/2022\/07\/Melissa3a.jpeg\" alt=\"\" class=\"wp-image-289\" width=\"185\" height=\"221\" srcset=\"https:\/\/www.blogs.unicamp.br\/saudepd\/wp-content\/uploads\/sites\/256\/2022\/07\/Melissa3a.jpeg 628w, https:\/\/www.blogs.unicamp.br\/saudepd\/wp-content\/uploads\/sites\/256\/2022\/07\/Melissa3a-251x300.jpeg 251w, https:\/\/www.blogs.unicamp.br\/saudepd\/wp-content\/uploads\/sites\/256\/2022\/07\/Melissa3a-500x599.jpeg 500w\" sizes=\"(max-width: 185px) 100vw, 185px\" \/><figcaption class=\"wp-element-caption\"><strong>Melissa Cristina Forato Souza <br>(<strong>Edi\u00e7\u00e3o<\/strong><\/strong>\/<strong>Reda\u00e7\u00e3o\/Revis\u00e3o de Conte\u00fado)<\/strong><\/figcaption><\/figure>\n<\/div>\n\n\n\n<div class=\"wp-block-column eplus-wrapper is-layout-flow wp-block-column-is-layout-flow\">\n<figure class=\"is-style-rounded wp-block-image size-full is-resized eplus-wrapper\"><img loading=\"lazy\" decoding=\"async\" src=\"https:\/\/www.blogs.unicamp.br\/saudepd\/wp-content\/uploads\/sites\/256\/2022\/07\/Yuri-2.jpeg\" alt=\"\" class=\"wp-image-298\" width=\"186\" height=\"222\" srcset=\"https:\/\/www.blogs.unicamp.br\/saudepd\/wp-content\/uploads\/sites\/256\/2022\/07\/Yuri-2.jpeg 572w, https:\/\/www.blogs.unicamp.br\/saudepd\/wp-content\/uploads\/sites\/256\/2022\/07\/Yuri-2-251x300.jpeg 251w, https:\/\/www.blogs.unicamp.br\/saudepd\/wp-content\/uploads\/sites\/256\/2022\/07\/Yuri-2-500x599.jpeg 500w\" sizes=\"(max-width: 186px) 100vw, 186px\" \/><figcaption class=\"wp-element-caption\"><strong>Yuri Graham Vaciloto Ferreira de Lima<br>(Capta\u00e7\u00e3o\/Imagens)<\/strong><\/figcaption><\/figure>\n<\/div>\n<\/div>\n\n\n\n<div class=\"wp-block-group eplus-wrapper\"><div class=\"wp-block-group__inner-container is-layout-flow wp-block-group-is-layout-flow\">\n<div class=\"wp-block-group eplus-wrapper\"><div class=\"wp-block-group__inner-container is-layout-flow wp-block-group-is-layout-flow\">\n<div class=\"wp-block-group eplus-wrapper\"><div class=\"wp-block-group__inner-container is-layout-flow wp-block-group-is-layout-flow\">\n<div class=\"wp-block-group eplus-wrapper\"><div class=\"wp-block-group__inner-container is-layout-flow wp-block-group-is-layout-flow\">\n<div class=\"wp-block-group eplus-wrapper\"><div class=\"wp-block-group__inner-container is-layout-flow wp-block-group-is-layout-flow\">\n<p class=\" eplus-wrapper\"><\/p>\n\n\n\n<p class=\" has-medium-font-size eplus-wrapper\"><strong>QUEM ESCREVE AQUI?<\/strong><\/p>\n\n\n\n<p class=\" has-medium-font-size eplus-wrapper\">Os textos postados nesse blog s\u00e3o produzidos tanto pela equipe do blog quanto por docentes e alunos da P\u00f3s-gradua\u00e7\u00e3o da FCM, portanto, cada postagem \u00e9 seguida das informa\u00e7\u00f5es sobre sua autoria. A responsabilidade pelo conte\u00fado dos posts \u00e9 de seu autor.<\/p>\n\n\n\n<p class=\" has-medium-font-size eplus-wrapper\">A reprodu\u00e7\u00e3o total ou a cita\u00e7\u00e3o de fragmentos dos artigos e posts \u00e9 autorizada, desde que acompanhada das devidas refer\u00eancias ao autor, t\u00edtulo, publica\u00e7\u00e3o, data da publica\u00e7\u00e3o e URL (link para a p\u00e1gina).<\/p>\n<\/div><\/div>\n<\/div><\/div>\n<\/div><\/div>\n<\/div><\/div>\n<\/div><\/div>\n\n\n\n<div style=\"height:100px\" aria-hidden=\"true\" class=\" wp-block-spacer eplus-wrapper\"><\/div>\n","protected":false},"excerpt":{"rendered":"<div class=\"mh-excerpt\"><p>QUEM ESCREVE AQUI? Os textos postados nesse blog s\u00e3o produzidos tanto pela equipe do blog quanto por docentes e alunos da P\u00f3s-gradua\u00e7\u00e3o da FCM, portanto, <a class=\"mh-excerpt-more\" href=\"https:\/\/www.blogs.unicamp.br\/saudepd\/quem-somos\/\" title=\"EQUIPE\">Read More<\/a><\/p>\n<\/div>","protected":false},"author":576,"featured_media":57,"parent":0,"menu_order":0,"comment_status":"closed","ping_status":"closed","template":"","meta":{"_monsterinsights_skip_tracking":false,"_monsterinsights_sitenote_active":false,"_monsterinsights_sitenote_note":"","_monsterinsights_sitenote_category":0,"pgc_sgb_lightbox_settings":"","_vp_format_video_url":"","_vp_image_focal_point":[],"footnotes":""},"class_list":["post-93","page","type-page","status-publish","has-post-thumbnail","hentry"],"_links":{"self":[{"href":"https:\/\/www.blogs.unicamp.br\/saudepd\/wp-json\/wp\/v2\/pages\/93","targetHints":{"allow":["GET"]}}],"collection":[{"href":"https:\/\/www.blogs.unicamp.br\/saudepd\/wp-json\/wp\/v2\/pages"}],"about":[{"href":"https:\/\/www.blogs.unicamp.br\/saudepd\/wp-json\/wp\/v2\/types\/page"}],"author":[{"embeddable":true,"href":"https:\/\/www.blogs.unicamp.br\/saudepd\/wp-json\/wp\/v2\/users\/576"}],"replies":[{"embeddable":true,"href":"https:\/\/www.blogs.unicamp.br\/saudepd\/wp-json\/wp\/v2\/comments?post=93"}],"version-history":[{"count":29,"href":"https:\/\/www.blogs.unicamp.br\/saudepd\/wp-json\/wp\/v2\/pages\/93\/revisions"}],"predecessor-version":[{"id":509,"href":"https:\/\/www.blogs.unicamp.br\/saudepd\/wp-json\/wp\/v2\/pages\/93\/revisions\/509"}],"wp:featuredmedia":[{"embeddable":true,"href":"https:\/\/www.blogs.unicamp.br\/saudepd\/wp-json\/wp\/v2\/media\/57"}],"wp:attachment":[{"href":"https:\/\/www.blogs.unicamp.br\/saudepd\/wp-json\/wp\/v2\/media?parent=93"}],"curies":[{"name":"wp","href":"https:\/\/api.w.org\/{rel}","templated":true}]}}