{"id":98,"date":"2020-06-02T22:11:34","date_gmt":"2020-06-03T01:11:34","guid":{"rendered":"https:\/\/www.blogs.unicamp.br\/saudepd\/?page_id=98"},"modified":"2022-08-11T10:56:39","modified_gmt":"2022-08-11T13:56:39","slug":"fale-com-a-gente","status":"publish","type":"page","link":"https:\/\/www.blogs.unicamp.br\/saudepd\/fale-com-a-gente\/","title":{"rendered":"CONTATO"},"content":{"rendered":"\n<p class=\" eplus-wrapper\">Opine, discorde, elogie! Queremos ouvir voc\u00ea!<\/p>\n\n\n<p>[contact-form-7 id=&#8221;10&#8243; title=&#8221;D\u00favidas, cr\u00edticas ou sugest\u00f5es? Fale conosco por aqui:&#8221;]<\/p>\n\n\n\n<p class=\" eplus-wrapper\">Nosso contato: <strong><em>blogsaudepd@unicamp.br <\/em><\/strong><\/p>\n","protected":false},"excerpt":{"rendered":"<div class=\"mh-excerpt\"><p>Opine, discorde, elogie! Queremos ouvir voc\u00ea! Nosso contato: blogsaudepd@unicamp.br<\/p>\n<\/div>","protected":false},"author":576,"featured_media":57,"parent":0,"menu_order":0,"comment_status":"closed","ping_status":"closed","template":"","meta":{"_monsterinsights_skip_tracking":false,"_monsterinsights_sitenote_active":false,"_monsterinsights_sitenote_note":"","_monsterinsights_sitenote_category":0,"pgc_sgb_lightbox_settings":"","_vp_format_video_url":"","_vp_image_focal_point":[],"footnotes":""},"class_list":["post-98","page","type-page","status-publish","has-post-thumbnail","hentry"],"_links":{"self":[{"href":"https:\/\/www.blogs.unicamp.br\/saudepd\/wp-json\/wp\/v2\/pages\/98","targetHints":{"allow":["GET"]}}],"collection":[{"href":"https:\/\/www.blogs.unicamp.br\/saudepd\/wp-json\/wp\/v2\/pages"}],"about":[{"href":"https:\/\/www.blogs.unicamp.br\/saudepd\/wp-json\/wp\/v2\/types\/page"}],"author":[{"embeddable":true,"href":"https:\/\/www.blogs.unicamp.br\/saudepd\/wp-json\/wp\/v2\/users\/576"}],"replies":[{"embeddable":true,"href":"https:\/\/www.blogs.unicamp.br\/saudepd\/wp-json\/wp\/v2\/comments?post=98"}],"version-history":[{"count":8,"href":"https:\/\/www.blogs.unicamp.br\/saudepd\/wp-json\/wp\/v2\/pages\/98\/revisions"}],"predecessor-version":[{"id":339,"href":"https:\/\/www.blogs.unicamp.br\/saudepd\/wp-json\/wp\/v2\/pages\/98\/revisions\/339"}],"wp:featuredmedia":[{"embeddable":true,"href":"https:\/\/www.blogs.unicamp.br\/saudepd\/wp-json\/wp\/v2\/media\/57"}],"wp:attachment":[{"href":"https:\/\/www.blogs.unicamp.br\/saudepd\/wp-json\/wp\/v2\/media?parent=98"}],"curies":[{"name":"wp","href":"https:\/\/api.w.org\/{rel}","templated":true}]}}