{"id":51,"date":"2019-02-26T18:33:24","date_gmt":"2019-02-26T21:33:24","guid":{"rendered":"https:\/\/www.blogs.unicamp.br\/sobreeconomia\/?page_id=51"},"modified":"2023-04-26T20:36:54","modified_gmt":"2023-04-26T23:36:54","slug":"blogring","status":"publish","type":"page","link":"https:\/\/www.blogs.unicamp.br\/sobreeconomia\/blogring\/","title":{"rendered":"Rede de Blogs da UNICAMP"},"content":{"rendered":"<p>O Blog <strong>Sobre Economia<\/strong> faz parte de uma rede de blogs de divulga\u00e7\u00e3o cient\u00edfica da Universidade Estadual de Campinas (UNICAMP). Caso voc\u00ea queira saber mais sobre este projeto e dos muitos outros blogs que tratam dos mais diferentes temas, acesse o Blog de Ci\u00eancias da Unicamp clicando abaixo.<\/p>\n<blockquote class=\"wp-embedded-content\" data-secret=\"SHIfvspFu4\"><p><a href=\"https:\/\/www.blogs.unicamp.br\/\">Blogs de Ci\u00eancia da Unicamp | rede de blogs cient\u00edficos<\/a><\/p><\/blockquote>\n<p><iframe class=\"wp-embedded-content\" sandbox=\"allow-scripts\" security=\"restricted\" style=\"position: absolute; clip: rect(1px, 1px, 1px, 1px);\" title=\"&#8220;Blogs de Ci\u00eancia da Unicamp | rede de blogs cient\u00edficos&#8221; &#8212; Blogs de ci\u00eancia da Unicamp\" src=\"https:\/\/www.blogs.unicamp.br\/embed\/#?secret=5TdYtXpebd#?secret=SHIfvspFu4\" data-secret=\"SHIfvspFu4\" width=\"500\" height=\"282\" frameborder=\"0\" marginwidth=\"0\" marginheight=\"0\" scrolling=\"no\"><\/iframe><\/p>\n","protected":false},"excerpt":{"rendered":"<div class=\"mh-excerpt\"><p>O Blog Sobre Economia faz parte de uma rede de blogs de divulga\u00e7\u00e3o cient\u00edfica da Universidade Estadual de Campinas (UNICAMP). Caso voc\u00ea queira saber mais <a class=\"mh-excerpt-more\" href=\"https:\/\/www.blogs.unicamp.br\/sobreeconomia\/blogring\/\" title=\"Rede de Blogs da UNICAMP\">[&#8230;]<\/a><\/p>\n<\/div>","protected":false},"author":390,"featured_media":0,"parent":0,"menu_order":0,"comment_status":"closed","ping_status":"closed","template":"","meta":{"_monsterinsights_skip_tracking":false,"_monsterinsights_sitenote_active":false,"_monsterinsights_sitenote_note":"","_monsterinsights_sitenote_category":0,"pgc_sgb_lightbox_settings":"","_vp_format_video_url":"","_vp_image_focal_point":[],"footnotes":""},"class_list":["post-51","page","type-page","status-publish","hentry"],"_links":{"self":[{"href":"https:\/\/www.blogs.unicamp.br\/sobreeconomia\/wp-json\/wp\/v2\/pages\/51","targetHints":{"allow":["GET"]}}],"collection":[{"href":"https:\/\/www.blogs.unicamp.br\/sobreeconomia\/wp-json\/wp\/v2\/pages"}],"about":[{"href":"https:\/\/www.blogs.unicamp.br\/sobreeconomia\/wp-json\/wp\/v2\/types\/page"}],"author":[{"embeddable":true,"href":"https:\/\/www.blogs.unicamp.br\/sobreeconomia\/wp-json\/wp\/v2\/users\/390"}],"replies":[{"embeddable":true,"href":"https:\/\/www.blogs.unicamp.br\/sobreeconomia\/wp-json\/wp\/v2\/comments?post=51"}],"version-history":[{"count":6,"href":"https:\/\/www.blogs.unicamp.br\/sobreeconomia\/wp-json\/wp\/v2\/pages\/51\/revisions"}],"predecessor-version":[{"id":1242,"href":"https:\/\/www.blogs.unicamp.br\/sobreeconomia\/wp-json\/wp\/v2\/pages\/51\/revisions\/1242"}],"wp:attachment":[{"href":"https:\/\/www.blogs.unicamp.br\/sobreeconomia\/wp-json\/wp\/v2\/media?parent=51"}],"curies":[{"name":"wp","href":"https:\/\/api.w.org\/{rel}","templated":true}]}}