{"id":58,"date":"2019-02-26T19:04:17","date_gmt":"2019-02-26T22:04:17","guid":{"rendered":"https:\/\/www.blogs.unicamp.br\/sobreeconomia\/?page_id=58"},"modified":"2025-09-03T10:40:00","modified_gmt":"2025-09-03T13:40:00","slug":"equipe","status":"publish","type":"page","link":"https:\/\/www.blogs.unicamp.br\/sobreeconomia\/equipe\/","title":{"rendered":"Equipe"},"content":{"rendered":"<p><strong>Victor Augusto Ferraz Young<\/strong>, economista, pesquisador do Centro de Estudos de Rela\u00e7\u00f5es Econ\u00f4micas Internacionais (CERI) do Instituto de Economia da UNICAMP, Mestre e Doutor em Desenvolvimento Econ\u00f4mico nesta mesma Universidade, \u00e9 professor de gradua\u00e7\u00e3o da FACAMP. <strong>Editor desde fevereiro de 2019.<\/strong><\/p>\n<p><strong>Ulisses Rubio Urbano da Silva<\/strong>, Graduado em Ci\u00eancias Econ\u00f4micas pela UNESP. Mestre e Doutor em Desenvolvimento Econ\u00f4mico pelo Instituto de Economia da UNICAMP, enfatizando estudos em Hist\u00f3ria Econ\u00f4mica. Pesquisas em Pensamento Econ\u00f4mico Brasileiro, em di\u00e1logo com Pensamento Social Brasileiro. Atualmente leciona Economia e disciplinas da \u00e1rea de Administra\u00e7\u00e3o no CECA\/UFAL. <strong>Editor desde dezembro de 2020.<\/strong><\/p>\n\n\n<p class=\" eplus-wrapper\"><strong>V\u00edtor Lopes de Souza Alves<\/strong>, Graduado em Ci\u00eancias Econ\u00f4micas pela UFMG, Mestre em Ci\u00eancia Econ\u00f4mica pelo Instituto de Economia da UNICAMP, doutorando em Ci\u00eancia Econ\u00f4mica nesta mesma institui\u00e7\u00e3o e pesquisador do Centro de Estudos de Rela\u00e7\u00f5es Econ\u00f4micas Internacionais (CERI). <strong>Editor desde dezembro de 2020.<\/strong><\/p>\n\n\n\n<p class=\" eplus-wrapper\"><strong>Leonardo Dias Nunes, <\/strong>Possui gradua\u00e7\u00e3o em Ci\u00eancias Econ\u00f4micas pela Universidade Federal de Santa Catarina &#8211; UFSC (2008), mestrado (2012) e doutorado (2018) na \u00e1rea de Hist\u00f3ria Econ\u00f4mica do Programa de P\u00f3s-gradua\u00e7\u00e3o em Desenvolvimento Econ\u00f4mico da Universidade Estadual de Campinas &#8211; UNICAMP. Atualmente \u00e9 Professor Visitante no Bacharelado em Ci\u00eancias Econ\u00f4micas (BCE) da Universidade Federal do ABC. <strong>Editor desde janeiro de 2022<\/strong>.<\/p>\n","protected":false},"excerpt":{"rendered":"<div class=\"mh-excerpt\"><p>Victor Augusto Ferraz Young, economista, pesquisador do Centro de Estudos de Rela\u00e7\u00f5es Econ\u00f4micas Internacionais (CERI) do Instituto de Economia da UNICAMP, Mestre e Doutor em <a class=\"mh-excerpt-more\" href=\"https:\/\/www.blogs.unicamp.br\/sobreeconomia\/equipe\/\" title=\"Equipe\">[&#8230;]<\/a><\/p>\n<\/div>","protected":false},"author":390,"featured_media":0,"parent":0,"menu_order":0,"comment_status":"closed","ping_status":"closed","template":"","meta":{"_monsterinsights_skip_tracking":false,"_monsterinsights_sitenote_active":false,"_monsterinsights_sitenote_note":"","_monsterinsights_sitenote_category":0,"pgc_sgb_lightbox_settings":"","_vp_format_video_url":"","_vp_image_focal_point":[],"footnotes":""},"class_list":["post-58","page","type-page","status-publish","hentry"],"_links":{"self":[{"href":"https:\/\/www.blogs.unicamp.br\/sobreeconomia\/wp-json\/wp\/v2\/pages\/58","targetHints":{"allow":["GET"]}}],"collection":[{"href":"https:\/\/www.blogs.unicamp.br\/sobreeconomia\/wp-json\/wp\/v2\/pages"}],"about":[{"href":"https:\/\/www.blogs.unicamp.br\/sobreeconomia\/wp-json\/wp\/v2\/types\/page"}],"author":[{"embeddable":true,"href":"https:\/\/www.blogs.unicamp.br\/sobreeconomia\/wp-json\/wp\/v2\/users\/390"}],"replies":[{"embeddable":true,"href":"https:\/\/www.blogs.unicamp.br\/sobreeconomia\/wp-json\/wp\/v2\/comments?post=58"}],"version-history":[{"count":12,"href":"https:\/\/www.blogs.unicamp.br\/sobreeconomia\/wp-json\/wp\/v2\/pages\/58\/revisions"}],"predecessor-version":[{"id":1690,"href":"https:\/\/www.blogs.unicamp.br\/sobreeconomia\/wp-json\/wp\/v2\/pages\/58\/revisions\/1690"}],"wp:attachment":[{"href":"https:\/\/www.blogs.unicamp.br\/sobreeconomia\/wp-json\/wp\/v2\/media?parent=58"}],"curies":[{"name":"wp","href":"https:\/\/api.w.org\/{rel}","templated":true}]}}